{"id":26190,"date":"2024-06-30T09:06:51","date_gmt":"2024-06-30T07:06:51","guid":{"rendered":"https:\/\/sabilycollection.com\/coffret-parfum-golden-7-huiles-de-oud-pure-dehn-al-oud\/"},"modified":"2026-02-03T18:02:34","modified_gmt":"2026-02-03T17:02:34","slug":"coffret-parfum-golden-7-huiles-de-oud-pure-dehn-al-oud","status":"publish","type":"product","link":"https:\/\/sabilycollection.com\/fr\/produit\/coffret-parfum-golden-7-huiles-de-oud-pure-dehn-al-oud\/","title":{"rendered":"Coffret Parfum Golden 7 Huiles de Oud Pure Dehn Al Oud"},"content":{"rendered":"<p>Nous vous proposons ces coffrets parfum d\u00e9couverte <strong>compos\u00e9 de 7 \u00e9chantillons d&rsquo;Essences de Oud Pure<\/strong> issues de diff\u00e9rentes r\u00e9gions d&rsquo;Asie du Sud Est.<\/p>\n<p>L&rsquo;huile de bois d&rsquo;Agar appel\u00e9 commun\u00e9ment Huile de Oud ou Dehn Al Oud en arabe est une essence tr\u00e8s parfum\u00e9e, <strong>une fragrance naturelle exquise aux notes riches et diverses extraite \u00e0 partir du fameux bois d\u2019Agar (Oud) de grande qualit\u00e9 et m\u00fbri.<\/strong><\/p>\n<p><strong>Elle est distill\u00e9e en utilisant les meilleurs arbres de bois d&rsquo;Agar.<\/strong><\/p>\n<p><strong>Ce parfum traditionnel et 100% naturel forme le c\u0153ur de la culture orientale<\/strong> et sert d&rsquo;ingr\u00e9dient de base aux plus prestigieuses parfumerie du monde.<\/p>\n<p><strong>En effet cette senteur de Oud est tr\u00e8s recherch\u00e9 par les amoureux de senteur unique et d&rsquo;exception.<\/strong><\/p>\n<p>Dans ce luxueux coffret vous avez un excellent \u00e9ventail pour exp\u00e9rimenter et adopter ces fragrances unique <strong>en provenance de Tha\u00eflande, du Laos, d&rsquo;Indon\u00e9sie, de Birmanie, d&rsquo;Inde et du Cambodge<\/strong> qui d\u00e9note la puissance et la qualit\u00e9 de ce parfum captivant !<\/p>\n<p>Oser essayer le magnifique parfum de l&rsquo;huile de Oud pr\u00e9cieuse, c&rsquo;est s&rsquo;ouvrir \u00e0 une nouvelle exp\u00e9rience sensorielle, s&rsquo;\u00e9vader du quotidien et se laisser emporter par la magie des sens. C&rsquo;est se parer d&rsquo;une aura myst\u00e9rieuse et captivante, <strong>qui \u00e9veille les \u00e9motions et suscite l&rsquo;admiration.<\/strong><\/p>\n<p>Alors, pourquoi attendre davantage ? Offrez-vous cette exp\u00e9rience sensorielle unique, plongez dans les ar\u00f4mes envo\u00fbtants de l&rsquo;huile de Oud pr\u00e9cieuse et laissez sa fragrance vous transporter vers des horizons lointains, o\u00f9 la beaut\u00e9 et la gr\u00e2ce s&rsquo;unissent en une harmonie parfum\u00e9e inoubliable.<\/p>\n<p><strong>Les 7 \u00e9chantillons contenu dans le pack Golden (1ml de chaque type) :<\/strong><\/p>\n<p>\u25aa\ufe0f Dehn al Oud Burmese Malaki 2022<br \/>\n\u25aa\ufe0f Dehn al Oud Cambodia Pursat Malaki 2022<br \/>\n\u25aa\ufe0f Dehn al Oud Hindi Suyufi 2023<br \/>\n\u25aa\ufe0f Dehn al Oud Kalimantan Born\u00e9o Malaki 2021<br \/>\n\u25aa\ufe0f Dehn al Oud Hindi Assam Malaki 2022<br \/>\n\u25aa\ufe0f Dehn al Oud Trat Antique 2019<br \/>\n\u25aa\ufe0f Dehn al Oud Laos Antique 2016<\/p>\n<p><strong>Famille de parfum :<\/strong> Oriental<\/p>\n<p><strong>Type de parfum :<\/strong> Huile de Oud Pure<\/p>\n<p>\u2705 100 % pur et sans dilution<\/p>\n<p>\u2705 100% aucun autre additif<\/p>\n<p>\u2705 100 % sans parfum artificiel<\/p>\n<p>\u2705 100% sans coloration<\/p>\n<p>\u2705 100% sans fermentation alcoolique<\/p>\n<p>\u2705 Trempage 100 % sans \u00e9thanol<\/p>\n<p><strong>Contenance :<\/strong> 1 ml x 7<\/p>\n<p><strong>Diff\u00e9rentes Notes :<\/strong> Cuir, vanille, fruit\u00e9, sucr\u00e9, animale, prairie, chocolat, tabac, florale, douce, vieillie et bois\u00e9e avec une touche de fruits noirs et secs.<\/p>\n","protected":false},"excerpt":{"rendered":"<p>Marquez les esprits avec notre coffret de 7 huiles de Oud. <strong>Offrez-vous une exp\u00e9rience olfactive luxueuse qui accentuera votre charisme et votre \u00e9l\u00e9gance.<\/strong><\/p>\n","protected":false},"featured_media":26199,"comment_status":"open","ping_status":"closed","template":"","meta":[],"product_brand":[],"product_cat":[257,252,246,248,251,265,264,256],"product_tag":[],"class_list":{"0":"post-26190","1":"product","2":"type-product","3":"status-publish","4":"has-post-thumbnail","6":"product_cat-coffret-cadeaux-huile-de-oud-format-1ml","7":"product_cat-coffrets-cadeaux-et-decouverte","8":"product_cat-echantillons-de-oud","9":"product_cat-echantillons-huile-de-oud","10":"product_cat-huile-de-oud-pure","11":"product_cat-huiles-de-oud-pure-box","12":"product_cat-huiles-de-oud-pure-parfums","13":"product_cat-les-coffrets-cadeaux-huile-de-oud","15":"first","16":"instock","17":"sale","18":"shipping-taxable","19":"purchasable","20":"product-type-simple"},"_links":{"self":[{"href":"https:\/\/sabilycollection.com\/fr\/wp-json\/wp\/v2\/product\/26190","targetHints":{"allow":["GET"]}}],"collection":[{"href":"https:\/\/sabilycollection.com\/fr\/wp-json\/wp\/v2\/product"}],"about":[{"href":"https:\/\/sabilycollection.com\/fr\/wp-json\/wp\/v2\/types\/product"}],"replies":[{"embeddable":true,"href":"https:\/\/sabilycollection.com\/fr\/wp-json\/wp\/v2\/comments?post=26190"}],"wp:featuredmedia":[{"embeddable":true,"href":"https:\/\/sabilycollection.com\/fr\/wp-json\/wp\/v2\/media\/26199"}],"wp:attachment":[{"href":"https:\/\/sabilycollection.com\/fr\/wp-json\/wp\/v2\/media?parent=26190"}],"wp:term":[{"taxonomy":"product_brand","embeddable":true,"href":"https:\/\/sabilycollection.com\/fr\/wp-json\/wp\/v2\/product_brand?post=26190"},{"taxonomy":"product_cat","embeddable":true,"href":"https:\/\/sabilycollection.com\/fr\/wp-json\/wp\/v2\/product_cat?post=26190"},{"taxonomy":"product_tag","embeddable":true,"href":"https:\/\/sabilycollection.com\/fr\/wp-json\/wp\/v2\/product_tag?post=26190"}],"curies":[{"name":"wp","href":"https:\/\/api.w.org\/{rel}","templated":true}]}}