{"id":26205,"date":"2024-07-31T16:32:49","date_gmt":"2024-07-31T14:32:49","guid":{"rendered":"https:\/\/sabilycollection.com\/oud-royal-sumatra-aceh-indonesie-bois-dagar-age-sauvage-grade-sinking\/"},"modified":"2026-01-30T09:35:27","modified_gmt":"2026-01-30T08:35:27","slug":"oud-royal-sumatra-aceh-indonesie-bois-dagar-age-sauvage-grade-sinking","status":"publish","type":"product","link":"https:\/\/sabilycollection.com\/fr\/produit\/oud-royal-sumatra-aceh-indonesie-bois-dagar-age-sauvage-grade-sinking\/","title":{"rendered":"Oud Royal Sumatra Aceh Indon\u00e9sie Bois d\u2019Agar \u00c2g\u00e9 Sauvage Grade Sinking"},"content":{"rendered":"<p><strong>Apr\u00e8s plusieurs ann\u00e9es \u00e0 pr\u00e9server pr\u00e9cieusement ce Oud indon\u00e9sien d\u2019exception<\/strong>, nous avons d\u00e9cid\u00e9 d\u2019ouvrir nos coffres pour vous offrir la chance unique de d\u00e9couvrir des effluves d\u2019une raret\u00e9 extr\u00eame. Ces copeaux de Oud sauvage d\u2019Aceh repr\u00e9sentent un h\u00e9ritage olfactif qui, bient\u00f4t, n\u2019existera plus dans l\u2019histoire du Oud naturel.<\/p>\n<p>Ce Royal Aceh m\u00e9rite amplement sa place parmi les Ouds vintage les plus pris\u00e9s. <strong>Il s&rsquo;agit d&rsquo;un tr\u00e9sor devenu aujourd\u2019hui quasiment introuvable, un bois noble dont la valeur ne cesse de cro\u00eetre.<\/strong><\/p>\n<p>Nous avons donc le plaisir de partager ce rare Oud \u00e2g\u00e9 d&rsquo;Indon\u00e9sie, un bois d&rsquo;Agar d&rsquo;exception provenant des for\u00eats tropicales profondes de l&rsquo;\u00eele de Sumatra, dans la province lointaine et pr\u00e9serv\u00e9e d&rsquo;Aceh. Ce tr\u00e9sor olfactif est issu d&rsquo;un arbre d&rsquo;agarwood tr\u00e8s \u00e2g\u00e9, des arbres g\u00e9ants de la nature qui ont travers\u00e9 le temps et les \u00e9l\u00e9ments, <strong>offrant une exp\u00e9rience sensorielle unique et vraiment myst\u00e9rieuse.<\/strong><\/p>\n<p>Ce Oud est d\u2019une raret\u00e9 exceptionnelle. Non seulement il provient des for\u00eats les plus isol\u00e9es des for\u00eats d&rsquo;Aceh, mais il est \u00e9galement un Oud sinking, <strong>ce qui en fait l&rsquo;une des vari\u00e9t\u00e9s les plus difficiles \u00e0 obtenir.<\/strong> Le processus naturel qui cr\u00e9e ce type d&rsquo;agarwood est un ph\u00e9nom\u00e8ne complexe et long, o\u00f9 l&rsquo;arbre d\u00e9veloppe une r\u00e9sine tr\u00e8s dense au c\u0153ur du tronc, une r\u00e9sine qui, avec le temps, permet au bois de couler dans l&rsquo;eau un signe indiscutable de sa qualit\u00e9 sup\u00e9rieure. Tr\u00e8s peu de r\u00e9colteurs arrivent \u00e0 obtenir ce type de bois d\u2019Agar, et encore moins celui qui poss\u00e8de la puret\u00e9 et la profondeur qui en font un parfum d&rsquo;exception. <strong>Voil\u00e0 pourquoi ce tr\u00e9sor de la nature m\u00e9rite d&rsquo;\u00eatre dans votre encensoir au moins une fois dans votre vie&#8230;<\/strong><\/p>\n<p>Les pi\u00e8ces r\u00e9sineuses, si denses qu\u2019elles plongent au fond de l\u2019eau, sont les plus convoit\u00e9es. Il suffit de les tenir dans vos mains et de respirer leur parfum pour vivre une exp\u00e9rience sensorielle profonde, marquant \u00e0 jamais votre esprit et vos \u00e9motions tant leur fragrance est saisissante et inoubliable.<\/p>\n<p><strong>Poss\u00e9der un Oud de cette qualit\u00e9 est une \u00e9vidence pour tout v\u00e9ritable passionn\u00e9.<\/strong> Ce Oud d\u2019Aceh vous envo\u00fbte instantan\u00e9ment avec ses ar\u00f4mes \u00e9pic\u00e9s et bois\u00e9s, vous rappelant qu\u2019il appartient \u00e0 une \u00e9poque r\u00e9volue, une \u00e9poque o\u00f9 le Oud \u00e9tait d\u2019une puret\u00e9 et d\u2019une intensit\u00e9 sans \u00e9gal.<\/p>\n<p>Si vous n&rsquo;avez jamais exp\u00e9riment\u00e9 de Oud tr\u00e8s \u00e2g\u00e9 de Sumatra, il est grand temps de le d\u00e9couvrir! Un Oud rare aux notes diff\u00e9rentes de ceux que l&rsquo;on connait provenant de Sumatra ou encore de Kalimantan. <strong>Son profil olfactif est vraiment tr\u00e8s appr\u00e9ciable et m\u00e9rite d&rsquo;\u00eatre d\u00e9couvert et appr\u00e9ci\u00e9 \u00e0 faible temp\u00e9rature de pr\u00e9f\u00e9rence pour une combustion durable et parfaite.<\/strong><\/p>\n<p><strong>Profil olfactif :<\/strong><\/p>\n<p>Notre Oud d&rsquo;Aceh se distingue par une fum\u00e9e d\u2019une puret\u00e9 rare, dense et profonde, qui lib\u00e8re dans l\u2019air un sillage d\u2019une grande richesse. D\u00e8s les premi\u00e8res volutes, vous serez transport\u00e9 dans un univers o\u00f9 la terre rencontre les \u00e9pices les plus nobles, o\u00f9 les bois pr\u00e9cieux fusionnent avec des r\u00e9sines balsamiques pour cr\u00e9er une alchimie olfactive unique.<\/p>\n<p>Les premi\u00e8res notes d\u00e9voilent un parfum intense de terre humide, \u00e9voquant la profondeur des for\u00eats vierges de Sumatra, cette senteur brute et organique qui apaise l\u2019\u00e2me et \u00e9veille les sens. Rapidement, des nuances \u00e9pic\u00e9es \u00e9mergent, fines et chaleureuses, rappelant le poivre noir, le clou de girofle et des touches subtiles de cannelle sauvage.<\/p>\n<p>En arri\u00e8re-plan, le c\u0153ur de cette fum\u00e9e r\u00e9v\u00e8le la noblesse des bois anciens, avec des accents de santal profond, de bois d\u2019agar satur\u00e9 de r\u00e9sine, et cette touche miell\u00e9e si caract\u00e9ristique des Ouds d\u2019exception. La composition est sublim\u00e9e par des r\u00e9sines balsamiques aux facettes l\u00e9g\u00e8rement sucr\u00e9es et ambr\u00e9es, qui viennent arrondir l\u2019ensemble et lui conf\u00e9rer une dimension suave et myst\u00e9rieuse.<\/p>\n<p>Ce parfum ne se contente pas de s\u00e9duire l\u2019odorat, il imprime dans la m\u00e9moire une empreinte inoubliable, celle d\u2019un Oud authentique, sauvage, qui raconte l\u2019histoire des for\u00eats indon\u00e9siennes dans chaque effluve.<\/p>\n<p>L\u2019Indon\u00e9sie, avec ses plus de 17 000 \u00eeles, abrite des joyaux cach\u00e9s, et l\u2019\u00eele de Sumatra fait partie de ces terres rares o\u00f9 le bois d\u2019agar (Gaharu) pousse \u00e0 l\u2019\u00e9tat sauvage, au c\u0153ur de for\u00eats luxuriantes peupl\u00e9es de tigres de Sumatra, d\u2019\u00e9l\u00e9phants et d\u2019une faune exceptionnelle que seuls ces paysages uniques peuvent abriter. <strong>Chaque fragment ancien de Oud provenant de Sumatra est une relique pr\u00e9cieuse<\/strong>, id\u00e9ale pour \u00eatre partag\u00e9e avec vos proches et vos amis les plus chers.<\/p>\n<p>Ces morceaux exceptionnels ont \u00e9t\u00e9 m\u00e9ticuleusement s\u00e9lectionn\u00e9s pour leur richesse en r\u00e9sine, si concentr\u00e9e qu\u2019ils \u00ab\u00a0coulent\u00a0\u00bb naturellement dans l\u2019eau, signe ind\u00e9niable de leur qualit\u00e9 sup\u00e9rieure.<\/p>\n<p>La quantit\u00e9 disponible de ce Oud Royal d\u2019Aceh est extr\u00eamement limit\u00e9e. Si vous aspirez \u00e0 poss\u00e9der un v\u00e9ritable chef-d&rsquo;\u0153uvre de la nature, ne laissez pas passer cette opportunit\u00e9 de vous offrir un tr\u00e9sor unique, tout droit sorti des jungles majestueuses de Sumatra.<\/p>\n<p><strong>Conseil d\u2019utilisation pour notre Oud d&rsquo;Aceh:<\/strong><\/p>\n<p>1. Privil\u00e9gier la chauffe douce (K\u014dd\u014d japonais ou Mabkhara doux)<\/p>\n<p>Utiliser un encensoir \u00e9lectrique avec contr\u00f4le de temp\u00e9rature ou du charbon naturel recouvert d&rsquo;une couche de cendre fine pour r\u00e9duire la chaleur directe.<\/p>\n<p>Temp\u00e9rature optimale : 80\u00b0C \u00e0 120\u00b0C<\/p>\n<p>Si la temp\u00e9rature est trop \u00e9lev\u00e9e, l&rsquo;oud va br\u00fbler brutalement, g\u00e2chant ses notes subtiles. \u00c9viter de placer directement le Oud sur un charbon ardent car la chaleur est trop forte et d\u00e9truira les ar\u00f4mes nobles.<\/p>\n<p>\u00c0 basse temp\u00e9rature, les huiles aromatiques se lib\u00e8rent lentement, offrant une fum\u00e9e fine et raffin\u00e9e.<\/p>\n<p>2. Utilisez du mica plate (plaquette de mica sur charbon ou \u00e9lectrique)<\/p>\n<p>Placez une fine plaque de mica sur la source de chaleur (charbon ardent ou encensoir \u00e9lectrique).<\/p>\n<p>D\u00e9posez d\u00e9licatement un tout petit morceau de Oud sur la plaque.<\/p>\n<p>Cette m\u00e9thode emp\u00eache le bois d\u2019entrer en contact direct avec la forte chaleur du charbon et offre une diffusion lente et contr\u00f4l\u00e9e.<\/p>\n<p>3. Utilisation du charbon ardent naturel couvert de cendre (doit \u00eatre de qualit\u00e9\u26a0\ufe0f)<br \/>\nAllumez un charbon naturel et recouvrez-le d\u2019une couche de cendre fine pour tamiser la chaleur.<\/p>\n<p>4. Temps et dosage&#8230;<\/p>\n<p>Utilisez de tr\u00e8s petits morceaux (0.1g \u00e0 0.3g) pour chaque session.<\/p>\n<p><strong>\u00c9vitez aussi de mettre un gros morceau directement sur votre charbon. Un\u00a0petit fragment suffit pour embaumer toute une pi\u00e8ce durant plusieurs dizaines de minutes<\/strong>.<\/p>\n<p><strong>Ses vertus:<\/strong><\/p>\n<p>Le bois d\u2019Agar est \u00e9galement consid\u00e9r\u00e9 comme un aphrodisiaque tr\u00e8s puissant. Dans beaucoup de cultures, les femmes impr\u00e9gnaient leurs v\u00eatements aussi bien qu\u2019elles-m\u00eames de son parfum. Utilis\u00e9 en m\u00e9decine, le bois d\u2019Agar est un rem\u00e8de pour les d\u00e9sordres nerveux tels que la n\u00e9vrose, le comportement obs\u00e9dant, et l\u2019\u00e9puisement. Il est fortement psychoactif et permet un rapprochement avec notre c\u00f4t\u00e9 spirituel. C\u2019est pourquoi, il est l\u2019encens de m\u00e9ditation par excellence, apportant l\u2019\u00e9nergie au centre et calmant l\u2019esprit. Son odeur vous procurera du bien \u00eatre et dissipera votre stress.<\/p>\n<p>On lui attribue des bienfaits contre les maux de ventre, certaines maladies cardio-vasculaires, les neuropathies, naus\u00e9es ou l\u2019asthme. Il est m\u00eame largement utilis\u00e9 par l\u2019industrie pharmaceutique car naturellement riche en terp\u00e9no\u00efdes (s\u00e9datif et anxiolytique naturel) ainsi qu\u2019en polyph\u00e9nols (antioxydant naturel). Il facilite aussi la digestion. Ses vertus m\u00e9dicinales ont \u00e9t\u00e9 prouv\u00e9es notamment pour les troubles du sommeil, le cholest\u00e9rol et bien plus encore\u2026<\/p>\n<p>Sa raret\u00e9, et ses nombreuses vertus, font donc du bois d\u2019agar un bois pr\u00e9cieux extr\u00eamement recherch\u00e9, et donc extr\u00eamement co\u00fbteux.<\/p>\n<p><strong>Ses notes:<\/strong> \u00e9pic\u00e9es chaud, balsamique, herbac\u00e9es, terreux, clou de girofle, bois\u00e9es, miel, \u00e9pic\u00e9s frais, myst\u00e9rieux<\/p>\n<p><strong>R\u00e9gion:<\/strong> Indon\u00e9sie Sumatra (Aceh)<\/p>\n<p><strong>Type:<\/strong> Bois d\u2019Agar sauvage 100% naturel<\/p>\n<p><strong>Grade:<\/strong> Sinking (Oud coulant dans l&rsquo;eau)<\/p>\n","protected":false},"excerpt":{"rendered":"<p>D\u00e9couvrez notre Oud \u00e2g\u00e9 sauvage d\u2019Aceh d\u2019une raret\u00e9 absolue, un bois d&rsquo;Agar \u00e2g\u00e9 et pr\u00e9cieux provenant des profondes for\u00eats de Sumatra. Chaque pi\u00e8ce de ce Oud vintage est un v\u00e9ritable tr\u00e9sor, aujourd\u2019hui presque impossible \u00e0 trouver.<\/p>\n<p>Sa fum\u00e9e dense et pure r\u00e9v\u00e8le des notes riches de terre humide, d\u2019\u00e9pices nobles et de bois anciens, sublim\u00e9es par des r\u00e9sines balsamiques aux nuances miell\u00e9es et ambr\u00e9es. Ce Oud d\u2019exception vous emm\u00e8ne dans un voyage olfactif unique, vous reconnectant \u00e0 l\u2019essence m\u00eame du Oud, tel qu\u2019il \u00e9tait \u00e0 une \u00e9poque o\u00f9 sa puret\u00e9 et son intensit\u00e9 n\u2019avaient aucun \u00e9gal.<\/p>\n<p>Sa raret\u00e9, son anciennet\u00e9 et son parfum envo\u00fbtant font de lui une pi\u00e8ce ma\u00eetresse indispensable dans la collection de tout connaisseur averti. Offrez-vous l\u2019opportunit\u00e9 unique d\u2019acqu\u00e9rir un joyau olfactif qui, bient\u00f4t, n\u2019existera plus&#8230;<\/p>\n","protected":false},"featured_media":26210,"comment_status":"open","ping_status":"closed","template":"","meta":[],"product_brand":[],"product_cat":[263,245],"product_tag":[],"class_list":{"0":"post-26205","1":"product","2":"type-product","3":"status-publish","4":"has-post-thumbnail","6":"product_cat-lencens-oud-bois-dagar","7":"product_cat-les-encens-dexcellence","8":"pa_weight-15-7g","9":"pa_weight-5-6g","10":"pa_weight-8g","11":"pa_weight-9-35g","13":"first","14":"instock","15":"shipping-taxable","16":"purchasable","17":"product-type-variable"},"_links":{"self":[{"href":"https:\/\/sabilycollection.com\/fr\/wp-json\/wp\/v2\/product\/26205","targetHints":{"allow":["GET"]}}],"collection":[{"href":"https:\/\/sabilycollection.com\/fr\/wp-json\/wp\/v2\/product"}],"about":[{"href":"https:\/\/sabilycollection.com\/fr\/wp-json\/wp\/v2\/types\/product"}],"replies":[{"embeddable":true,"href":"https:\/\/sabilycollection.com\/fr\/wp-json\/wp\/v2\/comments?post=26205"}],"wp:featuredmedia":[{"embeddable":true,"href":"https:\/\/sabilycollection.com\/fr\/wp-json\/wp\/v2\/media\/26210"}],"wp:attachment":[{"href":"https:\/\/sabilycollection.com\/fr\/wp-json\/wp\/v2\/media?parent=26205"}],"wp:term":[{"taxonomy":"product_brand","embeddable":true,"href":"https:\/\/sabilycollection.com\/fr\/wp-json\/wp\/v2\/product_brand?post=26205"},{"taxonomy":"product_cat","embeddable":true,"href":"https:\/\/sabilycollection.com\/fr\/wp-json\/wp\/v2\/product_cat?post=26205"},{"taxonomy":"product_tag","embeddable":true,"href":"https:\/\/sabilycollection.com\/fr\/wp-json\/wp\/v2\/product_tag?post=26205"}],"curies":[{"name":"wp","href":"https:\/\/api.w.org\/{rel}","templated":true}]}}