{"id":26211,"date":"2024-08-30T13:13:51","date_gmt":"2024-08-30T11:13:51","guid":{"rendered":"https:\/\/sabilycollection.com\/oud-merauke-bois-dagar-sauvage-indonesie-grade-super-ab\/"},"modified":"2026-02-18T16:52:59","modified_gmt":"2026-02-18T15:52:59","slug":"oud-merauke-bois-dagar-sauvage-indonesie-grade-super-ab","status":"publish","type":"product","link":"https:\/\/sabilycollection.com\/fr\/produit\/oud-merauke-bois-dagar-sauvage-indonesie-grade-super-ab\/","title":{"rendered":"Oud Merauke Bois d&rsquo;Agar Sauvage Indon\u00e9sie Grade Super AB"},"content":{"rendered":"<p>Le Oud Merauke que nous proposons est un bois d\u2019Agar 100% pur et naturel issu de Merauke (R\u00e9gion de Papouasie) de Grade Super AB.<\/p>\n<p>Le Oud Merauke est un bois sp\u00e9cial, son apparence est diff\u00e9rente de celle des autres bois d\u2019Agar, son parfum est doux, agr\u00e9able et \u00e0 la caract\u00e9ristique de se r\u00e9pandre tr\u00e8s rapidement dans toute la maison.<\/p>\n<p>Il est tr\u00e8s pris\u00e9 au Moyen-Orient lors des c\u00e9r\u00e9monies de mariage o\u00f9 les gens se rassemblent en masse. Cela car il poss\u00e8de la facult\u00e9 de se r\u00e9pandre facilement et de r\u00e9sister aux autres odeurs de son environnement.<\/p>\n<p>Originaire de l\u2019est Indon\u00e9sien et de Papouasie occidentale, ce bois d\u2019Agar est tr\u00e8s convoit\u00e9 dans les pays arabes.<\/p>\n<p>N\u2019attendez plus, essayez-le et vous serez conquis!<\/p>\n<p>Conseil d&rsquo;utilisation pour le Oud:<\/p>\n<p>Avec notre Oud \u00e0 br\u00fbler vous allez profiter d&rsquo;un voyage olfactif exceptionnel qui vous offrira une exp\u00e9rience unique. Nous recommandons tr\u00e8s fortement l&rsquo;utilisation d&rsquo;une couche d&rsquo;aluminium sur votre charbon ardent afin de prolonger la dur\u00e9e de combustion et de vous garantir un ar\u00f4me pure et de meilleure qualit\u00e9!<\/p>\n<p>Ses vertus:<\/p>\n<p>Le bois d\u2019Agar est \u00e9galement consid\u00e9r\u00e9 comme un aphrodisiaque tr\u00e8s puissant. Dans beaucoup de cultures, les femmes impr\u00e9gnaient leurs v\u00eatements aussi bien qu\u2019elles-m\u00eames de son parfum. Utilis\u00e9 en m\u00e9decine, le bois d\u2019Agar est un rem\u00e8de pour les d\u00e9sordres nerveux tels que la n\u00e9vrose, le comportement obs\u00e9dant, et l\u2019\u00e9puisement. Il est fortement psychoactif et permet un rapprochement avec notre c\u00f4t\u00e9 spirituel. C\u2019est pourquoi, il est l\u2019encens de m\u00e9ditation par excellence, apportant l\u2019\u00e9nergie au centre et calmant l\u2019esprit. Son odeur vous procurera du bien \u00eatre et dissipera votre stress.<\/p>\n<p>On lui attribue des bienfaits contre les maux de ventre, certaines maladies cardio-vasculaires, les neuropathies, naus\u00e9es ou l\u2019asthme. Il est m\u00eame largement utilis\u00e9 par l\u2019industrie pharmaceutique car naturellement riche en terp\u00e9no\u00efdes (s\u00e9datif et anxiolytique naturel) ainsi qu\u2019en polyph\u00e9nols (antioxydant naturel). Il facilite aussi la digestion. Ses vertus m\u00e9dicinales ont \u00e9t\u00e9 prouv\u00e9es notamment pour les troubles du sommeil, le cholest\u00e9rol et bien plus encore\u2026<\/p>\n<p>Sa raret\u00e9, et ses nombreuses vertus, font donc du bois d\u2019agar un bois pr\u00e9cieux extr\u00eamement recherch\u00e9, et donc extr\u00eamement co\u00fbteux.<\/p>\n<p>Pour son usage, ce Oud n\u00e9cessite une pince ou un outil pour casser les pi\u00e8ces de Oud en petit morceaux car celles-ci sont grandes et larges.<\/p>\n<p>N\u2019h\u00e9sitez plus\u2026 Laissez vous emporter!<\/p>\n<p>Ses notes: sucr\u00e9es, bois\u00e9es, miel<\/p>\n<p>R\u00e9gion: Merauke (Papouasie)<\/p>\n<p>Bois d\u2019Agar sauvage 100% naturel<\/p>\n<p>Type: Aquilaria Filaria<\/p>\n<p>Grade: Super AB<\/p>\n<p>Bonne tenue<\/p>\n<p>Conditionnement: 5g, 10g, 20g, 50g, 100g.<\/p>\n","protected":false},"excerpt":{"rendered":"<p>Le Oud Merauke, ce bois d&rsquo;Agar Indon\u00e9sien tr\u00e8s convoit\u00e9 d\u00e9gage une odeur bois\u00e9e agr\u00e9able et douce.<\/p>\n","protected":false},"featured_media":26213,"comment_status":"open","ping_status":"closed","template":"","meta":[],"product_brand":[],"product_cat":[263,245],"product_tag":[339],"class_list":{"0":"post-26211","1":"product","2":"type-product","3":"status-publish","4":"has-post-thumbnail","6":"product_cat-lencens-oud-bois-dagar","7":"product_cat-les-encens-dexcellence","8":"product_tag-offre-25","9":"pa_weight-100g","10":"pa_weight-20g","11":"pa_weight-50g","13":"first","14":"instock","15":"shipping-taxable","16":"purchasable","17":"product-type-variable"},"_links":{"self":[{"href":"https:\/\/sabilycollection.com\/fr\/wp-json\/wp\/v2\/product\/26211","targetHints":{"allow":["GET"]}}],"collection":[{"href":"https:\/\/sabilycollection.com\/fr\/wp-json\/wp\/v2\/product"}],"about":[{"href":"https:\/\/sabilycollection.com\/fr\/wp-json\/wp\/v2\/types\/product"}],"replies":[{"embeddable":true,"href":"https:\/\/sabilycollection.com\/fr\/wp-json\/wp\/v2\/comments?post=26211"}],"wp:featuredmedia":[{"embeddable":true,"href":"https:\/\/sabilycollection.com\/fr\/wp-json\/wp\/v2\/media\/26213"}],"wp:attachment":[{"href":"https:\/\/sabilycollection.com\/fr\/wp-json\/wp\/v2\/media?parent=26211"}],"wp:term":[{"taxonomy":"product_brand","embeddable":true,"href":"https:\/\/sabilycollection.com\/fr\/wp-json\/wp\/v2\/product_brand?post=26211"},{"taxonomy":"product_cat","embeddable":true,"href":"https:\/\/sabilycollection.com\/fr\/wp-json\/wp\/v2\/product_cat?post=26211"},{"taxonomy":"product_tag","embeddable":true,"href":"https:\/\/sabilycollection.com\/fr\/wp-json\/wp\/v2\/product_tag?post=26211"}],"curies":[{"name":"wp","href":"https:\/\/api.w.org\/{rel}","templated":true}]}}