{"id":26214,"date":"2024-09-07T10:31:17","date_gmt":"2024-09-07T08:31:17","guid":{"rendered":"https:\/\/sabilycollection.com\/coffret-parfum-malaki-7-huiles-de-oud-pure-dehn-al-oud\/"},"modified":"2026-04-16T12:09:51","modified_gmt":"2026-04-16T10:09:51","slug":"coffret-parfum-malaki-7-huiles-de-oud-pure-dehn-al-oud","status":"publish","type":"product","link":"https:\/\/sabilycollection.com\/fr\/produit\/coffret-parfum-malaki-7-huiles-de-oud-pure-dehn-al-oud\/","title":{"rendered":"Coffret Parfum Malaki 7 Huiles de Oud Pure Dehn Al Oud"},"content":{"rendered":"<p>Nous vous proposons ces coffrets parfum d\u00e9couverte <strong>compos\u00e9 de 7 \u00e9chantillons d&rsquo;Essences de Oud Pure<\/strong> issues de diff\u00e9rentes r\u00e9gions d&rsquo;Asie du Sud Est.<\/p>\n<p>L&rsquo;huile de bois d&rsquo;Agar appel\u00e9 commun\u00e9ment Huile de Oud ou Dehn Al Oud en arabe, est une essence tr\u00e8s parfum\u00e9e,\u00a0 une fragrance naturelle exquise aux notes riches et diverses extraite \u00e0 partir du fameux bois d\u2019Agar (Oud) de grande qualit\u00e9 et m\u00fbri.<\/p>\n<p>Elle est distill\u00e9e en utilisant les meilleurs arbres de bois d&rsquo;Agar.<\/p>\n<p><strong>Ce parfum traditionnel et 100% naturel forme le c\u0153ur de la culture orientale<\/strong> et sert d&rsquo;ingr\u00e9dient de base aux plus prestigieuses parfumerie du monde.<\/p>\n<p><strong>En effet cette senteur de Oud est tr\u00e8s recherch\u00e9 par les amoureux de senteur unique et d\u2019exception.<\/strong><\/p>\n<p>Dans ce luxueux coffret vous avez un excellent \u00e9ventail pour exp\u00e9rimenter et adopter ces fragrances unique <strong>en provenance de Tha\u00eflande, du Laos, du Vietnam, de Birmanie, du Cambodge<\/strong> et beaucoup plus, qui d\u00e9note la puissance et la qualit\u00e9 de ce parfum captivant!<\/p>\n<p>Oser essayer le magnifique parfum de l&rsquo;huile de Oud pr\u00e9cieuse, c&rsquo;est s&rsquo;ouvrir \u00e0 une nouvelle exp\u00e9rience sensorielle, s&rsquo;\u00e9vader du quotidien et se laisser emporter par la magie des sens. C&rsquo;est se parer d&rsquo;une aura myst\u00e9rieuse et captivante, <strong>qui \u00e9veille les \u00e9motions et suscite l&rsquo;admiration.<\/strong><\/p>\n<p>Alors, pourquoi attendre davantage ? Offrez-vous cette exp\u00e9rience sensorielle unique, plongez dans les ar\u00f4mes envo\u00fbtants de l&rsquo;huile de Oud pr\u00e9cieuse et laissez sa fragrance vous transporter vers des horizons lointains, o\u00f9 la beaut\u00e9 et la gr\u00e2ce s&rsquo;unissent en une harmonie parfum\u00e9e inoubliable.<\/p>\n<p><strong>Les 7 \u00e9chantillons contenu dans le pack Malaki (1ml de chaque type)<\/strong><\/p>\n<p>\u25aa\ufe0fDehn al Oud Burmese Malaki 2022<br \/>\n\u25aa\ufe0fDehn al Oud Cambodia Pursat 2022<br \/>\n\u25aa\ufe0fDehn al Oud Vietnam Malaki 2019<br \/>\n\u25aa\ufe0fDehn al Oud Cambodia Koh Kong Malaki 2019<br \/>\n\u25aa\ufe0fDehn al Oud Hindi Assam Malaki 2022<br \/>\n\u25aa\ufe0fDehn al Oud Trat Malaki 2020<br \/>\n\u25aa\ufe0fDehn al Oud Laos Malaki 2019<\/p>\n<p><strong>Famille de parfum :<\/strong> Oriental<\/p>\n<p><strong>Type de parfum :<\/strong> Huile de Oud Pure<\/p>\n<p>\u2705 100 % pur et sans dilution<\/p>\n<p>\u2705 100% aucun autre additif<\/p>\n<p>\u2705 100 % sans parfum artificiel<\/p>\n<p>\u2705 100% sans coloration<\/p>\n<p>\u2705 100% sans fermentation alcoolique<\/p>\n<p>\u2705 Trempage 100 % sans \u00e9thanol<\/p>\n<p><strong>Contenance :<\/strong> 1 ml x 7<\/p>\n<p><strong>Diff\u00e9rentes Notes :<\/strong> Cuir, vanille, fruit\u00e9, sucr\u00e9, animale, prairie, tabac, florale, douce, vieillie et bois\u00e9e avec une touche de fruits noirs et secs.<\/p>\n","protected":false},"excerpt":{"rendered":"<p>Il est temps de r\u00e9v\u00e9ler votre \u00e9l\u00e9gance et votre charisme avec <strong>une signature parfum\u00e9e unique et inoubliable.<\/strong><\/p>\n<p>Plongez dans l\u2019univers de notre coffret d\u2019essence de Oud Pure et <strong>laissez-vous transporter par la richesse rare et pr\u00e9cieuse de ce tr\u00e9sor naturel.<\/strong><\/p>\n","protected":false},"featured_media":26215,"comment_status":"open","ping_status":"closed","template":"","meta":[],"product_brand":[],"product_cat":[257,252,246,248,251,265,256],"product_tag":[],"class_list":{"0":"post-26214","1":"product","2":"type-product","3":"status-publish","4":"has-post-thumbnail","6":"product_cat-coffret-cadeaux-huile-de-oud-format-1ml","7":"product_cat-coffrets-cadeaux-et-decouverte","8":"product_cat-echantillons-de-oud","9":"product_cat-echantillons-huile-de-oud","10":"product_cat-huile-de-oud-pure","11":"product_cat-huiles-de-oud-pure-box","12":"product_cat-les-coffrets-cadeaux-huile-de-oud","14":"first","15":"instock","16":"sale","17":"shipping-taxable","18":"purchasable","19":"product-type-simple"},"_links":{"self":[{"href":"https:\/\/sabilycollection.com\/fr\/wp-json\/wp\/v2\/product\/26214","targetHints":{"allow":["GET"]}}],"collection":[{"href":"https:\/\/sabilycollection.com\/fr\/wp-json\/wp\/v2\/product"}],"about":[{"href":"https:\/\/sabilycollection.com\/fr\/wp-json\/wp\/v2\/types\/product"}],"replies":[{"embeddable":true,"href":"https:\/\/sabilycollection.com\/fr\/wp-json\/wp\/v2\/comments?post=26214"}],"wp:featuredmedia":[{"embeddable":true,"href":"https:\/\/sabilycollection.com\/fr\/wp-json\/wp\/v2\/media\/26215"}],"wp:attachment":[{"href":"https:\/\/sabilycollection.com\/fr\/wp-json\/wp\/v2\/media?parent=26214"}],"wp:term":[{"taxonomy":"product_brand","embeddable":true,"href":"https:\/\/sabilycollection.com\/fr\/wp-json\/wp\/v2\/product_brand?post=26214"},{"taxonomy":"product_cat","embeddable":true,"href":"https:\/\/sabilycollection.com\/fr\/wp-json\/wp\/v2\/product_cat?post=26214"},{"taxonomy":"product_tag","embeddable":true,"href":"https:\/\/sabilycollection.com\/fr\/wp-json\/wp\/v2\/product_tag?post=26214"}],"curies":[{"name":"wp","href":"https:\/\/api.w.org\/{rel}","templated":true}]}}