{"id":26225,"date":"2024-09-25T18:46:06","date_gmt":"2024-09-25T16:46:06","guid":{"rendered":"https:\/\/sabilycollection.com\/oud-kalimantan-borneo-bois-dagar-sauvage-grade-double-super-indonesie\/"},"modified":"2026-02-28T06:39:31","modified_gmt":"2026-02-28T05:39:31","slug":"oud-kalimantan-borneo-bois-dagar-sauvage-grade-double-super-indonesie","status":"publish","type":"product","link":"https:\/\/sabilycollection.com\/fr\/produit\/oud-kalimantan-borneo-bois-dagar-sauvage-grade-double-super-indonesie\/","title":{"rendered":"Oud Kalimantan Born\u00e9o Bois d&rsquo;Agar Sauvage Grade Double Super Indon\u00e9sie"},"content":{"rendered":"<p>Nous vous proposons cet excellent Oud issu de l\u2019Ouest Kalimantan en Indon\u00e9sie, d\u2019une apparence \u00e9l\u00e9gante et de Grade Double Super gr\u00e2ce \u00e0 l\u2019abondance de son huile et de sa longue tenue.<\/p>\n<p>Ce bois d\u2019Agar du Grand Born\u00e9o tr\u00e8s parfum\u00e9 est tr\u00e8s appr\u00e9ci\u00e9 par les sp\u00e9cialistes de l&rsquo;agarwood. Les amoureux du Oud Indon\u00e9sien place g\u00e9n\u00e9ralement le Oud du Kalimantan en t\u00eate par rapport aux autres Oud de Sumatra, de Papouasie ou des \u00eeles Mentawai. Sa r\u00e9putation est d\u00fbe au fait que le Oud du Borneo a un parfum tr\u00e8s durable et profond qui saisi imm\u00e9diatement les sens de part ses effluves tr\u00e8s agr\u00e9ables bien bois\u00e9es aux notes captivantes et irr\u00e9sistibles !<\/p>\n<p>Notre Oud provient d\u2019un arbre \u00e2g\u00e9 ayant une r\u00e9sine tr\u00e8s parfum\u00e9, un bois d&rsquo;Agar rare et difficile \u00e0 obtenir!<\/p>\n<p>Cet excellent encens naturel au Grade \u00e9lev\u00e9 apportera \u00e0 vos demeures et vos habits un doux parfum subtil, profond et frais aux notes bois\u00e9es et sucr\u00e9es.<\/p>\n<p>Id\u00e9al pour parfumer ses habits et les tissus de votre maison, avant de recevoir ses invit\u00e9s, pour les grands \u00e9v\u00e8nements comme les f\u00eates et les mariages ou tout simplement pour passer un bon moment de d\u00e9tente. Son parfum exceptionnel s\u2019impr\u00e8gne de longues heures sur les tissus, d\u2019o\u00f9 sa grande convoitise dans le Moyen-Orient.<\/p>\n<p>Le Oud du Kalimantan est incontestablement l\u2019un des meilleurs au monde de part sa provenance (\u00eele de Born\u00e9o) et son parfum bois\u00e9 exquis et tr\u00e8s appr\u00e9ciable! Il ravira vos invit\u00e9s lors vos grandes c\u00e9l\u00e9brations tels que les mariages ainsi que durant vos rencontres entre amis et familles.<\/p>\n<p>Conseil d\u2019utilisation pour le Oud:<\/p>\n<p>Avec notre Oud \u00e0 br\u00fbler vous allez profiter d\u2019un voyage olfactif exceptionnel qui vous offrira une exp\u00e9rience unique. Nous recommandons tr\u00e8s fortement l\u2019utilisation d\u2019une couche d\u2019aluminium sur votre charbon ardent afin de prolonger la dur\u00e9e de combustion et de vous garantir un ar\u00f4me pure et de meilleure qualit\u00e9!<\/p>\n<p>Ses vertus:<\/p>\n<p>Le bois d\u2019Agar est \u00e9galement consid\u00e9r\u00e9 comme un aphrodisiaque tr\u00e8s puissant.Dans beaucoup de cultures, les femmes impr\u00e9gnaient leurs v\u00eatements aussi bien qu\u2019elles-m\u00eames de son parfum. Utilis\u00e9 en m\u00e9decine, le bois d\u2019Agar est un rem\u00e8de pour les d\u00e9sordres nerveux tels que la n\u00e9vrose, le comportement obs\u00e9dant, et l\u2019\u00e9puisement. Il est fortement psychoactif et permet un rapprochement avec notre c\u00f4t\u00e9 spirituel. C\u2019est pourquoi, il est l\u2019encens de m\u00e9ditation par excellence, apportant l\u2019\u00e9nergie au centre et calmant l\u2019esprit. Son odeur vous procurera du bien \u00eatre et dissipera votre stress.<\/p>\n<p>On lui attribue des bienfaits contre les maux de ventre, certaines maladies cardio-vasculaires, les neuropathies, naus\u00e9es ou l\u2019asthme. Il est m\u00eame largement utilis\u00e9 par l\u2019industrie pharmaceutique car naturellement riche en terp\u00e9no\u00efdes (s\u00e9datif et anxiolytique naturel) ainsi qu\u2019en polyph\u00e9nols (antioxydant naturel). Il facilite aussi la digestion. Ses vertus m\u00e9dicinales ont \u00e9t\u00e9 prouv\u00e9es notamment pour les troubles du sommeil, le cholest\u00e9rol et bien plus encore\u2026<\/p>\n<p>Sa raret\u00e9, et ses nombreuses vertus, font donc du bois d\u2019agar un bois pr\u00e9cieux extr\u00eamement recherch\u00e9, et donc extr\u00eamement co\u00fbteux.<\/p>\n<p>Ses notes: sucr\u00e9es, fra\u00eeches, bois\u00e9es, florales, miel<\/p>\n<p>R\u00e9gion: Ouest Kalimantan (Ouest Born\u00e9o)<\/p>\n<p>Type de Oud: Aquilaria Malaccensis<\/p>\n<p>Bois d\u2019Agar sauvage 100% naturel<\/p>\n<p>Grade: Double Super<\/p>\n<p>Longue dur\u00e9e<\/p>\n<p>Conditionnement: 10g, 20g, 50g<\/p>\n","protected":false},"excerpt":{"rendered":"<div class=\"woocommerce-product-details__short-description\">\n<p>Le c\u00e9l\u00e8bre Oud sauvage du Kalimantan Born\u00e9o de Grade Double Super.<\/p>\n<p>Magnifiquement parfum\u00e9 avec des notes bois\u00e9es, sucr\u00e9es et florales ce Oud sauvage d\u2019exception vous offrira un plaisir garanti!<\/p>\n<p>Hautement recommand\u00e9&#8230;<\/p>\n<\/div>\n","protected":false},"featured_media":26229,"comment_status":"open","ping_status":"closed","template":"","meta":[],"product_brand":[],"product_cat":[263,245],"product_tag":[338],"class_list":{"0":"post-26225","1":"product","2":"type-product","3":"status-publish","4":"has-post-thumbnail","6":"product_cat-lencens-oud-bois-dagar","7":"product_cat-les-encens-dexcellence","8":"product_tag-promo-15","9":"pa_weight-10g","10":"pa_weight-20g","11":"pa_weight-50g","13":"first","14":"instock","15":"shipping-taxable","16":"purchasable","17":"product-type-variable"},"_links":{"self":[{"href":"https:\/\/sabilycollection.com\/fr\/wp-json\/wp\/v2\/product\/26225","targetHints":{"allow":["GET"]}}],"collection":[{"href":"https:\/\/sabilycollection.com\/fr\/wp-json\/wp\/v2\/product"}],"about":[{"href":"https:\/\/sabilycollection.com\/fr\/wp-json\/wp\/v2\/types\/product"}],"replies":[{"embeddable":true,"href":"https:\/\/sabilycollection.com\/fr\/wp-json\/wp\/v2\/comments?post=26225"}],"wp:featuredmedia":[{"embeddable":true,"href":"https:\/\/sabilycollection.com\/fr\/wp-json\/wp\/v2\/media\/26229"}],"wp:attachment":[{"href":"https:\/\/sabilycollection.com\/fr\/wp-json\/wp\/v2\/media?parent=26225"}],"wp:term":[{"taxonomy":"product_brand","embeddable":true,"href":"https:\/\/sabilycollection.com\/fr\/wp-json\/wp\/v2\/product_brand?post=26225"},{"taxonomy":"product_cat","embeddable":true,"href":"https:\/\/sabilycollection.com\/fr\/wp-json\/wp\/v2\/product_cat?post=26225"},{"taxonomy":"product_tag","embeddable":true,"href":"https:\/\/sabilycollection.com\/fr\/wp-json\/wp\/v2\/product_tag?post=26225"}],"curies":[{"name":"wp","href":"https:\/\/api.w.org\/{rel}","templated":true}]}}