{"id":26230,"date":"2024-09-29T19:56:21","date_gmt":"2024-09-29T17:56:21","guid":{"rendered":"https:\/\/sabilycollection.com\/oud-sumatra-jambi-bois-dagar-sauvage-grade-triple-super-indonesie\/"},"modified":"2026-02-06T18:24:37","modified_gmt":"2026-02-06T17:24:37","slug":"oud-sumatra-jambi-bois-dagar-sauvage-grade-triple-super-indonesie","status":"publish","type":"product","link":"https:\/\/sabilycollection.com\/fr\/produit\/oud-sumatra-jambi-bois-dagar-sauvage-grade-triple-super-indonesie\/","title":{"rendered":"Oud Sumatra Jambi Bois d&rsquo;Agar Sauvage Grade Triple Super Indon\u00e9sie"},"content":{"rendered":"<p>Nous vous pr\u00e9sentons ici le must des Ouds de Sumatra, un Oud plein de belles surprises et digne des plus grands Oud Indon\u00e9siens issus de l&rsquo;Aquilaria Malaccensis, le fameux Bois d&rsquo;Agar de Jambi, avec une qualit\u00e9 exceptionnelle de Grade Triple Super.<\/p>\n<p>Apr\u00e8s avoir tester beaucoup de Oud Indon\u00e9siens issus de diff\u00e9rentes r\u00e9gions de Sumatra, de Kalimantan, de Papouasie, des c\u00e9l\u00e8bes, de Flor\u00e8s et des \u00eeles les plus recul\u00e9es de Sumatra, nous pouvons sans l&rsquo;ombre d&rsquo;un doute affirmer que le Oud de Jambi figure parmi les meilleurs Bois d&rsquo;Agar de cet immense pays qu&rsquo;est l&rsquo;Indon\u00e9sie.<\/p>\n<p>Son parfum d\u00e9gage une sublime fra\u00eecheur florale, l\u00e9g\u00e8rement bois\u00e9e, avec des notes sucr\u00e9es de miel et de vanille qui viennent bercer nos sens en nous laissant dans un sentiment de joie et de bien-\u00eatre reposant dont on ne se lasse jamais!<\/p>\n<p>Le Oud de Jambi n&rsquo;est pas m\u00e9connu des amoureux de Oud, g\u00e9n\u00e9ralement il peut \u00eatre trouv\u00e9 dans le march\u00e9 avec une qualit\u00e9 moyenne, le plus souvent en grade Super. Il est extr\u00eamement rare de trouver la qualit\u00e9 que l&rsquo;on vous propose dans la r\u00e9gion de Jambi, dangereuse r\u00e9gion tropicale, avec des for\u00eats denses peupl\u00e9es de nombreux pr\u00e9dateurs pour ne citer que le tigre de Sumatra&#8230;<\/p>\n<p>Ce Triple Super le place parmi nos meilleurs Encens naturel, il suffit d&rsquo;avoir les pi\u00e8ces dans votre main et de le sentir directement pour d\u00e9couvrir son magnifique parfum qui n&rsquo;attend que d&rsquo;\u00eatre placer sur un encensoir \u00e0 basse temp\u00e9rature ou sur un charbon ardent et une couche d&rsquo;aluminium&#8230;<\/p>\n<p>Un Oud hautement recommand\u00e9.<\/p>\n<p>Quantit\u00e9 tr\u00e8s limit\u00e9e!<\/p>\n<p>Id\u00e9al pour parfumer sa demeure avant de recevoir ses invit\u00e9s, pour les grands \u00e9v\u00e8nements comme les f\u00eates et les mariages ou tout simplement pour passer un bon moment de d\u00e9tente.<\/p>\n<p>Conseil d\u2019utilisation pour le Oud:<\/p>\n<p>Avec notre Oud \u00e0 br\u00fbler vous allez profiter d\u2019un voyage olfactif exceptionnel qui vous offrira une exp\u00e9rience unique. Nous recommandons tr\u00e8s fortement l\u2019utilisation d\u2019une couche d\u2019aluminium sur votre charbon ardent afin de prolonger la dur\u00e9e de combustion et de vous garantir un ar\u00f4me pure et de meilleure qualit\u00e9!<\/p>\n<p>Ses vertus:<\/p>\n<p>Le bois d\u2019Agar est \u00e9galement consid\u00e9r\u00e9 comme un aphrodisiaque tr\u00e8s puissant.Dans beaucoup de cultures, les femmes impr\u00e9gnaient leurs v\u00eatements aussi bien qu\u2019elles-m\u00eames de son parfum. Utilis\u00e9 en m\u00e9decine, le bois d\u2019Agar est un rem\u00e8de pour les d\u00e9sordres nerveux tels que la n\u00e9vrose, le comportement obs\u00e9dant, et l\u2019\u00e9puisement. Il est fortement psychoactif et permet un rapprochement avec notre c\u00f4t\u00e9 spirituel. C\u2019est pourquoi, il est l\u2019encens de m\u00e9ditation par excellence, apportant l\u2019\u00e9nergie au centre et calmant l\u2019esprit. Son odeur vous procurera du bien \u00eatre et dissipera votre stress.<\/p>\n<p>On lui attribue des bienfaits contre les maux de ventre, certaines maladies cardio-vasculaires, les neuropathies, naus\u00e9es ou l\u2019asthme. Il est m\u00eame largement utilis\u00e9 par l\u2019industrie pharmaceutique car naturellement riche en terp\u00e9no\u00efdes (s\u00e9datif et anxiolytique naturel) ainsi qu\u2019en polyph\u00e9nols (antioxydant naturel). Il facilite aussi la digestion. Ses vertus m\u00e9dicinales ont \u00e9t\u00e9 prouv\u00e9es notamment pour les troubles du sommeil, le cholest\u00e9rol et bien plus encore\u2026<\/p>\n<p>Sa raret\u00e9, et ses nombreuses vertus, font donc du bois d\u2019agar un bois pr\u00e9cieux extr\u00eamement recherch\u00e9, et donc extr\u00eamement co\u00fbteux.<\/p>\n<p>Ses notes: sucr\u00e9es, fra\u00eeches, bois\u00e9es, florales, miel, vanille<\/p>\n<p>R\u00e9gion: Jambi (\u00eele de Sumatra)<\/p>\n<p>Type de Oud: Aquilaria Malaccensis<\/p>\n<p>Bois d\u2019Agar sauvage 100% naturel<\/p>\n<p>Grade: Triple Super<\/p>\n<p>Tr\u00e8s longue dur\u00e9e<\/p>\n<p>Conditionnement : 10g<\/p>\n","protected":false},"excerpt":{"rendered":"<p>Le Oud de Jambi est une merveille et fait parti des meilleurs Oud Indon\u00e9siens avec ses notes de vanilles aux notes florales!<\/p>\n<p>Tout amateurs de Oud se doit de l&rsquo;avoir dans sa collection, pr\u00e9parez vos stocks&#8230;<\/p>\n","protected":false},"featured_media":26232,"comment_status":"open","ping_status":"closed","template":"","meta":[],"product_brand":[],"product_cat":[263,245],"product_tag":[],"class_list":{"0":"post-26230","1":"product","2":"type-product","3":"status-publish","4":"has-post-thumbnail","6":"product_cat-lencens-oud-bois-dagar","7":"product_cat-les-encens-dexcellence","8":"pa_weight-10g","10":"first","11":"instock","12":"shipping-taxable","13":"purchasable","14":"product-type-variable"},"_links":{"self":[{"href":"https:\/\/sabilycollection.com\/fr\/wp-json\/wp\/v2\/product\/26230","targetHints":{"allow":["GET"]}}],"collection":[{"href":"https:\/\/sabilycollection.com\/fr\/wp-json\/wp\/v2\/product"}],"about":[{"href":"https:\/\/sabilycollection.com\/fr\/wp-json\/wp\/v2\/types\/product"}],"replies":[{"embeddable":true,"href":"https:\/\/sabilycollection.com\/fr\/wp-json\/wp\/v2\/comments?post=26230"}],"wp:featuredmedia":[{"embeddable":true,"href":"https:\/\/sabilycollection.com\/fr\/wp-json\/wp\/v2\/media\/26232"}],"wp:attachment":[{"href":"https:\/\/sabilycollection.com\/fr\/wp-json\/wp\/v2\/media?parent=26230"}],"wp:term":[{"taxonomy":"product_brand","embeddable":true,"href":"https:\/\/sabilycollection.com\/fr\/wp-json\/wp\/v2\/product_brand?post=26230"},{"taxonomy":"product_cat","embeddable":true,"href":"https:\/\/sabilycollection.com\/fr\/wp-json\/wp\/v2\/product_cat?post=26230"},{"taxonomy":"product_tag","embeddable":true,"href":"https:\/\/sabilycollection.com\/fr\/wp-json\/wp\/v2\/product_tag?post=26230"}],"curies":[{"name":"wp","href":"https:\/\/api.w.org\/{rel}","templated":true}]}}