{"id":26235,"date":"2024-10-12T10:30:25","date_gmt":"2024-10-12T08:30:25","guid":{"rendered":"https:\/\/sabilycollection.com\/oud-malaisie-pahang-bois-dagar-sauvage-grade-double-super-2\/"},"modified":"2026-02-17T15:22:20","modified_gmt":"2026-02-17T14:22:20","slug":"oud-malaisie-pahang-bois-dagar-sauvage-grade-double-super-2","status":"publish","type":"product","link":"https:\/\/sabilycollection.com\/fr\/produit\/oud-malaisie-pahang-bois-dagar-sauvage-grade-double-super-2\/","title":{"rendered":"Oud Malaisie Pahang Bois d\u2019Agar Sauvage Grade Double Super"},"content":{"rendered":"<p><strong>Le Oud malaisien de Pahang est l\u2019un des meilleurs bois d\u2019Agar,<\/strong> son odeur est tr\u00e8s agr\u00e9able. Le type de Oud que nous proposons est de grade Double Super, <strong>un bois d&rsquo;agar de tr\u00e8s haute qualit\u00e9, difficile \u00e0 obtenir.<\/strong><\/p>\n<p><strong>Ce bois d&rsquo;agar provient de l&rsquo;arbre Aquilaria Malaccensis,<\/strong> d&rsquo;une r\u00e9gion du nord de la Malaisie, r\u00e9put\u00e9e pour ses nombreuses for\u00eats tropicales et la qualit\u00e9 de son Oud, qui se distingue des autres Oud malaisiens par son odeur \u00e9pic\u00e9e unique et persistante qui dure des heures.<\/p>\n<p><strong>Le rang de ce Oud est \u00e9lev\u00e9, ce qui en fait un bois tr\u00e8s pris\u00e9 des amateurs de bois d&rsquo;agar sauvage.<\/strong><\/p>\n<p>Concernant la tenue, elle est de tr\u00e8s longue dur\u00e9e et son parfum sera immerg\u00e9 parfaitement dans tous les tissus de votre maison ainsi que sur vos v\u00eatements. Vous pouvez d\u00e9sormais accueillir parfaitement tous vos invit\u00e9s et leur faire d\u00e9couvrir des senteurs exceptionnelles alliant exotisme naturel et pur\u2026<\/p>\n<p>Id\u00e9al pour parfumer votre maison avant de recevoir des invit\u00e9s, pour des \u00e9v\u00e9nements majeurs tels que des f\u00eates et des mariages ou simplement pour passer un bon moment de d\u00e9tente.<\/p>\n<p dir=\"ltr\"><strong>Conseil d&rsquo;utilisation pour le Oud :<\/strong><\/p>\n<p dir=\"ltr\">Avec notre Oud \u00e0 br\u00fbler vous allez profiter d&rsquo;un voyage olfactif exceptionnel qui vous offrira une exp\u00e9rience unique. Nous recommandons tr\u00e8s fortement l&rsquo;utilisation d&rsquo;une couche d&rsquo;aluminium sur votre charbon ardent afin de prolonger la dur\u00e9e de combustion et de vous garantir un ar\u00f4me pure et de meilleure <u>qualit\u00e9!<\/u><\/p>\n<p><strong>Ses avantages :<\/strong><\/p>\n<p>Le bois d&rsquo;agar est \u00e9galement consid\u00e9r\u00e9 comme un aphrodisiaque tr\u00e8s puissant. Dans de nombreuses cultures, les femmes impr\u00e9gnaient leurs v\u00eatements tout en se parfumant. Utilis\u00e9 en m\u00e9decine, le bois d&rsquo;agar est un rem\u00e8de contre les troubles nerveux tels que la n\u00e9vrose, le comportement obsessionnel et l&rsquo;\u00e9puisement. Il est hautement psychoactif et permet un rapprochement avec notre c\u00f4t\u00e9 spirituel. C&rsquo;est pourquoi c&rsquo;est le meilleur encens de m\u00e9ditation, apportant de l&rsquo;\u00e9nergie au centre et apaisant l&rsquo;esprit. Son odeur vous procurera du bien-\u00eatre et dissipera votre stress.<\/p>\n<p>On lui attribue des bienfaits contre les maux de ventre, certaines maladies cardio-vasculaires, les neuropathies, naus\u00e9es ou l\u2019asthme. Il est m\u00eame largement utilis\u00e9 par l\u2019industrie pharmaceutique car naturellement riche en terp\u00e9no\u00efdes (s\u00e9datif et anxiolytique naturel) ainsi qu\u2019en polyph\u00e9nols (antioxydant naturel). Il facilite aussi la digestion. Ses vertus m\u00e9dicinales ont \u00e9t\u00e9 prouv\u00e9es notamment pour les troubles du sommeil, le cholest\u00e9rol et bien plus encore\u2026<\/p>\n<p>Sa raret\u00e9, et ses nombreuses vertus, font donc du bois d\u2019agar un bois pr\u00e9cieux extr\u00eamement recherch\u00e9, et donc extr\u00eamement co\u00fbteux.<\/p>\n<p><strong>Ses notes :<\/strong> miel, cannelle, \u00e9pic\u00e9, sucr\u00e9, frais, bois\u00e9, puissant et doux<\/p>\n<p><strong>R\u00e9gion :<\/strong> Pahang fronti\u00e8re de Terengganu (Nord de la Malaisie)<\/p>\n<p>Bois d&rsquo;Agar sauvage 100% naturel<\/p>\n<p><strong>Type de Oud :<\/strong> Aquilaria Malaccensis<\/p>\n<p><strong>Grade:<\/strong> Double Super<\/p>\n<p><strong>Tr\u00e8s longue dur\u00e9e<\/strong><\/p>\n<p><strong>Conditionnement :<\/strong> 10g, 20g, 50g<\/p>\n","protected":false},"excerpt":{"rendered":"<p>El\u00e9gant et sublime avec une odeur exquise, ce Oud malaisien de haute qualit\u00e9 a toutes les qualit\u00e9s pour vous s\u00e9duire et vous plaire.<\/p>\n","protected":false},"featured_media":26237,"comment_status":"open","ping_status":"closed","template":"","meta":[],"product_brand":[],"product_cat":[263,245],"product_tag":[],"class_list":{"0":"post-26235","1":"product","2":"type-product","3":"status-publish","4":"has-post-thumbnail","6":"product_cat-lencens-oud-bois-dagar","7":"product_cat-les-encens-dexcellence","8":"pa_weight-10g","9":"pa_weight-20g","10":"pa_weight-50g","12":"first","13":"instock","14":"shipping-taxable","15":"purchasable","16":"product-type-variable"},"_links":{"self":[{"href":"https:\/\/sabilycollection.com\/fr\/wp-json\/wp\/v2\/product\/26235","targetHints":{"allow":["GET"]}}],"collection":[{"href":"https:\/\/sabilycollection.com\/fr\/wp-json\/wp\/v2\/product"}],"about":[{"href":"https:\/\/sabilycollection.com\/fr\/wp-json\/wp\/v2\/types\/product"}],"replies":[{"embeddable":true,"href":"https:\/\/sabilycollection.com\/fr\/wp-json\/wp\/v2\/comments?post=26235"}],"wp:featuredmedia":[{"embeddable":true,"href":"https:\/\/sabilycollection.com\/fr\/wp-json\/wp\/v2\/media\/26237"}],"wp:attachment":[{"href":"https:\/\/sabilycollection.com\/fr\/wp-json\/wp\/v2\/media?parent=26235"}],"wp:term":[{"taxonomy":"product_brand","embeddable":true,"href":"https:\/\/sabilycollection.com\/fr\/wp-json\/wp\/v2\/product_brand?post=26235"},{"taxonomy":"product_cat","embeddable":true,"href":"https:\/\/sabilycollection.com\/fr\/wp-json\/wp\/v2\/product_cat?post=26235"},{"taxonomy":"product_tag","embeddable":true,"href":"https:\/\/sabilycollection.com\/fr\/wp-json\/wp\/v2\/product_tag?post=26235"}],"curies":[{"name":"wp","href":"https:\/\/api.w.org\/{rel}","templated":true}]}}