{"id":26242,"date":"2024-11-03T08:26:35","date_gmt":"2024-11-03T07:26:35","guid":{"rendered":"https:\/\/sabilycollection.com\/oud-bangka-belitung-bois-dagar-sauvage-grade-triple-super-indonesie\/"},"modified":"2026-02-17T15:04:46","modified_gmt":"2026-02-17T14:04:46","slug":"oud-bangka-belitung-bois-dagar-sauvage-grade-triple-super-indonesie","status":"publish","type":"product","link":"https:\/\/sabilycollection.com\/fr\/produit\/oud-bangka-belitung-bois-dagar-sauvage-grade-triple-super-indonesie\/","title":{"rendered":"Oud Bangka Belitung Bois d\u2019Agar Sauvage Grade Triple Super Indon\u00e9sie"},"content":{"rendered":"<p>Ce Oud sauvage est issu d\u2019un arbre \u00e2g\u00e9 de tr\u00e8s bonne qualit\u00e9 provenant de la splendide \u00eele de Belitung en Indon\u00e9sie.<\/p>\n<p><strong>Le grade Triple Super de ce Oud est extr\u00eamement rare et difficile \u00e0 obtenir,<\/strong> nous sommes donc fier de pouvoir vous proposer une telle qualit\u00e9 qui vous offrira une exp\u00e9rience exceptionnelle!<\/p>\n<p><strong>C&rsquo;est un Oud avec des notes d&rsquo;agrumes floraux doux comme la mandarine m\u00fbre, lumineux et charmant avec de l\u00e9g\u00e8res notes de caf\u00e9 noir qui d\u00e9gagent un parfum qui \u00e9veille nos sens et qui est vraiment tr\u00e8s agr\u00e9able.<\/strong><\/p>\n<p>Cet excellent Oud charg\u00e9 en huile apportera \u00e0 vos demeures et vos habits un doux parfum aux notes bois\u00e9es qui resteront pendant des jours sur vos tissus.<\/p>\n<p><strong>Le Oud de l\u2019\u00eele de Belitung est vraiment l\u2019un des meilleurs Oud Indon\u00e9sien car ils poss\u00e8dent des caract\u00e9ristiques que les autres Oud n\u2019ont pas.<\/strong> Il se distingue de part ses notes diverses et riches s\u00fbrement d\u00fb au fait de la position g\u00e9ographique de cette l\u2019\u00eele par rapport \u00e0 la grande \u00eele de Sumatra.<\/p>\n<p>Pour ceux qui n\u2019ont jamais essay\u00e9 le Oud de Belitung ne laisser pas passer cette occasion, il est unique en son genre, et l\u2019on s\u2019attache rapidement \u00e0 lui!<\/p>\n<p><strong>Un Oud hautement recommand\u00e9.<\/strong><\/p>\n<p><strong>Quantit\u00e9 tr\u00e8s limit\u00e9e !<\/strong><\/p>\n<p>Id\u00e9al pour parfumer sa demeure avant de recevoir ses invit\u00e9s, pour les grands \u00e9v\u00e8nements comme les f\u00eates et les mariages ou tout simplement pour passer un bon moment de d\u00e9tente.<\/p>\n<p><strong>Conseil d\u2019utilisation pour le Oud :<\/strong><\/p>\n<p>Avec notre Oud \u00e0 br\u00fbler vous allez profiter d\u2019un voyage olfactif exceptionnel qui vous offrira une exp\u00e9rience unique. Nous recommandons tr\u00e8s fortement l\u2019utilisation d\u2019une couche d\u2019aluminium sur votre charbon ardent afin de prolonger la dur\u00e9e de combustion et de vous garantir un ar\u00f4me pure et de meilleure qualit\u00e9!<\/p>\n<p><strong>Ses vertus :<\/strong><\/p>\n<p>Le bois d\u2019Agar est \u00e9galement consid\u00e9r\u00e9 comme un aphrodisiaque tr\u00e8s puissant. Dans beaucoup de cultures, les femmes impr\u00e9gnaient leurs v\u00eatements aussi bien qu\u2019elles-m\u00eames de son parfum. Utilis\u00e9 en m\u00e9decine, le bois d\u2019Agar est un rem\u00e8de pour les d\u00e9sordres nerveux tels que la n\u00e9vrose, le comportement obs\u00e9dant, et l\u2019\u00e9puisement. Il est fortement psychoactif et permet un rapprochement avec notre c\u00f4t\u00e9 spirituel. C\u2019est pourquoi, il est l\u2019encens de m\u00e9ditation par excellence, apportant l\u2019\u00e9nergie au centre et calmant l\u2019esprit. Son odeur vous procurera du bien \u00eatre et dissipera votre stress.<\/p>\n<p>On lui attribue des bienfaits contre les maux de ventre, certaines maladies cardio-vasculaires, les neuropathies, naus\u00e9es ou l\u2019asthme. Il est m\u00eame largement utilis\u00e9 par l\u2019industrie pharmaceutique car naturellement riche en terp\u00e9no\u00efdes (s\u00e9datif et anxiolytique naturel) ainsi qu\u2019en polyph\u00e9nols (antioxydant naturel). Il facilite aussi la digestion. Ses vertus m\u00e9dicinales ont \u00e9t\u00e9 prouv\u00e9es notamment pour les troubles du sommeil, le cholest\u00e9rol et bien plus encore\u2026<\/p>\n<p>Sa raret\u00e9, et ses nombreuses vertus, font donc du bois d\u2019agar un bois pr\u00e9cieux extr\u00eamement recherch\u00e9, et donc extr\u00eamement co\u00fbteux.<\/p>\n<p><strong>Ses notes :<\/strong> Florales, agrumes, caf\u00e9, bois\u00e9es, sucr\u00e9es, fum\u00e9es<\/p>\n<p>Bois d\u2019Agar sauvage 100% naturel<\/p>\n<p><strong>Grade :<\/strong> Triple Super<\/p>\n<p>Tr\u00e8s longue tenue<\/p>\n<p><strong>Conditionnement :<\/strong> 10g, 20g<\/p>\n","protected":false},"excerpt":{"rendered":"<p>Le rare Oud de Bangka-Belitung aux <strong>notes gourmandes florales et bois\u00e9es qui parfumera votre maison \u00e0 merveille !<\/strong> Il deviendra votre compagnon ins\u00e9parable\u2026<\/p>\n<p><strong>Quantit\u00e9 tr\u00e8s limit\u00e9e !<\/strong><\/p>\n","protected":false},"featured_media":26243,"comment_status":"open","ping_status":"closed","template":"","meta":[],"product_brand":[],"product_cat":[263,245],"product_tag":[],"class_list":{"0":"post-26242","1":"product","2":"type-product","3":"status-publish","4":"has-post-thumbnail","6":"product_cat-lencens-oud-bois-dagar","7":"product_cat-les-encens-dexcellence","8":"pa_weight-10g","9":"pa_weight-20g","11":"first","12":"instock","13":"shipping-taxable","14":"purchasable","15":"product-type-variable"},"_links":{"self":[{"href":"https:\/\/sabilycollection.com\/fr\/wp-json\/wp\/v2\/product\/26242","targetHints":{"allow":["GET"]}}],"collection":[{"href":"https:\/\/sabilycollection.com\/fr\/wp-json\/wp\/v2\/product"}],"about":[{"href":"https:\/\/sabilycollection.com\/fr\/wp-json\/wp\/v2\/types\/product"}],"replies":[{"embeddable":true,"href":"https:\/\/sabilycollection.com\/fr\/wp-json\/wp\/v2\/comments?post=26242"}],"wp:featuredmedia":[{"embeddable":true,"href":"https:\/\/sabilycollection.com\/fr\/wp-json\/wp\/v2\/media\/26243"}],"wp:attachment":[{"href":"https:\/\/sabilycollection.com\/fr\/wp-json\/wp\/v2\/media?parent=26242"}],"wp:term":[{"taxonomy":"product_brand","embeddable":true,"href":"https:\/\/sabilycollection.com\/fr\/wp-json\/wp\/v2\/product_brand?post=26242"},{"taxonomy":"product_cat","embeddable":true,"href":"https:\/\/sabilycollection.com\/fr\/wp-json\/wp\/v2\/product_cat?post=26242"},{"taxonomy":"product_tag","embeddable":true,"href":"https:\/\/sabilycollection.com\/fr\/wp-json\/wp\/v2\/product_tag?post=26242"}],"curies":[{"name":"wp","href":"https:\/\/api.w.org\/{rel}","templated":true}]}}