{"id":26259,"date":"2024-11-07T08:00:11","date_gmt":"2024-11-07T07:00:11","guid":{"rendered":"https:\/\/sabilycollection.com\/huile-de-oud-trat-sweet-agee-2023-pure-bois-dagar-pure-dehn-al-oud-origine-thailande\/"},"modified":"2026-03-23T18:01:09","modified_gmt":"2026-03-23T17:01:09","slug":"huile-de-oud-trat-sweet-agee-2023-pure-bois-dagar-pure-dehn-al-oud-origine-thailande","status":"publish","type":"product","link":"https:\/\/sabilycollection.com\/fr\/produit\/huile-de-oud-trat-sweet-agee-2023-pure-bois-dagar-pure-dehn-al-oud-origine-thailande\/","title":{"rendered":"Huile de Oud Trat Sweet \u00c2g\u00e9e 2023 Pure Bois d\u2019Agar Pure Dehn Al Oud Origine Tha\u00eflande"},"content":{"rendered":"<p>Nous avons le plaisir de vous pr\u00e9senter notre magnifique huile de Oud pure Trat\u00a0 Sweet. <strong>Ce somptueux parfum au Oud pure poss\u00e8de des notes sucr\u00e9es exquises et intenses<\/strong> qui vous accompagneront tout au long de votre journ\u00e9e.<\/p>\n<p>Tout amateur de Oud doit avoir test\u00e9 cette huile au moins une fois dans sa vie.<\/p>\n<p><strong>En effet cette Trat d\u00e9gage un parfum exceptionnel, on y trouve des tons fruit\u00e9es et florales accompagn\u00e9s de notes de marmelade de figue, de prune, de sirop de grenade harmonieusement m\u00e9lang\u00e9 \u00e0 de l\u00e9g\u00e8res notes de cuir, bois\u00e9es&#8230;<\/strong><\/p>\n<p>Un vrai r\u00e9gal pour les sens et l&rsquo;\u00e2me! Si vous aimez les parfums prononc\u00e9s et suaves il deviendra s\u00fbrement votre nouvelle signature olfactive!<\/p>\n<p><strong>Une petite application durera des heures.<\/strong><\/p>\n<p><strong>Cette Huile est v\u00e9ritablement un tr\u00e9sor de parfumerie<\/strong>, un parfum intense, riche, brillant et durable.<\/p>\n<p><strong>De couleur brun clair,<\/strong> elle d\u00e9gage une d\u00e9licieuse odeur, profonde et douce \u00e0 la fois. <strong>Au fil des heures elle vous d\u00e9voilera ses notes sucr\u00e9es, florales, et fruit\u00e9es.<\/strong><\/p>\n<p>Une magnifique huile de Oud qui refl\u00e8te parfaitement les senteurs du Oud tha\u00eflandais et Cambodgien. <strong>Ce parfum vous fera voyager au c\u0153ur du Oud naturel<\/strong>. Notre huile de Trat province frontali\u00e8re du Cambodge tiendra toute la journ\u00e9e sur votre peau et plusieurs jours pour une application sur les poils et les v\u00eatements. Sans \u00eatre un parfum puissant et fort, sa long\u00e9vit\u00e9 est excellente.<\/p>\n<p>N&rsquo;attendez plus pour d\u00e9couvrir la beaut\u00e9 et les secrets de cette huile de Oud \u00e9l\u00e9gante et riche en notes exquises\u2026<\/p>\n<p><strong>Informations :<\/strong><\/p>\n<p>Issu du bois le plus cher et le plus pr\u00e9cieux au monde, cette huile de Oud est utilis\u00e9e par les plus grandes parfumeries mondiales afin de concevoir leur parfum de luxe.<br \/>\nCe pr\u00e9cieux produit de luxe \u00e0 la grande valeur est obtenu \u00e0 partir de plusieurs types d\u2019arbres d\u2019Asie du sud Est, le plus connu \u00e9tant l\u2019Aquilaria Malaccensis de part sa qualit\u00e9 et sa r\u00e9sine odorante exceptionnelle.<\/p>\n<p><strong>Ses vertus :<\/strong><\/p>\n<p>Le bois d\u2019Agar est \u00e9galement consid\u00e9r\u00e9 comme un aphrodisiaque tr\u00e8s puissant. Dans beaucoup de cultures, les femmes impr\u00e9gnaient leurs v\u00eatements aussi bien qu\u2019elles-m\u00eames de son parfum. C\u2019est sous forme huileuse que le bois de oud est couramment utilis\u00e9. Dans le monde arabe, son huile est employ\u00e9e pour se parfumer \u00e0 m\u00eame la peau. Elle est une mati\u00e8re premi\u00e8re essentielle dans la parfumerie du Moyen-Orient. Tr\u00e8s pr\u00e9cieuse, l\u2019huile d\u00e9veloppe un ar\u00f4me envo\u00fbtant, incroyablement raffin\u00e9 \u00e0 la fois brut et sophistiqu\u00e9.. Son parfum vous procurera du bien \u00eatre et dissipera votre stress. (\u0625\u0646 \u0634\u0627\u0621 \u0627\u0644\u0644\u0647)<\/p>\n<p><strong>Oud de tr\u00e8s bonne qualit\u00e9!<\/strong><\/p>\n<p>Garanti tenue longue dur\u00e9e.<\/p>\n<p>Issue de plantation de l\u2019Aquilaria Crassna 100% naturel, aucun produit chimique dans le processus (Age de l&rsquo;arbre environ 20 ans)<\/p>\n<p><strong>Date de distillation :<\/strong> 2023<\/p>\n<p><strong>Dur\u00e9e de fermentation :<\/strong> 3 semaines<\/p>\n<p>De la r\u00e9gion de Trat (Tha\u00eflande)<\/p>\n<p><strong>Notes :<\/strong> fruit\u00e9es, sucr\u00e9es, florales, bois\u00e9es, noisettes, fruits rouges, cr\u00e9meux<\/p>\n<ul>\n<li>\u00a0100% pur et sans dilution<\/li>\n<li>\u00a0100% aucun autre additif<\/li>\n<li>\u00a0100% sans parfum artificiel<\/li>\n<li>\u00a0100% sans coloration<\/li>\n<li>\u00a0100% sans fermentation alcoolique<\/li>\n<li>\u00a0Trempage 100% sans \u00e9thanol<\/li>\n<\/ul>\n<p><strong>Flacon :<\/strong> 1ml, 3ml, 6ml ou 12ml<\/p>\n","protected":false},"excerpt":{"rendered":"<p>La prestigieuse huile de Oud Trat\u2026<\/p>\n<p><strong>Tr\u00e8s \u00e9l\u00e9gante et riche, notre Trat Sweet est intens\u00e9ment parfum\u00e9e aux caract\u00e9ristiques sucr\u00e9es et fruit\u00e9es<\/strong>. S\u00fbrement l\u2019une des plus parfum\u00e9es parmi les huiles de Oud de Trat.<\/p>\n<p><strong>Un parfum remarquable et profond \u00e0 avoir absolument dans sa collection!<\/strong> Il deviendra rapidement votre nouvelle signature olfactive.<\/p>\n","protected":false},"featured_media":26264,"comment_status":"open","ping_status":"closed","template":"","meta":[],"product_brand":[],"product_cat":[251,266,264],"product_tag":[339,343],"class_list":{"0":"post-26259","1":"product","2":"type-product","3":"status-publish","4":"has-post-thumbnail","6":"product_cat-huile-de-oud-pure","7":"product_cat-huiles-de-oud-pure-single-bottle","8":"product_cat-huiles-de-oud-pure-parfums","9":"product_tag-offre-25","10":"product_tag-promotions-15","11":"pa_quantity-12ml","12":"pa_quantity-1ml","13":"pa_quantity-3ml","14":"pa_quantity-6ml","16":"first","17":"instock","18":"shipping-taxable","19":"purchasable","20":"product-type-variable"},"_links":{"self":[{"href":"https:\/\/sabilycollection.com\/fr\/wp-json\/wp\/v2\/product\/26259","targetHints":{"allow":["GET"]}}],"collection":[{"href":"https:\/\/sabilycollection.com\/fr\/wp-json\/wp\/v2\/product"}],"about":[{"href":"https:\/\/sabilycollection.com\/fr\/wp-json\/wp\/v2\/types\/product"}],"replies":[{"embeddable":true,"href":"https:\/\/sabilycollection.com\/fr\/wp-json\/wp\/v2\/comments?post=26259"}],"wp:featuredmedia":[{"embeddable":true,"href":"https:\/\/sabilycollection.com\/fr\/wp-json\/wp\/v2\/media\/26264"}],"wp:attachment":[{"href":"https:\/\/sabilycollection.com\/fr\/wp-json\/wp\/v2\/media?parent=26259"}],"wp:term":[{"taxonomy":"product_brand","embeddable":true,"href":"https:\/\/sabilycollection.com\/fr\/wp-json\/wp\/v2\/product_brand?post=26259"},{"taxonomy":"product_cat","embeddable":true,"href":"https:\/\/sabilycollection.com\/fr\/wp-json\/wp\/v2\/product_cat?post=26259"},{"taxonomy":"product_tag","embeddable":true,"href":"https:\/\/sabilycollection.com\/fr\/wp-json\/wp\/v2\/product_tag?post=26259"}],"curies":[{"name":"wp","href":"https:\/\/api.w.org\/{rel}","templated":true}]}}