{"id":26266,"date":"2024-11-08T16:32:55","date_gmt":"2024-11-08T15:32:55","guid":{"rendered":"https:\/\/sabilycollection.com\/huile-de-oud-birmanie-antique-agee-2020-pure-bois-dagar-dehn-al-oud-origine-burmi\/"},"modified":"2026-03-22T10:31:28","modified_gmt":"2026-03-22T09:31:28","slug":"huile-de-oud-birmanie-antique-agee-2020-pure-bois-dagar-dehn-al-oud-origine-burmi","status":"publish","type":"product","link":"https:\/\/sabilycollection.com\/fr\/produit\/huile-de-oud-birmanie-antique-agee-2020-pure-bois-dagar-dehn-al-oud-origine-burmi\/","title":{"rendered":"Huile de Oud Birmanie Antique \u00c2g\u00e9e 2020 Pure Bois d\u2019Agar Dehn Al Oud Origine Burmi"},"content":{"rendered":"<p>Cette huile de Oud sauvage provient des terres recul\u00e9es du Nord de la Birmanie, une r\u00e9gion montagneuse o\u00f9 les for\u00eats anciennes abritent <strong>les essences les plus nobles du bois d\u2019agar.<\/strong> Rares sont les distillations qui atteignent un tel niveau de puret\u00e9 et d\u2019intensit\u00e9 aromatique.<br \/>\nSa couleur <strong>brun-rouge\u00e2tre<\/strong>, profonde et ambr\u00e9e, <strong>\u00e9voque les huiles de Oud les plus prestigieuses, un signe ind\u00e9niable de son \u00e2ge<\/strong>, de sa richesse et de la qualit\u00e9 exceptionnelle du bois dont elle est issue.<\/p>\n<p>D\u00e8s les premi\u00e8res secondes, <strong>une vibration de baies sauvages et de r\u00e9sine noble envahit les sens.<\/strong> Puis, la fragrance s\u2019ouvre sur des notes <strong>bois\u00e9es, terreuses et herbac\u00e9es<\/strong>, rappelant la chaleur du sol apr\u00e8s la pluie et les prairies verdoyantes balay\u00e9es par le vent. Au fil des heures, le parfum s\u2019adoucit lentement, laissant appara\u00eetre <strong>des nuances florales et miell\u00e9es, accompagn\u00e9es d\u2019un fond l\u00e9g\u00e8rement fum\u00e9 et chocolat\u00e9, typique des Ouds anciens de Birmanie.<\/strong><\/p>\n<p>Cette huile, d\u2019une <strong>texture fluide et soyeuse<\/strong>, \u00e9pouse la peau avec une gr\u00e2ce rare. \u00c0 chaque mouvement, elle lib\u00e8re des effluves profonds, chauds et captivants, cr\u00e9ant un sillage \u00e0 la fois myst\u00e9rieux et irr\u00e9sistible. C\u2019est une fragrance <strong>qui se vit autant qu\u2019elle se porte<\/strong>, un parfum qui raconte une histoire de for\u00eat, de temps et de passion.<\/p>\n<p>V\u00e9ritable joyau pour les amateurs de Oud naturel, cette huile distill\u00e9e avec soin incarne la <strong>quintessence du Oud de Birmanie<\/strong>: puret\u00e9, intensit\u00e9 et \u00e9l\u00e9gance intemporelle.<\/p>\n<p>Une seule goutte suffit pour r\u00e9v\u00e9ler <strong>un monde d\u2019ar\u00f4mes<\/strong>, un \u00e9quilibre parfait entre puissance sauvage et raffinement sensoriel.<br \/>\nUne exp\u00e9rience olfactive rare, <strong>faite pour ceux qui recherchent l\u2019authenticit\u00e9, la profondeur et la distinction absolue&#8230;<\/strong><\/p>\n<p>Vraiment une tr\u00e8s belle huile de Oud qui vous suivra du matin au soir avec ses diff\u00e9rentes nuances et sa tr\u00e8s longue dur\u00e9e, <strong>incontestablement l&rsquo;une de nos meilleures huiles de Oud distill\u00e9e \u00e0 partir d&rsquo;une grande qualit\u00e9 de Bois d&rsquo;Agar!<\/strong><\/p>\n<p><strong>Informations :<\/strong><\/p>\n<p>Issu du bois le plus cher et le plus pr\u00e9cieux au monde, cette huile de Oud est utilis\u00e9e par les plus grandes parfumeries mondiales afin de concevoir leur parfum de luxe.<br \/>\nCe pr\u00e9cieux produit de luxe de grande valeur est obtenu \u00e0 partir de plusieurs types d\u2019arbres d\u2019Asie du sud Est, le plus connu \u00e9tant l\u2019Aquilaria Malaccensis de part sa qualit\u00e9 et sa r\u00e9sine odorante exceptionnelle.<\/p>\n<p><strong>Ses vertus :<\/strong><\/p>\n<p>Le bois d\u2019Agar est \u00e9galement consid\u00e9r\u00e9 comme un aphrodisiaque tr\u00e8s puissant. Dans beaucoup de cultures, les femmes impr\u00e9gnaient leurs v\u00eatements aussi bien qu\u2019elles-m\u00eames de son parfum. C\u2019est sous forme huileuse que le bois de oud est couramment utilis\u00e9. Dans le monde arabe, son huile est employ\u00e9e pour se parfumer \u00e0 m\u00eame la peau. Elle est une mati\u00e8re premi\u00e8re essentielle dans la parfumerie du Moyen-Orient. Tr\u00e8s pr\u00e9cieuse, l\u2019huile d\u00e9veloppe un ar\u00f4me envo\u00fbtant, incroyablement raffin\u00e9 \u00e0 la fois brut et sophistiqu\u00e9.. Son parfum vous procurera du bien \u00eatre et dissipera votre stress. (\u0625\u0646 \u0634\u0627\u0621 \u0627\u0644\u0644\u0647)<\/p>\n<p>Produit d\u2019excellente qualit\u00e9!<\/p>\n<p><strong>Tr\u00e8s longue tenue garanti<\/strong><\/p>\n<p>Issue de Oud sauvage 100% naturel<\/p>\n<p><strong>Notes :<\/strong> sucr\u00e9es, bois\u00e9es, chocolat, ar\u00f4me d&rsquo;encens doux, prairies, cuir, florales<\/p>\n<p><strong>Nous vous proposons cette huile de Oud en flacon luxe 1ml et 3ml<\/strong><\/p>\n","protected":false},"excerpt":{"rendered":"<p>Notre <strong>huile de Oud de Birmanie Antique<\/strong> <strong>2020<\/strong> est une v\u00e9ritable \u0153uvre d\u2019art olfactive, <strong>sublime, noble et d\u2019une \u00e9l\u00e9gance rare<\/strong>.<br \/>\nC\u2019est un \u00e9lixir \u00e0 la fois <strong>puissant et d\u00e9licat<\/strong>, qui d\u00e9voile une profondeur aromatique captivante et une douceur raffin\u00e9e.<br \/>\nD\u00e8s la premi\u00e8re application, son parfum somptueux vous enveloppe d\u2019une <strong>aura de prestige et de distinction<\/strong>, et accompagne votre peau tout au long de la journ\u00e9e avec une <strong>tenue exceptionnelle<\/strong>.<\/p>\n<p>Un <strong>ar\u00f4me sensationnel, riche et extr\u00eame<\/strong>, qui s\u00e9duit les sens et r\u00e9v\u00e8le la grandeur intemporelle du v\u00e9ritable Oud Birman.<\/p>\n","protected":false},"featured_media":26273,"comment_status":"open","ping_status":"closed","template":"","meta":[],"product_brand":[],"product_cat":[251,266,264],"product_tag":[],"class_list":{"0":"post-26266","1":"product","2":"type-product","3":"status-publish","4":"has-post-thumbnail","6":"product_cat-huile-de-oud-pure","7":"product_cat-huiles-de-oud-pure-single-bottle","8":"product_cat-huiles-de-oud-pure-parfums","9":"pa_quantity-1ml","10":"pa_quantity-3ml","12":"first","13":"instock","14":"shipping-taxable","15":"purchasable","16":"product-type-variable"},"_links":{"self":[{"href":"https:\/\/sabilycollection.com\/fr\/wp-json\/wp\/v2\/product\/26266","targetHints":{"allow":["GET"]}}],"collection":[{"href":"https:\/\/sabilycollection.com\/fr\/wp-json\/wp\/v2\/product"}],"about":[{"href":"https:\/\/sabilycollection.com\/fr\/wp-json\/wp\/v2\/types\/product"}],"replies":[{"embeddable":true,"href":"https:\/\/sabilycollection.com\/fr\/wp-json\/wp\/v2\/comments?post=26266"}],"wp:featuredmedia":[{"embeddable":true,"href":"https:\/\/sabilycollection.com\/fr\/wp-json\/wp\/v2\/media\/26273"}],"wp:attachment":[{"href":"https:\/\/sabilycollection.com\/fr\/wp-json\/wp\/v2\/media?parent=26266"}],"wp:term":[{"taxonomy":"product_brand","embeddable":true,"href":"https:\/\/sabilycollection.com\/fr\/wp-json\/wp\/v2\/product_brand?post=26266"},{"taxonomy":"product_cat","embeddable":true,"href":"https:\/\/sabilycollection.com\/fr\/wp-json\/wp\/v2\/product_cat?post=26266"},{"taxonomy":"product_tag","embeddable":true,"href":"https:\/\/sabilycollection.com\/fr\/wp-json\/wp\/v2\/product_tag?post=26266"}],"curies":[{"name":"wp","href":"https:\/\/api.w.org\/{rel}","templated":true}]}}