{"id":26274,"date":"2024-12-03T14:52:50","date_gmt":"2024-12-03T13:52:50","guid":{"rendered":"https:\/\/sabilycollection.com\/oud-malaisie-perak-hirta-bois-dagar-sauvage-grade-triple-super\/"},"modified":"2026-04-04T12:35:00","modified_gmt":"2026-04-04T10:35:00","slug":"oud-malaisie-perak-hirta-bois-dagar-sauvage-grade-triple-super","status":"publish","type":"product","link":"https:\/\/sabilycollection.com\/fr\/produit\/oud-malaisie-perak-hirta-bois-dagar-sauvage-grade-triple-super\/","title":{"rendered":"Oud Malaisie Perak Bois d\u2019Agar Sauvage Grade Triple Super"},"content":{"rendered":"<p>Cet excellent Oud est <strong>issu de l\u2019arbre Aquilaria Beccerianna<\/strong> ( appel\u00e9 Candan Gajah en Malaisie ) qui provient d\u2019une r\u00e9gion du Nord de la Malaisie plus pr\u00e9cis\u00e9ment de Perak.<\/p>\n<p><strong>Ce Oud issu de l&rsquo;arbre Aquilaria Beccerianna est extr\u00eamement rare en Malaisie compar\u00e9 aux autres Aquilaria <\/strong>que l&rsquo;on retrouve un peu partout dans les hauteurs des for\u00eats de kelantan, terengganu ou encore de Pahang.<\/p>\n<p><strong>Le Oud de cet arbre d\u00e9gage un parfum frais incroyable aux notes de fruits rouges qui le place parmi les meilleures senteurs de Oud Malaisien !<\/strong><\/p>\n<p>Son ar\u00f4me bois\u00e9 et fruit\u00e9 est tr\u00e8s recherch\u00e9 par les amoureux du Oud sauvage, et il est rare de trouver cette combinaison olfactive dans un Oud Malaisien, du fait que le Oud Candan Gajah est en petit nombre dans les jungles Malaisienne.<\/p>\n<p><strong>Le Oud Malaisien fait incontestablement parti des meilleurs bois d\u2019Agar au monde.<\/strong><\/p>\n<p>Ce sublime Oud d\u2019une tr\u00e8s rare qualit\u00e9 est un tr\u00e9sor qui devient de plus en plus difficile \u00e0 obtenir en Malaisie.<\/p>\n<p>Les arbres de types Aquilaria Beccerianna sont difficile \u00e0 trouver car ils se trouvent pour la plupart en tr\u00e8s haute altitude, ce qui n\u00e9cessite un effort consid\u00e9rable pour pouvoir y acc\u00e9der.<\/p>\n<p>Pour ceux qui connaissent tr\u00e8s bien le monde du Oud, en Malaisie il existe 4 types de Oud Aquilaria, celui que nous vous proposons est appel\u00e9 Candan Gajah (Aquilaria Beccerianna).<br \/>\nIl fait parti des meilleurs arbres de type Aquilaria selon les sp\u00e9cialistes du Oud Malaisien, et pour les amoureux du Oud \u00e0 la recherche de senteurs fruit\u00e9s et fra\u00eechement bois\u00e9s!<\/p>\n<p><strong>Le rang de ce Oud est tr\u00e8s \u00e9lev\u00e9 et provient d\u2019un arbre \u00e2g\u00e9. Ce grade Triple Super fait de lui un bois d\u2019Agar d\u2019exception qui ravira les fins connaisseurs et les amoureux du Oud sauvage.<\/strong><\/p>\n<p><strong>Concernant la tenue, elle est de tr\u00e8s longue dur\u00e9e<\/strong> et son parfum s\u2019impr\u00e8gnera parfaitement dans tout les tissus de votre maison ainsi que sur vos habits.<\/p>\n<p>Vous pourrez dor\u00e9navant parfaitement accueillir tous vos invit\u00e9s et leur faire d\u00e9couvrir des senteurs exceptionnelles alliant le naturel et l\u2019exotisme pur et passer un agr\u00e9able moment de relaxation riche en sensations\u2026<\/p>\n<p><strong>Conseil d&rsquo;utilisation pour le Oud :<\/strong><\/p>\n<p>Avec notre Oud \u00e0 br\u00fbler vous allez profiter d&rsquo;un voyage olfactif exceptionnel qui vous offrira une exp\u00e9rience unique. Nous recommandons tr\u00e8s fortement l&rsquo;utilisation d&rsquo;une couche d&rsquo;aluminium sur votre charbon ardent afin de prolonger la dur\u00e9e de combustion et de vous garantir un ar\u00f4me pure et de meilleure qualit\u00e9!<\/p>\n<p><strong>Ses vertus :<\/strong><\/p>\n<p>Le bois d\u2019Agar est \u00e9galement consid\u00e9r\u00e9 comme un aphrodisiaque tr\u00e8s puissant. Dans beaucoup de cultures, les femmes impr\u00e9gnaient leurs v\u00eatements aussi bien qu\u2019elles-m\u00eames de son parfum. Utilis\u00e9 en m\u00e9decine, le bois d\u2019Agar est un rem\u00e8de pour les d\u00e9sordres nerveux tels que la n\u00e9vrose, le comportement obs\u00e9dant, et l\u2019\u00e9puisement. Il est fortement psychoactif et permet un rapprochement avec notre c\u00f4t\u00e9 spirituel. C\u2019est pourquoi, il est l\u2019encens de m\u00e9ditation par excellence, apportant l\u2019\u00e9nergie au centre et calmant l\u2019esprit. Son odeur vous procurera du bien \u00eatre et dissipera votre stress.<\/p>\n<p>On lui attribue des bienfaits contre les maux de ventre, certaines maladies cardio-vasculaires, les neuropathies, naus\u00e9es ou l\u2019asthme. Il est m\u00eame largement utilis\u00e9 par l\u2019industrie pharmaceutique car naturellement riche en terp\u00e9no\u00efdes (s\u00e9datif et anxiolytique naturel) ainsi qu\u2019en polyph\u00e9nols (antioxydant naturel). Il facilite aussi la digestion. Ses vertus m\u00e9dicinales ont \u00e9t\u00e9 prouv\u00e9es notamment pour les troubles du sommeil, le cholest\u00e9rol et bien plus encore\u2026<\/p>\n<p>Sa raret\u00e9, et ses nombreuses vertus, font donc du bois d\u2019agar un bois pr\u00e9cieux extr\u00eamement recherch\u00e9, et donc extr\u00eamement co\u00fbteux.<\/p>\n<p><strong>Ses notes :<\/strong> florales, fruit\u00e9es, bois\u00e9es, fruits rouges, fra\u00eeches, vanille<\/p>\n<p><strong>R\u00e9gion :<\/strong> Perak (Haute altitude)<\/p>\n<p><strong>Type de Oud :<\/strong> Aquilaria Beccerianna (Candan Gajah)<\/p>\n<p>Bois d\u2019Agar sauvage 100% naturel<\/p>\n<p><strong>Grade :<\/strong> Triple Super tr\u00e8s longue dur\u00e9e<\/p>\n<p><strong>Conditionnement :<\/strong> 10g<\/p>\n","protected":false},"excerpt":{"rendered":"<p><strong>Ce Oud de Malaisie issu du tr\u00e8s rare arbre Aquilaria Beccerianna aux notes captivantes fruit\u00e9es et fra\u00eechement bois\u00e9es<\/strong> est l&rsquo;une des meilleures senteurs de toutes les esp\u00e8ces de Oud en Malaisie.<\/p>\n<p><strong>Un bois d\u2019alo\u00e8s haut de gamme<\/strong>, tr\u00e8s pr\u00e9cieux et extr\u00eamement rare!<\/p>\n<p><strong>Un plaisir garanti pour les sens.<\/strong><\/p>\n","protected":false},"featured_media":26275,"comment_status":"open","ping_status":"closed","template":"","meta":[],"product_brand":[],"product_cat":[263,245],"product_tag":[],"class_list":{"0":"post-26274","1":"product","2":"type-product","3":"status-publish","4":"has-post-thumbnail","6":"product_cat-lencens-oud-bois-dagar","7":"product_cat-les-encens-dexcellence","9":"first","10":"instock","11":"shipping-taxable","12":"purchasable","13":"product-type-variable","14":"has-default-attributes"},"_links":{"self":[{"href":"https:\/\/sabilycollection.com\/fr\/wp-json\/wp\/v2\/product\/26274","targetHints":{"allow":["GET"]}}],"collection":[{"href":"https:\/\/sabilycollection.com\/fr\/wp-json\/wp\/v2\/product"}],"about":[{"href":"https:\/\/sabilycollection.com\/fr\/wp-json\/wp\/v2\/types\/product"}],"replies":[{"embeddable":true,"href":"https:\/\/sabilycollection.com\/fr\/wp-json\/wp\/v2\/comments?post=26274"}],"wp:featuredmedia":[{"embeddable":true,"href":"https:\/\/sabilycollection.com\/fr\/wp-json\/wp\/v2\/media\/26275"}],"wp:attachment":[{"href":"https:\/\/sabilycollection.com\/fr\/wp-json\/wp\/v2\/media?parent=26274"}],"wp:term":[{"taxonomy":"product_brand","embeddable":true,"href":"https:\/\/sabilycollection.com\/fr\/wp-json\/wp\/v2\/product_brand?post=26274"},{"taxonomy":"product_cat","embeddable":true,"href":"https:\/\/sabilycollection.com\/fr\/wp-json\/wp\/v2\/product_cat?post=26274"},{"taxonomy":"product_tag","embeddable":true,"href":"https:\/\/sabilycollection.com\/fr\/wp-json\/wp\/v2\/product_tag?post=26274"}],"curies":[{"name":"wp","href":"https:\/\/api.w.org\/{rel}","templated":true}]}}