{"id":26291,"date":"2024-12-19T12:26:24","date_gmt":"2024-12-19T11:26:24","guid":{"rendered":"https:\/\/sabilycollection.com\/oud-sri-lanka-kalawana-cristal-bois-dagar-sauvage-grade-sinking-oud-coulant-dans-leau\/"},"modified":"2026-01-30T11:01:03","modified_gmt":"2026-01-30T10:01:03","slug":"oud-sri-lanka-kalawana-cristal-bois-dagar-sauvage-grade-sinking-oud-coulant-dans-leau","status":"publish","type":"product","link":"https:\/\/sabilycollection.com\/fr\/produit\/oud-sri-lanka-kalawana-cristal-bois-dagar-sauvage-grade-sinking-oud-coulant-dans-leau\/","title":{"rendered":"Oud Sri Lanka Kalawana Cristal Bois d\u2019Agar Sauvage Grade Sinking (Oud coulant dans l&rsquo;eau)"},"content":{"rendered":"<p>D\u00e9couvrez l&rsquo;exquis Bois d&rsquo;Agar Sauvage, <strong>r\u00e9colt\u00e9 au c\u0153ur des jungles du Sri Lanka.<\/strong><\/p>\n<p><strong>Les Kalawana cups (en forme de tasse) d\u00e9signent une forme sp\u00e9cifique d\u2019encens de bois d\u2019agar haut de gamme provenant du Sri Lanka, obtenu \u00e0 partir du Gyrinops walla<\/strong>, une esp\u00e8ce rare et pr\u00e9cieuse originaire de la <strong>r\u00e9gion de Kalawana.<\/strong><\/p>\n<p><strong>Ces pi\u00e8ces d\u2019encens sont soigneusement fa\u00e7onn\u00e9es en petites coupelles<\/strong>, con\u00e7ues pour une combustion lente et c\u00e9r\u00e9monielle. <strong>Lorsqu\u2019elles sont chauff\u00e9es, elles d\u00e9gagent un ar\u00f4me riche et complexe, m\u00ealant des notes profondes de fum\u00e9e, de cuir terreux et de subtiles touches florales.<\/strong><br \/>\nLeur profil olfactif \u00e9voque des biblioth\u00e8ques anciennes et l\u2019encens traditionnel japonais, offrant une exp\u00e9rience sensorielle m\u00e9ditative et immersive.<\/p>\n<p><strong>Rares et obtenus de mani\u00e8re artisanale, les Kalawana cups sont tr\u00e8s recherch\u00e9es par les collectionneurs et amateurs d\u2019encens d\u2019exception.<\/strong> Elles sont souvent utilis\u00e9es lors de pratiques spirituelles, de m\u00e9ditation, ou tout simplement pour impr\u00e9gner un espace d\u2019un parfum apaisant et distinctif.<\/p>\n<p>Pr\u00e9parez-vous \u00e0 entreprendre un voyage sensoriel exceptionnel alors que nous vous pr\u00e9sentons notre Bois d&rsquo;Agar Sauvage, un tr\u00e9sor v\u00e9ritablement remarquable et exquis, r\u00e9colt\u00e9 dans les paysages luxuriants du Sri Lanka. Cette pr\u00e9cieuse r\u00e9sine bois\u00e9e \u00e9mane un ar\u00f4me envo\u00fbtant et riche qui ne manquera pas de captiver vos sens, un choix irr\u00e9sistible pour ceux qui recherchent l&rsquo;incarnation du luxe et de la distinction.<\/p>\n<p><strong>Il suffit uniquement de le sentir pour d\u00e9couvrir les magnifiques notes qu\u2019il d\u00e9gage et cela sans le br\u00fbler sur le charbon<\/strong>. Son parfum se ressent sans la combustion tellement la qualit\u00e9 de ce tr\u00e9sor est remarquable!<br \/>\n<strong>Ce type de Oud Sinking est le meilleur grade qui existe dans le monde du Oud sauvage<\/strong>, un Oud provenant d\u2019un arbre tr\u00e8s \u00e2g\u00e9, <strong>tr\u00e8s difficile \u00e0 obtenir dans les for\u00eats du Sri Lanka.<\/strong><\/p>\n<p>Ce Oud est charg\u00e9 en r\u00e9sine, c\u2019est pour cela qu\u2019il coule dans l\u2019eau (Underwater) facilement de part la tr\u00e8s grande quantit\u00e9 d\u2019huile qui le distingue des autres qualit\u00e9s de Oud.<\/p>\n<p>Notre Bois Oud sauvage Silani est un t\u00e9moignage de l&rsquo;art et de la beaut\u00e9, o\u00f9 chaque morceau est m\u00e9ticuleusement nettoy\u00e9. <strong>Le r\u00e9sultat est un chef-d&rsquo;\u0153uvre aromatique qui respire l&rsquo;opulence et la sophistication \u00e0 chaque utilisation.<\/strong> Ce Oud d\u00e9gage des <strong>notes de Safran, de vanille, de cannelle et d&rsquo;autres senteurs florales, aussi magnifique les unes des autres<\/strong>. Avec notre Oud du Sri Lanka, vous choisissez une exp\u00e9rience v\u00e9ritablement exceptionnelle.<\/p>\n<p>L&rsquo;ar\u00f4me de ce Bois d&rsquo;Agar envo\u00fbtant est une fusion harmonieuse d&rsquo;\u00e9l\u00e9ments divers. Des notes riches et bois\u00e9es dominent, offrant un parfum chaleureux et invitant qui persiste dans l&rsquo;air. Cela est compl\u00e9t\u00e9 par un <strong>subtil soup\u00e7on de camphre menthol\u00e9, ajoutant une touche rafra\u00eechissante<\/strong> et revigorante \u00e0 la fragrance. En plongeant plus profond\u00e9ment dans le voyage olfactif, vous serez ravi par les fruits exotiques qui dansent dans le profil olfactif, renfor\u00e7ant sa complexit\u00e9 et son attrait.<\/p>\n<p>Ce qui distingue notre Oud Silani est sa richesse exceptionnelle en r\u00e9sine. Cette caract\u00e9ristique distinctive amplifie non seulement la dur\u00e9e de son parfum mais intensifie \u00e9galement la profondeur de l&rsquo;ar\u00f4me. \u00c0 chaque utilisation, vous vivrez une immersion dans un monde de luxe in\u00e9gal\u00e9 et de distinction.<\/p>\n<p>Notre Bois d\u2019Agar du Sri Lanka de Grade Sinking est plus qu&rsquo;un simple bois parfum\u00e9, c&rsquo;est une d\u00e9claration de sophistication, un t\u00e9moignage de votre go\u00fbt avis\u00e9 et <strong>une incarnation des choses fines de la vie<\/strong>. Que vous l&rsquo;utilisiez pour une occasion sp\u00e9ciale, comme une indulgence quotidienne, ou comme le cadeau parfait pour laisser une impression durable, ce Oud promet de r\u00e9pondre \u00e0 toutes les attentes.<\/p>\n<p><strong>Sans doute l&rsquo;une des meilleures senteurs de Oud au monde, grandement appr\u00e9ci\u00e9 des Arabes du Moyen-Orient<\/strong>, il parfumera \u00e0 merveille votre maison et vos v\u00eatements s&rsquo;impr\u00e9gneront parfaitement aux senteurs de ce Oud, \u00e0 savoir que le coton est la mati\u00e8re qui retient le mieux le Oud. Ne manquez pas votre chance d&rsquo;\u00e9lever vos sens et de laisser une empreinte ind\u00e9l\u00e9bile partout o\u00f9 vous allez. Il est temps de d\u00e9couvrir l&rsquo;essence de l&rsquo;opulence et d&rsquo;exp\u00e9rimenter le royal Oud du Sri Lanka. Bienvenue dans un monde de luxe, de sophistication et de distinction&#8230;<\/p>\n<p><strong>Un Oud hautement recommand\u00e9.<\/strong><\/p>\n<p>Quantit\u00e9 tr\u00e8s limit\u00e9e!<\/p>\n<p>Id\u00e9al pour parfumer sa demeure avant de recevoir ses invit\u00e9s, pour les grands \u00e9v\u00e8nements comme les f\u00eates et les mariages ou tout simplement pour passer un bon moment de d\u00e9tente.<\/p>\n<p><strong>Conseil d\u2019utilisation pour le Oud :<\/strong><\/p>\n<p>Avec notre Oud \u00e0 br\u00fbler vous allez profiter d\u2019un voyage olfactif exceptionnel qui vous offrira une exp\u00e9rience unique. Nous recommandons tr\u00e8s fortement l\u2019utilisation d\u2019une couche d\u2019aluminium sur votre charbon ardent afin de prolonger la dur\u00e9e de combustion et de vous garantir un ar\u00f4me pure et de meilleure qualit\u00e9!<\/p>\n<p><strong>Ses vertus :<\/strong><\/p>\n<p>Le bois d\u2019Agar est \u00e9galement consid\u00e9r\u00e9 comme un aphrodisiaque tr\u00e8s puissant. Dans beaucoup de cultures, les femmes impr\u00e9gnaient leurs v\u00eatements aussi bien qu\u2019elles-m\u00eames de son parfum. Utilis\u00e9 en m\u00e9decine, le bois d\u2019Agar est un rem\u00e8de pour les d\u00e9sordres nerveux tels que la n\u00e9vrose, le comportement obs\u00e9dant, et l\u2019\u00e9puisement. Il est fortement psychoactif et permet un rapprochement avec notre c\u00f4t\u00e9 spirituel. C\u2019est pourquoi, il est l\u2019encens de m\u00e9ditation par excellence, apportant l\u2019\u00e9nergie au centre et calmant l\u2019esprit. Son odeur vous procurera du bien \u00eatre et dissipera votre stress.<\/p>\n<p>On lui attribue des bienfaits contre les maux de ventre, certaines maladies cardio-vasculaires, les neuropathies, naus\u00e9es ou l\u2019asthme. Il est m\u00eame largement utilis\u00e9 par l\u2019industrie pharmaceutique car naturellement riche en terp\u00e9no\u00efdes (s\u00e9datif et anxiolytique naturel) ainsi qu\u2019en polyph\u00e9nols (antioxydant naturel). Il facilite aussi la digestion. Ses vertus m\u00e9dicinales ont \u00e9t\u00e9 prouv\u00e9es notamment pour les troubles du sommeil, le cholest\u00e9rol et bien plus encore\u2026<\/p>\n<p>Sa raret\u00e9, et ses nombreuses vertus, font donc du bois d\u2019agar un bois pr\u00e9cieux extr\u00eamement recherch\u00e9, et donc extr\u00eamement co\u00fbteux.<\/p>\n<p><strong>Ses notes : <\/strong>Menthe, cannelle, fum\u00e9es, vanille, bois\u00e9e, caf\u00e9, cl\u00e9mentine, terreux, safran, sucr\u00e9e<\/p>\n<p>Bois d\u2019Agar sauvage 100% naturel Gyrinops Walla Patta<\/p>\n<p><strong>Issu des for\u00eats de Kalawana<\/strong><\/p>\n<p><strong>Grade :<\/strong> Sinking underwater<\/p>\n<p>Excellente tenue (des jours)<\/p>\n<p><strong>Conditionnement :<\/strong> 3g, 5g<\/p>\n","protected":false},"excerpt":{"rendered":"<p><strong>Le Oud du Sri Lanka, pr\u00e9cieux tr\u00e9sor olfactif,<\/strong> exhale une envo\u00fbtante combinaison de menthe rafra\u00eechissante, de vanille suave et de cannelle \u00e9pic\u00e9e. Ces notes exquises se m\u00ealent \u00e0 des accents floraux somptueux pour cr\u00e9er une fragrance rare et enchanteresse. <strong>Un Oud d&rsquo;une extr\u00eame beaut\u00e9 et d&rsquo;une qualit\u00e9 exceptionnelle&#8230;<\/strong><\/p>\n","protected":false},"featured_media":26292,"comment_status":"open","ping_status":"closed","template":"","meta":[],"product_brand":[],"product_cat":[263,245],"product_tag":[],"class_list":{"0":"post-26291","1":"product","2":"type-product","3":"status-publish","4":"has-post-thumbnail","6":"product_cat-lencens-oud-bois-dagar","7":"product_cat-les-encens-dexcellence","9":"first","10":"instock","11":"featured","12":"shipping-taxable","13":"purchasable","14":"product-type-variable","15":"has-default-attributes"},"_links":{"self":[{"href":"https:\/\/sabilycollection.com\/fr\/wp-json\/wp\/v2\/product\/26291","targetHints":{"allow":["GET"]}}],"collection":[{"href":"https:\/\/sabilycollection.com\/fr\/wp-json\/wp\/v2\/product"}],"about":[{"href":"https:\/\/sabilycollection.com\/fr\/wp-json\/wp\/v2\/types\/product"}],"replies":[{"embeddable":true,"href":"https:\/\/sabilycollection.com\/fr\/wp-json\/wp\/v2\/comments?post=26291"}],"wp:featuredmedia":[{"embeddable":true,"href":"https:\/\/sabilycollection.com\/fr\/wp-json\/wp\/v2\/media\/26292"}],"wp:attachment":[{"href":"https:\/\/sabilycollection.com\/fr\/wp-json\/wp\/v2\/media?parent=26291"}],"wp:term":[{"taxonomy":"product_brand","embeddable":true,"href":"https:\/\/sabilycollection.com\/fr\/wp-json\/wp\/v2\/product_brand?post=26291"},{"taxonomy":"product_cat","embeddable":true,"href":"https:\/\/sabilycollection.com\/fr\/wp-json\/wp\/v2\/product_cat?post=26291"},{"taxonomy":"product_tag","embeddable":true,"href":"https:\/\/sabilycollection.com\/fr\/wp-json\/wp\/v2\/product_tag?post=26291"}],"curies":[{"name":"wp","href":"https:\/\/api.w.org\/{rel}","templated":true}]}}