{"id":26294,"date":"2025-01-20T13:11:43","date_gmt":"2025-01-20T12:11:43","guid":{"rendered":"https:\/\/sabilycollection.com\/huile-de-oud-malaisie-terengganu-agee-2020-grade-malaki-pure-bois-dagar-dehn-al-oud-origine-malaisie\/"},"modified":"2026-04-15T15:49:10","modified_gmt":"2026-04-15T13:49:10","slug":"huile-de-oud-malaisie-terengganu-agee-2020-grade-malaki-pure-bois-dagar-dehn-al-oud-origine-malaisie","status":"publish","type":"product","link":"https:\/\/sabilycollection.com\/fr\/produit\/huile-de-oud-malaisie-terengganu-agee-2020-grade-malaki-pure-bois-dagar-dehn-al-oud-origine-malaisie\/","title":{"rendered":"Huile de Oud Malaisie Terengganu \u00c2g\u00e9e 2020 (Grade Malaki) Pure Bois d\u2019Agar Dehn al Oud Origine Malaisie"},"content":{"rendered":"<p>Nous vous pr\u00e9sentons <strong>notre petit bijou provenant du fameux bois sauvage de l&rsquo;Aquilaria Malaccensis<\/strong> (pas de plantation). Chaque goutte est une invitation \u00e0 d\u00e9couvrir la richesse des ar\u00f4mes subtils et raffin\u00e9s, une caresse olfactive qui s\u00e9duira vos sens et laissera une empreinte ind\u00e9l\u00e9bile.<\/p>\n<p>R\u00e9colt\u00e9e au c\u0153ur des for\u00eats intactes de Terengganu, au Nord-Est de la Malaisie, cette huile de oud est issue d\u2019arbres sauvages d\u2019Aquilaria Malaccensis ayant grandi librement pendant plus de 20 ans dans son environnement naturel et sauvage. <strong>Sa distillation \u00e0 basse temp\u00e9rature pr\u00e9serve l\u2019essence m\u00eame de ses premi\u00e8res notes, donnant naissance \u00e0 une huile d\u2019un rouge brun\u00e2tre magnifique<\/strong>, une teinte qui traduit sa puret\u00e9 et son caract\u00e8re exceptionnel, bien loin des nuances dor\u00e9es ou brunes plus courantes.<\/p>\n<p>D\u00e8s la premi\u00e8re application, elle captive par son \u00e9clat : <strong>une explosion d\u2019agrumes vifs, sublim\u00e9e par des accents herbac\u00e9s rappelant le basilic et une subtile fra\u00eecheur menthol\u00e9e.<\/strong> Puis, au fil des heures, elle \u00e9volue avec raffinement, <strong>laissant place \u00e0 des notes suaves de f\u00e8ve tonka avant de r\u00e9v\u00e9ler un oud intense, complexe et doux \u00e0 la fois sans \u00eatre puissant<\/strong>, qui s\u2019ancre sur la peau avec une profondeur hypnotique.<\/p>\n<p>Notre huile de Oud Malaisienne de Terengganu aux notes chaudes se caract\u00e9rise par des ar\u00f4mes profonds, enveloppants et r\u00e9confortants qui \u00e9voquent une magnifique sensation de chaleur. <strong>Ces notes chaudes ont des nuances de cuir de daim, bois\u00e9es, balsamiques et ambr\u00e9es.<\/strong> Notre Oud Malaisien avec ses diff\u00e9rentes senteurs procureront \u00e0 votre \u00e2me une sensation apaisante, sensuelle qui r\u00e9jouit les sens, et vous accompagnera tout au long de votre journ\u00e9e.<\/p>\n<div class=\"sticky top-0 z-10 flex items-center border-b border-white\/20 bg-gray-800 pl-1 pt-1 text-gray-200 sm:pl-3 md:hidden\">\n<p>D\u00e9gageant de magnifiques effluves aux <strong>notes menthol\u00e9es, chaudes et bois\u00e9es<\/strong> tr\u00e8s agr\u00e9ables, ce parfum est riche en senteurs qui ne cesse de s\u2019enrichir au fil des heures. Il vous fera d\u00e9couvrir \u00e0 chaque moment de la journ\u00e9e de nouvelles merveilles olfactives qui vous surprendront par leurs subtilit\u00e9s et leurs myst\u00e8res.<\/p>\n<p>C\u2019est une huile rare, d\u2019exception que nous vous proposons. Elle est le r\u00e9sultat d\u2019une parfaite distillation issue de l\u2019agarwood sauvage Aquilaria Malaccensis provenant de Terengganu. <strong>Ce type de Oud issu de bois d&rsquo;agar sauvage Malaisien est devenu extr\u00eamement rare, c&rsquo;est donc un honneur pour nous de pouvoir vous la proposer.<\/strong><\/p>\n<p>Le Oud Malaisien apporte une infinie douceur et une touche somptueuse vraiment plaisante. Elle est tr\u00e8s recherch\u00e9e contrairement aux autres huiles de Oud Malaisienne parce que son ar\u00f4me est unique, gourmand et vraiment sp\u00e9cial. Tout les connaisseurs de Oud Malaisien l&rsquo;ont d\u00e9j\u00e0 essay\u00e9 et agr\u00e9\u00e9 ! En d&rsquo;autres termes c&rsquo;est une valeur s\u00fbre \u00e0 ajouter \u00e0 votre collection&#8230;<\/p>\n<\/div>\n<p>Cette essence rare, extraite avec soin du meilleur des arbres Malaisien, porte en elle les secrets de la nature et les myst\u00e8res du temps. Le Oud Malaisien est reconnu pour ses notes uniques, capturant l&rsquo;essence des for\u00eats exotiques et la richesse de son terroir. Notre huile incarne l&rsquo;apog\u00e9e de cette tradition, offrant une exp\u00e9rience olfactive royale. Ses notes douces et bois\u00e9es se m\u00ealent avec gr\u00e2ce, \u00e9voquant un raffinement digne de la royaut\u00e9. Chaque goutte de cette essence pr\u00e9cieuse raconte une histoire&#8230;<\/p>\n<p>Laissez-vous emporter par les nuances enchanteresses de notre Oud Malaisien, une symphonie olfactive qui c\u00e9l\u00e8bre la splendeur intemporelle de la nature. Une exp\u00e9rience digne des plus nobles palais, captivante et exquise, un v\u00e9ritable joyau olfactif \u00e0 avoir dans sa collection de Oud&#8230;<\/p>\n<p><strong>Informations :<\/strong><\/p>\n<p>Issu du bois le plus cher et le plus pr\u00e9cieux au monde, cette huile de Oud est utilis\u00e9e par les plus grandes parfumeries mondiales afin de concevoir leur parfum de luxe. Ce pr\u00e9cieux produit de luxe de grande valeur est obtenu \u00e0 partir de plusieurs types d\u2019arbres d\u2019Asie du sud Est, le plus connu \u00e9tant l\u2019Aquilaria Malaccensis de part sa qualit\u00e9 et sa r\u00e9sine odorante exceptionnelle.<\/p>\n<p><strong>Ses vertus :<\/strong><\/p>\n<p>Le bois d\u2019Agar est \u00e9galement consid\u00e9r\u00e9 comme un aphrodisiaque tr\u00e8s puissant. Dans beaucoup de cultures, les femmes impr\u00e9gnaient leurs v\u00eatements aussi bien qu\u2019elles-m\u00eames de son parfum. C\u2019est sous forme huileuse que le bois de oud est couramment utilis\u00e9. Dans le monde arabe, son huile est employ\u00e9e pour se parfumer \u00e0 m\u00eame la peau. Elle est une mati\u00e8re premi\u00e8re essentielle dans la parfumerie du Moyen-Orient. Tr\u00e8s pr\u00e9cieuse, l\u2019huile d\u00e9veloppe un ar\u00f4me envo\u00fbtant, incroyablement raffin\u00e9 \u00e0 la fois brut et sophistiqu\u00e9.. Son parfum vous procurera du bien \u00eatre et dissipera votre stress. (\u0625\u0646 \u0634\u0627\u0621 \u0627\u0644\u0644\u0647)<\/p>\n<p><strong>Produit rare et d&rsquo;excellente qualit\u00e9!<\/strong><\/p>\n<p><strong>Tenue :<\/strong> longue dur\u00e9e<\/p>\n<p><strong>Issue de Oud sauvage 100% naturel Aquilaria Malaccensis\u00a0<\/strong><\/p>\n<p><strong>Trempage copeaux de Oud :<\/strong> 10 jours<\/p>\n<p><strong>Distillation :<\/strong>\u00a02020<\/p>\n<p><strong>Type de distillation :<\/strong> gaz<\/p>\n<p><strong>Notes :<\/strong> Sucr\u00e9e, chocolat noir, balsamique, ambr\u00e9e, douce, bois\u00e9e, terreuse, cuir de daim, noisette, menthe, f\u00e8ve tonka<\/p>\n<ul>\n<li>\u00a0100 % pur et sans dilution<\/li>\n<li>\u00a0100% aucun autre additif<\/li>\n<li>\u00a0100 % sans parfum artificiel<\/li>\n<li>\u00a0100% sans coloration<\/li>\n<li>\u00a0100% sans fermentation alcoolique<\/li>\n<li>\u00a0Trempage 100 % sans \u00e9thanol<\/li>\n<\/ul>\n<p><strong>Flacon :<\/strong> 1ml, 3ml, 6ml et 12ml<\/p>\n","protected":false},"excerpt":{"rendered":"<p>Laissez-vous s\u00e9duire par notre huile de Oud sauvage Malaisienne \u00e2g\u00e9e de 2020 de qualit\u00e9 sup\u00e9rieure. <strong>Une merveilleuse huile de Oud pure et pr\u00e9cieuse&#8230;\u00a0<\/strong><\/p>\n<p>Un parfum unique qui \u00e9veille les sens par ses <strong>notes sucr\u00e9es de chocolat noir et d\u2019ambre, il d\u00e9gage une douceur bois\u00e9e et terreuse, sublim\u00e9e par une touche de cuir su\u00e9d\u00e9 et de noisette.<\/strong><br \/>\nL\u2019ensemble est rehauss\u00e9 par une <strong>pointe de menthe fra\u00eeche en notes de t\u00eate, cr\u00e9ant une fragrance riche, complexe et parfaitement \u00e9quilibr\u00e9e.<\/strong><br \/>\nUne v\u00e9ritable invitation \u00e0 l\u2019\u00e9l\u00e9gance et \u00e0 la s\u00e9r\u00e9nit\u00e9, qui vous accompagnera tout au long de la journ\u00e9e.<\/p>\n","protected":false},"featured_media":26298,"comment_status":"open","ping_status":"closed","template":"","meta":[],"product_brand":[],"product_cat":[251,266,264],"product_tag":[],"class_list":{"0":"post-26294","1":"product","2":"type-product","3":"status-publish","4":"has-post-thumbnail","6":"product_cat-huile-de-oud-pure","7":"product_cat-huiles-de-oud-pure-single-bottle","8":"product_cat-huiles-de-oud-pure-parfums","9":"pa_quantity-12ml","10":"pa_quantity-1ml","11":"pa_quantity-3ml","12":"pa_quantity-6ml","14":"first","15":"instock","16":"shipping-taxable","17":"purchasable","18":"product-type-variable"},"_links":{"self":[{"href":"https:\/\/sabilycollection.com\/fr\/wp-json\/wp\/v2\/product\/26294","targetHints":{"allow":["GET"]}}],"collection":[{"href":"https:\/\/sabilycollection.com\/fr\/wp-json\/wp\/v2\/product"}],"about":[{"href":"https:\/\/sabilycollection.com\/fr\/wp-json\/wp\/v2\/types\/product"}],"replies":[{"embeddable":true,"href":"https:\/\/sabilycollection.com\/fr\/wp-json\/wp\/v2\/comments?post=26294"}],"wp:featuredmedia":[{"embeddable":true,"href":"https:\/\/sabilycollection.com\/fr\/wp-json\/wp\/v2\/media\/26298"}],"wp:attachment":[{"href":"https:\/\/sabilycollection.com\/fr\/wp-json\/wp\/v2\/media?parent=26294"}],"wp:term":[{"taxonomy":"product_brand","embeddable":true,"href":"https:\/\/sabilycollection.com\/fr\/wp-json\/wp\/v2\/product_brand?post=26294"},{"taxonomy":"product_cat","embeddable":true,"href":"https:\/\/sabilycollection.com\/fr\/wp-json\/wp\/v2\/product_cat?post=26294"},{"taxonomy":"product_tag","embeddable":true,"href":"https:\/\/sabilycollection.com\/fr\/wp-json\/wp\/v2\/product_tag?post=26294"}],"curies":[{"name":"wp","href":"https:\/\/api.w.org\/{rel}","templated":true}]}}