{"id":26300,"date":"2025-02-04T14:29:54","date_gmt":"2025-02-04T13:29:54","guid":{"rendered":"https:\/\/sabilycollection.com\/parfum-huile-dambre-gris-pure-melange-prive-100-naturel-issue-du-cachalot\/"},"modified":"2026-04-03T20:15:43","modified_gmt":"2026-04-03T18:15:43","slug":"parfum-huile-dambre-gris-pure-melange-prive-100-naturel-issue-du-cachalot","status":"publish","type":"product","link":"https:\/\/sabilycollection.com\/fr\/produit\/parfum-huile-dambre-gris-pure-melange-prive-100-naturel-issue-du-cachalot\/","title":{"rendered":"Parfum\/Huile d&rsquo;ambre gris Pure M\u00e9lange Priv\u00e9 100% Naturel (Issue du Cachalot)"},"content":{"rendered":"<p>Nous avons le plaisir de vous proposer ce <strong>tr\u00e9sor naturel de la parfumerie, l&rsquo;Ambre gris issu du Cachalot<\/strong>&#8230; Ce joyau qui est <strong>un m\u00e9lange secret<\/strong> est \u00e0 pr\u00e9sent disponible chez Sabily Collection pour les amoureux des senteurs rares et exceptionnelles!<\/p>\n<p><strong>Ce parfum, un pur chef-d\u2019\u0153uvre ultra-niche (meilleure qualit\u00e9 d&rsquo;ingr\u00e9dients dans la parfumerie), est une cr\u00e9ation rare et pr\u00e9cieuse<\/strong>, destin\u00e9e \u00e0 ceux qui recherchent une <strong>essence d\u2019un autre niveau.<\/strong><\/p>\n<p><a href=\"https:\/\/sabilycollection.com\/wp-content\/uploads\/2025\/02\/SPERMWHALE.jpg\"><img loading=\"lazy\" decoding=\"async\" class=\"aligncenter wp-image-24870 size-full\" src=\"https:\/\/sabilycollection.com\/wp-content\/uploads\/2025\/02\/SPERMWHALE.jpg\" alt=\"\" width=\"1536\" height=\"738\" srcset=\"https:\/\/sabilycollection.com\/wp-content\/uploads\/2025\/02\/SPERMWHALE.jpg 1536w, https:\/\/sabilycollection.com\/wp-content\/uploads\/2025\/02\/SPERMWHALE-300x144.jpg 300w, https:\/\/sabilycollection.com\/wp-content\/uploads\/2025\/02\/SPERMWHALE-1024x492.jpg 1024w, https:\/\/sabilycollection.com\/wp-content\/uploads\/2025\/02\/SPERMWHALE-768x369.jpg 768w, https:\/\/sabilycollection.com\/wp-content\/uploads\/2025\/02\/SPERMWHALE-416x200.jpg 416w\" sizes=\"auto, (max-width: 1536px) 100vw, 1536px\" \/><\/a><\/p>\n<p>Notre huile d&rsquo;ambre gris a un parfum tr\u00e8s <strong>profond, complexe et agr\u00e9able<\/strong> qui procure une joie constante tout au long de la journ\u00e9e. Il a un <strong>ar\u00f4me fort et profond offrant une projection subtile et constante.<\/strong><\/p>\n<p><strong>Con\u00e7u \u00e0 partir d&rsquo;une tr\u00e8s haute qualit\u00e9 et d&rsquo;une quantit\u00e9 tr\u00e8s \u00e9lev\u00e9e d&rsquo;ambre pur provenant des s\u00e9cr\u00e9tions organiques du cachalot (environ 80%)<\/strong>, elle peut \u00eatre utilis\u00e9 directement comme parfum ou dans vos m\u00e9langes pr\u00e9f\u00e9r\u00e9s comme fixateur.<\/p>\n<p>L&rsquo;ambre gris, qui provient de certaines esp\u00e8ces de cachalots, est l&rsquo;une des mati\u00e8res premi\u00e8res les plus pr\u00e9cieuses de la parfumerie. Il est rare, et le parfum qu&rsquo;il d\u00e9gage l&rsquo;est tout autant. Dans les parfums, l&rsquo;ambre gris est utilis\u00e9 comme fixateur et sa pr\u00e9sence peut \u00eatre mieux d\u00e9crite comme marine, animale et sucr\u00e9e.\u00a0 L&rsquo;ambre gris est depuis longtemps appel\u00e9 vomi de baleine. Autrefois, on pensait que la baleine vomissait cette mati\u00e8re depuis son estomac.<\/p>\n<p>Cependant, des recherches r\u00e9centes sugg\u00e8rent qu&rsquo;elle se forme principalement dans les intestins du cachalot et qu&rsquo;elle serait excr\u00e9t\u00e9e par l&rsquo;animal (plut\u00f4t que d&rsquo;\u00eatre vomie depuis l&rsquo;estomac).<\/p>\n<p>Les morceaux cireux gris terne ou noir\u00e2tres sont en grande partie constitu\u00e9s de becs de calmars non dig\u00e9r\u00e9s (la principale proie du cachalot est le calmar g\u00e9ant) et on pense qu&rsquo;ils pourraient aider le mammif\u00e8re \u00e0 faire passer des objets tranchants \u00e0 travers son intestin. Il peut flotter dans l&rsquo;oc\u00e9an pendant 30 ans avant d&rsquo;\u00eatre rejet\u00e9. Lorsqu&rsquo;il flotte, une couche blanche se forme \u00e0 l&rsquo;ext\u00e9rieur en s&rsquo;oxydant dans l&rsquo;eau sal\u00e9e. En g\u00e9n\u00e9ral, les morceaux de couleur plus claire ont un parfum plus l\u00e9ger et plus doux et ont pass\u00e9 plus de temps en mer.<\/p>\n<p>L&rsquo;ambre gris peut flotter dans l&rsquo;oc\u00e9an pendant de nombreuses ann\u00e9es. Nous ne pouvons pas dire quelle est la dur\u00e9e ultime de s\u00e9chage d&rsquo;une pi\u00e8ce, mais il serait normalement souhaitable que la pi\u00e8ce flotte dans l&rsquo;oc\u00e9an le plus longtemps possible (20 \u00e0 30 ans). Nous ne pouvons pas estimer l&rsquo;\u00e2ge pr\u00e9cis d&rsquo;une pi\u00e8ce, en fonction de son apparence. Historiquement, l&rsquo;ambre gris a \u00e9t\u00e9 principalement utilis\u00e9 commercialement dans la chimie des parfums, bien qu&rsquo;il ait \u00e9galement \u00e9t\u00e9 utilis\u00e9 \u00e0 des fins m\u00e9dicinales et aromatisantes. L&rsquo;ambregris est l&rsquo;un des odorants de type ambr\u00e9 les plus importants et il est tr\u00e8s recherch\u00e9&#8230; L&rsquo;ambre gris a un parfum tr\u00e8s typique, animal mais d&rsquo;une grande douceur qui s\u00e9duit particuli\u00e8rement les nez f\u00e9minins, en fait, l&rsquo;ambre gris, comme toutes les substances aromatiques d&rsquo;origine animale, est une ph\u00e9romone et agit directement sur le syst\u00e8me hormonal par l&rsquo;odorat, sans contact physique.<\/p>\n<p>Pour en revenir \u00e0 notre Huile, elle est compos\u00e9e de 80% d&rsquo;ambre gris et d&rsquo;autres huiles naturelles pour la maintenir \u00e0 l&rsquo;\u00e9tat liquide. Destin\u00e9 aux connaisseurs en qu\u00eate d\u2019exclusivit\u00e9, ce parfum est un tr\u00e9sor olfactif, aussi rare que pr\u00e9cieux.<\/p>\n<p>C&rsquo;est l&rsquo;un des parfums les plus exotiques que vous aurez jamais essay\u00e9. Cette huile est si rare que seules quelques personnes ont la chance de l&rsquo;essayer. Quoi qu&rsquo;il en soit, elle changera votre perception de l&rsquo;huile d&rsquo;ambre gris et aussi du monde entier qui vous entoure. Parfois, il faut des mois ou des ann\u00e9es \u00e0 l&rsquo;huile d&rsquo;ambre gris pour acqu\u00e9rir cette odeur particuli\u00e8re et tr\u00e8s longtemps pour qu&rsquo;elle commence \u00e0 sentir comme des cigares bien vieillis ou du tabac \u00e0 pipe. Si vous aimez les parfums suaves, forts et uniques, alors cette huile est faite pour vous !<\/p>\n<p><strong>Voici comment l\u2019utiliser :<\/strong><\/p>\n<p>Appliquez-le sur vos poignets, votre cou, votre poitrine, et derri\u00e8re vos oreilles pour en tirer le maximum de bienfaits et de beaut\u00e9 \ud83d\ude0d<\/p>\n<p><strong>Composition :<\/strong><\/p>\n<p>\u25aa\ufe0fDate de production : 2024<\/p>\n<p>\u25aa\ufe0fIl s&rsquo;agit d&rsquo;une huile essentielle et non d&rsquo;une teinture (pas d&rsquo;alcool et pas de dilution chimique).<\/p>\n<p>\u25aa\ufe0f80% d&rsquo;ambre gris + huiles naturelles. Cette huile est fabriqu\u00e9e \u00e0 partir de mati\u00e8res 100% naturelles et ne contient aucun produit chimique.<\/p>\n<p><strong>Profil olfactif :<\/strong><\/p>\n<p>Douceur marine, musc naturel, note saline, chaleur ambr\u00e9e, animalic, aromatique, floral, fruit\u00e9, bois\u00e9, Oud, l\u00e9g\u00e8rement animale, intense<\/p>\n","protected":false},"excerpt":{"rendered":"<p>Le luxe \u00e0 son apog\u00e9e&#8230; Une pr\u00e9cieuse composition priv\u00e9e d&rsquo;huile d&rsquo;Ambre gris..<\/p>\n<p>Un nectar rare, concentr\u00e9 \u00e0 80% en ambre gris pur, pour une empreinte olfactive profonde et sensuelle. Notre huile est un m\u00e9lange d\u2019exception \u00e9labor\u00e9 avec ma\u00eetrise, associant de l\u2019ambre gris rare \u00e0 des tr\u00e9sors aromatiques soigneusement s\u00e9lectionn\u00e9s. Ce joyau olfactif d\u00e9voile des notes profondes et raffin\u00e9es qui \u00e9l\u00e8vent votre exp\u00e9rience parfum\u00e9e vers l\u2019exceptionnel.<\/p>\n<p>Son ar\u00f4me rare et prestigieux est un v\u00e9ritable chef-d&rsquo;\u0153uvre olfactif ! Notre huile d\u2019Ambre gris lib\u00e8re un parfum puissant et d\u00e9licat \u00e0 la fois ayant des notes de musc, de Oud, aromatiques, fruit\u00e9es et florales mais \u00e9galement animale et bois\u00e9es.<\/p>\n<p>Une raret\u00e9 convoit\u00e9e par les amateurs de senteurs uniques, recherchant les meilleures senteurs class\u00e9es dans la cat\u00e9gorie Ultra Niche. Ne laissez pas passer cette occasion pour d\u00e9couvrir rapidement cette merveille et ce tr\u00e9sor de la plus haute qualit\u00e9 de parfumerie.<\/p>\n","protected":false},"featured_media":26307,"comment_status":"open","ping_status":"closed","template":"","meta":[],"product_brand":[],"product_cat":[252,249,264,268],"product_tag":[],"class_list":{"0":"post-26300","1":"product","2":"type-product","3":"status-publish","4":"has-post-thumbnail","6":"product_cat-coffrets-cadeaux-et-decouverte","7":"product_cat-huile-dambre-gris-pure","8":"product_cat-huiles-de-oud-pure-parfums","9":"product_cat-huiles-de-parfums","10":"pa_quantity-12ml","11":"pa_quantity-1ml","12":"pa_quantity-3ml","13":"pa_quantity-6ml","15":"first","16":"outofstock","17":"shipping-taxable","18":"purchasable","19":"product-type-variable"},"_links":{"self":[{"href":"https:\/\/sabilycollection.com\/fr\/wp-json\/wp\/v2\/product\/26300","targetHints":{"allow":["GET"]}}],"collection":[{"href":"https:\/\/sabilycollection.com\/fr\/wp-json\/wp\/v2\/product"}],"about":[{"href":"https:\/\/sabilycollection.com\/fr\/wp-json\/wp\/v2\/types\/product"}],"replies":[{"embeddable":true,"href":"https:\/\/sabilycollection.com\/fr\/wp-json\/wp\/v2\/comments?post=26300"}],"wp:featuredmedia":[{"embeddable":true,"href":"https:\/\/sabilycollection.com\/fr\/wp-json\/wp\/v2\/media\/26307"}],"wp:attachment":[{"href":"https:\/\/sabilycollection.com\/fr\/wp-json\/wp\/v2\/media?parent=26300"}],"wp:term":[{"taxonomy":"product_brand","embeddable":true,"href":"https:\/\/sabilycollection.com\/fr\/wp-json\/wp\/v2\/product_brand?post=26300"},{"taxonomy":"product_cat","embeddable":true,"href":"https:\/\/sabilycollection.com\/fr\/wp-json\/wp\/v2\/product_cat?post=26300"},{"taxonomy":"product_tag","embeddable":true,"href":"https:\/\/sabilycollection.com\/fr\/wp-json\/wp\/v2\/product_tag?post=26300"}],"curies":[{"name":"wp","href":"https:\/\/api.w.org\/{rel}","templated":true}]}}