{"id":26325,"date":"2025-02-05T17:51:16","date_gmt":"2025-02-05T16:51:16","guid":{"rendered":"https:\/\/sabilycollection.com\/oud-cambodge-pursat-bois-dagar-sauvage-grade-triple-super\/"},"modified":"2026-02-17T14:39:05","modified_gmt":"2026-02-17T13:39:05","slug":"oud-cambodge-pursat-bois-dagar-sauvage-grade-triple-super","status":"publish","type":"product","link":"https:\/\/sabilycollection.com\/fr\/produit\/oud-cambodge-pursat-bois-dagar-sauvage-grade-triple-super\/","title":{"rendered":"Oud Cambodge Pursat Bois d\u2019Agar Sauvage Grade Triple Super"},"content":{"rendered":"<p>Nous vous pr\u00e9sentons ce <strong>Bois d\u2019Agar sauvage de qualit\u00e9 sup\u00e9rieure<\/strong> d&rsquo;origine naturelle du Cambodge (Province de Pursat).<\/p>\n<p><iframe loading=\"lazy\" title=\"Oud Cambodia Jungle Pursat \u2665\ufe0f\ud83c\udf33 #oudchips #Agarwood #oud #cambodiaoud #oudcambodi #\u0639\u0648\u062f_\u0643\u0645\u0628\u0648\u062f\u064a\" width=\"980\" height=\"551\" src=\"https:\/\/www.youtube.com\/embed\/iuXIdZlPfK4?feature=oembed\" frameborder=\"0\" allow=\"accelerometer; autoplay; clipboard-write; encrypted-media; gyroscope; picture-in-picture; web-share\" referrerpolicy=\"strict-origin-when-cross-origin\" allowfullscreen><\/iframe><\/p>\n<p>L\u2019acc\u00e8s \u00e0 ce bois pr\u00e9cieux devient de plus en plus difficile en raison de sa raret\u00e9 croissante. <strong>C\u2019est un privil\u00e8ge pour nous, chez Sabily Collection, de vous faire d\u00e9couvrir cette essence noble et authentique.<\/strong><\/p>\n<p>Ce type de Oud Cambodgien devenu <strong>extr\u00eamement rare \u00e0 obtenir, issu de la jungle et non pas de la plantation, est le plus recherch\u00e9 au monde par les amateurs de Oud et de senteur d&rsquo;encens haut de gamme 100% naturel.<\/strong> C&rsquo;est en effet <strong>un Oud pr\u00e9cieux<\/strong> d&rsquo;exception provenant d&rsquo;un arbre \u00e2g\u00e9 sauvage des jungles tropicales cambodgienne&#8230;<\/p>\n<p>Nous avons soigneusement s\u00e9lectionn\u00e9 les morceaux d\u2019agarwood (bois d\u2019alo\u00e8s) de qualit\u00e9 sup\u00e9rieure, <strong>issus d\u2019un seul arbre sauvage provenant des hautes montagnes de la province de Pursat<\/strong>, au Cambodge. Cet arbre appartient \u00e0 l\u2019esp\u00e8ce Aquilaria crassna, reconnue pour produire l\u2019un des bois d\u2019agar les plus pris\u00e9s au monde.<\/p>\n<p>Le bois a \u00e9t\u00e9 minutieusement nettoy\u00e9, s\u00e9ch\u00e9 et tri\u00e9 avec le plus grand soin, afin de ne conserver que les plus belles pi\u00e8ces pour la vente. <strong>Nous avons s\u00e9lectionn\u00e9 uniquement les morceaux les plus esth\u00e9tiques et les plus parfum\u00e9s, garantissant ainsi une qualit\u00e9 exceptionnelle pour nos clients les plus exigeants.<\/strong><\/p>\n<p>Le bois d\u2019agar cambodgien est <strong>l\u2019un des plus r\u00e9put\u00e9s dans le monde<\/strong> de la parfumerie et de l\u2019encens. Notre Oud provient exclusivement de la province de Pursat, une r\u00e9gion c\u00e9l\u00e8bre pour la richesse de ses arbres Aquilaria crassna et la qualit\u00e9 incomparable de son bois odorant.<\/p>\n<p><strong>Un Parfum Royal pour des Moments de D\u00e9tente et de S\u00e9r\u00e9nit\u00e9 :<\/strong><\/p>\n<p>Ce magnifique bois d\u2019alo\u00e8s naturel de haute qualit\u00e9 exhale un parfum somptueux, \u00e0 la fois doux et raffin\u00e9 au caract\u00e8re gourmand. Son ar\u00f4me d\u00e9licat se caract\u00e9rise par des notes sucr\u00e9es florales subtiles, enveloppant votre int\u00e9rieur d\u2019une ambiance chaleureuse et apaisante. Son odeur unique invite \u00e0 la relaxation et procure une sensation de bien-\u00eatre in\u00e9gal\u00e9e. L&rsquo;odeur s&rsquo;impr\u00e8gne facilement dans tout les tissus de votre maison pour une dur\u00e9e de plusieurs jours! <strong>Un Oud de ce calibre doit absolument \u00eatre essay\u00e9 si vous aimez parfum\u00e9 votre maison avec le Oud et les meilleurs encens naturels \u00e0 la dur\u00e9e incomparable.<\/strong><\/p>\n<p><strong>Une Exp\u00e9rience Olfactive Unique :<\/strong><\/p>\n<p>Chaque morceau de ce bois pr\u00e9cieux est un v\u00e9ritable tr\u00e9sor de la nature, <strong>offrant une exp\u00e9rience olfactive incomparable<\/strong>. Que vous soyez un amateur de senteurs rares ou un passionn\u00e9 d\u2019encens, notre bois d\u2019agar du Cambodge vous fera voyager au c\u0153ur des traditions ancestrales, o\u00f9 l\u2019encens \u00e9tait utilis\u00e9 pour ses vertus apaisantes et son pouvoir spirituel.<\/p>\n<p>Offrez-vous un instant de luxe et de raffinement avec ce bois d\u2019agar et sauvage naturel, un produit d\u2019exception qui transformera votre espace en un havre de paix parfum\u00e9. Sabily Collection est fier de vous proposer ce bois noble, symbole d\u2019authenticit\u00e9 et d\u2019\u00e9l\u00e9gance qui marquera votre esprit mais aussi tout votre entourage.<\/p>\n<p>Id\u00e9al pour parfumer votre maison avant de recevoir des invit\u00e9s, cet encens rare et prestigieux sublimera l\u2019atmosph\u00e8re lors de grandes occasions telles que les f\u00eates et les mariages. Il peut \u00e9galement \u00eatre utilis\u00e9 lors de moments de m\u00e9ditation, de pri\u00e8re ou simplement pour cr\u00e9er une ambiance propice \u00e0 la d\u00e9tente et \u00e0 l\u2019harmonie.<\/p>\n<p><strong>Conseil d\u2019utilisation pour le Oud :<\/strong><\/p>\n<p>Avec notre Oud \u00e0 br\u00fbler vous allez profiter d\u2019un voyage olfactif exceptionnel qui vous offrira une exp\u00e9rience unique. Nous recommandons tr\u00e8s fortement l\u2019utilisation d\u2019une couche d\u2019aluminium sur votre charbon ardent afin de prolonger la dur\u00e9e de combustion et de vous garantir un ar\u00f4me pure et de meilleure qualit\u00e9!<\/p>\n<p><strong>Ses vertus :<\/strong><\/p>\n<p>Le bois d\u2019Agar est \u00e9galement consid\u00e9r\u00e9 comme un aphrodisiaque tr\u00e8s puissant. Dans beaucoup de cultures, les femmes impr\u00e9gnaient leurs v\u00eatements aussi bien qu\u2019elles-m\u00eames de son parfum. Utilis\u00e9 en m\u00e9decine, le bois d\u2019Agar est un rem\u00e8de pour les d\u00e9sordres nerveux tels que la n\u00e9vrose, le comportement obs\u00e9dant, et l\u2019\u00e9puisement. Il est fortement psychoactif et permet un rapprochement avec notre c\u00f4t\u00e9 spirituel. C\u2019est pourquoi, il est l\u2019encens de m\u00e9ditation par excellence, apportant l\u2019\u00e9nergie au centre et calmant l\u2019esprit. Son odeur vous procurera du bien \u00eatre et dissipera votre stress.<\/p>\n<p>On lui attribue des bienfaits contre les maux de ventre, certaines maladies cardio-vasculaires, les neuropathies, naus\u00e9es ou l\u2019asthme. Il est m\u00eame largement utilis\u00e9 par l\u2019industrie pharmaceutique car naturellement riche en terp\u00e9no\u00efdes (s\u00e9datif et anxiolytique naturel) ainsi qu\u2019en polyph\u00e9nols (antioxydant naturel). Il facilite aussi la digestion. Ses vertus m\u00e9dicinales ont \u00e9t\u00e9 prouv\u00e9es notamment pour les troubles du sommeil, le cholest\u00e9rol et bien plus encore\u2026<\/p>\n<p>Sa raret\u00e9, et ses nombreuses vertus, font donc du bois d\u2019agar un bois pr\u00e9cieux extr\u00eamement recherch\u00e9, et donc extr\u00eamement co\u00fbteux.<\/p>\n<p><strong>Ses notes :<\/strong> florales, fruit\u00e9es, bois\u00e9es, miel, \u00e9pic\u00e9s frais<\/p>\n<p><strong>R\u00e9gion :\u00a0<\/strong> Pursat (Haute altitude)<\/p>\n<p><strong>Type de Oud :<\/strong> Aquilaria Crassna<\/p>\n<p>Bois d\u2019Agar sauvage 100% naturel<\/p>\n<p><strong>Grade :<\/strong> Triple Super tr\u00e8s longue dur\u00e9e<\/p>\n<p><strong>Conditionnement :<\/strong> 10g, 20g, 50g<\/p>\n","protected":false},"excerpt":{"rendered":"<p><strong>Voici la l\u00e9gende historique et le must du Oud du Cambodge&#8230;<\/strong><\/p>\n<p>Un oud cambodgien incomparable reconnu pour sa richesse olfactive et sa qualit\u00e9 sup\u00e9rieure, <strong>ce bois rare issu des montagnes de Pursat est un tr\u00e9sor naturel.<\/strong> S\u00e9lectionn\u00e9 avec soin, il vous promet une exp\u00e9rience sensorielle unique et pr\u00e9cieuse. Ce oud cambodgien d\u2019exception offre un ar\u00f4me profond et raffin\u00e9. <strong>Chaque pi\u00e8ce a \u00e9t\u00e9 tri\u00e9e avec exigence pour ne conserver que la meilleure qualit\u00e9 afin d&rsquo;obtenir une exp\u00e9rience olfactive authentique et de grande qualit\u00e9 !<\/strong> Plus le temps passe et plus que les Ouds de ce calibre ne seront que de l&rsquo;histoire ancienne&#8230;<\/p>\n<p><strong>N&rsquo;attendez surtout pas pour le d\u00e9couvrir, les stocks sont limit\u00e9s !<\/strong><\/p>\n","protected":false},"featured_media":26329,"comment_status":"open","ping_status":"closed","template":"","meta":[],"product_brand":[],"product_cat":[263,245],"product_tag":[],"class_list":{"0":"post-26325","1":"product","2":"type-product","3":"status-publish","4":"has-post-thumbnail","6":"product_cat-lencens-oud-bois-dagar","7":"product_cat-les-encens-dexcellence","8":"pa_weight-10g","9":"pa_weight-20g","10":"pa_weight-50g","12":"first","13":"instock","14":"shipping-taxable","15":"purchasable","16":"product-type-variable"},"_links":{"self":[{"href":"https:\/\/sabilycollection.com\/fr\/wp-json\/wp\/v2\/product\/26325","targetHints":{"allow":["GET"]}}],"collection":[{"href":"https:\/\/sabilycollection.com\/fr\/wp-json\/wp\/v2\/product"}],"about":[{"href":"https:\/\/sabilycollection.com\/fr\/wp-json\/wp\/v2\/types\/product"}],"replies":[{"embeddable":true,"href":"https:\/\/sabilycollection.com\/fr\/wp-json\/wp\/v2\/comments?post=26325"}],"wp:featuredmedia":[{"embeddable":true,"href":"https:\/\/sabilycollection.com\/fr\/wp-json\/wp\/v2\/media\/26329"}],"wp:attachment":[{"href":"https:\/\/sabilycollection.com\/fr\/wp-json\/wp\/v2\/media?parent=26325"}],"wp:term":[{"taxonomy":"product_brand","embeddable":true,"href":"https:\/\/sabilycollection.com\/fr\/wp-json\/wp\/v2\/product_brand?post=26325"},{"taxonomy":"product_cat","embeddable":true,"href":"https:\/\/sabilycollection.com\/fr\/wp-json\/wp\/v2\/product_cat?post=26325"},{"taxonomy":"product_tag","embeddable":true,"href":"https:\/\/sabilycollection.com\/fr\/wp-json\/wp\/v2\/product_tag?post=26325"}],"curies":[{"name":"wp","href":"https:\/\/api.w.org\/{rel}","templated":true}]}}