{"id":26330,"date":"2025-02-18T06:45:09","date_gmt":"2025-02-18T05:45:09","guid":{"rendered":"https:\/\/sabilycollection.com\/oud-malaisie-perak-bois-dagar-sauvage-grade-double-super\/"},"modified":"2026-02-18T16:54:32","modified_gmt":"2026-02-18T15:54:32","slug":"oud-malaisie-perak-bois-dagar-sauvage-grade-double-super","status":"publish","type":"product","link":"https:\/\/sabilycollection.com\/fr\/produit\/oud-malaisie-perak-bois-dagar-sauvage-grade-double-super\/","title":{"rendered":"Oud Malaisie Perak Bois d\u2019Agar Sauvage Grade Double Super"},"content":{"rendered":"<p><strong>Le Oud Malaisien de Perak est un Oud \u00e0 la senteur exquise.\u00a0<\/strong> Le type de Oud que nous proposons est de grade Double Super, un bois d\u2019Agar \u00e2g\u00e9e de tr\u00e8s\u00a0 bonne qualit\u00e9, devenu de plus en plus rare et difficile \u00e0 obtenir.<\/p>\n<p>Ce bois d\u2019agar provient de l\u2019arbre <strong>Aquilaria Malaccensis, de la r\u00e9gion de Perak au Nord de la Malaisie<\/strong>, une r\u00e9gion r\u00e9put\u00e9e pour ses nombreuses for\u00eats tropicales et la qualit\u00e9 de son Oud.<\/p>\n<p><strong>Son parfum est sensationnel, il d\u00e9gage des notes \u00e9pic\u00e9es profondes qui viennent se m\u00ealer aux notes bois\u00e9es intenses et douce \u00e0 la fois.<\/strong> Un Oud id\u00e9al pour les grandes occasions ou m\u00eame pour embellir vos journ\u00e9es et vos nuits&#8230;<\/p>\n<p>Vous pouvez d\u00e9sormais accueillir parfaitement tous vos invit\u00e9s et leur faire d\u00e9couvrir des senteurs exceptionnelles alliant exotisme naturel et pur&#8230;<\/p>\n<p dir=\"ltr\"><strong>Conseil d&rsquo;utilisation pour le Oud :<\/strong><\/p>\n<p dir=\"ltr\">Avec notre Oud \u00e0 br\u00fbler vous allez profiter d&rsquo;un voyage olfactif exceptionnel qui vous offrira une exp\u00e9rience unique. Nous recommandons tr\u00e8s fortement l&rsquo;utilisation d&rsquo;une couche d&rsquo;aluminium sur votre charbon ardent afin de prolonger la dur\u00e9e de combustion et de vous garantir un ar\u00f4me pure et de meilleure qualit\u00e9&#8230;<\/p>\n<p><strong>Ses avantages :<\/strong><\/p>\n<p>Le bois d\u2019agar est \u00e9galement consid\u00e9r\u00e9 comme un aphrodisiaque tr\u00e8s puissant. Dans de nombreuses cultures, les femmes impr\u00e9gnaient leurs v\u00eatements tout en se parfumant. Utilis\u00e9 en m\u00e9decine, le bois d\u2019agar est un rem\u00e8de contre les troubles nerveux tels que la n\u00e9vrose, le comportement obsessionnel et l\u2019\u00e9puisement. Il est hautement psychoactif et permet un rapprochement avec notre c\u00f4t\u00e9 spirituel. C\u2019est pourquoi c\u2019est le meilleur encens de m\u00e9ditation, apportant de l\u2019\u00e9nergie au centre et apaisant l\u2019esprit. Son odeur vous procurera du bien-\u00eatre et dissipera votre stress.<\/p>\n<p>On lui attribue des bienfaits contre les maux de ventre, certaines maladies cardio-vasculaires, les neuropathies, naus\u00e9es ou l\u2019asthme. Il est m\u00eame largement utilis\u00e9 par l\u2019industrie pharmaceutique car naturellement riche en terp\u00e9no\u00efdes (s\u00e9datif et anxiolytique naturel) ainsi qu\u2019en polyph\u00e9nols (antioxydant naturel). Il facilite aussi la digestion. Ses vertus m\u00e9dicinales ont \u00e9t\u00e9 prouv\u00e9es notamment pour les troubles du sommeil, le cholest\u00e9rol et bien plus encore\u2026<\/p>\n<p>Sa raret\u00e9, et ses nombreuses vertus, font donc du bois d\u2019agar un bois pr\u00e9cieux extr\u00eamement recherch\u00e9, et donc extr\u00eamement co\u00fbteux.<\/p>\n<p><strong>Ses notes :<\/strong> \u00e9pic\u00e9es, bois\u00e9es, caf\u00e9, sucr\u00e9es<\/p>\n<p><strong>R\u00e9gion :<\/strong>\u00a0Perak (Nord Malaisie)<\/p>\n<p><strong>Type de Oud :<\/strong> Aquilaria Malaccensis<\/p>\n<p>Bois d\u2019Agar sauvage 100% naturel<\/p>\n<p><strong>Grade :<\/strong> Double Super<\/p>\n<p>Longue dur\u00e9e<\/p>\n<p><strong>Conditionnement :<\/strong>\u00a010g, 20g<\/p>\n","protected":false},"excerpt":{"rendered":"<p>Ce somptueux Oud de Perak vous fera d\u00e9couvrir des senteurs venus d&rsquo;ailleurs. <strong>Un Oud de valeur aux notes \u00e9pic\u00e9es et bois\u00e9es dont chaque amoureux d&rsquo;encens ne peut se passer!<\/strong><\/p>\n","protected":false},"featured_media":26332,"comment_status":"open","ping_status":"closed","template":"","meta":[],"product_brand":[],"product_cat":[263,245],"product_tag":[338],"class_list":{"0":"post-26330","1":"product","2":"type-product","3":"status-publish","4":"has-post-thumbnail","6":"product_cat-lencens-oud-bois-dagar","7":"product_cat-les-encens-dexcellence","8":"product_tag-promo-15","9":"pa_weight-10g","10":"pa_weight-20g","12":"first","13":"instock","14":"shipping-taxable","15":"purchasable","16":"product-type-variable"},"_links":{"self":[{"href":"https:\/\/sabilycollection.com\/fr\/wp-json\/wp\/v2\/product\/26330","targetHints":{"allow":["GET"]}}],"collection":[{"href":"https:\/\/sabilycollection.com\/fr\/wp-json\/wp\/v2\/product"}],"about":[{"href":"https:\/\/sabilycollection.com\/fr\/wp-json\/wp\/v2\/types\/product"}],"replies":[{"embeddable":true,"href":"https:\/\/sabilycollection.com\/fr\/wp-json\/wp\/v2\/comments?post=26330"}],"wp:featuredmedia":[{"embeddable":true,"href":"https:\/\/sabilycollection.com\/fr\/wp-json\/wp\/v2\/media\/26332"}],"wp:attachment":[{"href":"https:\/\/sabilycollection.com\/fr\/wp-json\/wp\/v2\/media?parent=26330"}],"wp:term":[{"taxonomy":"product_brand","embeddable":true,"href":"https:\/\/sabilycollection.com\/fr\/wp-json\/wp\/v2\/product_brand?post=26330"},{"taxonomy":"product_cat","embeddable":true,"href":"https:\/\/sabilycollection.com\/fr\/wp-json\/wp\/v2\/product_cat?post=26330"},{"taxonomy":"product_tag","embeddable":true,"href":"https:\/\/sabilycollection.com\/fr\/wp-json\/wp\/v2\/product_tag?post=26330"}],"curies":[{"name":"wp","href":"https:\/\/api.w.org\/{rel}","templated":true}]}}