{"id":26334,"date":"2025-02-18T10:33:20","date_gmt":"2025-02-18T09:33:20","guid":{"rendered":"https:\/\/sabilycollection.com\/huile-de-oud-borai-agee-2024-pure-bois-dagar-dehn-al-oud-origine-thailande\/"},"modified":"2026-03-23T18:02:28","modified_gmt":"2026-03-23T17:02:28","slug":"huile-de-oud-borai-agee-2024-pure-bois-dagar-dehn-al-oud-origine-thailande","status":"publish","type":"product","link":"https:\/\/sabilycollection.com\/fr\/produit\/huile-de-oud-borai-agee-2024-pure-bois-dagar-dehn-al-oud-origine-thailande\/","title":{"rendered":"Huile de Oud Borai \u00c2g\u00e9e 2024 Pure Bois d\u2019Agar Dehn Al Oud Origine Tha\u00eflande"},"content":{"rendered":"<p>Chers passionn\u00e9s de Oud, voici une huile qui capture l\u2019\u00e2me m\u00eame de cette mati\u00e8re pr\u00e9cieuse, <strong>notre magnifique huile de Oud Borai de Tha\u00eflande&#8230;<\/strong><\/p>\n<p><strong>Nich\u00e9e entre les montagnes du Khao Banthat et la fronti\u00e8re cambodgienne, cette r\u00e9gion produit un Oud d\u2019exception<\/strong>, r\u00e9put\u00e9 pour sa douceur et sa profondeur, rappelant les plus beaux oud cambodgiens.<\/p>\n<p><strong>D\u00e8s l\u2019application, une vague de douceur sucr\u00e9e et florale caresse vos sens, avant de d\u00e9voiler un c\u0153ur riche et enveloppant: un accord tabac,<\/strong> <strong>m\u00eal\u00e9 aux effluves sucr\u00e9s de fruits fum\u00e9s. Puis vient l\u2019apoth\u00e9ose : une base tropicale, chaleureuse et persistante<\/strong> qui prolonge le plaisir pendant des heures.<\/p>\n<p>Ce Oud raffin\u00e9 et dot\u00e9 d\u2019une <strong>puissance olfactive remarquable est un v\u00e9ritable chef-d&rsquo;\u0153uvre parfum de signature.<\/strong> Notre Oud Borai 100 % pur et naturel, sans aucun additif, incarne la quintessence du luxe, de l\u2019authenticit\u00e9 et du bien-\u00eatre avec son parfum extr\u00eamement reposant et relaxant pour l&rsquo;\u00e2me.<\/p>\n<p>Cette huile de Oud se distingue par sa douceur exotique et son sillage captivant. <strong>Elle s&rsquo;ouvre sur des notes de florales et l\u00e9g\u00e8rement bois\u00e9es, d\u00e9gageant des notes rare de th\u00e9 blanc de Yunnan en Chine appel\u00e9 Silver Needle, l&rsquo;un des meilleurs th\u00e9 au monde, pour ensuite \u00e9voluer vers un c\u0153ur o\u00f9 le tabac rencontre la douceur des fruits fum\u00e9s.<\/strong> <strong>Enfin, elle se fond dans un fond exotique, sucr\u00e9 et tropical<\/strong>, pour une tenue exceptionnelle qui vous accompagnera tout au long de la journ\u00e9e.<\/p>\n<p>Une huile de Oud raffin\u00e9e faites pour les amoureux de senteurs naturelles qui doit absolument \u00eatre adopt\u00e9 dans votre collection de parfum haut de gamme.<\/p>\n<p><strong>Informations :<\/strong><\/p>\n<p>Issu du bois le plus cher et le plus pr\u00e9cieux au monde, cette huile de Oud est utilis\u00e9e par les plus grandes parfumeries mondiales afin de concevoir leur parfum de luxe.<\/p>\n<p>Ce pr\u00e9cieux produit de luxe \u00e0 la grande valeur est obtenu \u00e0 partir de plusieurs types d\u2019arbres d\u2019Asie du sud Est, le plus connu \u00e9tant l\u2019Aquilaria Malaccensis de part sa qualit\u00e9 et sa r\u00e9sine odorante exceptionnelle.<\/p>\n<p><strong>Ses vertus :<\/strong><\/p>\n<p>Le bois d\u2019Agar est \u00e9galement consid\u00e9r\u00e9 comme un aphrodisiaque tr\u00e8s puissant. Dans beaucoup de cultures, les femmes impr\u00e9gnaient leurs v\u00eatements aussi bien qu\u2019elles-m\u00eames de son parfum. C\u2019est sous forme huileuse que le bois de oud est couramment utilis\u00e9. Dans le monde arabe, son huile est employ\u00e9e pour se parfumer \u00e0 m\u00eame la peau. Elle est une mati\u00e8re premi\u00e8re essentielle dans la parfumerie du Moyen-Orient. Tr\u00e8s pr\u00e9cieuse, l\u2019huile d\u00e9veloppe un ar\u00f4me envo\u00fbtant, incroyablement raffin\u00e9 \u00e0 la fois brut et sophistiqu\u00e9.. Son parfum vous procurera du bien \u00eatre et dissipera votre stress. (\u0625\u0646 \u0634\u0627\u0621 \u0627\u0644\u0644\u0647)<\/p>\n<p>Produit rare et de grande qualit\u00e9!<\/p>\n<p><strong>Garanti tenue longue dur\u00e9e.<\/strong><\/p>\n<p>Issue de plantation d\u2019Aquilaria Crassna 100% naturel, aucun produit chimique durant le processus.<\/p>\n<p><strong>Age de l&rsquo;arbre :<\/strong> environ 20 ans<\/p>\n<p><strong>Distillation :<\/strong> 2024<\/p>\n<p><strong>Mat\u00e9riel utilis\u00e9 :<\/strong> Alambic en acier inoxydable de qualit\u00e9 304<\/p>\n<p><strong>Dur\u00e9e de fermentation :<\/strong> 15 jours<\/p>\n<p>Distill\u00e9e en Tha\u00eflande<\/p>\n<p><strong>Notes :<\/strong> th\u00e9 blanc Silver needle (Yunnan), fruits fum\u00e9s, tropicales, fruits-r\u00e9sineux tabac, sucr\u00e9es, bois\u00e9es, florales, safran, fum\u00e9<\/p>\n<ul>\n<li>\u00a0100% pur et sans dilution<\/li>\n<li>\u00a0100% aucun autre additif<\/li>\n<li>\u00a0100 % sans parfum artificiel<\/li>\n<li>\u00a0100% sans coloration<\/li>\n<li>\u00a0100% sans fermentation alcoolique<\/li>\n<li>\u00a0Trempage 100% sans \u00e9thanol<\/li>\n<\/ul>\n<p><strong>Flacon :<\/strong> 1ml, 3ml, 6ml ou 12ml.<\/p>\n","protected":false},"excerpt":{"rendered":"<p>Une essence liquide dor\u00e9e, o\u00f9 la douceur sucr\u00e9e du Oud de Borai se m\u00eale \u00e0 la profondeur intense du Oud Cambodgien. <strong>Un \u00e9lixir luxueux aux tons \u00e9l\u00e9gants qui ajoutera chaleur et dynamisme \u00e0 vos journ\u00e9es.<\/strong><\/p>\n","protected":false},"featured_media":26338,"comment_status":"open","ping_status":"closed","template":"","meta":[],"product_brand":[],"product_cat":[251,266,264],"product_tag":[339,345],"class_list":{"0":"post-26334","1":"product","2":"type-product","3":"status-publish","4":"has-post-thumbnail","6":"product_cat-huile-de-oud-pure","7":"product_cat-huiles-de-oud-pure-single-bottle","8":"product_cat-huiles-de-oud-pure-parfums","9":"product_tag-offre-25","10":"product_tag-promotion-15","11":"pa_quantity-12ml","12":"pa_quantity-1ml","13":"pa_quantity-3ml","14":"pa_quantity-6ml","16":"first","17":"instock","18":"shipping-taxable","19":"purchasable","20":"product-type-variable"},"_links":{"self":[{"href":"https:\/\/sabilycollection.com\/fr\/wp-json\/wp\/v2\/product\/26334","targetHints":{"allow":["GET"]}}],"collection":[{"href":"https:\/\/sabilycollection.com\/fr\/wp-json\/wp\/v2\/product"}],"about":[{"href":"https:\/\/sabilycollection.com\/fr\/wp-json\/wp\/v2\/types\/product"}],"replies":[{"embeddable":true,"href":"https:\/\/sabilycollection.com\/fr\/wp-json\/wp\/v2\/comments?post=26334"}],"wp:featuredmedia":[{"embeddable":true,"href":"https:\/\/sabilycollection.com\/fr\/wp-json\/wp\/v2\/media\/26338"}],"wp:attachment":[{"href":"https:\/\/sabilycollection.com\/fr\/wp-json\/wp\/v2\/media?parent=26334"}],"wp:term":[{"taxonomy":"product_brand","embeddable":true,"href":"https:\/\/sabilycollection.com\/fr\/wp-json\/wp\/v2\/product_brand?post=26334"},{"taxonomy":"product_cat","embeddable":true,"href":"https:\/\/sabilycollection.com\/fr\/wp-json\/wp\/v2\/product_cat?post=26334"},{"taxonomy":"product_tag","embeddable":true,"href":"https:\/\/sabilycollection.com\/fr\/wp-json\/wp\/v2\/product_tag?post=26334"}],"curies":[{"name":"wp","href":"https:\/\/api.w.org\/{rel}","templated":true}]}}