{"id":26346,"date":"2025-04-15T18:55:09","date_gmt":"2025-04-15T16:55:09","guid":{"rendered":"https:\/\/sabilycollection.com\/oud-thailand-trat-angle-bois-dagar-grade-triple-super\/"},"modified":"2026-02-18T16:54:32","modified_gmt":"2026-02-18T15:54:32","slug":"oud-thailand-trat-angle-bois-dagar-grade-triple-super","status":"publish","type":"product","link":"https:\/\/sabilycollection.com\/fr\/produit\/oud-thailand-trat-angle-bois-dagar-grade-triple-super\/","title":{"rendered":"Oud Thailand Trat Angle Bois d\u2019Agar Grade Triple Super"},"content":{"rendered":"<p><strong>D\u00e9couvrez ce magnifique Oud Thailandais de la province de Trat, ce oud rare et si convoit\u00e9 \u00e0 l\u2019\u00e2me Cambodgienne&#8230;<\/strong><\/p>\n<p style=\"text-align: left;\">Le Oud Trat Zawaya (Angle) est un encens 100% naturel d&rsquo;exception, issu d\u2019un vieil arbre de la r\u00e9gion de Trat, en Tha\u00eflande. <strong>Ce bois pr\u00e9cieux lib\u00e8re une fum\u00e9e \u00e0 la senteur gourmande qui \u00e9voque imm\u00e9diatement la noblesse du oud cambodgien de Pursat<\/strong>, tant par sa <strong>douceur florale<\/strong> que par sa richesse sensorielle. D\u00e8s les premi\u00e8res volutes, vous \u00eates envelopp\u00e9 d\u2019une <strong>senteur d\u00e9licatement douce, presque soyeuse, qui rappelle les fleurs sauvages sous la ros\u00e9e du matin. <\/strong>Puis, subtilement, la fum\u00e9e \u00e9volue vers une note bois\u00e9e l\u00e9g\u00e8re, raffin\u00e9e et persistante, qui signe toute la profondeur d\u2019un oud authentique et rare.<\/p>\n<p>Ce qui rend Oud Zawaya (Angle) unique, c\u2019est son origine pr\u00e9cieuse. <strong>Seul le oud r\u00e9colt\u00e9 sur un arbre ancien ayant travers\u00e9 les d\u00e9cennies permet de cr\u00e9er un encens aussi noble et profond. Les bois jeunes n\u2019offrent ni la densit\u00e9, ni la complexit\u00e9 n\u00e9cessaires pour produire une fum\u00e9e aussi qualitative et harmonieuse.<\/strong> Le vieux bois offre une combustion lente et g\u00e9n\u00e9reuse, laissant dans l\u2019air une empreinte olfactive durable et apaisante.<\/p>\n<p><strong>Pourquoi choisir notre Oud Trat Zawaya (Angle) ?<\/strong><\/p>\n<p>\u25aa\ufe0fPour sa senteur douce, florale et r\u00e9confortante<\/p>\n<p>\u25aa\ufe0fPour sa raret\u00e9 : un encens obtenu \u00e0 partir d\u2019un bois ancien de Trat (plus de 20 ans)<\/p>\n<p>\u25aa\ufe0fPour sa proximit\u00e9 olfactive avec le r\u00e9put\u00e9 oud cambodgien de Pursat<\/p>\n<p>\u25aa\ufe0fPour sa combustion raffin\u00e9e et son parfum qui emplit l\u2019espace avec \u00e9l\u00e9gance<\/p>\n<p>\u25aa\ufe0fPour son effet bien-\u00eatre : une fragrance qui favorise la s\u00e9r\u00e9nit\u00e9 et la concentration.<\/p>\n<p>Laissez notre Oud Zawaya devenir un rituel, une pr\u00e9sence apaisante et raffin\u00e9e dans votre quotidien. Profitez de chaque instant avec cet encens noble et intemporel, et laissez sa fum\u00e9e parfum\u00e9e vous accompagner dans vos moments de calme, de m\u00e9ditation ou de r\u00e9ception.<\/p>\n<p>Id\u00e9al pour parfumer votre maison avant de recevoir des invit\u00e9s, cet encens rare et prestigieux sublimera l\u2019atmosph\u00e8re lors de grandes occasions telles que les f\u00eates et les mariages. Il peut \u00e9galement \u00eatre utilis\u00e9 lors de moments de m\u00e9ditation, de pri\u00e8re ou simplement pour cr\u00e9er une ambiance propice \u00e0 la d\u00e9tente et \u00e0 l\u2019harmonie.<\/p>\n<p><strong>Conseil d\u2019utilisation pour le Oud :<\/strong><\/p>\n<p>Avec notre Oud \u00e0 br\u00fbler vous allez profiter d\u2019un voyage olfactif exceptionnel qui vous offrira une exp\u00e9rience unique. Nous recommandons tr\u00e8s fortement l\u2019utilisation d\u2019une couche d\u2019aluminium sur votre charbon ardent afin de prolonger la dur\u00e9e de combustion et de vous garantir un ar\u00f4me pure et de meilleure qualit\u00e9!<\/p>\n<p><strong>Ses vertus :<\/strong><\/p>\n<p>Le bois d\u2019Agar est \u00e9galement consid\u00e9r\u00e9 comme un aphrodisiaque tr\u00e8s puissant. Dans beaucoup de cultures, les femmes impr\u00e9gnaient leurs v\u00eatements aussi bien qu\u2019elles-m\u00eames de son parfum. Utilis\u00e9 en m\u00e9decine, le bois d\u2019Agar est un rem\u00e8de pour les d\u00e9sordres nerveux tels que la n\u00e9vrose, le comportement obs\u00e9dant, et l\u2019\u00e9puisement. Il est fortement psychoactif et permet un rapprochement avec notre c\u00f4t\u00e9 spirituel. C\u2019est pourquoi, il est l\u2019encens de m\u00e9ditation par excellence, apportant l\u2019\u00e9nergie au centre et calmant l\u2019esprit. Son odeur vous procurera du bien \u00eatre et dissipera votre stress.<\/p>\n<p>On lui attribue des bienfaits contre les maux de ventre, certaines maladies cardio-vasculaires, les neuropathies, naus\u00e9es ou l\u2019asthme. Il est m\u00eame largement utilis\u00e9 par l\u2019industrie pharmaceutique car naturellement riche en terp\u00e9no\u00efdes (s\u00e9datif et anxiolytique naturel) ainsi qu\u2019en polyph\u00e9nols (antioxydant naturel). Il facilite aussi la digestion. Ses vertus m\u00e9dicinales ont \u00e9t\u00e9 prouv\u00e9es notamment pour les troubles du sommeil, le cholest\u00e9rol et bien plus encore\u2026<\/p>\n<p>Sa raret\u00e9, et ses nombreuses vertus, font donc du bois d\u2019agar un bois pr\u00e9cieux extr\u00eamement recherch\u00e9, et donc extr\u00eamement co\u00fbteux.<\/p>\n<p><strong>Ses notes :<\/strong> Safran, florales, fruit\u00e9es, bois\u00e9es, miel<\/p>\n<p><strong>R\u00e9gion :<\/strong>\u00a0Trat<\/p>\n<p><strong>Type de Oud :<\/strong> Aquilaria Crassna<\/p>\n<p>Bois d\u2019Agar sauvage 100% naturel<\/p>\n<p><strong>Grade :<\/strong>\u00a0Triple Super tr\u00e8s longue dur\u00e9e<\/p>\n<p><strong>Conditionnement :<\/strong> 10g, 20g, 50g<\/p>\n","protected":false},"excerpt":{"rendered":"<p><strong>La beaut\u00e9 du Oud Thailandais&#8230;<\/strong><\/p>\n<p>D\u00e9couvrez notre Oud Trat Angle, cet Encens d\u2019exception issu d\u2019un bois ancien de Tha\u00eflande, <strong>aux notes florales et \u00e9pic\u00e9es uniques, proche du prestigieux oud cambodgien.<\/strong> Une exp\u00e9rience olfactive rare et luxueuse!<\/p>\n","protected":false},"featured_media":26347,"comment_status":"open","ping_status":"closed","template":"","meta":[],"product_brand":[],"product_cat":[263,245],"product_tag":[338],"class_list":{"0":"post-26346","1":"product","2":"type-product","3":"status-publish","4":"has-post-thumbnail","6":"product_cat-lencens-oud-bois-dagar","7":"product_cat-les-encens-dexcellence","8":"product_tag-promo-15","10":"first","11":"instock","12":"shipping-taxable","13":"purchasable","14":"product-type-variable","15":"has-default-attributes"},"_links":{"self":[{"href":"https:\/\/sabilycollection.com\/fr\/wp-json\/wp\/v2\/product\/26346","targetHints":{"allow":["GET"]}}],"collection":[{"href":"https:\/\/sabilycollection.com\/fr\/wp-json\/wp\/v2\/product"}],"about":[{"href":"https:\/\/sabilycollection.com\/fr\/wp-json\/wp\/v2\/types\/product"}],"replies":[{"embeddable":true,"href":"https:\/\/sabilycollection.com\/fr\/wp-json\/wp\/v2\/comments?post=26346"}],"wp:featuredmedia":[{"embeddable":true,"href":"https:\/\/sabilycollection.com\/fr\/wp-json\/wp\/v2\/media\/26347"}],"wp:attachment":[{"href":"https:\/\/sabilycollection.com\/fr\/wp-json\/wp\/v2\/media?parent=26346"}],"wp:term":[{"taxonomy":"product_brand","embeddable":true,"href":"https:\/\/sabilycollection.com\/fr\/wp-json\/wp\/v2\/product_brand?post=26346"},{"taxonomy":"product_cat","embeddable":true,"href":"https:\/\/sabilycollection.com\/fr\/wp-json\/wp\/v2\/product_cat?post=26346"},{"taxonomy":"product_tag","embeddable":true,"href":"https:\/\/sabilycollection.com\/fr\/wp-json\/wp\/v2\/product_tag?post=26346"}],"curies":[{"name":"wp","href":"https:\/\/api.w.org\/{rel}","templated":true}]}}