{"id":26356,"date":"2025-05-27T16:23:10","date_gmt":"2025-05-27T14:23:10","guid":{"rendered":"https:\/\/sabilycollection.com\/huile-de-oud-merauke-royal-2020-indonesie-premiere-classe-grade-encens-pure-bois-dagar-age-dehn-al-oud\/"},"modified":"2026-03-10T22:06:50","modified_gmt":"2026-03-10T21:06:50","slug":"huile-de-oud-merauke-royal-2020-indonesie-premiere-classe-grade-encens-pure-bois-dagar-age-dehn-al-oud","status":"publish","type":"product","link":"https:\/\/sabilycollection.com\/fr\/produit\/huile-de-oud-merauke-royal-2020-indonesie-premiere-classe-grade-encens-pure-bois-dagar-age-dehn-al-oud\/","title":{"rendered":"Huile de Oud Merauke Royal 2020 Indon\u00e9sie (Premi\u00e8re Classe Grade Encens) Pure Bois d\u2019Agar \u00c2g\u00e9 Dehn al Oud"},"content":{"rendered":"<p><strong>Nous avons le plaisir de vous pr\u00e9senter notre Oud Merauke 2020 de Grade Encens,<\/strong> un \u00e9lixir rare et authentique, issu des terres recul\u00e9es du sud de la Papouasie indon\u00e9sienne.<\/p>\n<p>Distill\u00e9e \u00e0 partir de bois d\u2019Aquilaria Filaria sauvage des for\u00eats profondes de Merauke en Papouasie, cette huile de Oud est un t\u00e9moignage vivant du caract\u00e8re noble et majestueux du Oud naturel. Ce qui rend cette huile de Oud unique, c\u2019est avant tout son \u00e2ge et sa maturit\u00e9 olfactive.<\/p>\n<p><strong>Distill\u00e9e en 2020 et issue d\u2019un grade Encens<\/strong>, elle a eu le temps de se d\u00e9velopper, de s\u2019arrondir, de r\u00e9v\u00e9ler pleinement la richesse de ses ar\u00f4mes avec une long\u00e9vit\u00e9 exceptionnelle. Quelques gouttes suffisent pour parfumer la peau et les poils pendant de longues heures, voire plus d\u2019une journ\u00e9e.<\/p>\n<p><strong>D\u00e8s l\u2019ouverture<\/strong>, un voile de r\u00e9sine se d\u00e9ploie, \u00e9quilibr\u00e9 par une douceur bois\u00e9e et terreuse raffin\u00e9e. Rapidement, des \u00e9pices l\u00e9g\u00e8rement fum\u00e9es s\u2019invitent, enrichies par une mousse de ch\u00eane subtile, \u00e9voquant un parfum de sous-bois d\u2019une for\u00eat ancienne. On per\u00e7oit \u00e9galement des fumerolles de bois d\u2019Agar, signature noble et chaleureuse de cette huile pr\u00e9cieuse.<\/p>\n<p><strong>Le c\u0153ur est plus profond<\/strong>, avec une signature terreuse et l\u00e9g\u00e8rement sucr\u00e9es par des touches miell\u00e9es et une chaleur persistante, presque ambr\u00e9e, qui rappelle certains Oud de la p\u00e9ninsule indochinoise mais avec ce caract\u00e8re typiquement papou : brut, dense, et enveloppant.<\/p>\n<p><strong>\u00c0 ce portrait s\u2019ajoute une dimension sensorielle rare :<\/strong> Ce Oud r\u00e9v\u00e8le une complexit\u00e9 saisissante, tout en contraste. Sombre et lumineuse. Puissante mais subtile. Vive, tout en douceur. Aust\u00e8re, avec une touche sucr\u00e9e.<\/p>\n<p>Elle \u00e9voque une jungle dense, humide, o\u00f9 le sol couvert de feuilles tremp\u00e9es d\u00e9gage des senteurs de pluie r\u00e9cente et de v\u00e9g\u00e9tation en d\u00e9composition. De puissants rayons jaune-orang\u00e9s percent la canop\u00e9e et illuminent la terre. Un encens discret flotte dans l\u2019air, accompagn\u00e9 du parfum d\u00e9licat d\u2019orchid\u00e9es et de fleurs blanches. Une huile pr\u00e9cieuse, l\u00e9g\u00e8rement fum\u00e9e, r\u00e9sineuse, avec une douceur en fond et une nuance verte, presque menthol\u00e9e.<\/p>\n<p><strong>Ce Oud Merauke est un Oud de contemplation<\/strong>, de profondeur, mais aussi de plaisir imm\u00e9diat. Un Oud sucr\u00e9, riche, \u00e9volutif, qui r\u00e9chauffe les sens et calme l\u2019esprit. <strong>Son sillage est puissant et \u00e9l\u00e9gant<\/strong>, raffin\u00e9, et extr\u00eamement addictif. <strong>Lorsque je l&rsquo;ai senti pour la premi\u00e8re fois mon nez est rest\u00e9 coll\u00e9 \u00e0 mon poignet et ne voulait plus s&rsquo;en \u00e9loigner&#8230;<\/strong><\/p>\n<p>Il ne s\u2019agit pas ici d\u2019une Huile de Oud destin\u00e9e \u00e0 tous les nez, mais bien \u00e0 ceux qui cherchent l\u2019authenticit\u00e9, la complexit\u00e9 et la noblesse d\u2019un Oud indon\u00e9sien haut de gamme, incroyablement captivant pour les sens et l&rsquo;\u00e2me!<\/p>\n<p><strong>Informations :<\/strong><\/p>\n<p>Issu du bois le plus cher et le plus pr\u00e9cieux au monde, cette huile de Oud est utilis\u00e9e par les plus grandes parfumeries mondiales afin de concevoir leur parfum de luxe.<\/p>\n<p>Ce pr\u00e9cieux produit de luxe \u00e0 la grande valeur est obtenu \u00e0 partir de plusieurs types d\u2019arbres d\u2019Asie du sud Est, le plus connu \u00e9tant l\u2019Aquilaria Malaccensis de part sa qualit\u00e9 et sa r\u00e9sine odorante exceptionnelle.<\/p>\n<p><strong>Ses vertus :<\/strong><\/p>\n<p>Le bois d\u2019Agar est \u00e9galement consid\u00e9r\u00e9 comme un aphrodisiaque tr\u00e8s puissant. Dans beaucoup de cultures, les femmes impr\u00e9gnaient leurs v\u00eatements aussi bien qu\u2019elles-m\u00eames de son parfum. C\u2019est sous forme huileuse que le bois de oud est couramment utilis\u00e9. Dans le monde arabe, son huile est employ\u00e9e pour se parfumer \u00e0 m\u00eame la peau. Elle est une mati\u00e8re premi\u00e8re essentielle dans la parfumerie du Moyen-Orient. Tr\u00e8s pr\u00e9cieuse, l\u2019huile d\u00e9veloppe un ar\u00f4me envo\u00fbtant, incroyablement raffin\u00e9 \u00e0 la fois brut et sophistiqu\u00e9.. Son parfum vous procurera du bien \u00eatre et dissipera votre stress. (\u0625\u0646 \u0634\u0627\u0621 \u0627\u0644\u0644\u0647)<\/p>\n<p><strong>Quantit\u00e9 : limit\u00e9e!\u00a0<\/strong><\/p>\n<p><strong>Origine :<\/strong> For\u00eats isol\u00e9es de Merauke (Papouasie indon\u00e9sienne)<\/p>\n<p><strong>Type de Oud :<\/strong> Aquilaria Filaria<\/p>\n<p><strong>Qualit\u00e9 :<\/strong> Grade Encens (tr\u00e8s haute qualit\u00e9)<\/p>\n<p><strong>Projection :<\/strong> Puissante<\/p>\n<p><strong>Long\u00e9vit\u00e9 :<\/strong> Tr\u00e8s longue dur\u00e9e<\/p>\n<p><strong>Date de distillation :<\/strong> F\u00e9vrier 2020<\/p>\n<p><strong>Extraction :<\/strong> Distillation artisanale lente \u00e0 basse temp\u00e9rature<\/p>\n<p><strong>Notes :<\/strong> menthol\u00e9e, herbac\u00e9e, miel, florales, sucr\u00e9es, bois\u00e9es, terreuses<\/p>\n<p><strong>Flacon : <\/strong>0.5ml, 1ml<\/p>\n<p><strong>Quantit\u00e9 :<\/strong> tr\u00e8s limit\u00e9e<\/p>\n<ul>\n<li>\u00a0100% pur et sans dilution<\/li>\n<li>\u00a0100% aucun autre additif<\/li>\n<li>\u00a0100% sans parfum artificiel<\/li>\n<li>\u00a0100% sans coloration<\/li>\n<li>\u00a0100% sans fermentation alcoolique<\/li>\n<li>\u00a0Trempage 100% sans \u00e9thanol<\/li>\n<\/ul>\n","protected":false},"excerpt":{"rendered":"<p><strong>D\u00e9couvrez Merauke 2020, une huile de Oud de Grade Encens rare et pr\u00e9cieuse,<\/strong> distill\u00e9e artisanalement \u00e0 partir de bois sauvage d\u2019Aquilaria Filaria, un tr\u00e9sor brut et rare de Papouasie.<\/p>\n<p><strong>Cette huile de Oud pr\u00e9cieuse, matur\u00e9e depuis 2020,<\/strong> d\u00e9voile une richesse olfactive exceptionnelle qui enrobe les sens et apaise l\u2019esprit&#8230; Son sillage exceptionnel m\u00eale r\u00e9sine noble, bois fum\u00e9, miel, mousse de ch\u00eane et fleurs blanches ainsi que des nuances l\u00e9g\u00e8rement menthol\u00e9es. Les notes terreuses viennent adoucir ce magnifique cocktail de notes digne des plus beaux Ouds existant sur la surface de la terre.<\/p>\n<p>Un Oud pur, puissant et addictif, <strong>r\u00e9serv\u00e9 aux connaisseurs exigeants en qu\u00eate d\u2019une exp\u00e9rience olfactive in\u00e9gal\u00e9e..<\/strong><\/p>\n<p><strong>Quantit\u00e9 limit\u00e9e&#8230;<\/strong><\/p>\n","protected":false},"featured_media":26358,"comment_status":"open","ping_status":"closed","template":"","meta":[],"product_brand":[],"product_cat":[251,266,264],"product_tag":[],"class_list":{"0":"post-26356","1":"product","2":"type-product","3":"status-publish","4":"has-post-thumbnail","6":"product_cat-huile-de-oud-pure","7":"product_cat-huiles-de-oud-pure-single-bottle","8":"product_cat-huiles-de-oud-pure-parfums","9":"pa_quantity-0-5ml","10":"pa_quantity-1ml","12":"first","13":"instock","14":"shipping-taxable","15":"purchasable","16":"product-type-variable"},"_links":{"self":[{"href":"https:\/\/sabilycollection.com\/fr\/wp-json\/wp\/v2\/product\/26356","targetHints":{"allow":["GET"]}}],"collection":[{"href":"https:\/\/sabilycollection.com\/fr\/wp-json\/wp\/v2\/product"}],"about":[{"href":"https:\/\/sabilycollection.com\/fr\/wp-json\/wp\/v2\/types\/product"}],"replies":[{"embeddable":true,"href":"https:\/\/sabilycollection.com\/fr\/wp-json\/wp\/v2\/comments?post=26356"}],"wp:featuredmedia":[{"embeddable":true,"href":"https:\/\/sabilycollection.com\/fr\/wp-json\/wp\/v2\/media\/26358"}],"wp:attachment":[{"href":"https:\/\/sabilycollection.com\/fr\/wp-json\/wp\/v2\/media?parent=26356"}],"wp:term":[{"taxonomy":"product_brand","embeddable":true,"href":"https:\/\/sabilycollection.com\/fr\/wp-json\/wp\/v2\/product_brand?post=26356"},{"taxonomy":"product_cat","embeddable":true,"href":"https:\/\/sabilycollection.com\/fr\/wp-json\/wp\/v2\/product_cat?post=26356"},{"taxonomy":"product_tag","embeddable":true,"href":"https:\/\/sabilycollection.com\/fr\/wp-json\/wp\/v2\/product_tag?post=26356"}],"curies":[{"name":"wp","href":"https:\/\/api.w.org\/{rel}","templated":true}]}}