{"id":26360,"date":"2025-05-27T16:27:27","date_gmt":"2025-05-27T14:27:27","guid":{"rendered":"https:\/\/sabilycollection.com\/huile-de-oud-moluques-royal-2024-indonesie-premiere-classe-grade-encens-pure-bois-dagar-age-dehn-al-oud\/"},"modified":"2026-03-10T22:05:04","modified_gmt":"2026-03-10T21:05:04","slug":"huile-de-oud-moluques-royal-2024-indonesie-premiere-classe-grade-encens-pure-bois-dagar-age-dehn-al-oud","status":"publish","type":"product","link":"https:\/\/sabilycollection.com\/fr\/produit\/huile-de-oud-moluques-royal-2024-indonesie-premiere-classe-grade-encens-pure-bois-dagar-age-dehn-al-oud\/","title":{"rendered":"Huile de Oud Moluques Royal 2024 Indon\u00e9sie (Premi\u00e8re Classe Grade Encens) Pure Bois d\u2019Agar \u00c2g\u00e9 Dehn al Oud"},"content":{"rendered":"<p><strong>Nous avons le plaisir de pouvoir vous offrir cette somptueuse Huile de Oud des Moluques de Grade Encens (tr\u00e8s haute qualit\u00e9).<\/strong> Distill\u00e9 \u00e0 partir de 2 types de Oud des \u00eeles des Moluques (Ambon et Seram) en Indon\u00e9sie, ce Oud est un v\u00e9ritable tr\u00e9sor olfactif&#8230;<\/p>\n<p>Ce qui distingue avant tout notre Oud, c\u2019est sa <strong>profondeur apaisante,<\/strong> presque m\u00e9ditative et <strong>extr\u00eamement reposante pour l&rsquo;\u00e2me.<\/strong> Tandis que la rar\u00e9faction des arbres de bois d\u2019agar sauvage s\u2019acc\u00e9l\u00e8re dans la plupart des r\u00e9gions du monde, les \u00eeles Moluques, en raison de leur isolement extr\u00eame et de l\u2019acc\u00e8s difficile \u00e0 leurs for\u00eats, sont rest\u00e9es \u00e0 l\u2019\u00e9cart de l\u2019exploitation massive.<\/p>\n<p>Elles n\u2019ont jamais \u00e9t\u00e9 consid\u00e9r\u00e9es comme un foyer majeur du commerce du Oud en Indon\u00e9sie, <strong>et c\u2019est pr\u00e9cis\u00e9ment ce relatif oubli qui a permis \u00e0 ces terres de pr\u00e9server certains des arbres de Oud les plus anciens et les plus sauvages encore existants aujourd\u2019hui.<\/strong><\/p>\n<p>Cette huile de Oud est une expression rare et magistrale de l\u2019art du Oud. <strong>Le bois utilis\u00e9 ici n\u2019est pas ordinaire<\/strong> : il appartient \u00e0 la cat\u00e9gorie la plus pr\u00e9cieuse, celle des pi\u00e8ces de Oud r\u00e9sineuses habituellement r\u00e9serv\u00e9es \u00e0 la combustion comme encens de qualit\u00e9 pour parfumer votre maison.<\/p>\n<p>Elle a \u00e9t\u00e9 distill\u00e9e avec soin, en tr\u00e8s petite quantit\u00e9, pour produire une huile d\u2019une richesse olfactive stup\u00e9fiante.<\/p>\n<p><strong>La senteur cr\u00e9meuse de ce Oud des Moluques \u00e9voque une caresse olfactive rare et pr\u00e9cieuse.<\/strong> D\u00e8s les premi\u00e8res notes, une chaleur lact\u00e9e s\u2019\u00e9l\u00e8ve, douce comme du lait d\u2019amande infus\u00e9 de bois anciens. La texture de l\u2019ar\u00f4me est velout\u00e9e, presque gourmande, enveloppant les sens dans une douceur bois\u00e9e, subtilement florales, sans jamais basculer dans l\u2019exc\u00e8s.<br \/>\nCe oud d\u00e9veloppe un c\u0153ur profond\u00e9ment apaisant, o\u00f9 se m\u00ealent des accents de r\u00e9sine fondue et de noisette blanche. Il n\u2019agresse pas, il apaise. <strong>Sa signature est celle d\u2019une \u00e9l\u00e9gance feutr\u00e9e, calme et sensuel.<\/strong><\/p>\n<p><strong>Profil olfactif de ce Oud des Moluques :<\/strong><\/p>\n<p>Une ouverture saline et min\u00e9rale, rappelant l&rsquo;ambre gris et la brise des c\u00f4tes indon\u00e9siennes, m\u00eal\u00e9e \u00e0 une touche sirupeuse subtile ayant une touche de vanille, tout en ayant des nuances herbac\u00e9es et de pin.<\/p>\n<p>Le c\u0153ur se d\u00e9veloppe sur des notes florales narcotiques, entrem\u00eal\u00e9es d&rsquo;accents verts et r\u00e9sineux, presque m\u00e9dicinaux, \u00e9voquant la s\u00e8ve fra\u00eeche d\u2019un bois ancien.<\/p>\n<p>En fond, l&rsquo;huile r\u00e9v\u00e8le une base terreuse, bois\u00e9e et l\u00e9g\u00e8rement cuir\u00e9e, enrichie de nuances poudr\u00e9es d&rsquo;iris, avec une sensation de moiteur foresti\u00e8re profonde, enveloppante, presque mystique.<br \/>\nUn Oud complexe, m\u00e9ditatif, aux transitions fluides et raffin\u00e9es, <strong>\u00e0 mi-chemin entre le caract\u00e8re brut d\u2019un Oud Papua et l\u2019\u00e9l\u00e9gance douce d\u2019un Oud Malinau.<\/strong><\/p>\n<p>Une huile de Oud vivante, qui \u00e9volue sur la peau au fil des heures, d&rsquo;une douceur exceptionnelle r\u00e9v\u00e9lant toute la complexit\u00e9 d\u2019un oud ancien, noble, brut et d\u00e9licat \u00e0 la fois. Il ne fait aucun doute que <strong>notre Oud Maluku figure parmi les huiles de Oud les plus pr\u00e9cieuses et authentiquement sauvages jamais distill\u00e9es.<\/strong><\/p>\n<p>Un Oud pr\u00e9cieux, pour les v\u00e9ritables passionn\u00e9s. Si vous cherchez un Oud indon\u00e9sien haut de gamme rare, noble et authentique, <strong>ce chef-d&rsquo;\u0153uvre des Moluques est un incontournable<\/strong>. Il ne s&rsquo;agit pas d&rsquo;une huile ordinaire, mais d\u2019un voyage sensoriel dans un monde oubli\u00e9, r\u00e9serv\u00e9 \u00e0 ceux qui savent reconna\u00eetre le vrai Oud.<\/p>\n<p><strong>Informations :<\/strong><\/p>\n<p>Issu du bois le plus cher et le plus pr\u00e9cieux au monde, cette huile de Oud est utilis\u00e9e par les plus grandes parfumeries mondiales afin de concevoir leur parfum de luxe.<\/p>\n<p>Ce pr\u00e9cieux produit de luxe \u00e0 la grande valeur est obtenu \u00e0 partir de plusieurs types d\u2019arbres d\u2019Asie du sud Est, le plus connu \u00e9tant l\u2019Aquilaria Malaccensis de part sa qualit\u00e9 et sa r\u00e9sine odorante exceptionnelle.<\/p>\n<p><strong>Ses vertus :<\/strong><\/p>\n<p>Le bois d\u2019Agar est \u00e9galement consid\u00e9r\u00e9 comme un aphrodisiaque tr\u00e8s puissant. Dans beaucoup de cultures, les femmes impr\u00e9gnaient leurs v\u00eatements aussi bien qu\u2019elles-m\u00eames de son parfum. C\u2019est sous forme huileuse que le bois de oud est couramment utilis\u00e9. Dans le monde arabe, son huile est employ\u00e9e pour se parfumer \u00e0 m\u00eame la peau. Elle est une mati\u00e8re premi\u00e8re essentielle dans la parfumerie du Moyen-Orient. Tr\u00e8s pr\u00e9cieuse, l\u2019huile d\u00e9veloppe un ar\u00f4me envo\u00fbtant, incroyablement raffin\u00e9 \u00e0 la fois brut et sophistiqu\u00e9.. Son parfum vous procurera du bien \u00eatre et dissipera votre stress. (\u0625\u0646 \u0634\u0627\u0621 \u0627\u0644\u0644\u0647)<\/p>\n<p><strong>Quantit\u00e9 : Tr\u00e8s limit\u00e9e!\u00a0<\/strong><\/p>\n<p><strong>Pourquoi ce Oud est unique :<\/strong><\/p>\n<p><strong>Origine :<\/strong> For\u00eats profondes des \u00eeles Moluques<\/p>\n<p><strong>Type de Oud :<\/strong> Aquilaria Cumingiana<\/p>\n<p><strong>Qualit\u00e9 :<\/strong> Grade Encens<\/p>\n<p><strong>Projection :<\/strong> Mod\u00e9r\u00e9e<\/p>\n<p><strong>Long\u00e9vit\u00e9 :<\/strong> Tr\u00e8s longue dur\u00e9e<\/p>\n<p><strong>Extraction :<\/strong> Distillation artisanale \u00e0 basse temp\u00e9rature<\/p>\n<p><strong>Date de distillation :<\/strong> 2024<\/p>\n<p><strong>Notes :<\/strong> R\u00e9sine fondue, menthol\u00e9e, aromatique, pin, herbac\u00e9e, r\u00e9sineuse, amande blanche, florale, sirupeuse, sucr\u00e9e, bois\u00e9e, cr\u00e9meuse<\/p>\n<p><strong>Flacon : <\/strong>0.5ml, 1ml<\/p>\n<ul>\n<li>\u00a0100% pur et sans dilution<\/li>\n<li>\u00a0100% aucun autre additif<\/li>\n<li>\u00a0100 % sans parfum artificiel<\/li>\n<li>\u00a0100% sans coloration<\/li>\n<li>\u00a0100% sans fermentation alcoolique<\/li>\n<li>\u00a0Trempage 100% sans \u00e9thanol<\/li>\n<\/ul>\n","protected":false},"excerpt":{"rendered":"<p><strong>D\u00e9couvrez notre Huile de Oud Royal Maluku 2024 \u00e2g\u00e9e des \u00eeles des Moluques en Indon\u00e9sie&#8230;<\/strong><\/p>\n<p>Une \u0153uvre d\u2019art olfactive, distill\u00e9e en 2024 \u00e0 partir de bois d\u2019Agar sauvage des \u00eeles Moluques, d\u2019une qualit\u00e9 de grade Encens.<\/p>\n<p>Distill\u00e9 avec un savoir-faire artisanal d\u2019exception, ce Oud pure incarne la quintessence du Oud naturel. Un tr\u00e9sor rare, profond et irr\u00e9sistible, r\u00e9serv\u00e9 aux passionn\u00e9s en qu\u00eate de parfum ultra-niche et d&rsquo;exception.<\/p>\n<p><strong>Quantit\u00e9 tr\u00e8s limit\u00e9e, n&rsquo;attendez pas&#8230;<\/strong><\/p>\n","protected":false},"featured_media":26362,"comment_status":"open","ping_status":"closed","template":"","meta":[],"product_brand":[],"product_cat":[251,266,264],"product_tag":[],"class_list":{"0":"post-26360","1":"product","2":"type-product","3":"status-publish","4":"has-post-thumbnail","6":"product_cat-huile-de-oud-pure","7":"product_cat-huiles-de-oud-pure-single-bottle","8":"product_cat-huiles-de-oud-pure-parfums","9":"pa_quantity-0-5ml","10":"pa_quantity-1ml","12":"first","13":"instock","14":"shipping-taxable","15":"purchasable","16":"product-type-variable"},"_links":{"self":[{"href":"https:\/\/sabilycollection.com\/fr\/wp-json\/wp\/v2\/product\/26360","targetHints":{"allow":["GET"]}}],"collection":[{"href":"https:\/\/sabilycollection.com\/fr\/wp-json\/wp\/v2\/product"}],"about":[{"href":"https:\/\/sabilycollection.com\/fr\/wp-json\/wp\/v2\/types\/product"}],"replies":[{"embeddable":true,"href":"https:\/\/sabilycollection.com\/fr\/wp-json\/wp\/v2\/comments?post=26360"}],"wp:featuredmedia":[{"embeddable":true,"href":"https:\/\/sabilycollection.com\/fr\/wp-json\/wp\/v2\/media\/26362"}],"wp:attachment":[{"href":"https:\/\/sabilycollection.com\/fr\/wp-json\/wp\/v2\/media?parent=26360"}],"wp:term":[{"taxonomy":"product_brand","embeddable":true,"href":"https:\/\/sabilycollection.com\/fr\/wp-json\/wp\/v2\/product_brand?post=26360"},{"taxonomy":"product_cat","embeddable":true,"href":"https:\/\/sabilycollection.com\/fr\/wp-json\/wp\/v2\/product_cat?post=26360"},{"taxonomy":"product_tag","embeddable":true,"href":"https:\/\/sabilycollection.com\/fr\/wp-json\/wp\/v2\/product_tag?post=26360"}],"curies":[{"name":"wp","href":"https:\/\/api.w.org\/{rel}","templated":true}]}}