{"id":26364,"date":"2025-05-28T16:54:06","date_gmt":"2025-05-28T14:54:06","guid":{"rendered":"https:\/\/sabilycollection.com\/huile-de-oud-agee-malaisie-royal-hirta-2019-premiere-classe-grade-encens-pure-bois-dagar-dehn-al-oud-origine-malaisie\/"},"modified":"2026-03-10T21:52:46","modified_gmt":"2026-03-10T20:52:46","slug":"huile-de-oud-agee-malaisie-royal-hirta-2019-premiere-classe-grade-encens-pure-bois-dagar-dehn-al-oud-origine-malaisie","status":"publish","type":"product","link":"https:\/\/sabilycollection.com\/fr\/produit\/huile-de-oud-agee-malaisie-royal-hirta-2019-premiere-classe-grade-encens-pure-bois-dagar-dehn-al-oud-origine-malaisie\/","title":{"rendered":"Huile de Oud \u00c2g\u00e9e Malaisie Royal Hirta 2019 (Premi\u00e8re Classe Grade Encens) Pure Bois d\u2019Agar Dehn al Oud Origine Malaisie"},"content":{"rendered":"<p>Cette pure beaut\u00e9 de la nature et <strong>rare huile de Oud a \u00e9t\u00e9 distill\u00e9e en 2019<\/strong> en Malaisie par notre partenaire qui est un ancien distillateur chinois exp\u00e9riment\u00e9.<\/p>\n<p><strong>Cette Huile de Oud est g\u00e9n\u00e9ralement vendue aux clients de Singapour et Shanghai<\/strong>, mais suite aux demandes de nos clients nous avons souhait\u00e9 la rendre disponible sur notre boutique en ligne afin de satisfaire les plus grands amoureux du Oud, et <strong>vous faire d\u00e9couvrir la gamme la plus pr\u00e9cieuse et la plus prestigieuse du Oud\u00a0<\/strong> (meilleur que le grade Antique).<\/p>\n<p>Cette huile a \u00e9t\u00e9 <strong>distill\u00e9e uniquement \u00e0 partir de Oud sauvage Malaisien de Terengganu issu de l&rsquo;Aquilaria Hirta Spp, en utilisant un \u00e9quilibre de qualit\u00e9 entre le Tigerwood utilis\u00e9 dans les mat\u00e9riaux de fabrication de perles et en ajoutant une qualit\u00e9 d&rsquo;encens m\u00fbri pour obtenir des notes sucr\u00e9es et douces, le r\u00e9sultat est exceptionnel et le succ\u00e8s est parfait<\/strong>. Lorsqu&rsquo;un arbre atteint le stade de la production de bois de qualit\u00e9 coulante (Grade Sinking), cela signifie que la qualit\u00e9 du bois est de haute qualit\u00e9 et comporte une riche odeur.<\/p>\n<p>Avec ce Oud Malaisien vous plongerez dans les oc\u00e9ans sans rivages des fragrances les plus pr\u00e9cieuses qui vous transporteront dans le monde du Oud pur, le <strong>Oud vintage digne des plus grandes collections que l&rsquo;on puisse se procurer dans toute une vie&#8230;<\/strong><\/p>\n<p>Avec notre huile rare et tr\u00e8s pr\u00e9cieuse vous vivrez un voyage olfactif exceptionnel, et vous vivrez une exp\u00e9rience inoubliable dans votre vie.<\/p>\n<p>C&rsquo;est votre opportunit\u00e9 d&rsquo;obtenir un Oud sauvage malaisien 100% authentique, <strong>peut-\u00eatre la meilleure huile de Oud malaisienne que vous n&rsquo;ayez jamais essay\u00e9e<\/strong>. La quantit\u00e9 de cette huile est tr\u00e8s limit\u00e9e&#8230;<\/p>\n<p>Voici une petite description olfactive de notre Oud Malay Hirta (Candan)&#8230;<\/p>\n<p>L&rsquo;ouverture est assez intense, un ar\u00f4me <strong>sirupeux doux et frais<\/strong>, peut-\u00eatre des morceaux de perles de bois de tigre, avec une charge de parfums multicouches difficiles \u00e0 d\u00e9crire lors de l&rsquo;application pr\u00e9coce. Mais l&rsquo;intensit\u00e9 n&rsquo;est pas du genre tr\u00e8s puissant, mais plut\u00f4t d&rsquo;une <strong>ambiance addictive<\/strong>. Une huile si propre, m\u00fbrie et immacul\u00e9e qui ne sentait rien d&rsquo;autre qu&rsquo;un bois d&rsquo;agar de haute qualit\u00e9 lui-m\u00eame.<\/p>\n<p>Puis, apr\u00e8s 5 \u00e0 10 minutes apr\u00e8s le balayage, le parfum a \u00e9volu\u00e9 vers quelque chose d&rsquo;encore meilleur. Mon nez pourrait rattraper les notes d&rsquo;ouverture addictives du Ouds Chips Terengganu Candan de haute qualit\u00e9 chauff\u00e9s \u00e0 basse temp\u00e9rature, ce qui est tr\u00e8s <strong>doux et miell\u00e9 magnifiquement. La menthe et l&rsquo;onctuosit\u00e9 pr\u00e9sentent \u00e0 l&rsquo;ouverture se sont att\u00e9nu\u00e9es \u00e0 ce stade et se sont bien m\u00e9lang\u00e9es aux vibrations de miel caram\u00e9lis\u00e9 au sirop avec une l\u00e9g\u00e8re amertume de feuilles de th\u00e9 bien vieillies qui cr\u00e9e un \u00e9l\u00e9gant parfum apaisant et tr\u00e8s relaxant.<\/strong><\/p>\n<p>A \u00e9galement obtenu un soup\u00e7on de douces <strong>notes florales blanches persiste sur le fond<\/strong>. Ce qui le rend si bon qu&rsquo;\u00e0 ce stade, les notes douces apaisantes continuent de s&rsquo;attarder pr\u00e8s de mon nez m\u00eame si je les ai gliss\u00e9es sur mon avant-bras. Et l&rsquo;ar\u00f4me devient plus doux et meilleur apr\u00e8s une demi-heure. \u00c9tonnamment, cet ar\u00f4me se rapproche \u00e9galement d&rsquo;un Oud birman de haute qualit\u00e9 et de Oud chips vietnamiennes chauff\u00e9es \u00e0 basse temp\u00e9rature. Tellement somptueux et additif !<\/p>\n<p>Et le s\u00e9chage m&rsquo;a donn\u00e9 envie de renifler mon avant-bras \u00e0 plusieurs reprises. L&rsquo;odeur et l&rsquo;onctuosit\u00e9 apaise th\u00e9rapeutiquement mon cerveau et mes nerfs. <strong>L&rsquo;ar\u00f4me \u00e0 ce stade n&rsquo;est rien de moins qu&rsquo;un Oud Chips de haute qualit\u00e9 et il dure environ 10 \u00e0 12 heures sur la peau<\/strong> avant de prendre un bain ou de me laver l&rsquo;avant-bras.<\/p>\n<p>Une si belle huile multicouche qui fut distill\u00e9e par un distillateur exp\u00e9riment\u00e9 et habile en utilisant une mati\u00e8re premi\u00e8re qui \u00e9tait sans aucun doute un bois de Candan (Aquilaria Hirta) de haute qualit\u00e9. Ce n&rsquo;est s\u00fbrement pas une huile moyenne que l&rsquo;on peut trouver sur le march\u00e9 malaisien dans cette gamme de prix !<\/p>\n<p><strong>Informations :<\/strong><\/p>\n<p>Issu du bois le plus cher et le plus pr\u00e9cieux au monde, cette huile de Oud est utilis\u00e9e par les plus grandes parfumeries mondiales afin de concevoir leur parfum de luxe.<\/p>\n<p>Ce pr\u00e9cieux produit de luxe de grande valeur est obtenu \u00e0 partir de plusieurs types d\u2019arbres d\u2019Asie du sud Est, le plus connu \u00e9tant l\u2019Aquilaria Malaccensis de part sa qualit\u00e9 et sa r\u00e9sine odorante exceptionnelle.<\/p>\n<p><strong>Ses vertus :<\/strong><\/p>\n<p>Le bois d\u2019Agar est \u00e9galement consid\u00e9r\u00e9 comme un aphrodisiaque tr\u00e8s puissant. Dans beaucoup de cultures, les femmes impr\u00e9gnaient leurs v\u00eatements aussi bien qu\u2019elles-m\u00eames de son parfum. C\u2019est sous forme huileuse que le bois de oud est couramment utilis\u00e9. Dans le monde arabe, son huile est employ\u00e9e pour se parfumer \u00e0 m\u00eame la peau. Elle est une mati\u00e8re premi\u00e8re essentielle dans la parfumerie du Moyen-Orient. Tr\u00e8s pr\u00e9cieuse, l\u2019huile d\u00e9veloppe un ar\u00f4me envo\u00fbtant, incroyablement raffin\u00e9 \u00e0 la fois brut et sophistiqu\u00e9.. Son parfum vous procurera du bien \u00eatre et dissipera votre stress. (\u0625\u0646 \u0634\u0627\u0621 \u0627\u0644\u0644\u0647)<\/p>\n<p><strong>Type de Oud :<\/strong> Ancien Oud Malaisien Terengganu Hirta (Candan)<\/p>\n<p>Hautement recommand\u00e9&#8230;<\/p>\n<p><strong>M\u00e9thode :<\/strong> Hydrodistillation avec marmite en cuivre<\/p>\n<p><strong>Origine :<\/strong> Malaisie (Aquilaria Hirta SPP Terengganu)<\/p>\n<p><strong>Date de distillation :<\/strong> 2019<\/p>\n<ul>\n<li>\u00a0100% pur et sans dilution<\/li>\n<li>\u00a0100% aucun autre additif<\/li>\n<li>\u00a0100% sans parfum artificiel<\/li>\n<li>\u00a0100% sans coloration<\/li>\n<li>\u00a0100% sans fermentation alcoolique<\/li>\n<li>\u00a0Trempage 100% sans \u00e9thanol<\/li>\n<\/ul>\n<p><strong>Flacon :<\/strong> 0,5ml, 1ml<\/p>\n","protected":false},"excerpt":{"rendered":"<p>Cette Huile de Oud Malaisienne \u00e2g\u00e9e provenant de l&rsquo;Aquilaria Hirta est <strong>un pur chef-d&rsquo;\u0153uvre<\/strong>, une \u0153uvre d&rsquo;art issue d&rsquo;une <strong>distillation de haute qualit\u00e9 qui vous plongera au summum de la beaut\u00e9 du Oud naturel.<\/strong><\/p>\n<p><strong>Une huile de Grade Encens<\/strong>, distill\u00e9e avec le plus grand des soins, utilisant un bois d&rsquo;Agar haut de gamme, pour obtenir un ar\u00f4me irr\u00e9sistible et hors du commun&#8230;<\/p>\n<p><strong>Une v\u00e9ritable bombe olfactive qui vous fera voyager dans le monde du Oud le plus haut de gamme.<\/strong><\/p>\n","protected":false},"featured_media":26366,"comment_status":"open","ping_status":"closed","template":"","meta":[],"product_brand":[],"product_cat":[251,266,264],"product_tag":[],"class_list":{"0":"post-26364","1":"product","2":"type-product","3":"status-publish","4":"has-post-thumbnail","6":"product_cat-huile-de-oud-pure","7":"product_cat-huiles-de-oud-pure-single-bottle","8":"product_cat-huiles-de-oud-pure-parfums","9":"pa_quantity-0-5ml","10":"pa_quantity-1ml","12":"first","13":"instock","14":"shipping-taxable","15":"purchasable","16":"product-type-variable"},"_links":{"self":[{"href":"https:\/\/sabilycollection.com\/fr\/wp-json\/wp\/v2\/product\/26364","targetHints":{"allow":["GET"]}}],"collection":[{"href":"https:\/\/sabilycollection.com\/fr\/wp-json\/wp\/v2\/product"}],"about":[{"href":"https:\/\/sabilycollection.com\/fr\/wp-json\/wp\/v2\/types\/product"}],"replies":[{"embeddable":true,"href":"https:\/\/sabilycollection.com\/fr\/wp-json\/wp\/v2\/comments?post=26364"}],"wp:featuredmedia":[{"embeddable":true,"href":"https:\/\/sabilycollection.com\/fr\/wp-json\/wp\/v2\/media\/26366"}],"wp:attachment":[{"href":"https:\/\/sabilycollection.com\/fr\/wp-json\/wp\/v2\/media?parent=26364"}],"wp:term":[{"taxonomy":"product_brand","embeddable":true,"href":"https:\/\/sabilycollection.com\/fr\/wp-json\/wp\/v2\/product_brand?post=26364"},{"taxonomy":"product_cat","embeddable":true,"href":"https:\/\/sabilycollection.com\/fr\/wp-json\/wp\/v2\/product_cat?post=26364"},{"taxonomy":"product_tag","embeddable":true,"href":"https:\/\/sabilycollection.com\/fr\/wp-json\/wp\/v2\/product_tag?post=26364"}],"curies":[{"name":"wp","href":"https:\/\/api.w.org\/{rel}","templated":true}]}}