{"id":26368,"date":"2025-06-05T10:19:55","date_gmt":"2025-06-05T08:19:55","guid":{"rendered":"https:\/\/sabilycollection.com\/oud-royal-brunei-age-bois-dagar-sauvage-grade-sinking\/"},"modified":"2026-02-03T04:15:57","modified_gmt":"2026-02-03T03:15:57","slug":"oud-royal-brunei-age-bois-dagar-sauvage-grade-sinking","status":"publish","type":"product","link":"https:\/\/sabilycollection.com\/fr\/produit\/oud-royal-brunei-age-bois-dagar-sauvage-grade-sinking\/","title":{"rendered":"Oud Royal Brunei \u00c2g\u00e9 Bois d\u2019Agar Sauvage Grade Sinking"},"content":{"rendered":"<p>R\u00e9colt\u00e9s depuis plusieurs ann\u00e9es, <strong>ces copeaux seront bient\u00f4t du pass\u00e9 dans l&rsquo;histoire du Oud sauvage&#8230;<\/strong><\/p>\n<p>Ce Royal Brunei peut incontestablement faire parti des <strong>Ouds vintage, un Oud pr\u00e9cieux devenu tr\u00e8s rare.<\/strong><\/p>\n<p>Les p\u00e9pites coulantes (dans l&rsquo;eau) comme celles-ci sont encore plus pris\u00e9es. Il suffit juste d&rsquo;avoir les pi\u00e8ces dans la main et de les sentir pour passer un moment inoubliable qui marque l&rsquo;\u00e2me et les sens tellement son odeur est exceptionnel et sensationnel. Comme nous le savons, le Brunei est un pays riche, c\u2019est pourquoi le gouvernement du Brunei prot\u00e8ge tr\u00e8s bien le bois d\u2019agar. Si un chasseur d\u2019oud est arr\u00eat\u00e9 au Brunei, il passera le reste de sa vie en prison. Pour cette raison, tout morceau d\u2019oud brun\u00e9ien original est tr\u00e8s rare et m\u00e9rite que nous le partagions avec nos familles ou nos amis les plus proches. De nombreux commer\u00e7ants vendent du oud malaisien comme \u00e9tant du oud brun\u00e9ien \u00e0 un prix plus \u00e9lev\u00e9 et les clients seront d\u00e9\u00e7us car en v\u00e9rit\u00e9 ce n\u2019est pas du vrai oud brun\u00e9ien.<\/p>\n<p><strong>Ces morceaux ont \u00e9t\u00e9 soigneusement s\u00e9lectionn\u00e9s et sont enti\u00e8rement r\u00e9sin\u00e9s<\/strong>, \u00e0 tel point qu\u2019elles coulent dans l\u2019eau en raison de la forte teneur en r\u00e9sine (c\u2019est-\u00e0-dire \u00abcoulant\u00bb).<\/p>\n<p><strong>Un oud de ce calibre, est un incontournable dans l&rsquo;arsenal de tout amateur de oud.<\/strong> Notre Royal Brunei a un ar\u00f4me addictif qui vous rappelle qu&rsquo;il s&rsquo;agit d&rsquo;un Oud d&rsquo;une \u00e9poque diff\u00e9rente, un ancien Oud \u00e0 la senteur exceptionnelle qui nous transporte dans un monde de senteurs \u00e9pic\u00e9es et bois\u00e9es marquant la m\u00e9moire de toute personne l&rsquo;ayant essay\u00e9.<\/p>\n<p><strong>Il suffit d&rsquo;un petit morceau sur votre charbon pour parfumer votre maison durant des heures.<\/strong> Toutes les pi\u00e8ces sont pleines d&rsquo;huile, cette huile si pr\u00e9cieuse dans la parfumerie et qui peut atteindre des co\u00fbts extr\u00eamement \u00e9lev\u00e9s.<\/p>\n<p>La quantit\u00e9 de ce Sinking Brunei est tr\u00e8s limit\u00e9, ne tardez pas \u00e0 acqu\u00e9rir ce fabuleux tr\u00e9sor naturel sorti tout droit de la jungle d&rsquo;un arbre \u00e2g\u00e9 de l&rsquo;\u00eele de Born\u00e9o!<\/p>\n<p><strong>Conseil d&rsquo;utilisation pour le Oud Sinking Brunei :<\/strong><\/p>\n<p>Avec notre Oud Sinking Brunei vous allez profiter d&rsquo;un voyage olfactif exceptionnel qui vous offrira un ar\u00f4me pure et une exp\u00e9rience unique. Nous recommandons tr\u00e8s fortement l&rsquo;utilisation d&rsquo;une couche d&rsquo;aluminium sur votre charbon ardent afin de prolonger la dur\u00e9e de combustion et de vous garantir un ar\u00f4me d&rsquo;une puret\u00e9 et d&rsquo;une finesse exceptionnelle !<\/p>\n<p><strong>Ses vertus :<\/strong><\/p>\n<p>Le bois d\u2019Agar est \u00e9galement consid\u00e9r\u00e9 comme un aphrodisiaque tr\u00e8s puissant. Dans beaucoup de cultures, les femmes impr\u00e9gnaient leurs v\u00eatements aussi bien qu\u2019elles-m\u00eames de son parfum. Utilis\u00e9 en m\u00e9decine, le bois d\u2019Agar est un rem\u00e8de pour les d\u00e9sordres nerveux tels que la n\u00e9vrose, le comportement obs\u00e9dant, et l\u2019\u00e9puisement. Il est fortement psychoactif et permet un rapprochement avec notre c\u00f4t\u00e9 spirituel. C\u2019est pourquoi, il est l\u2019encens de m\u00e9ditation par excellence, apportant l\u2019\u00e9nergie au centre et calmant l\u2019esprit. Son odeur vous procurera du bien \u00eatre et dissipera votre stress.<\/p>\n<p>On lui attribue des bienfaits contre les maux de ventre, certaines maladies cardio-vasculaires, les neuropathies, naus\u00e9es ou l\u2019asthme. Il est m\u00eame largement utilis\u00e9 par l\u2019industrie pharmaceutique car naturellement riche en terp\u00e9no\u00efdes (s\u00e9datif et anxiolytique naturel) ainsi qu\u2019en polyph\u00e9nols (antioxydant naturel). Il facilite aussi la digestion. Ses vertus m\u00e9dicinales ont \u00e9t\u00e9 prouv\u00e9es notamment pour les troubles du sommeil, le cholest\u00e9rol et bien plus encore\u2026<\/p>\n<p>Sa raret\u00e9, et ses nombreuses vertus, font donc du bois d\u2019agar un bois pr\u00e9cieux extr\u00eamement recherch\u00e9, et donc extr\u00eamement co\u00fbteux.<\/p>\n<p><strong>Ses notes :<\/strong> safran, bois\u00e9es, \u00e9pic\u00e9es, menthe, noix<\/p>\n<p><strong>R\u00e9gion :<\/strong> Brunei (\u00eele de Born\u00e9o)<\/p>\n<p>Bois d\u2019Agar sauvage 100% naturel<\/p>\n<p><strong>Grade :<\/strong> Sinking<\/p>\n<p>Tr\u00e8s longue tenue<\/p>\n<p>&nbsp;<\/p>\n","protected":false},"excerpt":{"rendered":"<p style=\"text-align: left;\">Le Royal Sinking Brunei&#8230;<\/p>\n<p><strong>Un oud somptueux et exceptionnel charg\u00e9 en r\u00e9sine qui fait parti des anciens Ouds<\/strong> et qui impressionnera tous les amateurs de Oud.<\/p>\n","protected":false},"featured_media":26385,"comment_status":"open","ping_status":"closed","template":"","meta":[],"product_brand":[],"product_cat":[263,245],"product_tag":[],"class_list":{"0":"post-26368","1":"product","2":"type-product","3":"status-publish","4":"has-post-thumbnail","6":"product_cat-lencens-oud-bois-dagar","7":"product_cat-les-encens-dexcellence","9":"first","10":"instock","11":"featured","12":"shipping-taxable","13":"purchasable","14":"product-type-variable","15":"has-default-attributes"},"_links":{"self":[{"href":"https:\/\/sabilycollection.com\/fr\/wp-json\/wp\/v2\/product\/26368","targetHints":{"allow":["GET"]}}],"collection":[{"href":"https:\/\/sabilycollection.com\/fr\/wp-json\/wp\/v2\/product"}],"about":[{"href":"https:\/\/sabilycollection.com\/fr\/wp-json\/wp\/v2\/types\/product"}],"replies":[{"embeddable":true,"href":"https:\/\/sabilycollection.com\/fr\/wp-json\/wp\/v2\/comments?post=26368"}],"wp:featuredmedia":[{"embeddable":true,"href":"https:\/\/sabilycollection.com\/fr\/wp-json\/wp\/v2\/media\/26385"}],"wp:attachment":[{"href":"https:\/\/sabilycollection.com\/fr\/wp-json\/wp\/v2\/media?parent=26368"}],"wp:term":[{"taxonomy":"product_brand","embeddable":true,"href":"https:\/\/sabilycollection.com\/fr\/wp-json\/wp\/v2\/product_brand?post=26368"},{"taxonomy":"product_cat","embeddable":true,"href":"https:\/\/sabilycollection.com\/fr\/wp-json\/wp\/v2\/product_cat?post=26368"},{"taxonomy":"product_tag","embeddable":true,"href":"https:\/\/sabilycollection.com\/fr\/wp-json\/wp\/v2\/product_tag?post=26368"}],"curies":[{"name":"wp","href":"https:\/\/api.w.org\/{rel}","templated":true}]}}