{"id":26386,"date":"2025-06-09T17:24:35","date_gmt":"2025-06-09T15:24:35","guid":{"rendered":"https:\/\/sabilycollection.com\/pure-huile-essentielle-de-bois-de-santal-indonesien-iles-de-la-sonde-orientales-biologique-de-qualite-therapeutique-pour-la-peau-et-laromatherapie\/"},"modified":"2026-04-14T17:02:22","modified_gmt":"2026-04-14T15:02:22","slug":"pure-huile-essentielle-de-bois-de-santal-indonesien-iles-de-la-sonde-orientales-biologique-de-qualite-therapeutique-pour-la-peau-et-laromatherapie","status":"publish","type":"product","link":"https:\/\/sabilycollection.com\/fr\/produit\/pure-huile-essentielle-de-bois-de-santal-indonesien-iles-de-la-sonde-orientales-biologique-de-qualite-therapeutique-pour-la-peau-et-laromatherapie\/","title":{"rendered":"Pure Huile Essentielle de Bois de Santal Indon\u00e9sien NTT (\u00celes de la Sonde Orientales) Biologique de qualit\u00e9 th\u00e9rapeutique"},"content":{"rendered":"<h2><strong><span style=\"font-size: 16px;\">Huile de Sandalwood de Nusa Tenggara Oriental L\u2019Essence Pr\u00e9cieuse de l\u2019Indon\u00e9sie\u2026<\/span><\/strong><\/h2>\n<p>D\u00e9couvrez notre huile essentielle de bois de santal biologique d&rsquo;une raret\u00e9 exceptionnelle (qualit\u00e9 th\u00e9rapeutique pour l\u2019aromath\u00e9rapie et la peau), distill\u00e9e au c\u0153ur des \u00eeles orientales de l\u2019Indon\u00e9sie, dans la r\u00e9gion du Nusa Tenggara oriental.<\/p>\n<p><span style=\"font-size: 16px;\"><strong>R\u00e9put\u00e9e pour produire la meilleure qualit\u00e9 de santal du pays<\/strong>, cette r\u00e9gion volcanique au climat sec et aux sols min\u00e9raux conf\u00e8re \u00e0 son bois des propri\u00e9t\u00e9s uniques, bien sup\u00e9rieures \u00e0 celles d\u2019autres zones comme Java ou Sulawesi. Le bois de santal de Sumatra contient une teneur en santalol inf\u00e9rieure \u00e0 celle du bois de santal provenant des Petites \u00eeles de la Sonde orientales (East Nusa Tenggara). C\u2019est pourquoi nous avons soigneusement s\u00e9lectionn\u00e9 uniquement le bois de santal issu de cette r\u00e9gion d\u2019Indon\u00e9sie, r\u00e9put\u00e9e pour sa richesse et sa puret\u00e9 .<\/span><\/p>\n<p><iframe loading=\"lazy\" title=\"Pure Sandalwood Oil East Nusa Tenggara Indonesia High quality #sandalwoodoil #sandalwood #candan\" width=\"980\" height=\"551\" src=\"https:\/\/www.youtube.com\/embed\/OS2082yVCLw?feature=oembed\" frameborder=\"0\" allow=\"accelerometer; autoplay; clipboard-write; encrypted-media; gyroscope; picture-in-picture; web-share\" referrerpolicy=\"strict-origin-when-cross-origin\" allowfullscreen><\/iframe><\/p>\n<p>Ce santal des \u00eeles de la Sonde, souvent compar\u00e9 au l\u00e9gendaire santal de Mysore, se distingue par son ar\u00f4me profond, doux et cr\u00e9meusement bois\u00e9, m\u00ealant chaleur, sophistication et puissance olfactive. Il est extrait de bois r\u00e9colt\u00e9 de mani\u00e8re responsable, provenant d\u2019arbres matures \u00e2g\u00e9s d&rsquo;environ 40 ans, garantissant une concentration optimale en Alpha santalol de plus de 69%, la mol\u00e9cule active \u00e0 l\u2019origine de ses multiples bienfaits.<\/p>\n<h4><strong><a href=\"https:\/\/sabilycollection.com\/wp-content\/uploads\/2025\/05\/1747838938116.jpg\"><img loading=\"lazy\" decoding=\"async\" class=\"wp-image-25110 alignleft\" src=\"https:\/\/sabilycollection.com\/wp-content\/uploads\/2025\/05\/1747838938116-187x300.jpg\" alt=\"\" width=\"178\" height=\"286\" srcset=\"https:\/\/sabilycollection.com\/wp-content\/uploads\/2025\/05\/1747838938116-187x300.jpg 187w, https:\/\/sabilycollection.com\/wp-content\/uploads\/2025\/05\/1747838938116-639x1024.jpg 639w, https:\/\/sabilycollection.com\/wp-content\/uploads\/2025\/05\/1747838938116-768x1231.jpg 768w, https:\/\/sabilycollection.com\/wp-content\/uploads\/2025\/05\/1747838938116-416x667.jpg 416w, https:\/\/sabilycollection.com\/wp-content\/uploads\/2025\/05\/1747838938116.jpg 900w\" sizes=\"auto, (max-width: 178px) 100vw, 178px\" \/><\/a>Une huile aux vertus exceptionnelles\u2026\u00a0<\/strong><\/h4>\n<p>L\u2019huile de sandalwood des \u00eeles de la Sonde n\u2019est pas seulement pr\u00e9cieuse par son parfum : c\u2019est un v\u00e9ritable \u00e9lixir polyvalent aux multiples usages.<\/p>\n<p><strong>L\u2019alpha-santalol et ses b\u00e9n\u00e9fices<\/strong><\/p>\n<p>Il est reconnu pour ses puissantes propri\u00e9t\u00e9s anti-\u00e2ge, aidant \u00e0 r\u00e9g\u00e9n\u00e9rer la peau et \u00e0 pr\u00e9server son \u00e9clat de jeunesse.<\/p>\n<p><strong>Cr\u00e9ation de parfums de luxe (parfum ultra-niche)\u00a0<\/strong><\/p>\n<p>Gr\u00e2ce \u00e0 sa richesse aromatique et sa capacit\u00e9 \u00e0 fixer les notes volatiles, elle est un ingr\u00e9dient de choix pour les parfumeurs les plus exigeants.<\/p>\n<p><strong>Apaise le mental et r\u00e9duit le stress<\/strong><\/p>\n<p>Gr\u00e2ce \u00e0 son parfum doux et bois\u00e9, elle procure un effet calmant, apaise les tensions nerveuses et favorise un \u00e9tat de s\u00e9r\u00e9nit\u00e9 int\u00e9rieure.<\/p>\n<p><strong>Soulage les inflammations cutan\u00e9es<\/strong><\/p>\n<p>Elle poss\u00e8de des propri\u00e9t\u00e9s anti-inflammatoires qui aident \u00e0 calmer les irritations, les rougeurs et certaines affections de la peau comme l\u2019ecz\u00e9ma ou les boutons.<\/p>\n<p><strong>Purifie et \u00e9quilibre la peau<\/strong><\/p>\n<p>Elle aide \u00e0 r\u00e9guler l\u2019exc\u00e8s de s\u00e9bum, resserre les pores, et am\u00e9liore la clart\u00e9 du teint, tout en respectant les peaux sensibles.<\/p>\n<p><strong>Vertus relaxantes favorisant le sommeil<\/strong><\/p>\n<p>Utilis\u00e9e en diffusion ou appliqu\u00e9e localement (dilu\u00e9e), elle favorise la d\u00e9tente musculaire et nerveuse, id\u00e9ale avant le coucher.<\/p>\n<p><strong>Parfum naturel noble et discret<\/strong><\/p>\n<p>Tr\u00e8s appr\u00e9ci\u00e9 pour sa douceur et sa chaleur, il peut \u00eatre port\u00e9 comme parfum personnel.<\/p>\n<p><strong>Renforce la sensation de bien-\u00eatre<\/strong><\/p>\n<p>En usage mod\u00e9r\u00e9, son parfum contribue \u00e0 cr\u00e9er une ambiance paisible et \u00e9quilibr\u00e9e, favorable au repos et au recueillement.<\/p>\n<p><strong>Soutient la vitalit\u00e9<\/strong><\/p>\n<p>Par massage (avec une huile v\u00e9g\u00e9tale), elle aide \u00e0 tonifier le corps, r\u00e9duire la fatigue et fa voriser une meilleure circulation.<\/p>\n<p><strong style=\"font-size: 1.41575em;\"><a href=\"https:\/\/sabilycollection.com\/wp-content\/uploads\/2025\/05\/1747838938102.jpg\"><img loading=\"lazy\" decoding=\"async\" class=\"size-medium wp-image-25111 alignleft\" src=\"https:\/\/sabilycollection.com\/wp-content\/uploads\/2025\/05\/1747838938102-242x300.jpg\" alt=\"\" width=\"242\" height=\"300\" srcset=\"https:\/\/sabilycollection.com\/wp-content\/uploads\/2025\/05\/1747838938102-242x300.jpg 242w, https:\/\/sabilycollection.com\/wp-content\/uploads\/2025\/05\/1747838938102-827x1024.jpg 827w, https:\/\/sabilycollection.com\/wp-content\/uploads\/2025\/05\/1747838938102-768x951.jpg 768w, https:\/\/sabilycollection.com\/wp-content\/uploads\/2025\/05\/1747838938102-416x515.jpg 416w, https:\/\/sabilycollection.com\/wp-content\/uploads\/2025\/05\/1747838938102.jpg 1080w\" sizes=\"auto, (max-width: 242px) 100vw, 242px\" \/><\/a><\/strong><strong style=\"font-size: 1.618em;\">Un luxe rare, authentique et naturel\u2026\u00a0<\/strong><\/p>\n<p>100 % pure, sans additifs ni dilution, cette huile de sandalwood indon\u00e9sienne est\u00a0<strong>une v\u00e9ritable quintessence du bois pr\u00e9cieux<\/strong>, id\u00e9ale pour les amateurs de mati\u00e8res nobles, les cr\u00e9ateurs de parfums et les passionn\u00e9s d\u2019aromath\u00e9rapie.<\/p>\n<p>Un flacon suffit \u00e0 comprendre pourquoi le santal des \u00eeles de la Sonde est\u00a0<strong>le joyau cach\u00e9 de l\u2019Indon\u00e9sie<\/strong>.<\/p>\n<p><strong>Localisation :<\/strong> NTT Indon\u00e9sie (Petites \u00eeles de la Sonde Orientales)<\/p>\n<p><strong>Qualit\u00e9 :<\/strong> Haute qualit\u00e9 de bois de Santal Indon\u00e9sien<\/p>\n<p><strong>Type de Distillation :<\/strong>\u00a0Distillation \u00e0 la vapeur d\u2019eau<\/p>\n<p><strong>Date de distillation :<\/strong> Juin 2025<\/p>\n<p><strong>Age de l&rsquo;arbre<\/strong> : estim\u00e9 entre 25 et 40 ans<\/p>\n<p><strong>Esp\u00e8ce :<\/strong>\u00a0Santalum album (comme en Inde), Bois de Santal sauvage 100% naturel<\/p>\n<p><strong>Ar\u00f4me :<\/strong>\u00a0Doux, cr\u00e9meux, bois\u00e9 avec une chaleur persistante<\/p>\n<p><strong>Utilisation :<\/strong> Tr\u00e8s appr\u00e9ci\u00e9 en parfumerie fine et en aromath\u00e9rapie<\/p>\n<p><strong>Alpha Santalol + Beta Santalol :<\/strong> 69% au minimum<\/p>\n<p><strong>T\u00eate :<\/strong>\u00a0Bois lact\u00e9 \u2013 cr\u00e8me de santal \u2013 nuances douces de coco<\/p>\n<p><strong>C\u0153ur :<\/strong>\u00a0Facette dor\u00e9e \u2013 bois chaud \u2013 touche amand\u00e9e \u2013 \u00e9pices douces<\/p>\n<p><strong>Fond :<\/strong>\u00a0Balsamique \u2013 encens bois\u00e9 \u2013 notes terreuses \u2013 fum\u00e9e subtile<\/p>\n<p><strong>Flacon:<\/strong>\u00a03ml, 6ml et 12ml<\/p>\n<p><strong style=\"font-size: 1.41575em;\">\u00a0<\/strong><\/p>\n","protected":false},"excerpt":{"rendered":"<p><strong>Vivez l&rsquo;Excellence Authentique avec notre Huile Essentielle de Santal&#8230;\u00a0<\/strong><\/p>\n<p>Provenant de la magnifique r\u00e9gion de Nusa Tenggara Est en Indon\u00e9sie, cette huile essentielle de santal de haute qualit\u00e9 offre un parfum bois\u00e9 et chaleureux, aux douces nuances cr\u00e9meuses. Bien qu\u2019elle ne soit pas aussi rare que notre qualit\u00e9 premium, elle demeure un choix remarquable pour les amateurs de santal naturel et raffin\u00e9.<\/p>\n<p>Parfaite pour la parfumerie, les soins de la peau ou les rituels de bien-\u00eatre quotidiens, elle capture l\u2019\u00e2me du santal indon\u00e9sien avec \u00e9l\u00e9gance et profondeur, dans une version plus accessible.<\/p>\n<p>Une seule goutte suffit pour r\u00e9v\u00e9ler le caract\u00e8re authentique de ce bois intemporel.<\/p>\n","protected":false},"featured_media":26387,"comment_status":"open","ping_status":"closed","template":"","meta":[],"product_brand":[],"product_cat":[250,264,267],"product_tag":[],"class_list":{"0":"post-26386","1":"product","2":"type-product","3":"status-publish","4":"has-post-thumbnail","6":"product_cat-huile-de-bois-de-santal","7":"product_cat-huiles-de-oud-pure-parfums","8":"product_cat-huiles-essentielles-pures-aromatherapie","9":"pa_quantity-12ml","10":"pa_quantity-3ml","11":"pa_quantity-6ml","13":"first","14":"instock","15":"shipping-taxable","16":"purchasable","17":"product-type-variable"},"_links":{"self":[{"href":"https:\/\/sabilycollection.com\/fr\/wp-json\/wp\/v2\/product\/26386","targetHints":{"allow":["GET"]}}],"collection":[{"href":"https:\/\/sabilycollection.com\/fr\/wp-json\/wp\/v2\/product"}],"about":[{"href":"https:\/\/sabilycollection.com\/fr\/wp-json\/wp\/v2\/types\/product"}],"replies":[{"embeddable":true,"href":"https:\/\/sabilycollection.com\/fr\/wp-json\/wp\/v2\/comments?post=26386"}],"wp:featuredmedia":[{"embeddable":true,"href":"https:\/\/sabilycollection.com\/fr\/wp-json\/wp\/v2\/media\/26387"}],"wp:attachment":[{"href":"https:\/\/sabilycollection.com\/fr\/wp-json\/wp\/v2\/media?parent=26386"}],"wp:term":[{"taxonomy":"product_brand","embeddable":true,"href":"https:\/\/sabilycollection.com\/fr\/wp-json\/wp\/v2\/product_brand?post=26386"},{"taxonomy":"product_cat","embeddable":true,"href":"https:\/\/sabilycollection.com\/fr\/wp-json\/wp\/v2\/product_cat?post=26386"},{"taxonomy":"product_tag","embeddable":true,"href":"https:\/\/sabilycollection.com\/fr\/wp-json\/wp\/v2\/product_tag?post=26386"}],"curies":[{"name":"wp","href":"https:\/\/api.w.org\/{rel}","templated":true}]}}