{"id":26397,"date":"2025-10-02T12:00:02","date_gmt":"2025-10-02T10:00:02","guid":{"rendered":"https:\/\/sabilycollection.com\/huile-de-oud-laos-agee-2019-grade-antique-bois-dagar-pure-dehn-al-oud-origine-laos\/"},"modified":"2026-04-15T16:26:57","modified_gmt":"2026-04-15T14:26:57","slug":"huile-de-oud-laos-agee-2019-grade-antique-bois-dagar-pure-dehn-al-oud-origine-laos","status":"publish","type":"product","link":"https:\/\/sabilycollection.com\/fr\/produit\/huile-de-oud-laos-agee-2019-grade-antique-bois-dagar-pure-dehn-al-oud-origine-laos\/","title":{"rendered":"Huile de Oud Laos \u00c2g\u00e9e 2019 (Grade Antique) Bois d\u2019Agar Pure Dehn Al Oud Origine Laos"},"content":{"rendered":"<p>Avec notre <strong>Oud Laosi Antique<\/strong> vous allez assur\u00e9ment voyager dans l\u2019univers du raffinement&#8230; <strong>Distill\u00e9e en 2019 et vieillie pendant 7 ans pour r\u00e9v\u00e9ler toute sa noblesse<\/strong>, ce Oud est un v\u00e9ritable tr\u00e9sor, un Oud vintage qui incarne l\u2019essence du luxe.<\/p>\n<p>Chaque goutte raconte l\u2019histoire ancestrale de ces arbres de bois d&rsquo;Agar producteur de Oud, cet Encens royal au profil olfactif incomparable, une r\u00e9sine fa\u00e7onn\u00e9e par des d\u00e9cennies de maturation naturelle. <strong>Ses notes fruit\u00e9es \u00e9clatantes et ses accords bois\u00e9s<\/strong> intenses se marient avec de <strong>subtiles touches de miel, de vanille et d\u2019\u00e9pices,<\/strong> composant une symphonie olfactive rare.<\/p>\n<p>D\u00e8s l\u2019ouverture, son caract\u00e8re abondamment <strong>fruit\u00e9<\/strong> s\u00e9duit par des <strong>notes de myrtilles fra\u00eeches et de pamplemousse<\/strong>, avant de s\u2019ancrer dans une profondeur bois\u00e9e persistante. Une alchimie parfaite pour les amateurs de senteurs complexes et raffin\u00e9es. Porter cette huile de Oud c\u2019est entreprendre un v\u00e9ritable voyage sensoriel, une exp\u00e9rience de luxe qui unit tradition et \u00e9l\u00e9gance intemporelle. Elle s\u2019impr\u00e8gne de votre identit\u00e9 et laisse derri\u00e8re vous une aura distinctive, \u00e0 la fois noble et inoubliable. C\u2019est comme raviver l\u2019\u00e9clat d\u2019un pass\u00e9 fastueux, une \u00e9poque o\u00f9 la sophistication r\u00e9gnait sans partage.<\/p>\n<p>Notre Laos Antique 2019 devient ainsi le prolongement de votre histoire personnelle, inscrivant une empreinte durable dans le temps. C\u2019est une invitation \u00e0 explorer l\u2019exceptionnel, \u00e0 plonger au c\u0153ur de l\u2019Asie mystique tout en c\u00e9l\u00e9brant la puret\u00e9 d\u2019un <strong>Oud vintage d\u2019exception.<\/strong><\/p>\n<p>Poss\u00e9der notre Oud Laosi Antique 2019 est un investissement dans l\u2019\u00e9l\u00e9gance et la raret\u00e9, un <strong>tr\u00e9sor olfactif<\/strong> qui honore le patrimoine et la tradition laissant un <strong>sillage fort<\/strong> que tout le monde autour de vous aura l&rsquo;honneur de sentir en se demandant ce que vous portez comme \u00e9lixir exceptionnel et fascinant!<\/p>\n<p>Laissez-vous s\u00e9duire par cette essence unique d&rsquo;une richesse intense et complexe \u00e0 la fois, et qui transcende les \u00e9poques. <strong>Elle deviendra rapidement votre nouvelle signature olfactive<\/strong> qui marquera les esprits de tout ceux que vous croiserez sur votre chemin mais aussi pour le reste de votre vie&#8230;<\/p>\n<p><strong>Informations :<\/strong><\/p>\n<p>Issu du bois le plus cher et le plus pr\u00e9cieux au monde, cette huile de Oud est utilis\u00e9e par les plus grandes parfumeries mondiales afin de concevoir leur parfum de luxe. Ce pr\u00e9cieux produit de luxe de grande valeur est obtenu \u00e0 partir de plusieurs types d\u2019arbres d\u2019Asie du sud Est, le plus connu \u00e9tant l\u2019Aquilaria Malaccensis de part sa qualit\u00e9 et sa r\u00e9sine odorante exceptionnelle.<\/p>\n<p><strong>Ses vertus :<\/strong><\/p>\n<p>Le bois d\u2019Agar est \u00e9galement consid\u00e9r\u00e9 comme un aphrodisiaque tr\u00e8s puissant. Dans beaucoup de cultures, les femmes impr\u00e9gnaient leurs v\u00eatements aussi bien qu\u2019elles-m\u00eames de son parfum. C\u2019est sous forme huileuse que le bois de oud est couramment utilis\u00e9. Dans le monde arabe, son huile est employ\u00e9e pour se parfumer \u00e0 m\u00eame la peau. Elle est une mati\u00e8re premi\u00e8re essentielle dans la parfumerie du Moyen-Orient. Tr\u00e8s pr\u00e9cieuse, l\u2019huile d\u00e9veloppe un ar\u00f4me envo\u00fbtant, incroyablement raffin\u00e9 \u00e0 la fois brut et sophistiqu\u00e9.. Son parfum vous procurera du bien \u00eatre et dissipera votre stress. (\u0625\u0646 \u0634\u0627\u0621 \u0627\u0644\u0644\u0647)<\/p>\n<p><strong>Oud ancien ! (Vintage)<\/strong><\/p>\n<p>Grade Antique (au-dessus du grade Malaki)<\/p>\n<p><strong>Date de distillation :<\/strong> 2019<\/p>\n<p><strong>\u00c9quipement utilis\u00e9 :<\/strong> alambic en cuivre<\/p>\n<p><strong>Copeaux de oud tremp\u00e9s :<\/strong> 30 jours<\/p>\n<p><strong>R\u00e9gion :<\/strong> Phusung<\/p>\n<p><strong>Type de distillation :<\/strong> feu de bois<\/p>\n<p><strong>Tenue sur la peau :<\/strong> longue dur\u00e9e<\/p>\n<p><strong>Composition :<\/strong> \u00e9labor\u00e9 \u00e0 partir de bois d\u2019agar 100% naturel (Aquilaria crassna)<\/p>\n<p><strong>Excellente qualit\u00e9 !\u00a0<\/strong><\/p>\n<ul>\n<li>\u00a0100% pur et sans dilution<\/li>\n<li>\u00a0100% aucun autre additif<\/li>\n<li>\u00a0100% sans parfum artificiel<\/li>\n<li>\u00a0100% sans coloration<\/li>\n<li>\u00a0100% sans fermentation alcoolique<\/li>\n<li>\u00a0Trempage 100% sans \u00e9thanol<\/li>\n<\/ul>\n<p><strong>Notes :<\/strong> Fruit\u00e9e, animalique, myrtille, pamplemousse, florale, bois\u00e9e, miel, vanille, noisette<\/p>\n<p><strong>Flacon :<\/strong> 1ml, 3ml, 6ml, 12ml<\/p>\n","protected":false},"excerpt":{"rendered":"<p>D\u00e9couvrez notre <strong>Oud Trat Sweet Antique du Laos 2019, un vintage d\u2019une distinction rare.<\/strong> Distill\u00e9 \u00e0 partir d\u2019un bois d\u2019agar du Laos d\u2019une qualit\u00e9 remarquable, pr\u00e9cieux et longuement matur\u00e9, <strong>il d\u00e9voile une profondeur raffin\u00e9e qui d\u00e9fie le temps. <\/strong><\/p>\n<p>Son c\u0153ur bois\u00e9 et sucr\u00e9, magnifi\u00e9 par de fines touches de vanille et d\u2019\u00e9pices chaleureuses, s\u2019ouvre sur un parfum d\u2019une richesse somptueuse.<\/p>\n<p><strong>D\u00e9tenir cette huile de Oud, c\u2019est conserver un fragment d\u2019histoire<\/strong>, une exp\u00e9rience olfactive o\u00f9 tradition et \u00e9l\u00e9gance intemporelle se rejoignent. <strong>Un v\u00e9ritable joyau parmi les huiles de Oud de notre \u00e9poque&#8230;\u00a0<\/strong><\/p>\n","protected":false},"featured_media":26399,"comment_status":"open","ping_status":"closed","template":"","meta":[],"product_brand":[],"product_cat":[251,266,264],"product_tag":[338],"class_list":{"0":"post-26397","1":"product","2":"type-product","3":"status-publish","4":"has-post-thumbnail","6":"product_cat-huile-de-oud-pure","7":"product_cat-huiles-de-oud-pure-single-bottle","8":"product_cat-huiles-de-oud-pure-parfums","9":"product_tag-promo-15","10":"pa_quantity-12ml","11":"pa_quantity-1ml","12":"pa_quantity-3ml","13":"pa_quantity-6ml","15":"first","16":"instock","17":"shipping-taxable","18":"purchasable","19":"product-type-variable"},"_links":{"self":[{"href":"https:\/\/sabilycollection.com\/fr\/wp-json\/wp\/v2\/product\/26397","targetHints":{"allow":["GET"]}}],"collection":[{"href":"https:\/\/sabilycollection.com\/fr\/wp-json\/wp\/v2\/product"}],"about":[{"href":"https:\/\/sabilycollection.com\/fr\/wp-json\/wp\/v2\/types\/product"}],"replies":[{"embeddable":true,"href":"https:\/\/sabilycollection.com\/fr\/wp-json\/wp\/v2\/comments?post=26397"}],"wp:featuredmedia":[{"embeddable":true,"href":"https:\/\/sabilycollection.com\/fr\/wp-json\/wp\/v2\/media\/26399"}],"wp:attachment":[{"href":"https:\/\/sabilycollection.com\/fr\/wp-json\/wp\/v2\/media?parent=26397"}],"wp:term":[{"taxonomy":"product_brand","embeddable":true,"href":"https:\/\/sabilycollection.com\/fr\/wp-json\/wp\/v2\/product_brand?post=26397"},{"taxonomy":"product_cat","embeddable":true,"href":"https:\/\/sabilycollection.com\/fr\/wp-json\/wp\/v2\/product_cat?post=26397"},{"taxonomy":"product_tag","embeddable":true,"href":"https:\/\/sabilycollection.com\/fr\/wp-json\/wp\/v2\/product_tag?post=26397"}],"curies":[{"name":"wp","href":"https:\/\/api.w.org\/{rel}","templated":true}]}}