{"id":26407,"date":"2025-10-05T18:52:10","date_gmt":"2025-10-05T16:52:10","guid":{"rendered":"https:\/\/sabilycollection.com\/huile-de-oud-bois-dagar-golden-cambodi-pursat-agee-2023-grade-malaki-pure-dehn-al-oud-origine-cambodge\/"},"modified":"2026-04-16T11:21:54","modified_gmt":"2026-04-16T09:21:54","slug":"huile-de-oud-bois-dagar-golden-cambodi-pursat-agee-2023-grade-malaki-pure-dehn-al-oud-origine-cambodge","status":"publish","type":"product","link":"https:\/\/sabilycollection.com\/fr\/produit\/huile-de-oud-bois-dagar-golden-cambodi-pursat-agee-2023-grade-malaki-pure-dehn-al-oud-origine-cambodge\/","title":{"rendered":"Huile de Oud Bois d\u2019Agar Golden Cambodi Pursat \u00c2g\u00e9e 2023 (Grade Malaki) Pure Dehn Al Oud Origine Cambodge"},"content":{"rendered":"<p>Partez \u00e0 la d\u00e9couverte d\u2019un univers olfactif o\u00f9 la raret\u00e9 s\u2019unit \u00e0 la splendeur, \u00e0 travers notre huile pr\u00e9cieuse de Oud Cambodgien, <strong>extraite du bois sauvage des for\u00eats de Pursat,<\/strong> aujourd\u2019hui devenu si difficile \u00e0 trouver.<\/p>\n<p>Dans l\u2019univers raffin\u00e9 du Oud, certains d\u00e9tails suffisent \u00e0 r\u00e9v\u00e9ler la grandeur d\u2019une huile\u2026 et parmi eux, <strong>sa couleur. Notre Cambodi Pursat 2023 se distingue imm\u00e9diatement par son \u00e9clat dor\u00e9<\/strong>, une teinte lumineuse et royale qui attire le regard avant m\u00eame que le parfum n\u2019ait touch\u00e9 la peau. <strong>Cette nuance de couleur dor\u00e9-brun, rare et somptueuse, est la signature des Oud d\u2019exception<\/strong>, distill\u00e9s avec patience et d&rsquo;une parfaite ma\u00eetrise. Sa couleur dor\u00e9e tirant sur le brun refl\u00e8te la puret\u00e9 et la qualit\u00e9 du Oud.<\/p>\n<p><strong>Ce n\u2019est pas un hasard si cette huile affiche une telle splendeur visuelle. Elle est le fruit d\u2019une distillation lente et pr\u00e9cise, r\u00e9alis\u00e9e \u00e0 feu doux,<\/strong> selon les m\u00e9thodes traditionnelles qui pr\u00e9servent la quintessence du bois. Ce processus m\u00e9ticuleux permet de sublimer chaque note, chaque mol\u00e9cule aromatique, pour offrir un r\u00e9sultat d\u2019une puret\u00e9 remarquable. La couleur dor\u00e9e-brun\u00e2tre devient alors le reflet tangible de ce travail d\u2019orf\u00e8vre, comme un gage de noblesse et de perfection.<\/p>\n<p>Admirer ce liquide dor\u00e9 dans son flacon, c\u2019est d\u00e9j\u00e0 vivre une exp\u00e9rience en soi! on y per\u00e7oit la promesse d\u2019une fragrance rare, dense et raffin\u00e9e. C\u2019est une invitation \u00e0 poss\u00e9der non seulement une huile d\u2019exception, mais un v\u00e9ritable joyau, symbole de prestige et de tradition. <strong>Sa brillance visuelle se transforme en \u00e9clat olfactif, un parfum puissant, riche, fruit\u00e9 et bois\u00e9, qui incarne l\u2019excellence des grands Oud sauvages du Cambodge.<\/strong><\/p>\n<p>Cette essence est un v\u00e9ritable joyau, issue d\u2019arbres anciens impr\u00e9gn\u00e9s de m\u00e9moire et de si\u00e8cles d\u2019histoire. D\u00e8s que le flacon est ouvert, ce qui s\u2019en \u00e9chappe d\u00e9passe largement le cadre d\u2019un simple <strong>Oud cambodgien<\/strong>. Ce Pursat 2023 est une exp\u00e9rience sensorielle, une immersion profonde dans l\u2019\u00e2me de la nature et dans l\u2019h\u00e9ritage noble de l\u2019art du Oud.<\/p>\n<p>Chaque goutte de notre rare Oud Cambodi Pursat 2023 est le fruit d\u2019une longue patience et d\u2019un profond respect pour la nature. Elle provient de ces arbres d\u2019exception qui ont surv\u00e9cu aux \u00e9preuves du temps. Son profil olfactif se r\u00e9v\u00e8le \u00e0 la fois somptueux et tr\u00e8s \u00e9l\u00e9gant, <strong>domin\u00e9 par la brillance raffin\u00e9e des baies rouges qui insufflent une intensit\u00e9 fruit\u00e9e incomparable<\/strong>, magnifiant toute la composition et rappelant des si\u00e8cles de faste. Son bois puissant s\u2019accompagne de d\u00e9licates <strong>nuances de cuir, de terre et d\u2019\u00e9pices<\/strong>. Une touche gourmande de <strong>caramel<\/strong> vient sublimer l\u2019ensemble, conf\u00e9rant \u00e0 ce parfum une richesse fascinante. Chaque respiration d\u00e9voile une profondeur qui \u00e9voque le raffinement et la grandeur d\u2019autrefois, quand le Oud \u00e9tait r\u00e9serv\u00e9 aux \u00e9lites. <strong>Le Oud sauvage cambodgien, devenu rare et d\u00e9sormais si pr\u00e9cieux<\/strong>, est l\u2019expression supr\u00eame de la noblesse et de la raret\u00e9.<\/p>\n<p>V\u00e9ritable tr\u00e9sor de la nature, il a travers\u00e9 les \u00e2ges et chaque fragment de cette huile rend hommage \u00e0 son existence unique. Ces arbres, t\u00e9moins et gardiens de l\u2019histoire, ont offert une essence qui se transforme en hymne \u00e0 leur endurance. Ce Oud \u00e2g\u00e9 n\u2019est pas un simple parfum, mais bien un h\u00e9ritage vivant, une connexion intime avec l\u2019histoire du Oud sauvage du Cambodge, rappelant la grandeur de civilisations pass\u00e9es.<\/p>\n<p>\u00c0 son application, vous \u00eates envelopp\u00e9 dans un halo de majest\u00e9 olfactive, tel un h\u00e9ritier de la tradition et du prestige. La rencontre avec ce Oud Cambodgien provoque une v\u00e9ritable explosion sensorielle : une richesse foisonnante, <strong>une beaut\u00e9 rare et des notes qui semblent provenir d\u2019un autre monde<\/strong>\u2026 Ce tr\u00e9sor naturel \u00e9chappe aux mots, tant il \u00e9merveille les passionn\u00e9s de senteurs authentiques.<\/p>\n<p><strong>Parmi les huiles de Oud, celle-ci est un joyau indispensable pour les connaisseurs et les amateurs de parfums profonds et myst\u00e9rieux.<\/strong> Un Oud de cette qualit\u00e9 est une opportunit\u00e9 rare, un v\u00e9ritable tr\u00e9sor \u00e0 saisir avant qu\u2019il ne disparaisse.<\/p>\n<p><strong>Un choix vivement conseill\u00e9 !<\/strong><\/p>\n<p><strong>Informations :<\/strong><\/p>\n<p>Issu du bois le plus cher et le plus pr\u00e9cieux au monde, cette huile de Oud est utilis\u00e9e par les plus grandes parfumeries mondiales afin de concevoir leur parfum de luxe.<br \/>\nCe pr\u00e9cieux produit de luxe de grande valeur est obtenu \u00e0 partir de plusieurs types d\u2019arbres d\u2019Asie du sud Est, le plus connu \u00e9tant l\u2019Aquilaria Malaccensis de part sa qualit\u00e9 et sa r\u00e9sine odorante exceptionnelle.<\/p>\n<p><strong>Ses vertus :<\/strong><\/p>\n<p>Le bois d\u2019Agar est \u00e9galement consid\u00e9r\u00e9 comme un aphrodisiaque tr\u00e8s puissant. Dans beaucoup de cultures, les femmes impr\u00e9gnaient leurs v\u00eatements aussi bien qu\u2019elles-m\u00eames de son parfum. C\u2019est sous forme huileuse que le bois de oud est couramment utilis\u00e9.\u00a0 Dans le monde arabe, son huile est employ\u00e9e pour se parfumer \u00e0 m\u00eame la peau. Elle est une mati\u00e8re premi\u00e8re essentielle dans la parfumerie du Moyen-Orient. Tr\u00e8s pr\u00e9cieuse, l\u2019huile d\u00e9veloppe un ar\u00f4me envo\u00fbtant, incroyablement raffin\u00e9 \u00e0 la fois animal, brut et sophistiqu\u00e9.. Son parfum vous procurera du bien \u00eatre et dissipera votre stress. (\u0625\u0646 \u0634\u0627\u0621 \u0627\u0644\u0644\u0647)<\/p>\n<p>Produit d\u2019excellente qualit\u00e9!<\/p>\n<p>Tenue longue dur\u00e9e garanti<\/p>\n<p>Issue de Oud sauvage Aquilaria Crassna 100% naturel<\/p>\n<p><strong>Distillation :<\/strong> 2023<\/p>\n<p><strong>\u00c9quipement utilis\u00e9 :<\/strong> alambic en cuivre<\/p>\n<p><strong>Type de distillation :<\/strong> feu de bois<\/p>\n<p>Longue tenue sur la peau<\/p>\n<p>Distill\u00e9e \u00e0 partir de bois d\u2019agar 100 % naturel et sauvage (Aquilaria Crassna)<\/p>\n<ul>\n<li>\u00a0100% pur et sans dilution<\/li>\n<li>\u00a0100% aucun autre additif<\/li>\n<li>\u00a0100% sans parfum artificiel<\/li>\n<li>\u00a0100% sans coloration<\/li>\n<li>\u00a0100% sans fermentation alcoolique<\/li>\n<li>\u00a0Trempage 100% sans \u00e9thanol<\/li>\n<\/ul>\n<p><strong>Notes <\/strong>: Baies rouges, Bois\u00e9es, sucr\u00e9es, florales, caramel, noisette, Basse-cour (l\u00e9ger), menthe<\/p>\n<p><strong>Flacon :<\/strong> 1ml, 3ml, 6ml, 12ml<\/p>\n","protected":false},"excerpt":{"rendered":"<p>Notre huile de Oud pure du Cambodge Pursat 2023 <strong>s\u2019ouvre sur l\u2019\u00e9clat lumineux des baies rouges, vives et captivantes, qui conf\u00e8rent \u00e0 la composition une \u00e9l\u00e9gance fruit\u00e9e irr\u00e9sistible. <\/strong><\/p>\n<p>Elle se fond ensuite dans <strong>des accords floraux et sucr\u00e9s, d\u00e9licatement rehauss\u00e9s de notes de caramel et de noisette.<\/strong> Enfin, elle d\u00e9ploie une profondeur bois\u00e9e qui accompagne la journ\u00e9e avec gr\u00e2ce. <strong>Un parfum rare et distingu\u00e9, v\u00e9ritablement inoubliable !<\/strong><\/p>\n","protected":false},"featured_media":26409,"comment_status":"open","ping_status":"closed","template":"","meta":[],"product_brand":[],"product_cat":[251,266,264],"product_tag":[],"class_list":{"0":"post-26407","1":"product","2":"type-product","3":"status-publish","4":"has-post-thumbnail","6":"product_cat-huile-de-oud-pure","7":"product_cat-huiles-de-oud-pure-single-bottle","8":"product_cat-huiles-de-oud-pure-parfums","10":"first","11":"instock","12":"shipping-taxable","13":"purchasable","14":"product-type-variable","15":"has-default-attributes"},"_links":{"self":[{"href":"https:\/\/sabilycollection.com\/fr\/wp-json\/wp\/v2\/product\/26407","targetHints":{"allow":["GET"]}}],"collection":[{"href":"https:\/\/sabilycollection.com\/fr\/wp-json\/wp\/v2\/product"}],"about":[{"href":"https:\/\/sabilycollection.com\/fr\/wp-json\/wp\/v2\/types\/product"}],"replies":[{"embeddable":true,"href":"https:\/\/sabilycollection.com\/fr\/wp-json\/wp\/v2\/comments?post=26407"}],"wp:featuredmedia":[{"embeddable":true,"href":"https:\/\/sabilycollection.com\/fr\/wp-json\/wp\/v2\/media\/26409"}],"wp:attachment":[{"href":"https:\/\/sabilycollection.com\/fr\/wp-json\/wp\/v2\/media?parent=26407"}],"wp:term":[{"taxonomy":"product_brand","embeddable":true,"href":"https:\/\/sabilycollection.com\/fr\/wp-json\/wp\/v2\/product_brand?post=26407"},{"taxonomy":"product_cat","embeddable":true,"href":"https:\/\/sabilycollection.com\/fr\/wp-json\/wp\/v2\/product_cat?post=26407"},{"taxonomy":"product_tag","embeddable":true,"href":"https:\/\/sabilycollection.com\/fr\/wp-json\/wp\/v2\/product_tag?post=26407"}],"curies":[{"name":"wp","href":"https:\/\/api.w.org\/{rel}","templated":true}]}}