{"id":26415,"date":"2025-11-23T04:58:00","date_gmt":"2025-11-23T03:58:00","guid":{"rendered":"https:\/\/sabilycollection.com\/huiles-de-oud-pure-grade-malaki-serenity-box-18ml-dehn-al-oud-premium-coffret-luxe-oud-naturel\/"},"modified":"2026-02-01T15:38:37","modified_gmt":"2026-02-01T14:38:37","slug":"huiles-de-oud-pure-grade-malaki-serenity-box-18ml-dehn-al-oud-premium-coffret-luxe-oud-naturel","status":"publish","type":"product","link":"https:\/\/sabilycollection.com\/fr\/produit\/huiles-de-oud-pure-grade-malaki-serenity-box-18ml-dehn-al-oud-premium-coffret-luxe-oud-naturel\/","title":{"rendered":"Huiles de Oud Pure Grade Malaki Serenity Box 18ml | Dehn Al Oud Premium | Coffret Luxe Oud Naturel"},"content":{"rendered":"<p>Explorez notre gamme de <strong>Oud Malaki<\/strong> d\u2019Asie du Sud-Est et embarquez pour un voyage olfactif unique \u00e0 travers <strong>notre Box Serenity<\/strong> pleine de senteurs exquises en 3 flacons de 6ml.<\/p>\n<p>L\u2019huile de Oud, aussi connue sous le nom d\u2019huile de Bois d\u2019Agar ou Dehn Al Oud en arabe, est une essence parfum\u00e9e d\u2019une richesse in\u00e9gal\u00e9e, extraite du pr\u00e9cieux bois d\u2019Agar m\u00fbri dans les r\u00e9gions d\u2019Asie du Sud-Est. <strong>Nous avons m\u00e9ticuleusement choisi les meilleures huiles de Oud<\/strong> pour vous proposer cette essence naturelle et authentique, ch\u00e9rie par les parfumeries de renom \u00e0 travers le monde, plongeant au c\u0153ur de la culture orientale.<\/p>\n<p>Dans notre \u00e9l\u00e9gante Oud Box Serenity de <strong>Grade Malaki<\/strong>, vous d\u00e9couvrirez un \u00e9ventail exceptionnel de 3 flacons de 6ml, en<strong> provenance d\u2019Inde, du Laos, et de Malaisie,<\/strong> chacun r\u00e9v\u00e9lant la puissance et la qualit\u00e9 captivante du Oud. Laissez-vous transporter dans l\u2019univers myst\u00e9rieux et envo\u00fbtant de ces huiles de Oud uniques.<\/p>\n<p>Osez l\u2019exp\u00e9rience sensorielle de l\u2019huile de Oud pr\u00e9cieuse, et laissez-vous emporter vers des horizons lointains \u00e9veillant vos \u00e9motions et suscitant l\u2019admiration.<\/p>\n<p>Chaque flacon d\u2019huile de Oud contenu dans cette Box vous invite \u00e0 un <strong>voyage olfactif sans pareil.<\/strong> Explorez l\u2019art de la parfumerie orientale et plongez dans des ar\u00f4mes riches et <strong>incroyablement parfum\u00e9s.<\/strong><\/p>\n<p><strong>Les 3 flacons contenus dans notre Box Serenity (6ml de chaque type) sont les suivantes:<\/strong><\/p>\n<p>\u25aa\ufe0f Dehn al Oud Hindi Assam Malaki \u00c2g\u00e9e 2022<\/p>\n<p>\u25aa\ufe0f Dehn al Oud Malaysia Malaki Terengganu \u00c2g\u00e9e 2020<\/p>\n<p>\u25aa\ufe0f Dehn al Oud Laos Malaki \u00c2g\u00e9e 2019<\/p>\n<p><strong>Famille de parfum :<\/strong> Oriental<\/p>\n<p><strong>Type de parfum :<\/strong> Huile de Oud Pure 100% naturelle (non mix\u00e9e et sans produit chimique)<\/p>\n<p>\u2705 100 % pur et sans dilution<\/p>\n<p>\u2705 100% aucun autre additif<\/p>\n<p>\u2705 100 % sans parfum artificiel<\/p>\n<p>\u2705 100% sans coloration<\/p>\n<p>\u2705 100% sans fermentation alcoolique<\/p>\n<p>\u2705 Trempage 100 % sans \u00e9thanol<\/p>\n<p><strong>Contenance :<\/strong> 3 x 6ml<\/p>\n<p><strong>\u25aa\ufe0fMALAYSIA MALAKI TERENGGANU \u00c2G\u00c9E 2022<\/strong><\/p>\n<p>Une huile de Oud exceptionnelle, distill\u00e9e en 2020 \u00e0 Terengganu, en Malaisie. Ce Oud Malaisien offre une profondeur olfactive unique, parfaite pour les amateurs de senteurs nobles et raffin\u00e9es.<\/p>\n<p><strong>Notes :<\/strong> Sucr\u00e9e, chocolat noir, balsamique, ambr\u00e9e, douce, bois\u00e9e, terreuse, cuir de daim, noisette, menthe, f\u00e8ve tonka.<\/p>\n<p><strong>\u25aa\ufe0fHINDI ASSAM MALAKI \u00c2G\u00c9E 2022<\/strong><\/p>\n<p>Un Oud puissant et authentique, distill\u00e9 en 2022 dans la r\u00e9gion d\u2019Assam, en Inde. Ce Oud Hindi d\u00e9voile une personnalit\u00e9 sauvage et profonde, rappelant les for\u00eats humides et l\u2019intensit\u00e9 brute de la nature. Parfait pour les amateurs de Oud traditionnel au caract\u00e8re affirm\u00e9.<\/p>\n<p><strong>Notes :<\/strong> Cuir, ar\u00f4me fruit\u00e9 bois\u00e9, for\u00eats tropicales, \u00e9pic\u00e9es, fruits secs, basse-cour.<\/p>\n<p><strong>\u25aa\ufe0fLAOS MALAKI \u00c2G\u00c9E 2019<\/strong><\/p>\n<p>Un Oud laotien raffin\u00e9 et envo\u00fbtant, distill\u00e9 en 2019 et vieilli avec soin. Ce Oud Laosien r\u00e9v\u00e8le une belle complexit\u00e9, m\u00ealant douceur fruit\u00e9e, fra\u00eecheur d\u2019agrumes et touches fum\u00e9es sur un fond bois\u00e9 et floral. Une l\u00e9g\u00e8re touche animale vient enrichir cette composition, ajoutant profondeur et caract\u00e8re \u00e0 cette senteur \u00e0 la fois sauvage et \u00e9l\u00e9gante.<\/p>\n<p><strong>Notes :<\/strong> Sucr\u00e9es, r\u00e9glisse, agrumes, bois\u00e9es, florales, terreux, fum\u00e9es, cuir, baies rouges, foin, animalique.<\/p>\n","protected":false},"excerpt":{"rendered":"<p>D\u00e9couvrez notre captivante Collection de <strong>Oud Malaki<\/strong> \u00e0 travers notre <strong>Box Serenity\u2026<\/strong><\/p>\n<p>Plongez dans l\u2019univers fascinant du pure Oud, une exp\u00e9rience olfactive in\u00e9gal\u00e9e qui vous fera voyager au c\u0153ur des parfums les plus subtils et des essences les plus rares. Dans notre collection, vous d\u00e9couvrirez la richesse de l\u2019huile de Oud pure, <strong>un tr\u00e9sor naturel<\/strong> aux fragrances royales qui \u00e9veillera vos sens et vous transportera dans<strong> un monde de luxe et d\u2019authenticit\u00e9 olfactive exceptionnelle\u2026<\/strong><\/p>\n","protected":false},"featured_media":26416,"comment_status":"open","ping_status":"closed","template":"","meta":[],"product_brand":[],"product_cat":[260,252,251,265,264,256],"product_tag":[],"class_list":{"0":"post-26415","1":"product","2":"type-product","3":"status-publish","4":"has-post-thumbnail","6":"product_cat-coffret-cadeaux-huile-de-oud-format-6ml","7":"product_cat-coffrets-cadeaux-et-decouverte","8":"product_cat-huile-de-oud-pure","9":"product_cat-huiles-de-oud-pure-box","10":"product_cat-huiles-de-oud-pure-parfums","11":"product_cat-les-coffrets-cadeaux-huile-de-oud","13":"first","14":"instock","15":"sale","16":"shipping-taxable","17":"purchasable","18":"product-type-simple"},"_links":{"self":[{"href":"https:\/\/sabilycollection.com\/fr\/wp-json\/wp\/v2\/product\/26415","targetHints":{"allow":["GET"]}}],"collection":[{"href":"https:\/\/sabilycollection.com\/fr\/wp-json\/wp\/v2\/product"}],"about":[{"href":"https:\/\/sabilycollection.com\/fr\/wp-json\/wp\/v2\/types\/product"}],"replies":[{"embeddable":true,"href":"https:\/\/sabilycollection.com\/fr\/wp-json\/wp\/v2\/comments?post=26415"}],"wp:featuredmedia":[{"embeddable":true,"href":"https:\/\/sabilycollection.com\/fr\/wp-json\/wp\/v2\/media\/26416"}],"wp:attachment":[{"href":"https:\/\/sabilycollection.com\/fr\/wp-json\/wp\/v2\/media?parent=26415"}],"wp:term":[{"taxonomy":"product_brand","embeddable":true,"href":"https:\/\/sabilycollection.com\/fr\/wp-json\/wp\/v2\/product_brand?post=26415"},{"taxonomy":"product_cat","embeddable":true,"href":"https:\/\/sabilycollection.com\/fr\/wp-json\/wp\/v2\/product_cat?post=26415"},{"taxonomy":"product_tag","embeddable":true,"href":"https:\/\/sabilycollection.com\/fr\/wp-json\/wp\/v2\/product_tag?post=26415"}],"curies":[{"name":"wp","href":"https:\/\/api.w.org\/{rel}","templated":true}]}}