{"id":26417,"date":"2025-12-24T14:54:30","date_gmt":"2025-12-24T13:54:30","guid":{"rendered":"https:\/\/sabilycollection.com\/coffret-cadeau-encens-pack-luxury-oud-chips-lover\/"},"modified":"2026-02-03T03:59:56","modified_gmt":"2026-02-03T02:59:56","slug":"coffret-cadeau-encens-pack-luxury-oud-chips-lover","status":"publish","type":"product","link":"https:\/\/sabilycollection.com\/fr\/produit\/coffret-cadeau-encens-pack-luxury-oud-chips-lover\/","title":{"rendered":"Coffret Cadeau Encens Pack Luxury Oud Chips Lover"},"content":{"rendered":"<p>Nous avons le plaisir de vous pr\u00e9senter le <strong>Pack Cadeau Oud Lover Luxury.<\/strong><\/p>\n<p>Une magnifique Box compos\u00e9e de <strong>6 types de Oud haut de gamme ( 3g de chaque )<\/strong> pour vous faire d\u00e9couvrir un univers unique aux effluves riches et vari\u00e9es.<\/p>\n<p dir=\"ltr\"><strong>Conseil d&rsquo;utilisation pour le Oud :<\/strong><\/p>\n<p dir=\"ltr\">Avec notre Oud \u00e0 br\u00fbler vous allez profiter d&rsquo;un voyage olfactif exceptionnel qui vous offrira une exp\u00e9rience unique. <strong>Nous recommandons tr\u00e8s fortement l&rsquo;utilisation d&rsquo;une couche d&rsquo;aluminium sur votre charbon<\/strong> ardent afin de prolonger la dur\u00e9e de combustion et de vous garantir un ar\u00f4me pure et de meilleure qualit\u00e9 !<\/p>\n<p><strong>Nous vous pr\u00e9sentons la Luxury Box, compos\u00e9e de Oud soigneusement s\u00e9lectionn\u00e9s parmi les qualit\u00e9s les plus fines et les plus prestigieuses, r\u00e9unissant les pi\u00e8ces les plus rares de notre collection et repr\u00e9sentant les grades les plus \u00e9lev\u00e9s , destin\u00e9e \u00e0 ceux qui recherchent des profils olfactifs exceptionnels et singuliers:<\/strong><\/p>\n<p>\u25aa\ufe0f3g de Oud bois d&rsquo;Agar Sauvage Birmanie \u00c2g\u00e9<br \/>\n\u25aa\ufe0f3g de Oud bois d&rsquo;Agar Sauvage Malaisie Perak Hirta Triple Super<br \/>\n\u25aa\ufe0f3g de Oud bois d&rsquo;Agar Sauvage Cambodia Pursat Triple Super<br \/>\n\u25aa\ufe0f3g de Oud bois d&rsquo;Agar Sauvage Sri Lanka Adam jungle Triple Super Duga<br \/>\n\u25aa\ufe0f3g de Oud bois d&rsquo;Agar Sauvage Jambi Sumatra Triple Super<br \/>\n\u25aa\ufe0f3g de Oud bois d&rsquo;Agar Trat Angle Triple Super<\/p>\n","protected":false},"excerpt":{"rendered":"<p>D\u00e9couvrez notre pack <strong>Oud Chips Lover Luxury<\/strong> <strong>con\u00e7u comme une r\u00e9f\u00e9rence absolue pour les amateurs exigeants et les collectionneurs.<\/strong> Une immersion directe dans le sommet de l\u2019encens naturel \u00e0 br\u00fbler, r\u00e9unissant <strong>les Ouds les plus recherch\u00e9s et les plus haut de gamme au monde<\/strong>, s\u00e9lectionn\u00e9s pour leur puret\u00e9, leur raret\u00e9 et leur caract\u00e8re.<\/p>\n<p>Une s\u00e9lection raffin\u00e9e qui met en lumi\u00e8re la <strong>richesse des origines, la diversit\u00e9 des profils olfactifs<\/strong>, et la profondeur des mati\u00e8res naturelles qui <strong>tiendra des heures dans vos maisons et vos v\u00eatements.<\/strong><\/p>\n","protected":false},"featured_media":26426,"comment_status":"open","ping_status":"closed","template":"","meta":[],"product_brand":[],"product_cat":[254,252,247,246,263,245],"product_tag":[],"class_list":{"0":"post-26417","1":"product","2":"type-product","3":"status-publish","4":"has-post-thumbnail","6":"product_cat-coffrets-bois-de-oud","7":"product_cat-coffrets-cadeaux-et-decouverte","8":"product_cat-echantillons-bois-de-oud-encens","9":"product_cat-echantillons-de-oud","10":"product_cat-lencens-oud-bois-dagar","11":"product_cat-les-encens-dexcellence","13":"first","14":"instock","15":"sale","16":"featured","17":"shipping-taxable","18":"purchasable","19":"product-type-simple"},"_links":{"self":[{"href":"https:\/\/sabilycollection.com\/fr\/wp-json\/wp\/v2\/product\/26417","targetHints":{"allow":["GET"]}}],"collection":[{"href":"https:\/\/sabilycollection.com\/fr\/wp-json\/wp\/v2\/product"}],"about":[{"href":"https:\/\/sabilycollection.com\/fr\/wp-json\/wp\/v2\/types\/product"}],"replies":[{"embeddable":true,"href":"https:\/\/sabilycollection.com\/fr\/wp-json\/wp\/v2\/comments?post=26417"}],"wp:featuredmedia":[{"embeddable":true,"href":"https:\/\/sabilycollection.com\/fr\/wp-json\/wp\/v2\/media\/26426"}],"wp:attachment":[{"href":"https:\/\/sabilycollection.com\/fr\/wp-json\/wp\/v2\/media?parent=26417"}],"wp:term":[{"taxonomy":"product_brand","embeddable":true,"href":"https:\/\/sabilycollection.com\/fr\/wp-json\/wp\/v2\/product_brand?post=26417"},{"taxonomy":"product_cat","embeddable":true,"href":"https:\/\/sabilycollection.com\/fr\/wp-json\/wp\/v2\/product_cat?post=26417"},{"taxonomy":"product_tag","embeddable":true,"href":"https:\/\/sabilycollection.com\/fr\/wp-json\/wp\/v2\/product_tag?post=26417"}],"curies":[{"name":"wp","href":"https:\/\/api.w.org\/{rel}","templated":true}]}}