{"id":26432,"date":"2026-01-09T17:36:22","date_gmt":"2026-01-09T16:36:22","guid":{"rendered":"https:\/\/sabilycollection.com\/huile-de-oud-assharaf-agee-2023-grade-malaki-huile-de-bois-dagar-pure-dehn-al-oud-origine-nord-thailande\/"},"modified":"2026-04-15T15:01:24","modified_gmt":"2026-04-15T13:01:24","slug":"huile-de-oud-assharaf-agee-2023-grade-malaki-huile-de-bois-dagar-pure-dehn-al-oud-origine-nord-thailande","status":"publish","type":"product","link":"https:\/\/sabilycollection.com\/fr\/produit\/huile-de-oud-assharaf-agee-2023-grade-malaki-huile-de-bois-dagar-pure-dehn-al-oud-origine-nord-thailande\/","title":{"rendered":"Huile de Oud Assharaf \u00c2g\u00e9e 2023 (Grade Malaki) Huile de Bois d\u2019Agar Pure Dehn Al Oud Origine Nord Tha\u00eflande"},"content":{"rendered":"<p>Nous vous pr\u00e9sentons <strong>Oud Assharaf<\/strong>, une huile de Oud d\u2019exception provenant du nord de la Tha\u00eflande, au caract\u00e8re noble et myst\u00e9rieux, <strong>dont l\u2019origine exacte demeure pr\u00e9cieusement gard\u00e9e<\/strong>.<\/p>\n<p>Ce tr\u00e9sor olfactif n\u2019est pas le fruit d\u2019un m\u00e9lange de plusieurs huiles de Oud diff\u00e9rentes, <strong>mais bien l\u2019expression d\u2019un seul Oud unique exceptionnel, issu des for\u00eats naturelles d\u2019une r\u00e9gion du Nord de la Tha\u00eflande soigneusement choisie.<\/strong><\/p>\n<p>Distill\u00e9 \u00e0 partir de bois d\u2019agar <strong>s\u00e9lectionn\u00e9 avec le plus grand soin pour obtenir une huile haut de gamme<\/strong>, il incarne l\u2019excellence et la noblesse d\u2019un Oud rare. Chaque \u00e9tape, de la pr\u00e9paration du bois jusqu\u2019\u00e0 la distillation, a \u00e9t\u00e9 men\u00e9e avec rigueur pour donner naissance \u00e0 une huile d\u2019exception, <strong>destin\u00e9e aux passionn\u00e9s et aux connaisseurs<\/strong>.<\/p>\n<p>Avec notre <strong>Oud Assharaf<\/strong>, vous d\u00e9couvrirez une exp\u00e9rience olfactive sp\u00e9ciale et totalement addictive. Notre huile de Oud, de <strong>couleur jaune-brun<\/strong>, visqueuse et luxueuse, d\u00e9voile d\u00e8s les premi\u00e8res notes une douceur <strong>sucr\u00e9e et florale intense<\/strong>, enrichie par la profondeur d\u2019une <strong>noble r\u00e9sine bois\u00e9e<\/strong>. Son c\u0153ur s\u2019ouvre sur des <strong>accords r\u00e9sineux et bois\u00e9s<\/strong>, tandis que ses <strong>notes de fond au safran fum\u00e9 s\u2019\u00e9panouissent avec \u00e9l\u00e9gance<\/strong>, offrant un parfum captivant, sophistiqu\u00e9 et durable, <strong>qui persiste plus de 8 heures sur la peau.<\/strong><\/p>\n<p>Chaque goutte provient d\u2019une distillation artisanale minutieuse : les copeaux de Oud ont \u00e9t\u00e9 tremp\u00e9s pendant 2 mois, puis distill\u00e9s au feu de bois dans un alambic en cuivre, avant d\u2019\u00eatre matur\u00e9s pendant 3 ans afin de r\u00e9v\u00e9ler toute la richesse et la complexit\u00e9 de ce tr\u00e9sor aromatique. Distill\u00e9 avec soin en 2023, ce joyau parmi les huiles de Oud d\u00e9livre un r\u00e9sultat irr\u00e9prochable, \u00e9l\u00e9gant, raffin\u00e9, et dot\u00e9 d\u2019un <strong>profil olfactif v\u00e9ritablement riche et addictif.<\/strong><\/p>\n<p>Oud Assharaf offre un ar\u00f4me profond et enveloppant, capable de r\u00e9chauffer le c\u0153ur, d\u2019apaiser l\u2019esprit et de procurer une <strong>sensation d\u2019absolu luxe et de s\u00e9r\u00e9nit\u00e9.<\/strong> Son profil olfactif sophistiqu\u00e9, <strong>m\u00ealant douceur, bois d\u2019agar pr\u00e9cieux et nobles effluves fum\u00e9s<\/strong>, en fait une v\u00e9ritable pi\u00e8ce de collection <strong>pour les connaisseurs authentiques de Oud<\/strong>, tout en s\u00e9duisant les novices d\u00e9sireux de d\u00e9couvrir la puret\u00e9 et l\u2019authenticit\u00e9 du Oud naturel.<\/p>\n<p><strong>Informations :<\/strong><\/p>\n<p>Issue du bois le plus cher et le plus pr\u00e9cieux au monde, cette huile de Oud est utilis\u00e9e par les plus grandes parfumeries mondiales afin de concevoir leur parfum de luxe.<\/p>\n<p>Ce pr\u00e9cieux produit de luxe \u00e0 la grande valeur est obtenu \u00e0 partir de plusieurs types d\u2019arbres d\u2019Asie du sud Est, le plus connu \u00e9tant l\u2019Aquilaria Malaccensis de part sa qualit\u00e9 et sa r\u00e9sine odorante exceptionnelle.<\/p>\n<p><strong>Ses vertus :<\/strong><\/p>\n<p>Le bois d\u2019Agar est \u00e9galement consid\u00e9r\u00e9 comme un aphrodisiaque tr\u00e8s puissant. Dans beaucoup de cultures, les femmes impr\u00e9gnaient leurs v\u00eatements aussi bien qu\u2019elles-m\u00eames de son parfum. C\u2019est sous forme huileuse que le bois de oud est couramment utilis\u00e9. Dans le monde arabe, son huile est employ\u00e9e pour se parfumer \u00e0 m\u00eame la peau. Elle est une mati\u00e8re premi\u00e8re essentielle dans la parfumerie du Moyen-Orient. Tr\u00e8s pr\u00e9cieuse, l\u2019huile d\u00e9veloppe un ar\u00f4me envo\u00fbtant, incroyablement raffin\u00e9 \u00e0 la fois brut et sophistiqu\u00e9.. Son parfum vous procurera du bien \u00eatre et dissipera votre stress. (\u0625\u0646 \u0634\u0627\u0621 \u0627\u0644\u0644\u0647)<\/p>\n<p><strong>Produit rare et de grande qualit\u00e9!<\/strong><\/p>\n<p><strong>Garanti tenue longue dur\u00e9e<\/strong><\/p>\n<p>Distill\u00e9e \u00e0 partir de 100 % de Oud sauvage naturel<\/p>\n<p>\u2705 100% pur et sans dilution<\/p>\n<p>\u2705 100% aucun autre additif<\/p>\n<p>\u2705 100% sans parfum artificiel<\/p>\n<p>\u2705 100% sans coloration<\/p>\n<p>\u2705 100% sans fermentation alcoolique<\/p>\n<p>\u2705 Trempage 100% sans \u00e9thanol<\/p>\n<p><strong>Age de l&rsquo;arbre :<\/strong> environ 20 ans<\/p>\n<p><strong>Mat\u00e9riel utilis\u00e9 :<\/strong> Alambic en cuivre<\/p>\n<p><strong>Trempage copeaux de Oud :<\/strong> 2 mois<\/p>\n<p><strong>Type de distillation :<\/strong> Feu de bois<\/p>\n<p><strong>Date de distillation :<\/strong> 2023<\/p>\n<p><strong>Notes :<\/strong> fum\u00e9, sucr\u00e9, florale, bois\u00e9, r\u00e9sineux, safran, \u00e9pic\u00e9<\/p>\n<p><strong>Flacon :<\/strong> 1ml, 3ml, 6ml ou 12ml<\/p>\n","protected":false},"excerpt":{"rendered":"<p><strong>Un Oud myst\u00e9rieux \u00e2g\u00e9, gard\u00e9 secret, distill\u00e9 artisanalement Oud Assharaf incarne le luxe absolu.<\/strong><\/p>\n<p><strong>Ses notes sucr\u00e9es, bois\u00e9es et fum\u00e9es captivent d\u00e8s la premi\u00e8re goutte,<\/strong> pour une exp\u00e9rience olfactive addictive et inoubliable.<\/p>\n<p>\u00c9l\u00e9gance, intensit\u00e9 et raret\u00e9 : Oud Assharaf d\u00e9voile la quintessence du Oud naturel. <strong>Distill\u00e9 au feu de bois, matur\u00e9 avec soin, il offre un parfum luxueux, addictif et d\u2019une richesse incomparable.<\/strong><\/p>\n<p><strong>Un chef-d\u2019\u0153uvre olfactif pour les v\u00e9ritables amateurs de luxe&#8230;<\/strong><\/p>\n","protected":false},"featured_media":26433,"comment_status":"open","ping_status":"closed","template":"","meta":[],"product_brand":[],"product_cat":[251,266,264],"product_tag":[],"class_list":{"0":"post-26432","1":"product","2":"type-product","3":"status-publish","4":"has-post-thumbnail","6":"product_cat-huile-de-oud-pure","7":"product_cat-huiles-de-oud-pure-single-bottle","8":"product_cat-huiles-de-oud-pure-parfums","10":"first","11":"instock","12":"shipping-taxable","13":"purchasable","14":"product-type-variable","15":"has-default-attributes"},"_links":{"self":[{"href":"https:\/\/sabilycollection.com\/fr\/wp-json\/wp\/v2\/product\/26432","targetHints":{"allow":["GET"]}}],"collection":[{"href":"https:\/\/sabilycollection.com\/fr\/wp-json\/wp\/v2\/product"}],"about":[{"href":"https:\/\/sabilycollection.com\/fr\/wp-json\/wp\/v2\/types\/product"}],"replies":[{"embeddable":true,"href":"https:\/\/sabilycollection.com\/fr\/wp-json\/wp\/v2\/comments?post=26432"}],"wp:featuredmedia":[{"embeddable":true,"href":"https:\/\/sabilycollection.com\/fr\/wp-json\/wp\/v2\/media\/26433"}],"wp:attachment":[{"href":"https:\/\/sabilycollection.com\/fr\/wp-json\/wp\/v2\/media?parent=26432"}],"wp:term":[{"taxonomy":"product_brand","embeddable":true,"href":"https:\/\/sabilycollection.com\/fr\/wp-json\/wp\/v2\/product_brand?post=26432"},{"taxonomy":"product_cat","embeddable":true,"href":"https:\/\/sabilycollection.com\/fr\/wp-json\/wp\/v2\/product_cat?post=26432"},{"taxonomy":"product_tag","embeddable":true,"href":"https:\/\/sabilycollection.com\/fr\/wp-json\/wp\/v2\/product_tag?post=26432"}],"curies":[{"name":"wp","href":"https:\/\/api.w.org\/{rel}","templated":true}]}}