{"id":26441,"date":"2026-01-17T12:09:59","date_gmt":"2026-01-17T11:09:59","guid":{"rendered":"https:\/\/sabilycollection.com\/huiles-de-oud-coffret-signature-18ml-dehn-al-oud-pure\/"},"modified":"2026-04-16T13:16:08","modified_gmt":"2026-04-16T11:16:08","slug":"huiles-de-oud-coffret-signature-18ml-dehn-al-oud-pure","status":"publish","type":"product","link":"https:\/\/sabilycollection.com\/fr\/produit\/huiles-de-oud-coffret-signature-18ml-dehn-al-oud-pure\/","title":{"rendered":"Huiles de Oud Coffret Signature 18ml Dehn Al Oud Pure"},"content":{"rendered":"<p>D\u00e9couvrez notre pr\u00e9cieux <strong>coffret Signature <\/strong>3 \u00d7 6ml qui r\u00e9unit 3 huiles de Oud authentiques et compl\u00e9mentaires, <strong>Borai \u00c2g\u00e9 2024, Laos \u00c2g\u00e9 2023 et Trat Sweet \u00c2g\u00e9 2023.<\/strong><\/p>\n<p>Ce coffret offre une <strong>exp\u00e9rience compl\u00e8te<\/strong> mettant en valeur 3 terroirs et 3 maturit\u00e9s diff\u00e9rentes.<\/p>\n<p>\u25aa\ufe0f <strong>BORAI 2024 (Tha\u00eflande)<\/strong><\/p>\n<p><strong>Nich\u00e9 entre les montagnes de Khao Banthat et la fronti\u00e8re cambodgienne, cette r\u00e9gion produit un Oud d\u2019exception,<\/strong> r\u00e9put\u00e9 pour sa douceur et sa profondeur, rappelant les plus beaux ouds cambodgiens. D\u00e8s l\u2019application, une vague de douceur <strong>sucr\u00e9e et florale<\/strong> caresse les sens, avant de r\u00e9v\u00e9ler un c\u0153ur riche et captivant : <strong>un accord de tabac m\u00eal\u00e9 aux senteurs gourmandes de fruits fum\u00e9s.<\/strong> Puis vient l\u2019apoth\u00e9ose : un fond tropical, chaud et persistant qui prolonge le plaisir pendant des heures. <strong>Ce Oud raffin\u00e9, \u00e0 la puissance olfactive remarquable, est un v\u00e9ritable chef d&rsquo;\u0153uvre olfactif.<\/strong> Notre Oud Borai, 100 % pur et naturel, sans aucun additif, incarne la quintessence du luxe, de l\u2019authenticit\u00e9 et du bien-\u00eatre, avec un parfum profond\u00e9ment apaisant et relaxant pour l\u2019\u00e2me.<\/p>\n<p><strong>Notes :<\/strong> th\u00e9 blanc (aiguille d\u2019argent du Yunnan), safran, fum\u00e9, fruits fum\u00e9s, tropical, tabac fruit\u00e9-r\u00e9sineux, doux, bois\u00e9, floral<\/p>\n<p>\u25aa\ufe0f <strong>LAOS 2023<\/strong><\/p>\n<p>Notre huile de Oud du Laos 2023 <strong>s\u2019ouvre sur une senteur cuir\u00e9e rappelant le daim, douce, chaude et l\u00e9g\u00e8rement sucr\u00e9e.<\/strong> Son c\u0153ur associe un bois noble et arrondi \u00e0 des touches r\u00e9sineuses qui ajoutent de la profondeur. L\u2019\u00e9volution reste fluide et \u00e9l\u00e9gante. Le parfum gagne ensuite en chaleur avec<strong> une base bois\u00e9e et tabac qui renforce la sensation de cuir souple<\/strong>. Le r\u00e9sultat est un Oud naturel au caract\u00e8re raffin\u00e9 et distinctif, <strong>souvent appr\u00e9ci\u00e9 des passionn\u00e9s pour sa signature cuir daim rare<\/strong> et son port \u00e9quilibr\u00e9 et facile. Un excellent Oud du Laos vieilli, rare et <strong>soigneusement s\u00e9lectionn\u00e9 parmi de nombreux autres.<\/strong><\/p>\n<p><strong>Notes :<\/strong> cuir daim, prairies, bois\u00e9, terreux, tabac, sucr\u00e9<\/p>\n<p>\u25aa\ufe0f <strong>TRAT SWEET 2023\u00a0<\/strong><\/p>\n<p>Notre huile de Oud Trat \u00e2g\u00e9e 2023 offre un <strong>parfum riche, profond et raffin\u00e9.<\/strong> Elle s\u2019ouvre sur des <strong>notes sucr\u00e9es et fruit\u00e9es, figue, prune, sirop de grenade<\/strong>. De douces <strong>nuances florales adoucissent l\u2019ensemble<\/strong> et cr\u00e9ent une belle \u00e9volution sur la peau. <strong>Le fond r\u00e9v\u00e8le des accords bois\u00e9s et cuir\u00e9s avec une douceur de noisette<\/strong> qui se d\u00e9veloppe au fil du temps. Sa tenue est forte sur la peau et tr\u00e8s persistante sur les tissus et les cheveux. <strong>Une essence id\u00e9ale pour ceux qui recherchent une signature chaude, douce et tr\u00e8s \u00e9l\u00e9gante.<\/strong><\/p>\n<p><strong>Notes :<\/strong> bois\u00e9, fruit\u00e9, sucr\u00e9, floral, noisette, fruits rouges, cr\u00e9meux<\/p>\n<p><strong>Ce trio forme un ensemble d\u2019huiles de Oud exceptionnelles,<\/strong> chacune avec son caract\u00e8re propre, parfait pour les passionn\u00e9s souhaitant explorer trois expressions authentiques du Oud ou pour offrir une bo\u00eete magnifique et pleine de caract\u00e8re aux amateurs de Oud naturel.<\/p>\n<p><strong>Informations :<\/strong><\/p>\n<p>Issu du bois le plus cher et le plus pr\u00e9cieux au monde, cette huile de Oud est utilis\u00e9e par les plus grandes parfumeries mondiales afin de concevoir leur parfum de luxe. Ce pr\u00e9cieux produit de luxe de grande valeur est obtenu \u00e0 partir de plusieurs types d\u2019arbres d\u2019Asie du sud Est, le plus connu \u00e9tant l\u2019Aquilaria Malaccensis de part sa qualit\u00e9 et sa r\u00e9sine odorante exceptionnelle.<\/p>\n<p><strong>Ses vertus :<\/strong><\/p>\n<p>Le bois d\u2019Agar est \u00e9galement consid\u00e9r\u00e9 comme un aphrodisiaque tr\u00e8s puissant. Dans beaucoup de cultures, les femmes impr\u00e9gnaient leurs v\u00eatements aussi bien qu\u2019elles-m\u00eames de son parfum. C\u2019est sous forme huileuse que le bois de oud est couramment utilis\u00e9. Dans le monde arabe, son huile est employ\u00e9e pour se parfumer \u00e0 m\u00eame la peau. Elle est une mati\u00e8re premi\u00e8re essentielle dans la parfumerie du Moyen-Orient. Tr\u00e8s pr\u00e9cieuse, l\u2019huile d\u00e9veloppe un ar\u00f4me envo\u00fbtant, incroyablement raffin\u00e9 \u00e0 la fois brut et sophistiqu\u00e9.. Son parfum vous procurera du bien \u00eatre et dissipera votre stress. (\u0625\u0646 \u0634\u0627\u0621 \u0627\u0644\u0644\u0647)<\/p>\n<p><strong>Excellente qualit\u00e9 !<\/strong><\/p>\n<p>Longue tenue garanti<\/p>\n<p>Les 3 fioles contenues dans notre Box Signature Oud (6ml de chaque type) sont les suivantes:<\/p>\n<p><strong>\u25aa\ufe0f Dehn Al Oud Borai 2024<\/strong><\/p>\n<p><strong>\u25aa\ufe0f Dehn Al Oud Laos 2023<\/strong><\/p>\n<p><strong>\u25aa\ufe0f Dehn Al Oud Trat Sweet 2023<\/strong><\/p>\n<p><strong>Famille de parfum:<\/strong> Oriental<\/p>\n<p><strong>Type de parfum :<\/strong> Huile de Oud Pure 100% naturelle (non mix\u00e9e et sans produit chimique)<\/p>\n<p>\u2705 100 % pur et sans dilution<\/p>\n<p>\u2705 100% aucun autre additif<\/p>\n<p>\u2705 100 % sans parfum artificiel<\/p>\n<p>\u2705 100% sans coloration<\/p>\n<p>\u2705 100% sans fermentation alcoolique<\/p>\n<p>\u2705 Trempage 100 % sans \u00e9thanol<\/p>\n<p><strong>Contenance : 3 x 6ml<\/strong><\/p>\n","protected":false},"excerpt":{"rendered":"<p>Notre <strong>coffret Signature<\/strong>\u00a0r\u00e9unit <strong>3 huiles de Oud pures<\/strong> s\u00e9lectionn\u00e9es pour leur authenticit\u00e9 et leur richesse.<br \/>\nUn trio prestigieux de <strong>3 \u00d7 6 ml<\/strong> o\u00f9 se rencontrent notre <strong>Oud Borai de Tha\u00eflande<\/strong> et sa douceur bois\u00e9e et r\u00e9sineuse, le <strong>Oud Laos<\/strong> au caract\u00e8re cuir daim profond, et notre <strong>Oud Trat Sweet<\/strong> aux nuances fruit\u00e9es et chaudes.<br \/>\nUn ensemble pens\u00e9 pour offrir une immersion olfactive coh\u00e9rente et raffin\u00e9e, r\u00e9v\u00e9lant 3 expressions de Oud qui se compl\u00e8tent avec \u00e9l\u00e9gance.<\/p>\n","protected":false},"featured_media":26442,"comment_status":"open","ping_status":"closed","template":"","meta":[],"product_brand":[],"product_cat":[260,252,251,265,264,256],"product_tag":[],"class_list":{"0":"post-26441","1":"product","2":"type-product","3":"status-publish","4":"has-post-thumbnail","6":"product_cat-coffret-cadeaux-huile-de-oud-format-6ml","7":"product_cat-coffrets-cadeaux-et-decouverte","8":"product_cat-huile-de-oud-pure","9":"product_cat-huiles-de-oud-pure-box","10":"product_cat-huiles-de-oud-pure-parfums","11":"product_cat-les-coffrets-cadeaux-huile-de-oud","13":"first","14":"instock","15":"sale","16":"shipping-taxable","17":"purchasable","18":"product-type-simple"},"_links":{"self":[{"href":"https:\/\/sabilycollection.com\/fr\/wp-json\/wp\/v2\/product\/26441","targetHints":{"allow":["GET"]}}],"collection":[{"href":"https:\/\/sabilycollection.com\/fr\/wp-json\/wp\/v2\/product"}],"about":[{"href":"https:\/\/sabilycollection.com\/fr\/wp-json\/wp\/v2\/types\/product"}],"replies":[{"embeddable":true,"href":"https:\/\/sabilycollection.com\/fr\/wp-json\/wp\/v2\/comments?post=26441"}],"wp:featuredmedia":[{"embeddable":true,"href":"https:\/\/sabilycollection.com\/fr\/wp-json\/wp\/v2\/media\/26442"}],"wp:attachment":[{"href":"https:\/\/sabilycollection.com\/fr\/wp-json\/wp\/v2\/media?parent=26441"}],"wp:term":[{"taxonomy":"product_brand","embeddable":true,"href":"https:\/\/sabilycollection.com\/fr\/wp-json\/wp\/v2\/product_brand?post=26441"},{"taxonomy":"product_cat","embeddable":true,"href":"https:\/\/sabilycollection.com\/fr\/wp-json\/wp\/v2\/product_cat?post=26441"},{"taxonomy":"product_tag","embeddable":true,"href":"https:\/\/sabilycollection.com\/fr\/wp-json\/wp\/v2\/product_tag?post=26441"}],"curies":[{"name":"wp","href":"https:\/\/api.w.org\/{rel}","templated":true}]}}