{"id":26445,"date":"2026-01-17T12:15:43","date_gmt":"2026-01-17T11:15:43","guid":{"rendered":"https:\/\/sabilycollection.com\/huiles-de-oud-pure-grade-malaki-rainforest-box-36ml-dehn-al-oud-premium-coffret-luxe-oud-naturel\/"},"modified":"2026-02-01T15:11:06","modified_gmt":"2026-02-01T14:11:06","slug":"huiles-de-oud-pure-grade-malaki-rainforest-box-36ml-dehn-al-oud-premium-coffret-luxe-oud-naturel","status":"publish","type":"product","link":"https:\/\/sabilycollection.com\/fr\/produit\/huiles-de-oud-pure-grade-malaki-rainforest-box-36ml-dehn-al-oud-premium-coffret-luxe-oud-naturel\/","title":{"rendered":"Huiles de Oud Pure Grade Malaki Rainforest Box 36ml | Dehn Al Oud Premium | Coffret Luxe Oud Naturel"},"content":{"rendered":"<p>Explorez notre gamme de <strong>Oud Malaki<\/strong> d\u2019Asie du Sud-Est et embarquez pour un voyage olfactif unique \u00e0 travers notre Box Rainforest pleine de senteurs exquises en<strong> 3 flacons de 12ml.<\/strong><\/p>\n<p>L\u2019huile de Oud, aussi connue sous le nom d\u2019huile de Bois d\u2019Agar ou Dehn Al Oud en arabe, est une essence parfum\u00e9e d\u2019une richesse in\u00e9gal\u00e9e, extraite du pr\u00e9cieux bois d\u2019Agar m\u00fbri dans les r\u00e9gions d\u2019Asie du Sud-Est. <strong>Nous avons m\u00e9ticuleusement choisi les meilleures huiles de Oud<\/strong> pour vous proposer cette essence naturelle et authentique, ch\u00e9rie par les parfumeries de renom \u00e0 travers le monde, plongeant au c\u0153ur de la culture orientale.<\/p>\n<p>Dans notre \u00e9l\u00e9gante Oud Box Rainforest, vous d\u00e9couvrirez un \u00e9ventail exceptionnel de 3 flacons de 12ml, en provenance de <strong>Birmanie, du Vietnam et du Cambodge,<\/strong> chacune r\u00e9v\u00e9lant la puissance et la qualit\u00e9 captivante du Oud. Laissez-vous transporter dans l\u2019univers myst\u00e9rieux et \u00e9l\u00e9gant de ces huiles de Oud uniques.<\/p>\n<p>Osez l\u2019exp\u00e9rience sensorielle de l\u2019huile de Oud pr\u00e9cieuse, et laissez-vous emporter vers des horizons lointains \u00e9veillant vos \u00e9motions et suscitant l\u2019admiration.<\/p>\n<p>Chaque flacon d\u2019huile de Oud contenu dans cette Box vous invite \u00e0 un <strong>voyage olfactif sans pareil<\/strong> issu de la parfumerie orientale et plongez dans des ar\u00f4mes riches et incroyablement parfum\u00e9s.<\/p>\n<p><strong>Les 3 bouteilles contenues dans notre Box Rainforest (12ml de chaque type):<\/strong><\/p>\n<p>\u25aa\ufe0f Dehn al Oud Birmanie Malaki \u00c2g\u00e9e 2022<\/p>\n<p>\u25aa\ufe0f Dehn al Oud Cambodi Koh-kong Malaki \u00c2g\u00e9e 2019<\/p>\n<p>\u25aa\ufe0f Dehn al Oud Vietnam Malaki \u00c2g\u00e9e 2019<\/p>\n<p><strong>Famille de parfum :<\/strong> Oriental<\/p>\n<p><strong>Type de parfum :<\/strong> Huile de Oud Pure 100% naturelle (non mix\u00e9e et sans produit chimique)<\/p>\n<p>\u2705 100 % pur et sans dilution<\/p>\n<p>\u2705 100% aucun autre additif<\/p>\n<p>\u2705 100 % sans parfum artificiel<\/p>\n<p>\u2705 100% sans coloration<\/p>\n<p>\u2705 100% sans fermentation alcoolique<\/p>\n<p>\u2705 Trempage 100 % sans \u00e9thanol<\/p>\n<p><strong>Contenance :<\/strong> 3 x 12ml<\/p>\n<p><strong>\u25aa\ufe0fBIRMANIE MALAKI \u00c2G\u00c9E 2022<\/strong><\/p>\n<p>Un Oud birman raffin\u00e9, distill\u00e9 en 2022 et vieilli avec soin. Ce Oud r\u00e9v\u00e8le une combinaison exquise de douceur et de profondeur, avec des notes bois\u00e9es et sucr\u00e9es, accompagn\u00e9es de l\u2019ar\u00f4me fondant du chocolat et du miel. Une touche l\u00e9g\u00e8rement animale, m\u00eal\u00e9e \u00e0 des effluves d\u2019encens et de cuir, offre un parfum riche et \u00e9l\u00e9gant, parfaitement \u00e9quilibr\u00e9.<\/p>\n<p><strong>Notes :<\/strong> Bois\u00e9es, sucr\u00e9es, chocolat fondu, miel, prairie, ar\u00f4me d\u2019encens doux, cuir, florales.<\/p>\n<p><strong>\u25aa\ufe0fCAMBODI KOH-KONG MALAKI \u00c2G\u00c9E 2019<\/strong><\/p>\n<p>Un Oud cambodgien d\u2019exception, distill\u00e9 en 2019 et vieilli avec soin. Ce Oud Cambodi r\u00e9v\u00e8le une douceur sucr\u00e9e, enrichie de notes musqu\u00e9es et bois\u00e9es, et sublim\u00e9e par un parfum floral d\u00e9licat. Une touche de miel apporte une dimension chaleureuse et ronde \u00e0 cette fragrance \u00e9l\u00e9gante et raffin\u00e9e.<\/p>\n<p><strong>Notes :<\/strong> Sucr\u00e9es, musqu\u00e9es, bois\u00e9es, florales, miel.<\/p>\n<p><strong>\u25aa\ufe0fVIETNAM MALAKI \u00c2G\u00c9E 2019\u00a0<\/strong><\/p>\n<p>Un Oud vietnamien riche et captivant, distill\u00e9 en 2019. Ce magnifique Oud m\u00eale des notes sucr\u00e9es et bois\u00e9es avec une touche de citron, des nuances terreuses et fum\u00e9es, rehauss\u00e9es d\u2019une subtile note animale pour une exp\u00e9rience olfactive royale et exceptionnelle.<\/p>\n<p><strong>Notes :<\/strong> Sucr\u00e9es, bois\u00e9es, une pointe de citron, terreuses, fum\u00e9es, l\u00e9g\u00e8rement animales.<\/p>\n","protected":false},"excerpt":{"rendered":"<p>D\u00e9couvrez notre captivante Collection de <strong>Oud Malaki<\/strong> \u00e0 travers notre Box Rainforest\u2026<\/p>\n<p>Plongez dans l\u2019univers fascinant du pure Oud, <strong>une exp\u00e9rience olfactive in\u00e9gal\u00e9e<\/strong> qui vous fera voyager au c\u0153ur des parfums les plus subtils et des essences les plus rares. Dans notre collection, vous d\u00e9couvrirez la richesse de l\u2019huile de Oud pure, <strong>un tr\u00e9sor naturel<\/strong> aux fragrances royales qui \u00e9veillera vos sens et <strong>vous transportera dans un monde de luxe et d\u2019authenticit\u00e9 olfactive exceptionnelle\u2026<\/strong><\/p>\n","protected":false},"featured_media":26446,"comment_status":"open","ping_status":"closed","template":"","meta":[],"product_brand":[],"product_cat":[258,252,251,265,264,256],"product_tag":[],"class_list":{"0":"post-26445","1":"product","2":"type-product","3":"status-publish","4":"has-post-thumbnail","6":"product_cat-coffret-cadeaux-huile-de-oud-format-tola-12ml","7":"product_cat-coffrets-cadeaux-et-decouverte","8":"product_cat-huile-de-oud-pure","9":"product_cat-huiles-de-oud-pure-box","10":"product_cat-huiles-de-oud-pure-parfums","11":"product_cat-les-coffrets-cadeaux-huile-de-oud","13":"first","14":"instock","15":"sale","16":"shipping-taxable","17":"purchasable","18":"product-type-simple"},"_links":{"self":[{"href":"https:\/\/sabilycollection.com\/fr\/wp-json\/wp\/v2\/product\/26445","targetHints":{"allow":["GET"]}}],"collection":[{"href":"https:\/\/sabilycollection.com\/fr\/wp-json\/wp\/v2\/product"}],"about":[{"href":"https:\/\/sabilycollection.com\/fr\/wp-json\/wp\/v2\/types\/product"}],"replies":[{"embeddable":true,"href":"https:\/\/sabilycollection.com\/fr\/wp-json\/wp\/v2\/comments?post=26445"}],"wp:featuredmedia":[{"embeddable":true,"href":"https:\/\/sabilycollection.com\/fr\/wp-json\/wp\/v2\/media\/26446"}],"wp:attachment":[{"href":"https:\/\/sabilycollection.com\/fr\/wp-json\/wp\/v2\/media?parent=26445"}],"wp:term":[{"taxonomy":"product_brand","embeddable":true,"href":"https:\/\/sabilycollection.com\/fr\/wp-json\/wp\/v2\/product_brand?post=26445"},{"taxonomy":"product_cat","embeddable":true,"href":"https:\/\/sabilycollection.com\/fr\/wp-json\/wp\/v2\/product_cat?post=26445"},{"taxonomy":"product_tag","embeddable":true,"href":"https:\/\/sabilycollection.com\/fr\/wp-json\/wp\/v2\/product_tag?post=26445"}],"curies":[{"name":"wp","href":"https:\/\/api.w.org\/{rel}","templated":true}]}}