{"id":26447,"date":"2026-01-17T12:17:47","date_gmt":"2026-01-17T11:17:47","guid":{"rendered":"https:\/\/sabilycollection.com\/coffret-heritage-oud-ambre-36ml-huiles-de-oud-antique-agarwood-oil-premium-ambregris-huile-de-parfum\/"},"modified":"2026-02-27T10:38:39","modified_gmt":"2026-02-27T09:38:39","slug":"coffret-heritage-oud-ambre-36ml-huiles-de-oud-antique-agarwood-oil-premium-ambregris-huile-de-parfum","status":"publish","type":"product","link":"https:\/\/sabilycollection.com\/fr\/produit\/coffret-heritage-oud-ambre-36ml-huiles-de-oud-antique-agarwood-oil-premium-ambregris-huile-de-parfum\/","title":{"rendered":"Coffret Heritage Oud &#038; Ambre 36ml | Huiles de Oud Antique Agarwood Oil Premium | Ambregris Huile de Parfum"},"content":{"rendered":"<p style=\"text-align: left;\">Explorez notre univers de senteurs rares \u00e0 travers notre\u00a0<strong>Coffret Heritage Oud &amp; Ambre<\/strong>, un voyage olfactif unique r\u00e9unissant 3 tr\u00e9sors parfum\u00e9s d\u2019exception.<\/p>\n<p><strong>Oud et Ambre gris, symboles de luxe et d\u2019authenticit\u00e9<\/strong>, sont ici sublim\u00e9s dans leur expression la plus pure, sans dilution, sans additif, sans alcool, pour offrir une exp\u00e9rience sensuelle et profonde, fid\u00e8le aux traditions orientales et \u00e0 l\u2019art de la parfumerie raffin\u00e9e.<\/p>\n<p>Dans ce coffret d\u2019exception, vous d\u00e9couvrirez 3 flacons s\u00e9lectionn\u00e9s parmi les meilleures essences disponibles, chacun exprimant un caract\u00e8re unique et une qualit\u00e9 incomparable.<\/p>\n<p>Les 3 flacons contenus dans notre <strong>Coffret\u00a0Heritage<\/strong> (12ml de chaque type):<\/p>\n<p>\u25aa\ufe0f<strong>Oud<\/strong>\u00a0<strong>Laos Antique Aged 2019<\/strong><\/p>\n<p>\u25aa\ufe0f<strong>Oud<\/strong> <strong>Trat Antique Aged 2019<\/strong><\/p>\n<p>\u25aa\ufe0f<strong>Ambre gris Huile de Parfum\u00a0<\/strong><\/p>\n<p><strong>Famille de parfum :<\/strong> Oriental<\/p>\n<p><strong>Type de parfum :<\/strong> Huile de Oud Pure + Ambre gris huile de parfum (100% pure et naturelle, sans produit chimique)<\/p>\n<p>\u2705 100 % pur et sans dilution<\/p>\n<p>\u2705 100% aucun autre additif<\/p>\n<p>\u2705 100 % sans parfum artificiel<\/p>\n<p>\u2705 100% sans coloration<\/p>\n<p>\u2705 100% sans fermentation alcoolique<\/p>\n<p>\u2705 Trempage 100 % sans \u00e9thanol<\/p>\n<p><strong>Contenance :<\/strong> 3 x 12 ml<\/p>\n<p>\u25aa\ufe0f <strong>LAOS ANTIQUE AGED 2019<\/strong><\/p>\n<p>Un tr\u00e9sor aromatique issu des for\u00eats anciennes du Laos, soigneusement vieilli depuis 2019. Ce Oud d\u00e9voile une structure raffin\u00e9e, m\u00ealant douceur fruit\u00e9e, fra\u00eecheur zest\u00e9e, profondeur bois\u00e9e, nuances florales, avec une touche animale subtile qui enrichit son caract\u00e8re.<\/p>\n<p><strong>Notes <\/strong>: Fruit\u00e9e, myrtille, pamplemousse, florale, bois\u00e9e, miel, vanille, noisette, fruits rouges, agrumes doux, bois ancien, cuir l\u00e9ger, fond l\u00e9g\u00e8rement fum\u00e9.<\/p>\n<p>\u25aa\ufe0f <strong>TRAT ANTIQUE AGED 2019<\/strong><\/p>\n<p>Distill\u00e9 dans la r\u00e9gion de Trat en Tha\u00eflande et vieilli patiemment depuis 2019, ce Oud offre une profondeur majestueuse et un profil noble appr\u00e9ci\u00e9 des connaisseurs. Il r\u00e9v\u00e8le des facettes riches et sombres, renforc\u00e9es par une \u00e9l\u00e9gance chaleureuse.<\/p>\n<p><strong>Notes :<\/strong> r\u00e9sine sombre, cacao amer, bois profond, cuir vieilli, encens, terreux, musqu\u00e9, bois\u00e9es, sucr\u00e9es<\/p>\n<p>\u25aa\ufe0f <strong>AMBRE GRIS PUR<\/strong><\/p>\n<p>Un joyau marin aux nuances douces et animales, purifi\u00e9 selon les m\u00e9thodes traditionnelles. L\u2019ambre gris pur est recherch\u00e9 pour sa pr\u00e9sence olfactive singuli\u00e8re, douce, saline et naturellement musqu\u00e9e. Il peut \u00eatre port\u00e9 seul ou associ\u00e9 \u00e0 un Oud pour renforcer la profondeur du parfum.<\/p>\n<p><strong>Notes<\/strong>: douceur marine, musc naturel, note saline, chaleur ambr\u00e9e, animalic, aromatique, floral, fruit\u00e9, bois\u00e9, Oud, l\u00e9g\u00e8rement animale, intense<\/p>\n<p>\u2728 Vivez une immersion sensorielle \u00e0 travers ces trois essences pr\u00e9cieuses, chacune porteuse d\u2019une histoire, d\u2019un terroir et d\u2019une richesse propre. Le <strong>Coffret Heritage Oud<\/strong> <strong>&amp;<\/strong> <strong>Ambre<\/strong> incarne l\u2019excellence et la sophistication, con\u00e7u pour les amateurs exigeants \u00e0 la recherche des plus belles signatures olfactives.<\/p>\n","protected":false},"excerpt":{"rendered":"<p>Notre <strong>Coffret Heritage Oud &amp; Ambre<\/strong> r\u00e9unit 3 huiles pures et <strong>pr\u00e9cieuses de haut de gamme<\/strong>, choisies pour leur caract\u00e8re affirm\u00e9 et leur qualit\u00e9 remarquable.<\/p>\n<p>Ce coffret r\u00e9unit <strong>2 huiles de Oud \u00e2g\u00e9es rares<\/strong> absolument magnifiques, <strong>ainsi qu\u2019un<\/strong> <strong>Mukhallat de tr\u00e8s grande qualit\u00e9 compos\u00e9 \u00e0 80% d\u2019ambre gris pur<\/strong> et enti\u00e8rement naturel, dont la composition est secr\u00e8te.<\/p>\n<p>Un coffret comportant <strong>3 chef-d\u2019\u0153uvre olfactif con\u00e7u pour les amoureux de senteurs nobles<\/strong>, intenses et totalement addictives&#8230;<\/p>\n","protected":false},"featured_media":26448,"comment_status":"open","ping_status":"closed","template":"","meta":[],"product_brand":[],"product_cat":[258,252,251,265,264,256],"product_tag":[],"class_list":{"0":"post-26447","1":"product","2":"type-product","3":"status-publish","4":"has-post-thumbnail","6":"product_cat-coffret-cadeaux-huile-de-oud-format-tola-12ml","7":"product_cat-coffrets-cadeaux-et-decouverte","8":"product_cat-huile-de-oud-pure","9":"product_cat-huiles-de-oud-pure-box","10":"product_cat-huiles-de-oud-pure-parfums","11":"product_cat-les-coffrets-cadeaux-huile-de-oud","13":"first","14":"outofstock","15":"sale","16":"shipping-taxable","17":"purchasable","18":"product-type-simple"},"_links":{"self":[{"href":"https:\/\/sabilycollection.com\/fr\/wp-json\/wp\/v2\/product\/26447","targetHints":{"allow":["GET"]}}],"collection":[{"href":"https:\/\/sabilycollection.com\/fr\/wp-json\/wp\/v2\/product"}],"about":[{"href":"https:\/\/sabilycollection.com\/fr\/wp-json\/wp\/v2\/types\/product"}],"replies":[{"embeddable":true,"href":"https:\/\/sabilycollection.com\/fr\/wp-json\/wp\/v2\/comments?post=26447"}],"wp:featuredmedia":[{"embeddable":true,"href":"https:\/\/sabilycollection.com\/fr\/wp-json\/wp\/v2\/media\/26448"}],"wp:attachment":[{"href":"https:\/\/sabilycollection.com\/fr\/wp-json\/wp\/v2\/media?parent=26447"}],"wp:term":[{"taxonomy":"product_brand","embeddable":true,"href":"https:\/\/sabilycollection.com\/fr\/wp-json\/wp\/v2\/product_brand?post=26447"},{"taxonomy":"product_cat","embeddable":true,"href":"https:\/\/sabilycollection.com\/fr\/wp-json\/wp\/v2\/product_cat?post=26447"},{"taxonomy":"product_tag","embeddable":true,"href":"https:\/\/sabilycollection.com\/fr\/wp-json\/wp\/v2\/product_tag?post=26447"}],"curies":[{"name":"wp","href":"https:\/\/api.w.org\/{rel}","templated":true}]}}