{"id":26449,"date":"2026-01-17T13:01:25","date_gmt":"2026-01-17T12:01:25","guid":{"rendered":"https:\/\/sabilycollection.com\/huiles-de-oud-coffret-majeste-36ml-dehn-al-oud-pure\/"},"modified":"2026-02-01T15:04:36","modified_gmt":"2026-02-01T14:04:36","slug":"huiles-de-oud-coffret-majeste-36ml-dehn-al-oud-pure","status":"publish","type":"product","link":"https:\/\/sabilycollection.com\/fr\/produit\/huiles-de-oud-coffret-majeste-36ml-dehn-al-oud-pure\/","title":{"rendered":"Huiles de Oud Coffret Majest\u00e9 36ml Dehn Al Oud Pure"},"content":{"rendered":"<p>D\u00e9couvrez notre <strong>coffret Majeste 3 \u00d7 12ml r\u00e9unissant 3 huiles de Oud authentiques et compl\u00e9mentaires<\/strong>, Malaysia Terengganu Malaki 2020, Kalimantan Borneo Malaki Aged 2021, Laos Antique Aged 2019.<\/p>\n<p>Ce pack offre une <strong>exp\u00e9rience compl\u00e8te<\/strong> qui met en valeur 3 terroirs et 3 maturit\u00e9s diff\u00e9rentes.<\/p>\n<p><strong>\u25aa\ufe0fMALAYSIA TERENGGANU MALAKI \u00c2G\u00c9E 2020<\/strong><\/p>\n<p>Une huile de Oud provenant d\u2019Aquilaria Malaccensis sauvage de Terengganu, <strong>avec une ouverture fra\u00eeche aux nuances menthol\u00e9es et herbac\u00e9es<\/strong>. Elle \u00e9volue vers des notes chaleureuses de <strong>chocolat noir, ambre, cuir de daim et noisette<\/strong>, soutenues par <strong>une base bois\u00e9e et balsamique<\/strong> qui lui donne une pr\u00e9sence \u00e9l\u00e9gante et durable.<\/p>\n<p><strong>Notes :<\/strong>\u00a0Sucr\u00e9e, chocolat noir, balsamique, ambr\u00e9e, douce, bois\u00e9e, terreuse, cuir de daim, noisette, menthe, f\u00e8ve tonka<\/p>\n<p><strong>\u25aa\ufe0fKALIMANTAN BORNEO MALAKI \u00c2G\u00c9E 2021\u00a0<\/strong><\/p>\n<p>Une huile de Oud issue des for\u00eats profondes de Born\u00e9o, marqu\u00e9e par un <strong>caract\u00e8re fum\u00e9 et bois\u00e9.<\/strong> Sa structure associe puissance, sophistication, <strong>touches florales discr\u00e8tes et un fond r\u00e9sineux intense.<\/strong> Elle offre un <strong>sillage solide<\/strong> et affirm\u00e9, id\u00e9al pour ceux qui recherchent <strong>une huile \u00e0 forte personnalit\u00e9<\/strong>.<\/p>\n<p><strong>Notes :<\/strong> bois\u00e9 sec, caf\u00e9 fum\u00e9, encens japonais, fum\u00e9es, florales, cuir, vieille biblioth\u00e8que<\/p>\n<p><strong>\u25aa\ufe0fLAOS ANTIQUE \u00c2G\u00c9E 2019\u00a0<\/strong><\/p>\n<p>Une huile de Oud \u00e2g\u00e9e de plusieurs ann\u00e9es, aux notes bois\u00e9es raffin\u00e9es et \u00e0 la texture olfactive mature. Ce profil laotien d\u00e9veloppe une profondeur s\u00e8che et noble, <strong>avec une \u00e9volution subtile qui refl\u00e8te l\u2019\u00e2ge de la mati\u00e8re premi\u00e8re<\/strong> et l\u2019expertise de la distillation. <strong>Ses notes bois\u00e9es et sucr\u00e9es profondes, rehauss\u00e9es de subtiles touches de vanille et d\u2019\u00e9pices,<\/strong> cr\u00e9ent une symphonie olfactive riche et somptueuse. Poss\u00e9der ce Oud, c\u2019est d\u00e9tenir un morceau d\u2019histoire, <strong>une exp\u00e9rience sensorielle inoubliable<\/strong> qui transcende les \u00e9poques. Laissez-vous s\u00e9duire par l\u2019excellence de notre Oud Laos Antique <strong>\u00e2g\u00e9 et l\u00e9gendaire.<\/strong><\/p>\n<p><strong>Notes :<\/strong> Fruit\u00e9e, myrtille, pamplemousse, florale, bois\u00e9e, miel, vanille, noisette<\/p>\n<p><strong>Ce trio forme un ensemble de Oud d&rsquo;exception et Premium<\/strong>, ayant des caract\u00e8res diff\u00e9rents, parfait pour les passionn\u00e9s qui souhaitent d\u00e9couvrir 3 expressions authentiques de Oud, ou pour offrir un coffret magnifique de caract\u00e8re aux amateurs de Oud naturel.<\/p>\n<p><strong>Informations :<\/strong><\/p>\n<p>Issu du bois le plus cher et le plus pr\u00e9cieux au monde, cette huile de Oud est utilis\u00e9e par les plus grandes parfumeries mondiales afin de concevoir leur parfum de luxe. Ce pr\u00e9cieux produit de luxe de grande valeur est obtenu \u00e0 partir de plusieurs types d\u2019arbres d\u2019Asie du sud Est, le plus connu \u00e9tant l\u2019Aquilaria Malaccensis de part sa qualit\u00e9 et sa r\u00e9sine odorante exceptionnelle.<\/p>\n<p><strong>Ses vertus :<\/strong><\/p>\n<p>Le bois d\u2019Agar est \u00e9galement consid\u00e9r\u00e9 comme un aphrodisiaque tr\u00e8s puissant. Dans beaucoup de cultures, les femmes impr\u00e9gnaient leurs v\u00eatements aussi bien qu\u2019elles-m\u00eames de son parfum. C\u2019est sous forme huileuse que le bois de oud est couramment utilis\u00e9. Dans le monde arabe, son huile est employ\u00e9e pour se parfumer \u00e0 m\u00eame la peau. Elle est une mati\u00e8re premi\u00e8re essentielle dans la parfumerie du Moyen-Orient. Tr\u00e8s pr\u00e9cieuse, l\u2019huile d\u00e9veloppe un ar\u00f4me envo\u00fbtant, incroyablement raffin\u00e9 \u00e0 la fois brut et sophistiqu\u00e9.. Son parfum vous procurera du bien \u00eatre et dissipera votre stress. (\u0625\u0646 \u0634\u0627\u0621 \u0627\u0644\u0644\u0647)<\/p>\n<p><strong>Excellente qualit\u00e9!<\/strong><\/p>\n<p>Tr\u00e8s longue tenue garanti<\/p>\n<p><strong>Les 3 fioles contenues dans notre Box Majeste Oud (12ml de chaque type):<\/strong><\/p>\n<p><strong>\u25aa\ufe0f <\/strong>Dehn Al Oud Malaysia Terengganu Malaki \u00e2g\u00e9 2020<\/p>\n<p>\u25aa\ufe0f Dehn Al Oud Kalimantan Borneo Malaki \u00e2g\u00e9 2021<\/p>\n<p>\u25aa\ufe0f Dehn Al Oud Laos Antique \u00e2g\u00e9 2019<\/p>\n<p><strong>Famille de parfum :<\/strong> Oriental<\/p>\n<p><strong>Type de parfum :<\/strong> Huile de Oud Pure 100% naturelle (non mix\u00e9e et sans produit chimique)<\/p>\n<p>\u2705 100 % pur et sans dilution<\/p>\n<p>\u2705 100% aucun autre additif<\/p>\n<p>\u2705 100 % sans parfum artificiel<\/p>\n<p>\u2705 100% sans coloration<\/p>\n<p>\u2705 100% sans fermentation alcoolique<\/p>\n<p>\u2705 Trempage 100 % sans \u00e9thanol<\/p>\n<p><strong>Contenance : 3 x 12ml<\/strong><\/p>\n","protected":false},"excerpt":{"rendered":"<p>Notre <strong>coffret\u00a0Majest\u00e9<\/strong> propose une s\u00e9lection raffin\u00e9e de <strong>3 Huiles de Oud pure<\/strong>, choisis pour leur richesse et leur authenticit\u00e9.<\/p>\n<p>Un trio prestigieux de<strong> 3 \u00d7 12ml<\/strong> issu de 3 terroirs embl\u00e9matiques. <strong>Terengganu en Malaisie<\/strong> connu pour avoir l&rsquo;un des meilleurs Oud au monde,<strong> l&rsquo;\u00eele du grand<\/strong> <strong>Born\u00e9o<\/strong> appel\u00e9 Kalimantan et sa jungle aux arbres robustes et \u00e2g\u00e9s et le <strong>Laos<\/strong> au Oud mystique et profond s\u2019y rencontrent pour former une exp\u00e9rience olfactive haut de gamme.<\/p>\n<p><strong>Un coffret premium<\/strong> pens\u00e9 pour offrir puret\u00e9, caract\u00e8re et profondeur, dans un ensemble qui met en valeur l\u2019excellence du Oud pour un voyage olfactif complet&#8230;<\/p>\n","protected":false},"featured_media":26450,"comment_status":"open","ping_status":"closed","template":"","meta":[],"product_brand":[],"product_cat":[258,252,251,265,264,256],"product_tag":[],"class_list":{"0":"post-26449","1":"product","2":"type-product","3":"status-publish","4":"has-post-thumbnail","6":"product_cat-coffret-cadeaux-huile-de-oud-format-tola-12ml","7":"product_cat-coffrets-cadeaux-et-decouverte","8":"product_cat-huile-de-oud-pure","9":"product_cat-huiles-de-oud-pure-box","10":"product_cat-huiles-de-oud-pure-parfums","11":"product_cat-les-coffrets-cadeaux-huile-de-oud","13":"first","14":"instock","15":"sale","16":"shipping-taxable","17":"purchasable","18":"product-type-simple"},"_links":{"self":[{"href":"https:\/\/sabilycollection.com\/fr\/wp-json\/wp\/v2\/product\/26449","targetHints":{"allow":["GET"]}}],"collection":[{"href":"https:\/\/sabilycollection.com\/fr\/wp-json\/wp\/v2\/product"}],"about":[{"href":"https:\/\/sabilycollection.com\/fr\/wp-json\/wp\/v2\/types\/product"}],"replies":[{"embeddable":true,"href":"https:\/\/sabilycollection.com\/fr\/wp-json\/wp\/v2\/comments?post=26449"}],"wp:featuredmedia":[{"embeddable":true,"href":"https:\/\/sabilycollection.com\/fr\/wp-json\/wp\/v2\/media\/26450"}],"wp:attachment":[{"href":"https:\/\/sabilycollection.com\/fr\/wp-json\/wp\/v2\/media?parent=26449"}],"wp:term":[{"taxonomy":"product_brand","embeddable":true,"href":"https:\/\/sabilycollection.com\/fr\/wp-json\/wp\/v2\/product_brand?post=26449"},{"taxonomy":"product_cat","embeddable":true,"href":"https:\/\/sabilycollection.com\/fr\/wp-json\/wp\/v2\/product_cat?post=26449"},{"taxonomy":"product_tag","embeddable":true,"href":"https:\/\/sabilycollection.com\/fr\/wp-json\/wp\/v2\/product_tag?post=26449"}],"curies":[{"name":"wp","href":"https:\/\/api.w.org\/{rel}","templated":true}]}}