{"id":26455,"date":"2026-01-20T16:31:50","date_gmt":"2026-01-20T15:31:50","guid":{"rendered":"https:\/\/sabilycollection.com\/huiles-de-oud-coffret-noble-oud-36ml-dehn-al-oud-pure\/"},"modified":"2026-01-30T09:29:21","modified_gmt":"2026-01-30T08:29:21","slug":"huiles-de-oud-coffret-noble-oud-36ml-dehn-al-oud-pure","status":"publish","type":"product","link":"https:\/\/sabilycollection.com\/fr\/produit\/huiles-de-oud-coffret-noble-oud-36ml-dehn-al-oud-pure\/","title":{"rendered":"Huiles de Oud Coffret Noble Oud 36ml Dehn Al Oud Pure"},"content":{"rendered":"<p>Explorez notre gamme d&rsquo;huile de Oud d\u2019Asie du Sud-Est et embarquez pour un voyage olfactif unique \u00e0 travers notre <strong>Box Noble Oud<\/strong> pleine de senteurs exquises en <strong>3 fioles de 12ml.<\/strong><\/p>\n<p>L\u2019huile de Oud, aussi connue sous le nom d\u2019huile de Bois d\u2019Agar ou Dehn Al Oud en arabe, est <strong>une essence parfum\u00e9e d\u2019une richesse in\u00e9gal\u00e9e<\/strong>, extraite du pr\u00e9cieux bois d\u2019Agar m\u00fbri dans les r\u00e9gions d\u2019Asie du Sud-Est. <strong>Nous avons m\u00e9ticuleusement choisi les meilleures huiles de Oud<\/strong> pour vous proposer cette essence naturelle et authentique, ch\u00e9rie par les parfumeries de renom \u00e0 travers le monde, plongeant au c\u0153ur de la culture orientale.<\/p>\n<p>Dans notre \u00e9l\u00e9gante Box Noble Oud, vous d\u00e9couvrirez un \u00e9ventail exceptionnel de 3 fioles de 12ml, en provenance du <strong>Laos, de Tha\u00eflande et du Cambodge<\/strong>, chacune r\u00e9v\u00e9lant la puissance et la qualit\u00e9 captivante du Oud. Laissez-vous transporter dans l\u2019univers myst\u00e9rieux et captivant de ces huiles de Oud uniques.<\/p>\n<p>Osez l\u2019exp\u00e9rience sensorielle de l\u2019huile de Oud pr\u00e9cieuse, et laissez-vous emporter vers des horizons lointains <strong>\u00e9veillant vos \u00e9motions et suscitant l\u2019admiration.<\/strong><\/p>\n<p>Chaque flacon d\u2019huile de Oud contenu dans cette Box vous invite \u00e0 <strong>un voyage olfactif sans pareil.<\/strong> Explorez l\u2019art de la parfumerie orientale et plongez dans des ar\u00f4mes riches et <strong>incroyablement parfum\u00e9s.<\/strong><\/p>\n<p>Les 3 fioles contenues dans notre Box Noble Oud (12ml de chaque type) sont les suivantes :<\/p>\n<p><strong>\u25aa\ufe0f Dehn Al Oud Laos \u00e2g\u00e9e 2023<\/strong><\/p>\n<p><strong>\u25aa\ufe0f Dehn Al Oud Trat sweet \u00e2g\u00e9e 2023<\/strong><\/p>\n<p><strong>\u25aa\ufe0f Dehn Al Oud Cambodi sweet \u00e2g\u00e9e 2022<\/strong><\/p>\n<p><strong>Famille de parfum :<\/strong> Oriental<\/p>\n<p><strong>Type de parfum :<\/strong> Huile de Oud Pure 100% naturelle (non mix\u00e9e et sans produit chimique)<\/p>\n<p>\u2705 100 % pur et sans dilution<\/p>\n<p>\u2705 100% aucun autre additif<\/p>\n<p>\u2705 100 % sans parfum artificiel<\/p>\n<p>\u2705 100% sans coloration<\/p>\n<p>\u2705 100% sans fermentation alcoolique<\/p>\n<p>\u2705 Trempage 100 % sans \u00e9thanol<\/p>\n<p><strong>Contenance :<\/strong> 3 x 12ml<\/p>\n<p><strong>\u25aa\ufe0fLAOS \u00c2G\u00c9E 2023<\/strong><\/p>\n<p>Un Oud raffin\u00e9 du Laos, distill\u00e9 en 2023 et soigneusement vieilli. Cette huile r\u00e9v\u00e8le une somptueuse combinaison de daim myst\u00e9rieux et de tabac terreux, d\u00e9licatement m\u00eal\u00e9s \u00e0 des notes de cuir l\u00e9g\u00e8rement bois\u00e9es et florales. Son ar\u00f4me riche et sophistiqu\u00e9 offre \u00e0 la fois profondeur et \u00e9l\u00e9gance, faisant de cette essence une v\u00e9ritable merveille pour les amoureux authentiques du Oud.<\/p>\n<p><strong>Notes :<\/strong> Daim, prairies, cuir, bois\u00e9, terreux, tabac, floral.<\/p>\n<p><strong>\u25aa\ufe0fTRAT SWEET \u00c2G\u00c9E 2023<\/strong><\/p>\n<p>Un Oud tha\u00eflandais prestigieux, distill\u00e9 en 2023 et reconnu pour sa douceur exceptionnelle. Ce Trat Sweet d\u00e9voile un m\u00e9lange \u00e9l\u00e9gant de nuances fruit\u00e9es et cr\u00e9meuses, enrichies par des notes de noisette, de fruits rouges et florales qui accentuent sa richesse. Intens\u00e9ment parfum\u00e9 et remarquablement suave, il se distingue comme l\u2019un des Ouds de Trat les plus expressifs et raffin\u00e9s, un incontournable pour toute collection.<\/p>\n<p><strong>Notes :<\/strong> Bois\u00e9, fruit\u00e9, doux, floral, noisette, fruits rouges, cr\u00e9meuse.<\/p>\n<p><strong>\u25aa\ufe0fCAMBODIA SWEET \u00c2G\u00c9E 2022<\/strong><\/p>\n<p>Une huile de Oud cambodgien pure, distill\u00e9e en 2022, offrant un parfum doux et raffin\u00e9. Elle s\u2019ouvre sur de d\u00e9licates nuances florales et sucr\u00e9es, \u00e9voluant progressivement vers des notes fruit\u00e9es et de prairie tout au long de la journ\u00e9e. Sa teinte brune r\u00e9v\u00e8le un caract\u00e8re \u00e0 la fois d\u00e9licat et intense, mariant des notes florales \u00e0 un cuir doux. Riche et complexe, cette huile d\u00e9voile, couche apr\u00e8s couche, des accords sucr\u00e9s, bois\u00e9s et subtilement \u00e9l\u00e9gants un voyage olfactif harmonieux.<\/p>\n<p><strong>Notes :<\/strong> Cuir, floral, sucr\u00e9, bois\u00e9, fruit\u00e9, prairie<\/p>\n","protected":false},"excerpt":{"rendered":"<p>D\u00e9couvrez notre Pack Oud Noble Oud!<\/p>\n<p>Entrez dans l\u2019univers du pur Oud.<\/p>\n<p>Avec notre Pack Noble Oud, vous avez l\u2019opportunit\u00e9 d\u2019explorer la richesse de cette <strong>huile rare et pr\u00e9cieuse<\/strong> d\u2019une mani\u00e8re accessible, pens\u00e9e sp\u00e9cialement pour ceux qui veulent voyager avec le Oud authentique.<\/p>\n<p><strong>Chaque goutte r\u00e9v\u00e8le une profondeur naturelle et une \u00e9l\u00e9gance royale<\/strong>, vous offrant un v\u00e9ritable aper\u00e7u du luxe et de l\u2019authenticit\u00e9 qui rendent le Oud si unique.<\/p>\n<p>Commencez votre voyage d\u00e8s aujourd\u2019hui et <strong>laissez-vous s\u00e9duire par le charme intemporel de l&rsquo;huile de Oud, v\u00e9ritable Or des for\u00eats&#8230;<\/strong><\/p>\n","protected":false},"featured_media":26456,"comment_status":"open","ping_status":"closed","template":"","meta":[],"product_brand":[],"product_cat":[258,252,251,265,264,256],"product_tag":[],"class_list":{"0":"post-26455","1":"product","2":"type-product","3":"status-publish","4":"has-post-thumbnail","6":"product_cat-coffret-cadeaux-huile-de-oud-format-tola-12ml","7":"product_cat-coffrets-cadeaux-et-decouverte","8":"product_cat-huile-de-oud-pure","9":"product_cat-huiles-de-oud-pure-box","10":"product_cat-huiles-de-oud-pure-parfums","11":"product_cat-les-coffrets-cadeaux-huile-de-oud","13":"first","14":"instock","15":"sale","16":"shipping-taxable","17":"purchasable","18":"product-type-simple"},"_links":{"self":[{"href":"https:\/\/sabilycollection.com\/fr\/wp-json\/wp\/v2\/product\/26455","targetHints":{"allow":["GET"]}}],"collection":[{"href":"https:\/\/sabilycollection.com\/fr\/wp-json\/wp\/v2\/product"}],"about":[{"href":"https:\/\/sabilycollection.com\/fr\/wp-json\/wp\/v2\/types\/product"}],"replies":[{"embeddable":true,"href":"https:\/\/sabilycollection.com\/fr\/wp-json\/wp\/v2\/comments?post=26455"}],"wp:featuredmedia":[{"embeddable":true,"href":"https:\/\/sabilycollection.com\/fr\/wp-json\/wp\/v2\/media\/26456"}],"wp:attachment":[{"href":"https:\/\/sabilycollection.com\/fr\/wp-json\/wp\/v2\/media?parent=26455"}],"wp:term":[{"taxonomy":"product_brand","embeddable":true,"href":"https:\/\/sabilycollection.com\/fr\/wp-json\/wp\/v2\/product_brand?post=26455"},{"taxonomy":"product_cat","embeddable":true,"href":"https:\/\/sabilycollection.com\/fr\/wp-json\/wp\/v2\/product_cat?post=26455"},{"taxonomy":"product_tag","embeddable":true,"href":"https:\/\/sabilycollection.com\/fr\/wp-json\/wp\/v2\/product_tag?post=26455"}],"curies":[{"name":"wp","href":"https:\/\/api.w.org\/{rel}","templated":true}]}}