{"id":26462,"date":"2026-01-24T17:32:55","date_gmt":"2026-01-24T16:32:55","guid":{"rendered":"https:\/\/sabilycollection.com\/coffret-cadeau-encens-pack-premium-oud-chips-lover\/"},"modified":"2026-02-03T03:53:12","modified_gmt":"2026-02-03T02:53:12","slug":"coffret-cadeau-encens-pack-premium-oud-chips-lover","status":"publish","type":"product","link":"https:\/\/sabilycollection.com\/fr\/produit\/coffret-cadeau-encens-pack-premium-oud-chips-lover\/","title":{"rendered":"Coffret Cadeau Encens Pack Premium Oud Chips Lover"},"content":{"rendered":"<p>Nous avons le plaisir de vous pr\u00e9senter le\u00a0<strong>Pack Cadeau Oud Lover Premium.<\/strong><\/p>\n<p>Une\u00a0s\u00e9lection soigneusement \u00e9labor\u00e9e de Oud \u00e0 br\u00fbler, <strong>choisie pour leur puret\u00e9, leur senteurs et leur long\u00e9vit\u00e9.<\/strong> Ce pack met en valeur <strong>des bois rigoureusement sourc\u00e9s aux signatures olfactives raffin\u00e9es et diff\u00e9rentes<\/strong>, offrant une palette harmonieuse de senteurs r\u00e9v\u00e9lant chaleur, profondeur et \u00e9l\u00e9gance naturelle. <strong>Con\u00e7u pour les amateurs sensibles \u00e0 la qualit\u00e9 et \u00e0 la subtilit\u00e9<\/strong>, il propose une exp\u00e9rience d\u2019encens premium \u00e0 la fois accessible et profond\u00e9ment satisfaisante.<\/p>\n<p>Une magnifique Box compos\u00e9e de\u00a0<strong>6 types de Oud \u00e0 br\u00fbler de grande qualit\u00e9 ( 3g de chaque )<\/strong>\u00a0pour vous faire d\u00e9couvrir un univers unique aux effluves riches et vari\u00e9es.<\/p>\n<p dir=\"ltr\"><strong>Conseil d\u2019utilisation pour le Oud :<\/strong><\/p>\n<p dir=\"ltr\">Avec notre Oud \u00e0 br\u00fbler vous allez profiter d\u2019un voyage olfactif exceptionnel qui vous offrira une exp\u00e9rience unique. <strong>Nous recommandons tr\u00e8s fortement l\u2019utilisation d\u2019une couche d\u2019aluminium sur votre charbon<\/strong> ardent afin de prolonger la dur\u00e9e de combustion et de vous garantir un ar\u00f4me pure et de meilleure qualit\u00e9!<\/p>\n<p><strong>La Box Premium qui est compos\u00e9e de Oud de qualit\u00e9 sup\u00e9rieure :<\/strong><\/p>\n<p>\u25aa\ufe0f3g de Oud bois d&rsquo;Agar Sauvage Hindi Assam Char Double Super<br \/>\n\u25aa\ufe0f3g de Oud bois d&rsquo;Agar Sauvage Birmanie Char Double Super<br \/>\n\u25aa\ufe0f3g de Oud bois d&rsquo;Agar Sauvage Ambon Buru (Moluques) Double Super<br \/>\n\u25aa\ufe0f3g de Oud bois d&rsquo;Agar Sauvage Malaisie Perak Hirta Double Super<br \/>\n\u25aa\ufe0f3g de Oud bois d&rsquo;Agar Sauvage Sumbawa Double Super<br \/>\n\u25aa\ufe0f3g de Oud bois d&rsquo;Agar Sauvage Birmanie \u00c2g\u00e9<\/p>\n","protected":false},"excerpt":{"rendered":"<p>D\u00e9couvrez notre <strong>Pack Premium<\/strong> <strong>Oud Chips Lover<\/strong>, soigneusement con\u00e7ue pour celles et ceux qui souhaitent <strong>d\u00e9couvrir des Ouds authentique et de grande qualit\u00e9, aux notes absolument addictive.<\/strong> Notre Box Premium box propose une approche raffin\u00e9e de l\u2019encens naturel \u00e0 br\u00fbler, <strong>r\u00e9unissant des Ouds s\u00e9lectionn\u00e9s pour leur magnifique senteurs, leur caract\u00e8re et leur qualit\u00e9 constante.<\/strong><\/p>\n<p>Une s\u00e9lection harmonieuse qui met en valeur la <strong>diversit\u00e9 des origines et des profils olfactifs bien d\u00e9finis<\/strong>, offrant une pr\u00e9sence chaleureuse et \u00e9l\u00e9gante qui parfume d\u00e9licatement votre int\u00e9rieur et laisse une empreinte subtile sur les textiles, <strong>id\u00e9ale pour un usage quotidien comme pour des instants choisis.<\/strong><\/p>\n","protected":false},"featured_media":26426,"comment_status":"open","ping_status":"closed","template":"","meta":[],"product_brand":[],"product_cat":[254,252,247,246,263,245],"product_tag":[],"class_list":{"0":"post-26462","1":"product","2":"type-product","3":"status-publish","4":"has-post-thumbnail","6":"product_cat-coffrets-bois-de-oud","7":"product_cat-coffrets-cadeaux-et-decouverte","8":"product_cat-echantillons-bois-de-oud-encens","9":"product_cat-echantillons-de-oud","10":"product_cat-lencens-oud-bois-dagar","11":"product_cat-les-encens-dexcellence","13":"first","14":"instock","15":"sale","16":"shipping-taxable","17":"purchasable","18":"product-type-simple"},"_links":{"self":[{"href":"https:\/\/sabilycollection.com\/fr\/wp-json\/wp\/v2\/product\/26462","targetHints":{"allow":["GET"]}}],"collection":[{"href":"https:\/\/sabilycollection.com\/fr\/wp-json\/wp\/v2\/product"}],"about":[{"href":"https:\/\/sabilycollection.com\/fr\/wp-json\/wp\/v2\/types\/product"}],"replies":[{"embeddable":true,"href":"https:\/\/sabilycollection.com\/fr\/wp-json\/wp\/v2\/comments?post=26462"}],"wp:featuredmedia":[{"embeddable":true,"href":"https:\/\/sabilycollection.com\/fr\/wp-json\/wp\/v2\/media\/26426"}],"wp:attachment":[{"href":"https:\/\/sabilycollection.com\/fr\/wp-json\/wp\/v2\/media?parent=26462"}],"wp:term":[{"taxonomy":"product_brand","embeddable":true,"href":"https:\/\/sabilycollection.com\/fr\/wp-json\/wp\/v2\/product_brand?post=26462"},{"taxonomy":"product_cat","embeddable":true,"href":"https:\/\/sabilycollection.com\/fr\/wp-json\/wp\/v2\/product_cat?post=26462"},{"taxonomy":"product_tag","embeddable":true,"href":"https:\/\/sabilycollection.com\/fr\/wp-json\/wp\/v2\/product_tag?post=26462"}],"curies":[{"name":"wp","href":"https:\/\/api.w.org\/{rel}","templated":true}]}}