{"id":26463,"date":"2026-01-25T05:02:57","date_gmt":"2026-01-25T04:02:57","guid":{"rendered":"https:\/\/sabilycollection.com\/coffret-cadeau-encens-pack-deluxe-oud-chips-lover\/"},"modified":"2026-02-03T03:50:11","modified_gmt":"2026-02-03T02:50:11","slug":"coffret-cadeau-encens-pack-deluxe-oud-chips-lover","status":"publish","type":"product","link":"https:\/\/sabilycollection.com\/fr\/produit\/coffret-cadeau-encens-pack-deluxe-oud-chips-lover\/","title":{"rendered":"Coffret Cadeau Encens Pack Deluxe Oud Chips Lover"},"content":{"rendered":"<p>D\u00e9couvrez notre <strong>pack cadeau<\/strong> <strong>Deluxe Oud Chips Lover, compos\u00e9e de 6 bois de Oud soigneusement s\u00e9lectionn\u00e9s pour la combustion, 3g chacun,<\/strong> offrant un voyage raffin\u00e9 \u00e0 travers des profils olfactifs riches et vari\u00e9s, une introduction \u00e9l\u00e9gante \u00e0 l\u2019univers du Oud naturel, <strong>pens\u00e9e pour les amoureux d&rsquo;encens naturels de qualit\u00e9 en qu\u00eate de plaisir et de senteurs in\u00e9gal\u00e9es&#8230;\u00a0<\/strong><\/p>\n<p dir=\"ltr\"><strong>Conseil d\u2019utilisation pour le Oud :<\/strong><\/p>\n<p dir=\"ltr\">Avec notre Oud \u00e0 br\u00fbler vous allez profiter d\u2019un voyage olfactif exceptionnel qui vous offrira une exp\u00e9rience unique. <strong>Nous recommandons tr\u00e8s fortement l\u2019utilisation d\u2019une couche d\u2019aluminium sur votre charbon<\/strong> ardent afin de prolonger la dur\u00e9e de combustion et de vous garantir un ar\u00f4me pure et de meilleure qualit\u00e9!<\/p>\n<p><strong>Le Pack Deluxe est compos\u00e9e de :<\/strong><\/p>\n<p>\u25aa\ufe0f3g de Oud bois d&rsquo;Agar Sauvage Sumbawa Grade Super<br \/>\n\u25aa\ufe0f3g de Oud bois d&rsquo;Agar Sauvage Malaisie Perak Hirta Grade Super<br \/>\n\u25aa\ufe0f3g de Oud bois d&rsquo;Agar Sauvage Hindi Char Assam Grade Double Super<br \/>\n\u25aa\ufe0f3g de Oud bois d&rsquo;Agar Sauvage Ambon Buru Grade Super<br \/>\n\u25aa\ufe0f3g de Oud bois d&rsquo;Agar Sauvage Birmanie Char Grade Double Super<br \/>\n\u25aa\ufe0f3g de Oud bois d&rsquo;Agar Sauvage Bangka Belitung Grade Super<\/p>\n","protected":false},"excerpt":{"rendered":"<p>D\u00e9couvrez notre <strong>Gift Box Deluxe Oud Chips Lover, pens\u00e9e pour ceux qui souhaitent s\u2019initier \u00e0 l\u2019univers du oud \u00e0 br\u00fbler<\/strong> et d\u00e9couvrir une s\u00e9lection accessible d\u2019encens 100% naturels, <strong>id\u00e9ale pour une utilisation quotidienne et pour d\u00e9couvrir diff\u00e9rentes facettes du bois de Oud,<\/strong> cet Encens si prestigieux.<\/p>\n<p>Cette box <strong>r\u00e9unit plusieurs origines aux profils vari\u00e9s et \u00e9quilibr\u00e9s, offrant une fum\u00e9e agr\u00e9able et chaleureuse parfaite pour cr\u00e9er une ambiance parfum\u00e9e dans la maison<\/strong> et profiter d\u2019une senteur agr\u00e9able sur les tissus et dans l&rsquo;air tout au long de vos journ\u00e9es&#8230;<\/p>\n","protected":false},"featured_media":26426,"comment_status":"open","ping_status":"closed","template":"","meta":[],"product_brand":[],"product_cat":[254,252,247,246,263,245],"product_tag":[],"class_list":{"0":"post-26463","1":"product","2":"type-product","3":"status-publish","4":"has-post-thumbnail","6":"product_cat-coffrets-bois-de-oud","7":"product_cat-coffrets-cadeaux-et-decouverte","8":"product_cat-echantillons-bois-de-oud-encens","9":"product_cat-echantillons-de-oud","10":"product_cat-lencens-oud-bois-dagar","11":"product_cat-les-encens-dexcellence","13":"first","14":"instock","15":"sale","16":"shipping-taxable","17":"purchasable","18":"product-type-simple"},"_links":{"self":[{"href":"https:\/\/sabilycollection.com\/fr\/wp-json\/wp\/v2\/product\/26463","targetHints":{"allow":["GET"]}}],"collection":[{"href":"https:\/\/sabilycollection.com\/fr\/wp-json\/wp\/v2\/product"}],"about":[{"href":"https:\/\/sabilycollection.com\/fr\/wp-json\/wp\/v2\/types\/product"}],"replies":[{"embeddable":true,"href":"https:\/\/sabilycollection.com\/fr\/wp-json\/wp\/v2\/comments?post=26463"}],"wp:featuredmedia":[{"embeddable":true,"href":"https:\/\/sabilycollection.com\/fr\/wp-json\/wp\/v2\/media\/26426"}],"wp:attachment":[{"href":"https:\/\/sabilycollection.com\/fr\/wp-json\/wp\/v2\/media?parent=26463"}],"wp:term":[{"taxonomy":"product_brand","embeddable":true,"href":"https:\/\/sabilycollection.com\/fr\/wp-json\/wp\/v2\/product_brand?post=26463"},{"taxonomy":"product_cat","embeddable":true,"href":"https:\/\/sabilycollection.com\/fr\/wp-json\/wp\/v2\/product_cat?post=26463"},{"taxonomy":"product_tag","embeddable":true,"href":"https:\/\/sabilycollection.com\/fr\/wp-json\/wp\/v2\/product_tag?post=26463"}],"curies":[{"name":"wp","href":"https:\/\/api.w.org\/{rel}","templated":true}]}}