{"id":27372,"date":"2026-02-15T17:55:28","date_gmt":"2026-02-15T16:55:28","guid":{"rendered":"https:\/\/sabilycollection.com\/?post_type=product&#038;p=27372"},"modified":"2026-04-18T13:30:20","modified_gmt":"2026-04-18T11:30:20","slug":"huile-de-oud-hindi-vip-huile-de-bois-dagar-pure-dehn-al-oud-origine-inde","status":"publish","type":"product","link":"https:\/\/sabilycollection.com\/fr\/produit\/huile-de-oud-hindi-vip-huile-de-bois-dagar-pure-dehn-al-oud-origine-inde\/","title":{"rendered":"Huile de Oud Hindi Assam VIP Huile de Bois d\u2019Agar Pure Dehn Al Oud Origine Inde"},"content":{"rendered":"<p>Nous avons le plaisir de vous pr\u00e9senter notre <strong>Huile de Oud Hindi VIP<\/strong>, <strong>distill\u00e9e pour les connaisseurs les plus exigeants<\/strong> et issue des for\u00eats d\u2019Assam, en Inde.<\/p>\n<p>Ce magnifique Oud r\u00e9v\u00e8le un caract\u00e8re profond, structur\u00e9 et d\u2019une noblesse intense. <strong>L\u2019ouverture est bois\u00e9e, fum\u00e9e et affirm\u00e9e, \u00e9voluant progressivement vers une richesse r\u00e9sineuse chaleureuse, sublim\u00e9e par de subtiles nuances cuir\u00e9es et \u00e9pic\u00e9es.<\/strong><\/p>\n<p><strong>Notre Hindi VIP est un Oud haut de gamme, distill\u00e9 \u00e0 partir d\u2019un bois d\u2019agar de qualit\u00e9 premium<\/strong> afin d\u2019atteindre un ar\u00f4me remarquable et une qualit\u00e9 exceptionnelle, loin des huiles ordinaires. Ce Oud n\u2019est pas destin\u00e9 \u00e0 plaire \u00e0 tout le monde, il est issu d&rsquo;une noble distillation pour ceux qui comprennent la v\u00e9ritable signature du Oud Indien traditionnel, <strong>devenue extr\u00eamement rare sur le march\u00e9 actuel du Oud, o\u00f9 de nombreuses huiles provenant d\u2019Inde sont m\u00e9lang\u00e9es \u00e0 d\u2019autres huiles essentielles et ne sont souvent pas pures.<\/strong><\/p>\n<p><strong>Ce Oud a \u00e9t\u00e9 soigneusement s\u00e9lectionn\u00e9 parmi de nombreuses huiles indiennes apr\u00e8s plusieurs ann\u00e9es de recherche<\/strong>. Nous recherchions un profil Hindi distinctif, destin\u00e9 aux collectionneurs en qu\u00eate d\u2019authenticit\u00e9, de profondeur et d\u2019une pr\u00e9sence incontestable, <strong>un Oud qui se distingue clairement des autres Hindi pr\u00e9sents sur le march\u00e9.<\/strong> Notre Oud Hindi VIP a \u00e9t\u00e9 valid\u00e9 par des n\u00e9gociants et des passionn\u00e9s de Oud naturel au Moyen-Orient bien avant sa mise en ligne sur notre site, preuve de sa qualit\u00e9 exceptionnelle, <strong>reconnue par des marchands arabes sp\u00e9cialis\u00e9s dans les Oud rares et d\u2019exception.<\/strong><\/p>\n<p>So parfum offre une pr\u00e9sence marqu\u00e9e, une \u00e9volution ma\u00eetris\u00e9e sur la peau et une remarquable long\u00e9vit\u00e9. Il porte une signature noble et structur\u00e9e, o\u00f9 la puissance demeure parfaitement contr\u00f4l\u00e9e. <strong>Contrairement aux profils fortement marqu\u00e9s par une intensit\u00e9 animale dominante, celui-ci r\u00e9v\u00e8le une facette l\u00e9g\u00e8rement animale, subtile et \u00e9l\u00e9gamment m\u00e9lang\u00e9 aux autres notes<\/strong>,\u00a0 jamais envahissante du d\u00e9but \u00e0 la fin de son \u00e9volution.<\/p>\n<p>D\u00e8s l\u2019ouverture, des notes \u00e9pic\u00e9es, terreuses, bois\u00e9es et cuir\u00e9es s\u2019installent avec assurance et demeurent constantes tout au long du d\u00e9veloppement sur la peau. Cette continuit\u00e9 forme une colonne vert\u00e9brale olfactive stable, profonde et raffin\u00e9e. <strong>La dimension terreuse apporte une authenticit\u00e9 brute rappelant les bois d\u2019agar de haute qualit\u00e9 provenant de r\u00e9gions telles que Merauke ou Malinau<\/strong>, tandis que les nuances cuir\u00e9es renforcent le caract\u00e8re et la stature de la composition.<\/p>\n<p><strong>En arri\u00e8re-plan, de d\u00e9licates touches chocolat\u00e9es viennent adoucir la structure.<\/strong> Cette subtile gourmandise introduit une douceur naturelle sans exc\u00e8s, \u00e9levant davantage un profil d\u00e9j\u00e0 complexe et d\u2019une profondeur royale. L\u2019\u00e9quilibre entre chaleur \u00e9pic\u00e9e, profondeur bois\u00e9e et douceur ma\u00eetris\u00e9e donne naissance \u00e0 une composition harmonieuse et <strong>hautement addictive.<\/strong><\/p>\n<p>Le r\u00e9sultat est un Oud Hindi performant, au caract\u00e8re affirm\u00e9, riche et \u00e9l\u00e9gant, con\u00e7u pour ceux qui recherchent profondeur, distinction et constance dans l\u2019\u00e9volution. Sa projection puissante ne manquera pas de susciter l\u2019admiration de ceux qui savent reconna\u00eetre les fragrances d\u2019exception au profil \u00e9l\u00e9gant et s\u00e9duisant.<\/p>\n<p><strong>Fortement recommand\u00e9 :<\/strong><\/p>\n<p><strong>Informations :<\/strong><\/p>\n<p>Issue du bois le plus cher et le plus pr\u00e9cieux au monde, cette huile de Oud est utilis\u00e9e par les plus grandes parfumeries mondiales afin de concevoir leur parfum de luxe.<\/p>\n<p>Ce pr\u00e9cieux produit de luxe \u00e0 la grande valeur est obtenu \u00e0 partir de plusieurs types d\u2019arbres d\u2019Asie du sud Est, le plus connu \u00e9tant l\u2019Aquilaria Malaccensis de part sa qualit\u00e9 et sa r\u00e9sine odorante exceptionnelle.<\/p>\n<p><strong>Ses vertus :<\/strong><\/p>\n<p>Le bois d\u2019Agar est \u00e9galement consid\u00e9r\u00e9 comme un aphrodisiaque tr\u00e8s puissant. Dans beaucoup de cultures, les femmes impr\u00e9gnaient leurs v\u00eatements aussi bien qu\u2019elles-m\u00eames de son parfum. C\u2019est sous forme huileuse que le bois de oud est couramment utilis\u00e9. Dans le monde arabe, son huile est employ\u00e9e pour se parfumer \u00e0 m\u00eame la peau. Elle est une mati\u00e8re premi\u00e8re essentielle dans la parfumerie du Moyen-Orient. Tr\u00e8s pr\u00e9cieuse, l\u2019huile d\u00e9veloppe un ar\u00f4me envo\u00fbtant, incroyablement raffin\u00e9 \u00e0 la fois brut et sophistiqu\u00e9.. Son parfum vous procurera du bien \u00eatre et dissipera votre stress. (\u0625\u0646 \u0634\u0627\u0621 \u0627\u0644\u0644\u0647)<\/p>\n<p><strong>Produit rare et de grande qualit\u00e9!<\/strong><\/p>\n<p><strong>Garanti tenue longue dur\u00e9e<\/strong><\/p>\n<p>Distill\u00e9e \u00e0 partir de 100 % de Oud sauvage naturel issu de l&rsquo;Aquilaria Malaccensis<\/p>\n<ul>\n<li>\u00a0100% pur et sans dilution<\/li>\n<li>\u00a0100% aucun autre additif<\/li>\n<li>\u00a0100% sans parfum artificiel<\/li>\n<li>\u00a0100% sans coloration<\/li>\n<li>\u00a0100% sans fermentation alcoolique<\/li>\n<li>\u00a0Trempage 100% sans \u00e9thanol<\/li>\n<\/ul>\n<p><strong>Type de distillation :<\/strong> Feu de bois<\/p>\n<p><strong>Notes :<\/strong> Baies rouges, fum\u00e9e, chocolat, bois\u00e9e, fruit\u00e9es, for\u00eat tropicale humide, \u00e9pic\u00e9, l\u00e9g\u00e8rement animalique, cuir.<\/p>\n<p><strong>Flacon :<\/strong>\u00a01ml, 3ml, 6ml ou 12ml<\/p>\n","protected":false},"excerpt":{"rendered":"<p><strong>Notre Hindi VIP Oud incarne une vision exigeante du Oud d\u2019Assam<\/strong>, s\u00e9lectionn\u00e9 pour son intensit\u00e9 et son \u00e9quilibre. Issu d\u2019un long et minutieux processus de s\u00e9lection, <strong>il refl\u00e8te un haut niveau de qualit\u00e9 et de puret\u00e9.<\/strong><\/p>\n<p>Chaque goutte t\u00e9moigne d\u2019un savoir-faire pr\u00e9cis, d\u2019une puret\u00e9 authentique et d\u2019une qualit\u00e9 constante, <strong>des crit\u00e8res devenus difficiles \u00e0 trouver sur le march\u00e9 actuel.<\/strong><\/p>\n<p><strong>Un Oud de collection, con\u00e7u pour les v\u00e9ritables connaisseurs de Oud indien haut de gamme et pr\u00e9cieux.<\/strong><\/p>\n","protected":false},"featured_media":27489,"comment_status":"open","ping_status":"closed","template":"","meta":[],"product_brand":[],"product_cat":[251,266,264],"product_tag":[],"class_list":{"0":"post-27372","1":"product","2":"type-product","3":"status-publish","4":"has-post-thumbnail","6":"product_cat-huile-de-oud-pure","7":"product_cat-huiles-de-oud-pure-single-bottle","8":"product_cat-huiles-de-oud-pure-parfums","9":"pa_quantity-12ml","10":"pa_quantity-1ml","11":"pa_quantity-3ml","12":"pa_quantity-6ml","14":"first","15":"instock","16":"shipping-taxable","17":"purchasable","18":"product-type-variable","19":"has-default-attributes"},"_links":{"self":[{"href":"https:\/\/sabilycollection.com\/fr\/wp-json\/wp\/v2\/product\/27372","targetHints":{"allow":["GET"]}}],"collection":[{"href":"https:\/\/sabilycollection.com\/fr\/wp-json\/wp\/v2\/product"}],"about":[{"href":"https:\/\/sabilycollection.com\/fr\/wp-json\/wp\/v2\/types\/product"}],"replies":[{"embeddable":true,"href":"https:\/\/sabilycollection.com\/fr\/wp-json\/wp\/v2\/comments?post=27372"}],"wp:featuredmedia":[{"embeddable":true,"href":"https:\/\/sabilycollection.com\/fr\/wp-json\/wp\/v2\/media\/27489"}],"wp:attachment":[{"href":"https:\/\/sabilycollection.com\/fr\/wp-json\/wp\/v2\/media?parent=27372"}],"wp:term":[{"taxonomy":"product_brand","embeddable":true,"href":"https:\/\/sabilycollection.com\/fr\/wp-json\/wp\/v2\/product_brand?post=27372"},{"taxonomy":"product_cat","embeddable":true,"href":"https:\/\/sabilycollection.com\/fr\/wp-json\/wp\/v2\/product_cat?post=27372"},{"taxonomy":"product_tag","embeddable":true,"href":"https:\/\/sabilycollection.com\/fr\/wp-json\/wp\/v2\/product_tag?post=27372"}],"curies":[{"name":"wp","href":"https:\/\/api.w.org\/{rel}","templated":true}]}}