{"id":27383,"date":"2026-03-10T08:21:59","date_gmt":"2026-03-10T07:21:59","guid":{"rendered":"https:\/\/sabilycollection.com\/?post_type=product&#038;p=27383"},"modified":"2026-03-10T19:23:03","modified_gmt":"2026-03-10T18:23:03","slug":"huile-de-oud-birmanie-sultani-agee-2024-huile-de-bois-dagar-pure-dehn-al-oud-burmi-myanmar","status":"publish","type":"product","link":"https:\/\/sabilycollection.com\/fr\/produit\/huile-de-oud-birmanie-sultani-agee-2024-huile-de-bois-dagar-pure-dehn-al-oud-burmi-myanmar\/","title":{"rendered":"Huile de Oud Birmanie Sultani \u00c2g\u00e9e 2024 Huile de Bois d&rsquo;Agar Pure Dehn Al Oud Burmi Myanmar"},"content":{"rendered":"<p>R\u00e9colt\u00e9e dans les territoires isol\u00e9s du nord de la Birmanie (Myanmar) et distill\u00e9e en 2024, <strong>notre huile de Oud sauvage Burmese Sultani provient de paysages montagneux escarp\u00e9s o\u00f9 des for\u00eats s\u00e9culaires abritent certains des bois d\u2019agar les plus pr\u00e9cieux au monde.<\/strong><\/p>\n<p>Seul un nombre tr\u00e8s limit\u00e9 de distillations issues de cette r\u00e9gion atteint un tel niveau de puret\u00e9, de profondeur et de puissance aromatique remarquable, faisant de cette huile une expression rare du v\u00e9ritable h\u00e9ritage birman.<\/p>\n<p>Notre <strong>Oud Birman Sultani 2024<\/strong> d\u00e9voile un ar\u00f4me exceptionnellement riche et somptueux, o\u00f9 une douceur naturelle se m\u00eale \u00e0 une subtile touche florale. D\u00e8s les premi\u00e8res notes, <strong>une profondeur bois\u00e9e sombre<\/strong> est illumin\u00e9e par une lueur <strong>d\u00e9licatement sucr\u00e9e, presque nectar\u00e9e,<\/strong> apportant \u00e0 la fois confort et \u00e9l\u00e9gance.<\/p>\n<p><strong>Sa couleur brun rouge profond, rehauss\u00e9e de reflets ambr\u00e9s, \u00e9voque imm\u00e9diatement les huiles de Oud les plus prestigieuses.<\/strong> Cette couleur dense refl\u00e8te sa maturit\u00e9, sa concentration naturelle et la qualit\u00e9 remarquable du bois dont elle est issue.<\/p>\n<p>D\u00e8s les premi\u00e8res secondes, <strong>une impression fruit\u00e9e rappelant des baies sauvages se fond dans une r\u00e9sine chaleureuse et noble<\/strong>, \u00e9veillant instantan\u00e9ment les sens. Son parfum \u00e9volue ensuite vers un registre <strong>bois\u00e9, terreux et royalement sucr\u00e9.<\/strong> Au fil des heures, la composition s\u2019adoucit et s\u2019arrondit, r\u00e9v\u00e9lant de d\u00e9licates <strong>nuances florales et subtilement miell\u00e9es.<\/strong> En fond, une touche fum\u00e9e raffin\u00e9e, <strong>associ\u00e9e \u00e0 une facette l\u00e9g\u00e8rement cacaot\u00e9e, vient parfaire le profil, signature des grands Oud birmans vieillis.<\/strong><\/p>\n<p>\u00c0 mesure que les minutes s\u2019\u00e9coulent, de fines nuances florales \u00e9mergent, adoucissant la composition tout en laissant appara\u00eetre <strong>une base l\u00e9g\u00e8rement animale et discr\u00e8tement \u00e9pic\u00e9e.<\/strong> L\u2019ensemble \u00e9voque les grands Oud classiques, avec une \u00e9volution remarquable, noble et gracieuse sur la peau.<\/p>\n<p><strong>Une huile de Oud tr\u00e8s addictive, d\u2019une qualit\u00e9 exceptionnelle<\/strong>, aujourd\u2019hui devenue extr\u00eamement rare sur le march\u00e9. Distill\u00e9e pour les connaisseurs en qu\u00eate d\u2019un Oud birman rappelant les grandes distillations d\u2019antan, elle offre une pr\u00e9sence puissante et durable. Ce Oud<strong> Burmi Sultani Oud<\/strong> est un v\u00e9ritable joyau pour les passionn\u00e9s de Oud naturel. Distill\u00e9e avec un soin m\u00e9ticuleux, cette huile capture l\u2019essence m\u00eame du Oud birman : puret\u00e9, puissance et raffinement intemporel.<\/p>\n<p><strong>Une huile d\u2019exception qui \u00e9volue magnifiquement tout au long de la journ\u00e9e,<\/strong> r\u00e9v\u00e9lant ses multiples facettes du matin jusqu\u2019au soir avec une persistance remarquable. <strong>Sans h\u00e9sitation, elle figure parmi nos plus belles huiles de Oud, issue d\u2019un bois d\u2019agar d\u2019une qualit\u00e9 exceptionnelle.\u00a0<\/strong><\/p>\n<ul>\n<li>100 % pur et sans dilution<\/li>\n<li>100% aucun autre additif<\/li>\n<li>100 % sans parfum artificiel<\/li>\n<li>100% sans coloration<\/li>\n<li>100% sans fermentation alcoolique<\/li>\n<li>Trempage 100 % sans \u00e9thanol<\/li>\n<\/ul>\n<p><strong>Produit rare et exceptionnel !\u00a0<\/strong><\/p>\n<p><strong>Date de distillation :<\/strong> 2024<\/p>\n<p>Longue tenue garantie<\/p>\n<p>Distill\u00e9e \u00e0 partir de Oud sauvage 100 % naturel<\/p>\n<p><strong>Notes olfactives :<\/strong> bois\u00e9es, sucr\u00e9es, miell\u00e9es, terreuses, chocolat\u00e9es, l\u00e9g\u00e8rement fum\u00e9e, l\u00e9g\u00e8rement animales, florales, baies rouges<\/p>\n<p><strong>Flacon :<\/strong> 1 ml, 3 ml, 6 ml ou 12 ml<\/p>\n","protected":false},"excerpt":{"rendered":"<p>Plongez dans l\u2019univers somptueux du Oud haut de gamme et rare avec notre <strong>Oud Birman Sultani 2024.<\/strong><\/p>\n<p>Ce Oud de Birmanie se distingue v\u00e9ritablement <strong>parmi les plus belles expressions que le Oud birman puisse offrir\u2026<\/strong><\/p>\n","protected":false},"featured_media":27808,"comment_status":"open","ping_status":"closed","template":"","meta":[],"product_brand":[],"product_cat":[251,266,264],"product_tag":[],"class_list":{"0":"post-27383","1":"product","2":"type-product","3":"status-publish","4":"has-post-thumbnail","6":"product_cat-huile-de-oud-pure","7":"product_cat-huiles-de-oud-pure-single-bottle","8":"product_cat-huiles-de-oud-pure-parfums","9":"pa_quantity-12ml","10":"pa_quantity-1ml","11":"pa_quantity-3ml","12":"pa_quantity-6ml","14":"first","15":"instock","16":"shipping-taxable","17":"purchasable","18":"product-type-variable","19":"has-default-attributes"},"_links":{"self":[{"href":"https:\/\/sabilycollection.com\/fr\/wp-json\/wp\/v2\/product\/27383","targetHints":{"allow":["GET"]}}],"collection":[{"href":"https:\/\/sabilycollection.com\/fr\/wp-json\/wp\/v2\/product"}],"about":[{"href":"https:\/\/sabilycollection.com\/fr\/wp-json\/wp\/v2\/types\/product"}],"replies":[{"embeddable":true,"href":"https:\/\/sabilycollection.com\/fr\/wp-json\/wp\/v2\/comments?post=27383"}],"wp:featuredmedia":[{"embeddable":true,"href":"https:\/\/sabilycollection.com\/fr\/wp-json\/wp\/v2\/media\/27808"}],"wp:attachment":[{"href":"https:\/\/sabilycollection.com\/fr\/wp-json\/wp\/v2\/media?parent=27383"}],"wp:term":[{"taxonomy":"product_brand","embeddable":true,"href":"https:\/\/sabilycollection.com\/fr\/wp-json\/wp\/v2\/product_brand?post=27383"},{"taxonomy":"product_cat","embeddable":true,"href":"https:\/\/sabilycollection.com\/fr\/wp-json\/wp\/v2\/product_cat?post=27383"},{"taxonomy":"product_tag","embeddable":true,"href":"https:\/\/sabilycollection.com\/fr\/wp-json\/wp\/v2\/product_tag?post=27383"}],"curies":[{"name":"wp","href":"https:\/\/api.w.org\/{rel}","templated":true}]}}