{"id":27648,"date":"2026-02-20T16:43:26","date_gmt":"2026-02-20T15:43:26","guid":{"rendered":"https:\/\/sabilycollection.com\/?post_type=product&#038;p=27648"},"modified":"2026-02-27T18:48:53","modified_gmt":"2026-02-27T17:48:53","slug":"nishane-patchuli-kozha-decant-10ml","status":"publish","type":"product","link":"https:\/\/sabilycollection.com\/fr\/produit\/nishane-patchuli-kozha-decant-10ml\/","title":{"rendered":"Dior Ambre Nuit Esprit de Parfum Decant 10ml"},"content":{"rendered":"<p><strong>AMBRE NUIT&#8230;<\/strong><\/p>\n<p data-start=\"84\" data-end=\"284\"><strong data-start=\"84\" data-end=\"103\">NOM DU PARFUM :<\/strong> Ambre Nuit Esprit de Parfum<\/p>\n<p data-start=\"84\" data-end=\"284\"><strong data-start=\"134\" data-end=\"146\">MAISON :<\/strong> Dior<\/p>\n<p data-start=\"84\" data-end=\"284\"><strong data-start=\"154\" data-end=\"170\">COLLECTION :<\/strong> La Collection Priv\u00e9e Christian Dior<\/p>\n<p data-start=\"84\" data-end=\"284\"><strong data-start=\"209\" data-end=\"228\">CONCENTRATION :<\/strong> Extrait de Parfum<\/p>\n<p data-start=\"286\" data-end=\"303\"><strong data-start=\"286\" data-end=\"303\">Description :<\/strong><\/p>\n<p data-start=\"305\" data-end=\"491\">Ambre Nuit Esprit de Parfum est une fragrance orientale \u00e9pic\u00e9e qui \u00e9voque la profondeur d\u2019une nuit myst\u00e9rieuse, o\u00f9 l\u2019absence de lune laisse place \u00e0 une atmosph\u00e8re intime et enveloppante.<\/p>\n<p data-start=\"493\" data-end=\"694\">D\u00e8s l\u2019ouverture, un accord chaleureux et sensuel de cannelle et de cardamome s\u2019impose avec intensit\u00e9. Les \u00e9pices se r\u00e9v\u00e8lent riches et vibrantes, donnant au parfum une pr\u00e9sence imm\u00e9diate et captivante.<\/p>\n<p data-start=\"696\" data-end=\"914\">En c\u0153ur, les nuances \u00e9pic\u00e9es se d\u00e9ploient avec subtilit\u00e9 et texture. Le musc traverse la composition et renforce son caract\u00e8re nocturne et magn\u00e9tique, apportant une dimension \u00e0 la fois douce et profond\u00e9ment s\u00e9duisante.<\/p>\n<p data-start=\"916\" data-end=\"1112\">En fond, la signature ambr\u00e9e embl\u00e9matique s\u2019exprime avec davantage de profondeur et de chaleur. Soutenue par des muscs sensuels, elle laisse sur la peau un sillage enveloppant, intense et durable.<\/p>\n<p data-start=\"1114\" data-end=\"1301\" data-is-last-node=\"\" data-is-only-node=\"\">L\u2019ensemble r\u00e9v\u00e8le une \u00e9l\u00e9gance sophistiqu\u00e9e et captivante. Ambre Nuit Esprit de Parfum est id\u00e9al pour celles et ceux qui souhaitent affirmer une pr\u00e9sence intense, raffin\u00e9e et inoubliable.<\/p>\n<p data-start=\"1114\" data-end=\"1301\" data-is-last-node=\"\" data-is-only-node=\"\"><strong data-start=\"249\" data-end=\"264\" data-is-only-node=\"\">PARFUMEUR :<\/strong> Francis Kurkdjian<\/p>\n","protected":false},"excerpt":{"rendered":"<p>AMBRE NUIT&#8230; NOM DU PARFUM : Ambre Nuit Esprit de Parfum MAISON : Dior COLLECTION : La Collection Priv\u00e9e Christian Dior CONCENTRATION : Extrait de Parfum Description : Ambre Nuit Esprit de Parfum est une fragrance orientale \u00e9pic\u00e9e qui \u00e9voque la profondeur d\u2019une nuit myst\u00e9rieuse, o\u00f9 l\u2019absence de lune laisse place \u00e0 une atmosph\u00e8re intime [&hellip;]<\/p>\n","protected":false},"featured_media":27647,"comment_status":"open","ping_status":"closed","template":"","meta":[],"product_brand":[],"product_cat":[341],"product_tag":[],"class_list":{"0":"post-27648","1":"product","2":"type-product","3":"status-publish","4":"has-post-thumbnail","6":"product_cat-decantes-parfum-niche","8":"first","9":"instock","10":"shipping-taxable","11":"purchasable","12":"product-type-simple"},"_links":{"self":[{"href":"https:\/\/sabilycollection.com\/fr\/wp-json\/wp\/v2\/product\/27648","targetHints":{"allow":["GET"]}}],"collection":[{"href":"https:\/\/sabilycollection.com\/fr\/wp-json\/wp\/v2\/product"}],"about":[{"href":"https:\/\/sabilycollection.com\/fr\/wp-json\/wp\/v2\/types\/product"}],"replies":[{"embeddable":true,"href":"https:\/\/sabilycollection.com\/fr\/wp-json\/wp\/v2\/comments?post=27648"}],"wp:featuredmedia":[{"embeddable":true,"href":"https:\/\/sabilycollection.com\/fr\/wp-json\/wp\/v2\/media\/27647"}],"wp:attachment":[{"href":"https:\/\/sabilycollection.com\/fr\/wp-json\/wp\/v2\/media?parent=27648"}],"wp:term":[{"taxonomy":"product_brand","embeddable":true,"href":"https:\/\/sabilycollection.com\/fr\/wp-json\/wp\/v2\/product_brand?post=27648"},{"taxonomy":"product_cat","embeddable":true,"href":"https:\/\/sabilycollection.com\/fr\/wp-json\/wp\/v2\/product_cat?post=27648"},{"taxonomy":"product_tag","embeddable":true,"href":"https:\/\/sabilycollection.com\/fr\/wp-json\/wp\/v2\/product_tag?post=27648"}],"curies":[{"name":"wp","href":"https:\/\/api.w.org\/{rel}","templated":true}]}}