{"id":27652,"date":"2026-02-20T16:47:59","date_gmt":"2026-02-20T15:47:59","guid":{"rendered":"https:\/\/sabilycollection.com\/?post_type=product&#038;p=27652"},"modified":"2026-02-27T18:50:28","modified_gmt":"2026-02-27T17:50:28","slug":"dior-ambre-nuit-esprit-de-parfum-decant-10ml","status":"publish","type":"product","link":"https:\/\/sabilycollection.com\/fr\/produit\/dior-ambre-nuit-esprit-de-parfum-decant-10ml\/","title":{"rendered":"Initio Paragon Decant 10ml"},"content":{"rendered":"<p data-start=\"97\" data-end=\"203\"><strong>PARAGON&#8230;<\/strong><\/p>\n<p data-start=\"97\" data-end=\"203\"><strong data-start=\"97\" data-end=\"116\">NOM DU PARFUM :<\/strong> Paragon<\/p>\n<p data-start=\"97\" data-end=\"203\"><strong data-start=\"127\" data-end=\"139\">MAISON :<\/strong> Initio Parfums Priv\u00e9s<\/p>\n<p data-start=\"97\" data-end=\"203\"><strong data-start=\"164\" data-end=\"183\">CONCENTRATION :<\/strong> Extrait de Parfum<\/p>\n<p data-start=\"205\" data-end=\"222\"><strong data-start=\"205\" data-end=\"222\">Description :<\/strong><\/p>\n<p data-start=\"224\" data-end=\"399\">Paragon est une cr\u00e9ation bois\u00e9e et \u00e9pic\u00e9e d\u2019une grande sophistication, o\u00f9 la fra\u00eecheur aromatique rencontre des bois sacr\u00e9s pour r\u00e9v\u00e9ler une signature profond\u00e9ment expressive.<\/p>\n<p data-start=\"401\" data-end=\"640\">D\u00e8s les premi\u00e8res notes, un accord lumineux de bergamote, de sauge blanche et de lavande s\u2019ouvre avec \u00e9clat. Cette envol\u00e9e aromatique apporte une sensation \u00e0 la fois apaisante et dynamisante, installant imm\u00e9diatement une pr\u00e9sence raffin\u00e9e.<\/p>\n<p data-start=\"642\" data-end=\"895\">Au c\u0153ur, le palo santo s\u2019impose progressivement. Sa chaleur fum\u00e9e, douce et enveloppante, est subtilement relev\u00e9e par une touche de poivre noir. L\u2019ensemble gagne en profondeur et en myst\u00e8re, trouvant un \u00e9quilibre harmonieux entre fra\u00eecheur et intensit\u00e9.<\/p>\n<p data-start=\"897\" data-end=\"1165\">En fond, le bois de santal cr\u00e9meux se m\u00eale \u00e0 la richesse du bois d\u2019agar pour cr\u00e9er une base chaleureuse et \u00e9l\u00e9gante qui persiste d\u00e9licatement sur la peau. Les bois, parfaitement polis et harmonieux, apportent puissance et caract\u00e8re sans jamais alourdir la composition.<\/p>\n<p data-start=\"1167\" data-end=\"1358\" data-is-last-node=\"\" data-is-only-node=\"\">L\u2019impression g\u00e9n\u00e9rale est celle d\u2019un parfum \u00e9l\u00e9gant, spirituel et r\u00e9solument moderne. Paragon associe clart\u00e9 aromatique et profondeur bois\u00e9e dans une composition raffin\u00e9e, intense et durable.<\/p>\n","protected":false},"excerpt":{"rendered":"<p>PARAGON&#8230; NOM DU PARFUM : Paragon MAISON : Initio Parfums Priv\u00e9s CONCENTRATION : Extrait de Parfum Description : Paragon est une cr\u00e9ation bois\u00e9e et \u00e9pic\u00e9e d\u2019une grande sophistication, o\u00f9 la fra\u00eecheur aromatique rencontre des bois sacr\u00e9s pour r\u00e9v\u00e9ler une signature profond\u00e9ment expressive. D\u00e8s les premi\u00e8res notes, un accord lumineux de bergamote, de sauge blanche et [&hellip;]<\/p>\n","protected":false},"featured_media":27649,"comment_status":"open","ping_status":"closed","template":"","meta":[],"product_brand":[],"product_cat":[341],"product_tag":[],"class_list":{"0":"post-27652","1":"product","2":"type-product","3":"status-publish","4":"has-post-thumbnail","6":"product_cat-decantes-parfum-niche","8":"first","9":"instock","10":"shipping-taxable","11":"purchasable","12":"product-type-simple"},"_links":{"self":[{"href":"https:\/\/sabilycollection.com\/fr\/wp-json\/wp\/v2\/product\/27652","targetHints":{"allow":["GET"]}}],"collection":[{"href":"https:\/\/sabilycollection.com\/fr\/wp-json\/wp\/v2\/product"}],"about":[{"href":"https:\/\/sabilycollection.com\/fr\/wp-json\/wp\/v2\/types\/product"}],"replies":[{"embeddable":true,"href":"https:\/\/sabilycollection.com\/fr\/wp-json\/wp\/v2\/comments?post=27652"}],"wp:featuredmedia":[{"embeddable":true,"href":"https:\/\/sabilycollection.com\/fr\/wp-json\/wp\/v2\/media\/27649"}],"wp:attachment":[{"href":"https:\/\/sabilycollection.com\/fr\/wp-json\/wp\/v2\/media?parent=27652"}],"wp:term":[{"taxonomy":"product_brand","embeddable":true,"href":"https:\/\/sabilycollection.com\/fr\/wp-json\/wp\/v2\/product_brand?post=27652"},{"taxonomy":"product_cat","embeddable":true,"href":"https:\/\/sabilycollection.com\/fr\/wp-json\/wp\/v2\/product_cat?post=27652"},{"taxonomy":"product_tag","embeddable":true,"href":"https:\/\/sabilycollection.com\/fr\/wp-json\/wp\/v2\/product_tag?post=27652"}],"curies":[{"name":"wp","href":"https:\/\/api.w.org\/{rel}","templated":true}]}}