{"id":27656,"date":"2026-02-20T16:58:11","date_gmt":"2026-02-20T15:58:11","guid":{"rendered":"https:\/\/sabilycollection.com\/?post_type=product&#038;p=27656"},"modified":"2026-02-27T18:40:00","modified_gmt":"2026-02-27T17:40:00","slug":"decant-10ml","status":"publish","type":"product","link":"https:\/\/sabilycollection.com\/fr\/produit\/decant-10ml\/","title":{"rendered":"Kilian Black Phantom Decant 10ml"},"content":{"rendered":"<p><strong>BLACK PHANTOM&#8230;<\/strong><\/p>\n<div class=\"relative basis-auto flex-col -mb-(--composer-overlap-px) [--composer-overlap-px:28px] grow flex\">\n<div class=\"flex flex-col text-sm pb-25\">\n<article class=\"text-token-text-primary w-full focus:outline-none [--shadow-height:45px] has-data-writing-block:pointer-events-none has-data-writing-block:-mt-(--shadow-height) has-data-writing-block:pt-(--shadow-height) [&amp;:has([data-writing-block])&gt;*]:pointer-events-auto scroll-mt-[calc(var(--header-height)+min(200px,max(70px,20svh)))]\" dir=\"auto\" tabindex=\"-1\" data-turn-id=\"request-69988cb3-0dbc-8322-b248-c5884be1c07b-0\" data-testid=\"conversation-turn-4\" data-scroll-anchor=\"true\" data-turn=\"assistant\">\n<div class=\"text-base my-auto mx-auto pb-10 [--thread-content-margin:--spacing(4)] @w-sm\/main:[--thread-content-margin:--spacing(6)] @w-lg\/main:[--thread-content-margin:--spacing(16)] px-(--thread-content-margin)\">\n<div class=\"[--thread-content-max-width:40rem] @w-lg\/main:[--thread-content-max-width:48rem] mx-auto max-w-(--thread-content-max-width) flex-1 group\/turn-messages focus-visible:outline-hidden relative flex w-full min-w-0 flex-col agent-turn\" tabindex=\"-1\">\n<div class=\"flex max-w-full flex-col grow\">\n<div class=\"min-h-8 text-message relative flex w-full flex-col items-end gap-2 text-start break-words whitespace-normal [.text-message+&amp;]:mt-1\" dir=\"auto\" data-message-author-role=\"assistant\" data-message-id=\"6a55bd4e-8e66-4477-92b4-dfc508fadd1b\" data-message-model-slug=\"gpt-5-2\">\n<div class=\"flex w-full flex-col gap-1 empty:hidden first:pt-[1px]\">\n<div class=\"markdown prose dark:prose-invert w-full wrap-break-word dark markdown-new-styling\">\n<p data-start=\"80\" data-end=\"217\"><strong data-start=\"80\" data-end=\"99\">NOM DU PARFUM :<\/strong> Black Phantom<\/p>\n<p data-start=\"80\" data-end=\"217\"><strong data-start=\"116\" data-end=\"128\">MAISON :<\/strong> By Kilian<\/p>\n<p data-start=\"80\" data-end=\"217\"><strong data-start=\"141\" data-end=\"160\">CONCENTRATION :<\/strong> Extrait de Parfum<\/p>\n<p data-start=\"219\" data-end=\"236\"><strong data-start=\"219\" data-end=\"236\">Description :<\/strong><\/p>\n<p data-start=\"238\" data-end=\"401\">Black Phantom est une fragrance myst\u00e9rieuse et intens\u00e9ment gourmande, o\u00f9 la douceur cr\u00e9meuse rencontre des nuances sombres et fum\u00e9es pour une signature captivante.<\/p>\n<p data-start=\"403\" data-end=\"575\">L\u2019ouverture d\u00e9voile un accord envo\u00fbtant de rhum et de caramel. Cette alliance offre une gourmandise liquoreuse, riche et profonde, \u00e0 la fois suave et intens\u00e9ment addictive.<\/p>\n<p data-start=\"577\" data-end=\"826\">Au fil des notes, le caf\u00e9 et le cacao \u00e9mergent et apportent une dimension torr\u00e9fi\u00e9e, l\u00e9g\u00e8rement am\u00e8re, qui vient \u00e9l\u00e9gamment contraster la douceur initiale. Le parfum gagne en relief et en sophistication, r\u00e9v\u00e9lant un caract\u00e8re plus sombre et affirm\u00e9.<\/p>\n<p data-start=\"828\" data-end=\"1022\">En fond, des bois chaleureux s\u2019entrelacent avec la canne \u00e0 sucre et une touche d\u2019amande douce. L\u2019ensemble cr\u00e9e une texture cr\u00e9meuse, l\u00e9g\u00e8rement r\u00e9sineuse, laissant un sillage sensuel et durable.<\/p>\n<p data-start=\"1024\" data-end=\"1211\" data-is-last-node=\"\" data-is-only-node=\"\">L\u2019impression g\u00e9n\u00e9rale est \u00e9nigmatique, luxueuse et velout\u00e9e. Black Phantom marie richesse sucr\u00e9e et profondeur fum\u00e9e dans une composition intense, enveloppante et r\u00e9solument sophistiqu\u00e9e.<\/p>\n<\/div>\n<\/div>\n<\/div>\n<\/div>\n<div class=\"z-0 flex min-h-[46px] justify-start\"><strong data-start=\"181\" data-end=\"196\">PARFUMEUR :<\/strong> Sidonie Lancesseur<\/div>\n<div class=\"mt-3 w-full empty:hidden\">\n<div class=\"text-center\"><\/div>\n<\/div>\n<\/div>\n<\/div>\n<\/article>\n<\/div>\n<\/div>\n","protected":false},"excerpt":{"rendered":"<p>BLACK PHANTOM&#8230; NOM DU PARFUM : Black Phantom MAISON : By Kilian CONCENTRATION : Extrait de Parfum Description : Black Phantom est une fragrance myst\u00e9rieuse et intens\u00e9ment gourmande, o\u00f9 la douceur cr\u00e9meuse rencontre des nuances sombres et fum\u00e9es pour une signature captivante. L\u2019ouverture d\u00e9voile un accord envo\u00fbtant de rhum et de caramel. Cette alliance offre [&hellip;]<\/p>\n","protected":false},"featured_media":27653,"comment_status":"open","ping_status":"closed","template":"","meta":[],"product_brand":[],"product_cat":[341],"product_tag":[],"class_list":{"0":"post-27656","1":"product","2":"type-product","3":"status-publish","4":"has-post-thumbnail","6":"product_cat-decantes-parfum-niche","8":"first","9":"instock","10":"shipping-taxable","11":"purchasable","12":"product-type-simple"},"_links":{"self":[{"href":"https:\/\/sabilycollection.com\/fr\/wp-json\/wp\/v2\/product\/27656","targetHints":{"allow":["GET"]}}],"collection":[{"href":"https:\/\/sabilycollection.com\/fr\/wp-json\/wp\/v2\/product"}],"about":[{"href":"https:\/\/sabilycollection.com\/fr\/wp-json\/wp\/v2\/types\/product"}],"replies":[{"embeddable":true,"href":"https:\/\/sabilycollection.com\/fr\/wp-json\/wp\/v2\/comments?post=27656"}],"wp:featuredmedia":[{"embeddable":true,"href":"https:\/\/sabilycollection.com\/fr\/wp-json\/wp\/v2\/media\/27653"}],"wp:attachment":[{"href":"https:\/\/sabilycollection.com\/fr\/wp-json\/wp\/v2\/media?parent=27656"}],"wp:term":[{"taxonomy":"product_brand","embeddable":true,"href":"https:\/\/sabilycollection.com\/fr\/wp-json\/wp\/v2\/product_brand?post=27656"},{"taxonomy":"product_cat","embeddable":true,"href":"https:\/\/sabilycollection.com\/fr\/wp-json\/wp\/v2\/product_cat?post=27656"},{"taxonomy":"product_tag","embeddable":true,"href":"https:\/\/sabilycollection.com\/fr\/wp-json\/wp\/v2\/product_tag?post=27656"}],"curies":[{"name":"wp","href":"https:\/\/api.w.org\/{rel}","templated":true}]}}