{"id":27658,"date":"2026-02-20T17:02:50","date_gmt":"2026-02-20T16:02:50","guid":{"rendered":"https:\/\/sabilycollection.com\/?post_type=product&#038;p=27658"},"modified":"2026-02-20T22:52:50","modified_gmt":"2026-02-20T21:52:50","slug":"kilian-black-phantom-decant-10ml","status":"publish","type":"product","link":"https:\/\/sabilycollection.com\/fr\/produit\/kilian-black-phantom-decant-10ml\/","title":{"rendered":"Serge Lutens Ambre Sultan Decant 10ml"},"content":{"rendered":"<p><strong>AMBRE SULTAN&#8230; <\/strong><\/p>\n<p><strong>NOM DU PARFUM :<\/strong> Ambre Sultan<\/p>\n<p><strong>MAISON \/ MARQUE :<\/strong> Serge Lutens<\/p>\n<p><strong>CONCENTRATION :<\/strong> Eau de Parfum (EDP)<\/p>\n<p>Ambre Sultan \u00e9voque une atmosph\u00e8re chaleureuse, profonde et r\u00e9solument orientale, construite autour d\u2019une interpr\u00e9tation moderne de l\u2019ambre. L\u2019accord central m\u00eale des facettes denses et balsamiques \u00e0 de douces nuances de vanille, enrichies par le patchouli et de subtils accents herbac\u00e9s aromatiques.<\/p>\n<p>Le parfum s\u2019ouvre sur des notes l\u00e9g\u00e8rement \u00e9pic\u00e9es et vertes, \u00e9volue vers un c\u0153ur g\u00e9n\u00e9reusement r\u00e9sineux, et s\u2019installe sur une base douce o\u00f9 la vanille et les bois sombres prolongent sa tra\u00een\u00e9e sensuelle.<\/p>\n<p>L\u2019impression g\u00e9n\u00e9rale est riche, enveloppante et raffin\u00e9e, port\u00e9e par une harmonie naturelle entre les mati\u00e8res premi\u00e8res et les nuances sophistiqu\u00e9es qui d\u00e9finissent son caract\u00e8re distinctif.<\/p>\n<p><strong>PARFUMEUR :<\/strong> Christopher Sheldrake<\/p>\n","protected":false},"excerpt":{"rendered":"<p>AMBRE SULTAN&#8230; NOM DU PARFUM : Ambre Sultan MAISON \/ MARQUE : Serge Lutens CONCENTRATION : Eau de Parfum (EDP) Ambre Sultan \u00e9voque une atmosph\u00e8re chaleureuse, profonde et r\u00e9solument orientale, construite autour d\u2019une interpr\u00e9tation moderne de l\u2019ambre. L\u2019accord central m\u00eale des facettes denses et balsamiques \u00e0 de douces nuances de vanille, enrichies par le patchouli [&hellip;]<\/p>\n","protected":false},"featured_media":27657,"comment_status":"open","ping_status":"closed","template":"","meta":[],"product_brand":[],"product_cat":[341],"product_tag":[],"class_list":{"0":"post-27658","1":"product","2":"type-product","3":"status-publish","4":"has-post-thumbnail","6":"product_cat-decantes-parfum-niche","8":"first","9":"instock","10":"shipping-taxable","11":"purchasable","12":"product-type-simple"},"_links":{"self":[{"href":"https:\/\/sabilycollection.com\/fr\/wp-json\/wp\/v2\/product\/27658","targetHints":{"allow":["GET"]}}],"collection":[{"href":"https:\/\/sabilycollection.com\/fr\/wp-json\/wp\/v2\/product"}],"about":[{"href":"https:\/\/sabilycollection.com\/fr\/wp-json\/wp\/v2\/types\/product"}],"replies":[{"embeddable":true,"href":"https:\/\/sabilycollection.com\/fr\/wp-json\/wp\/v2\/comments?post=27658"}],"wp:featuredmedia":[{"embeddable":true,"href":"https:\/\/sabilycollection.com\/fr\/wp-json\/wp\/v2\/media\/27657"}],"wp:attachment":[{"href":"https:\/\/sabilycollection.com\/fr\/wp-json\/wp\/v2\/media?parent=27658"}],"wp:term":[{"taxonomy":"product_brand","embeddable":true,"href":"https:\/\/sabilycollection.com\/fr\/wp-json\/wp\/v2\/product_brand?post=27658"},{"taxonomy":"product_cat","embeddable":true,"href":"https:\/\/sabilycollection.com\/fr\/wp-json\/wp\/v2\/product_cat?post=27658"},{"taxonomy":"product_tag","embeddable":true,"href":"https:\/\/sabilycollection.com\/fr\/wp-json\/wp\/v2\/product_tag?post=27658"}],"curies":[{"name":"wp","href":"https:\/\/api.w.org\/{rel}","templated":true}]}}