{"id":27680,"date":"2026-02-21T17:31:19","date_gmt":"2026-02-21T16:31:19","guid":{"rendered":"https:\/\/sabilycollection.com\/?post_type=product&#038;p=27680"},"modified":"2026-03-30T07:36:41","modified_gmt":"2026-03-30T05:36:41","slug":"nishane-patchuli-kozha-decant-10ml-2","status":"publish","type":"product","link":"https:\/\/sabilycollection.com\/fr\/produit\/nishane-patchuli-kozha-decant-10ml-2\/","title":{"rendered":"Nishane Pachuli Kozha Decant 10ml"},"content":{"rendered":"<p data-start=\"80\" data-end=\"208\"><strong data-start=\"80\" data-end=\"99\">NOM DU PARFUM :<\/strong> Pachuli Kozha<\/p>\n<p data-start=\"80\" data-end=\"208\"><strong data-start=\"118\" data-end=\"130\">MAISON :<\/strong> Nishane<\/p>\n<p data-start=\"80\" data-end=\"208\"><strong data-start=\"141\" data-end=\"160\">CONCENTRATION :<\/strong> Extrait de Parfum<\/p>\n<p data-start=\"210\" data-end=\"227\"><strong data-start=\"210\" data-end=\"227\">Description :<\/strong><\/p>\n<p data-start=\"229\" data-end=\"375\">Pachuli Kozha est une fragrance sombre et textur\u00e9e, construite autour d\u2019une interpr\u00e9tation raffin\u00e9e du patchouli, envelopp\u00e9 de cuir et d\u2019\u00e9pices.<\/p>\n<p data-start=\"377\" data-end=\"771\">L\u2019ouverture d\u00e9voile une touche vibrante d\u2019agrumes et de poivre noir, offrant une introduction vive et l\u00e9g\u00e8rement p\u00e9tillante, qui laisse rapidement place \u00e0 une profondeur plus intense. \u00c0 mesure que la composition \u00e9volue, le patchouli s\u2019impose au centre de la sc\u00e8ne : riche, terreux et affirm\u00e9, sublim\u00e9 par de subtiles facettes florales qui adoucissent son intensit\u00e9 sans en alt\u00e9rer le caract\u00e8re.<\/p>\n<p data-start=\"773\" data-end=\"1017\">Une nuance d\u00e9licatement sucr\u00e9e se r\u00e9v\u00e8le progressivement \u00e0 travers une note de miel. Cette chaleur l\u00e9g\u00e8rement gourmande vient \u00e9quilibrer la profondeur sombre du patchouli et la texture du cuir, apportant une dimension lumineuse et enveloppante.<\/p>\n<p data-start=\"1019\" data-end=\"1307\">Le c\u0153ur met en lumi\u00e8re un accord cuir souple et \u00e9l\u00e9gant, parfaitement fusionn\u00e9 au patchouli. Il structure la composition avec finesse, sans brutalit\u00e9. En fond, des bois fum\u00e9s et des nuances ambr\u00e9es chaleureuses cr\u00e9ent une base lisse mais puissante, laissant un sillage affirm\u00e9 et durable.<\/p>\n<p data-start=\"1309\" data-end=\"1536\" data-is-last-node=\"\" data-is-only-node=\"\">L\u2019impression g\u00e9n\u00e9rale est audacieuse, sophistiqu\u00e9e et subtilement rebelle. Pachuli Kozha incarne une puissance ma\u00eetris\u00e9e, o\u00f9 la douceur miell\u00e9e rencontre le raffinement cuir\u00e9 dans un \u00e9quilibre \u00e0 la fois moderne et intemporel.<\/p>\n<p data-start=\"1309\" data-end=\"1536\" data-is-last-node=\"\" data-is-only-node=\"\"><strong data-start=\"181\" data-end=\"196\">PARFUMEUR :<\/strong> Jorge Lee<\/p>\n","protected":false},"excerpt":{"rendered":"<p>NOM DU PARFUM : Pachuli Kozha MAISON : Nishane CONCENTRATION : Extrait de Parfum Description : Pachuli Kozha est une fragrance sombre et textur\u00e9e, construite autour d\u2019une interpr\u00e9tation raffin\u00e9e du patchouli, envelopp\u00e9 de cuir et d\u2019\u00e9pices. L\u2019ouverture d\u00e9voile une touche vibrante d\u2019agrumes et de poivre noir, offrant une introduction vive et l\u00e9g\u00e8rement p\u00e9tillante, qui laisse [&hellip;]<\/p>\n","protected":false},"featured_media":27645,"comment_status":"open","ping_status":"closed","template":"","meta":[],"product_brand":[],"product_cat":[341],"product_tag":[],"class_list":{"0":"post-27680","1":"product","2":"type-product","3":"status-publish","4":"has-post-thumbnail","6":"product_cat-decantes-parfum-niche","8":"first","9":"instock","10":"shipping-taxable","11":"purchasable","12":"product-type-simple"},"_links":{"self":[{"href":"https:\/\/sabilycollection.com\/fr\/wp-json\/wp\/v2\/product\/27680","targetHints":{"allow":["GET"]}}],"collection":[{"href":"https:\/\/sabilycollection.com\/fr\/wp-json\/wp\/v2\/product"}],"about":[{"href":"https:\/\/sabilycollection.com\/fr\/wp-json\/wp\/v2\/types\/product"}],"replies":[{"embeddable":true,"href":"https:\/\/sabilycollection.com\/fr\/wp-json\/wp\/v2\/comments?post=27680"}],"wp:featuredmedia":[{"embeddable":true,"href":"https:\/\/sabilycollection.com\/fr\/wp-json\/wp\/v2\/media\/27645"}],"wp:attachment":[{"href":"https:\/\/sabilycollection.com\/fr\/wp-json\/wp\/v2\/media?parent=27680"}],"wp:term":[{"taxonomy":"product_brand","embeddable":true,"href":"https:\/\/sabilycollection.com\/fr\/wp-json\/wp\/v2\/product_brand?post=27680"},{"taxonomy":"product_cat","embeddable":true,"href":"https:\/\/sabilycollection.com\/fr\/wp-json\/wp\/v2\/product_cat?post=27680"},{"taxonomy":"product_tag","embeddable":true,"href":"https:\/\/sabilycollection.com\/fr\/wp-json\/wp\/v2\/product_tag?post=27680"}],"curies":[{"name":"wp","href":"https:\/\/api.w.org\/{rel}","templated":true}]}}