{"id":27689,"date":"2026-02-21T16:39:39","date_gmt":"2026-02-21T15:39:39","guid":{"rendered":"https:\/\/sabilycollection.com\/?post_type=product&#038;p=27689"},"modified":"2026-02-27T18:29:37","modified_gmt":"2026-02-27T17:29:37","slug":"omanluxury-oud-aquilaria-decant-10ml","status":"publish","type":"product","link":"https:\/\/sabilycollection.com\/fr\/produit\/omanluxury-oud-aquilaria-decant-10ml\/","title":{"rendered":"OmanLuxury Oud Aquilaria Decant 10ml"},"content":{"rendered":"<p data-start=\"90\" data-end=\"228\"><strong data-start=\"90\" data-end=\"109\">NOM DU PARFUM :<\/strong> Oud Aquilaria<\/p>\n<p data-start=\"90\" data-end=\"228\"><strong data-start=\"126\" data-end=\"138\">MAISON :<\/strong> Omanluxury<\/p>\n<p data-start=\"90\" data-end=\"228\"><strong data-start=\"152\" data-end=\"171\">CONCENTRATION :<\/strong> Eau de Parfum (EDP)<\/p>\n<p data-start=\"230\" data-end=\"247\"><strong data-start=\"230\" data-end=\"247\">Description :<\/strong><\/p>\n<p data-start=\"249\" data-end=\"376\">Oud Aquilaria incarne une interpr\u00e9tation raffin\u00e9e et opulente de la parfumerie omanaise, o\u00f9 l\u2019\u00e9l\u00e9gance rencontre la profondeur.<\/p>\n<p data-start=\"378\" data-end=\"609\">La composition s\u2019ouvre sur un contraste vibrant m\u00ealant le piquant du poivre rose, la fra\u00eecheur aromatique du romarin et une subtile touche fruit\u00e9e de pomme. Cette alliance cr\u00e9e une entr\u00e9e fra\u00eeche, lumineuse et intrigante \u00e0 la fois.<\/p>\n<p data-start=\"611\" data-end=\"786\">Au fil des notes, un c\u0153ur floral d\u00e9licat \u00e9merge, apportant douceur et \u00e9quilibre \u00e0 la structure. Il adoucit la composition tout en pr\u00e9parant le terrain \u00e0 une base plus intense.<\/p>\n<p data-start=\"788\" data-end=\"997\">Le fond r\u00e9v\u00e8le un accord oud puissant mais parfaitement ma\u00eetris\u00e9, enrichi de bois chaleureux et de nuances ambr\u00e9es. Le sillage est sophistiqu\u00e9, sensuel et durable, laissant une impression profonde et \u00e9l\u00e9gante.<\/p>\n<p data-start=\"999\" data-end=\"1158\" data-is-last-node=\"\" data-is-only-node=\"\">Oud Aquilaria s\u00e9duit par son \u00e9quilibre entre fra\u00eecheur aromatique et richesse bois\u00e9e, offrant une signature \u00e0 la fois noble, moderne et intens\u00e9ment captivante.<\/p>\n<p data-start=\"999\" data-end=\"1158\" data-is-last-node=\"\" data-is-only-node=\"\"><strong data-start=\"194\" data-end=\"209\">PARFUMEUR :<\/strong> Dominique Ropion<\/p>\n","protected":false},"excerpt":{"rendered":"<p>NOM DU PARFUM : Oud Aquilaria MAISON : Omanluxury CONCENTRATION : Eau de Parfum (EDP) Description : Oud Aquilaria incarne une interpr\u00e9tation raffin\u00e9e et opulente de la parfumerie omanaise, o\u00f9 l\u2019\u00e9l\u00e9gance rencontre la profondeur. La composition s\u2019ouvre sur un contraste vibrant m\u00ealant le piquant du poivre rose, la fra\u00eecheur aromatique du romarin et une subtile [&hellip;]<\/p>\n","protected":false},"featured_media":27681,"comment_status":"open","ping_status":"closed","template":"","meta":[],"product_brand":[],"product_cat":[341],"product_tag":[],"class_list":{"0":"post-27689","1":"product","2":"type-product","3":"status-publish","4":"has-post-thumbnail","6":"product_cat-decantes-parfum-niche","8":"first","9":"instock","10":"shipping-taxable","11":"purchasable","12":"product-type-simple"},"_links":{"self":[{"href":"https:\/\/sabilycollection.com\/fr\/wp-json\/wp\/v2\/product\/27689","targetHints":{"allow":["GET"]}}],"collection":[{"href":"https:\/\/sabilycollection.com\/fr\/wp-json\/wp\/v2\/product"}],"about":[{"href":"https:\/\/sabilycollection.com\/fr\/wp-json\/wp\/v2\/types\/product"}],"replies":[{"embeddable":true,"href":"https:\/\/sabilycollection.com\/fr\/wp-json\/wp\/v2\/comments?post=27689"}],"wp:featuredmedia":[{"embeddable":true,"href":"https:\/\/sabilycollection.com\/fr\/wp-json\/wp\/v2\/media\/27681"}],"wp:attachment":[{"href":"https:\/\/sabilycollection.com\/fr\/wp-json\/wp\/v2\/media?parent=27689"}],"wp:term":[{"taxonomy":"product_brand","embeddable":true,"href":"https:\/\/sabilycollection.com\/fr\/wp-json\/wp\/v2\/product_brand?post=27689"},{"taxonomy":"product_cat","embeddable":true,"href":"https:\/\/sabilycollection.com\/fr\/wp-json\/wp\/v2\/product_cat?post=27689"},{"taxonomy":"product_tag","embeddable":true,"href":"https:\/\/sabilycollection.com\/fr\/wp-json\/wp\/v2\/product_tag?post=27689"}],"curies":[{"name":"wp","href":"https:\/\/api.w.org\/{rel}","templated":true}]}}