{"id":27708,"date":"2026-02-21T16:54:41","date_gmt":"2026-02-21T15:54:41","guid":{"rendered":"https:\/\/sabilycollection.com\/?post_type=product&#038;p=27708"},"modified":"2026-02-27T18:29:09","modified_gmt":"2026-02-27T17:29:09","slug":"byredo-tobacco-mandarin-decant-10ml","status":"publish","type":"product","link":"https:\/\/sabilycollection.com\/fr\/produit\/byredo-tobacco-mandarin-decant-10ml\/","title":{"rendered":"Byredo Tobacco Mandarin Decant 10ml"},"content":{"rendered":"<p data-start=\"86\" data-end=\"186\"><strong data-start=\"86\" data-end=\"105\">NOM DU PARFUM :<\/strong> Tobacco Mandarin<\/p>\n<p data-start=\"86\" data-end=\"186\"><strong data-start=\"125\" data-end=\"137\">MAISON :<\/strong> Byredo<\/p>\n<p data-start=\"86\" data-end=\"186\"><strong data-start=\"147\" data-end=\"166\">CONCENTRATION :<\/strong> Extrait de Parfum<\/p>\n<p data-start=\"188\" data-end=\"205\"><strong data-start=\"188\" data-end=\"205\">Description :<\/strong><\/p>\n<p data-start=\"207\" data-end=\"332\">Tobacco Mandarin repose sur un contraste saisissant entre la fra\u00eecheur \u00e9clatante des agrumes et la profondeur fum\u00e9e du tabac.<\/p>\n<p data-start=\"334\" data-end=\"594\">D\u00e8s l\u2019ouverture, une mandarine lumineuse explose avec \u00e9nergie et vitalit\u00e9, apportant une fra\u00eecheur vibrante \u00e0 la composition. Cette envol\u00e9e est subtilement enrichie par des touches \u00e9pic\u00e9es de coriandre et des nuances aromatiques qui ajoutent relief et texture.<\/p>\n<p data-start=\"596\" data-end=\"843\">Au fil du d\u00e9veloppement, la feuille de tabac s\u2019impose : riche, enveloppante et \u00e9l\u00e9gamment fum\u00e9e. Elle s\u2019accompagne d\u2019un accord cuir cr\u00e9meux et du labdanum, cr\u00e9ant une douceur chaleureuse qui \u00e9quilibre parfaitement la vivacit\u00e9 initiale des agrumes.<\/p>\n<p data-start=\"845\" data-end=\"1046\">En fond, le bois d\u2019oud, l\u2019encens et le bois de santal composent une base profonde et r\u00e9sineuse. Cette structure apporte densit\u00e9 et sophistication, tout en renfor\u00e7ant la tenue et le caract\u00e8re du parfum.<\/p>\n<p data-start=\"1048\" data-end=\"1207\" data-is-last-node=\"\" data-is-only-node=\"\">La signature globale est riche, sensuelle et intrigante. Tobacco Mandarin est id\u00e9al pour affirmer une pr\u00e9sence audacieuse, raffin\u00e9e et r\u00e9solument sophistiqu\u00e9e.<\/p>\n","protected":false},"excerpt":{"rendered":"<p>NOM DU PARFUM : Tobacco Mandarin MAISON : Byredo CONCENTRATION : Extrait de Parfum Description : Tobacco Mandarin repose sur un contraste saisissant entre la fra\u00eecheur \u00e9clatante des agrumes et la profondeur fum\u00e9e du tabac. D\u00e8s l\u2019ouverture, une mandarine lumineuse explose avec \u00e9nergie et vitalit\u00e9, apportant une fra\u00eecheur vibrante \u00e0 la composition. Cette envol\u00e9e est [&hellip;]<\/p>\n","protected":false},"featured_media":27682,"comment_status":"open","ping_status":"closed","template":"","meta":[],"product_brand":[],"product_cat":[341],"product_tag":[],"class_list":{"0":"post-27708","1":"product","2":"type-product","3":"status-publish","4":"has-post-thumbnail","6":"product_cat-decantes-parfum-niche","8":"first","9":"instock","10":"shipping-taxable","11":"purchasable","12":"product-type-simple"},"_links":{"self":[{"href":"https:\/\/sabilycollection.com\/fr\/wp-json\/wp\/v2\/product\/27708","targetHints":{"allow":["GET"]}}],"collection":[{"href":"https:\/\/sabilycollection.com\/fr\/wp-json\/wp\/v2\/product"}],"about":[{"href":"https:\/\/sabilycollection.com\/fr\/wp-json\/wp\/v2\/types\/product"}],"replies":[{"embeddable":true,"href":"https:\/\/sabilycollection.com\/fr\/wp-json\/wp\/v2\/comments?post=27708"}],"wp:featuredmedia":[{"embeddable":true,"href":"https:\/\/sabilycollection.com\/fr\/wp-json\/wp\/v2\/media\/27682"}],"wp:attachment":[{"href":"https:\/\/sabilycollection.com\/fr\/wp-json\/wp\/v2\/media?parent=27708"}],"wp:term":[{"taxonomy":"product_brand","embeddable":true,"href":"https:\/\/sabilycollection.com\/fr\/wp-json\/wp\/v2\/product_brand?post=27708"},{"taxonomy":"product_cat","embeddable":true,"href":"https:\/\/sabilycollection.com\/fr\/wp-json\/wp\/v2\/product_cat?post=27708"},{"taxonomy":"product_tag","embeddable":true,"href":"https:\/\/sabilycollection.com\/fr\/wp-json\/wp\/v2\/product_tag?post=27708"}],"curies":[{"name":"wp","href":"https:\/\/api.w.org\/{rel}","templated":true}]}}