{"id":27713,"date":"2026-02-21T16:45:51","date_gmt":"2026-02-21T15:45:51","guid":{"rendered":"https:\/\/sabilycollection.com\/?post_type=product&#038;p=27713"},"modified":"2026-02-27T18:18:48","modified_gmt":"2026-02-27T17:18:48","slug":"parfum-dempire-ambre-russe-decant-10ml","status":"publish","type":"product","link":"https:\/\/sabilycollection.com\/fr\/produit\/parfum-dempire-ambre-russe-decant-10ml\/","title":{"rendered":"Parfum d\u2019Empire Ambre Russe Decant 10ml"},"content":{"rendered":"<p data-start=\"86\" data-end=\"236\"><strong data-start=\"86\" data-end=\"105\">NOM DU PARFUM :<\/strong> Ambre Russe<\/p>\n<p data-start=\"86\" data-end=\"236\"><strong data-start=\"120\" data-end=\"132\">MAISON :<\/strong> Parfum d&rsquo;Empire<\/p>\n<p data-start=\"86\" data-end=\"236\"><strong data-start=\"151\" data-end=\"170\">CONCENTRATION :<\/strong> Eau de Parfum (EDP)<\/p>\n<p data-start=\"238\" data-end=\"255\"><strong data-start=\"238\" data-end=\"255\">Description :<\/strong><\/p>\n<p data-start=\"257\" data-end=\"456\">Ambre Russe est une cr\u00e9ation orientale \u00e9pic\u00e9e, destin\u00e9e aussi bien aux hommes qu\u2019aux femmes, qui \u00e9voque la grandeur et la richesse des traditions russes \u00e0 travers une signature intense et contrast\u00e9e.<\/p>\n<p data-start=\"458\" data-end=\"636\">L\u2019ouverture est saisissante. Un accord \u00e9clatant de vodka glac\u00e9e et de champagne apporte une fra\u00eecheur alcoolis\u00e9e brillante et p\u00e9tillante, imm\u00e9diatement distinctive et captivante.<\/p>\n<p data-start=\"638\" data-end=\"1003\">Le c\u0153ur r\u00e9v\u00e8le une structure chaleureuse et g\u00e9n\u00e9reusement \u00e9pic\u00e9e, domin\u00e9e par la cannelle. Sa chaleur subtilement sucr\u00e9e s\u2019entrelace avec un accord cuir russe, des nuances de th\u00e9 fum\u00e9, de coriandre, de bouleau et de geni\u00e8vre. L\u2019ensemble compose une profondeur aromatique et bois\u00e9e, l\u00e9g\u00e8rement fum\u00e9e et r\u00e9sineuse, \u00e9voquant l\u2019\u00e9l\u00e9gance enveloppante d\u2019un hiver raffin\u00e9.<\/p>\n<p data-start=\"1005\" data-end=\"1250\">En fond, l\u2019ambre se d\u00e9ploie avec ampleur et intensit\u00e9. Soutenu par l\u2019encens et les muscs, il prolonge la fragrance avec chaleur et sensualit\u00e9. La cannelle reste perceptible, renfor\u00e7ant la douceur \u00e9pic\u00e9e et le caract\u00e8re opulent de la composition.<\/p>\n<p data-start=\"1252\" data-end=\"1473\" data-is-last-node=\"\" data-is-only-node=\"\">L\u2019impression g\u00e9n\u00e9rale est riche, sophistiqu\u00e9e et th\u00e9\u00e2trale. L\u2019\u00e9clat p\u00e9tillant des premi\u00e8res notes laisse progressivement place \u00e0 une chaleur ambr\u00e9e profonde, signant un sillage structur\u00e9, chaleureux et r\u00e9solument raffin\u00e9.<\/p>\n<p data-start=\"1252\" data-end=\"1473\" data-is-last-node=\"\" data-is-only-node=\"\"><strong data-start=\"193\" data-end=\"208\">PARFUMEUR :<\/strong> Marc-Antoine Corticchiato<\/p>\n","protected":false},"excerpt":{"rendered":"<p>NOM DU PARFUM : Ambre Russe MAISON : Parfum d&rsquo;Empire CONCENTRATION : Eau de Parfum (EDP) Description : Ambre Russe est une cr\u00e9ation orientale \u00e9pic\u00e9e, destin\u00e9e aussi bien aux hommes qu\u2019aux femmes, qui \u00e9voque la grandeur et la richesse des traditions russes \u00e0 travers une signature intense et contrast\u00e9e. L\u2019ouverture est saisissante. Un accord \u00e9clatant [&hellip;]<\/p>\n","protected":false},"featured_media":27712,"comment_status":"open","ping_status":"closed","template":"","meta":[],"product_brand":[],"product_cat":[341],"product_tag":[],"class_list":{"0":"post-27713","1":"product","2":"type-product","3":"status-publish","4":"has-post-thumbnail","6":"product_cat-decantes-parfum-niche","8":"first","9":"instock","10":"shipping-taxable","11":"purchasable","12":"product-type-simple"},"_links":{"self":[{"href":"https:\/\/sabilycollection.com\/fr\/wp-json\/wp\/v2\/product\/27713","targetHints":{"allow":["GET"]}}],"collection":[{"href":"https:\/\/sabilycollection.com\/fr\/wp-json\/wp\/v2\/product"}],"about":[{"href":"https:\/\/sabilycollection.com\/fr\/wp-json\/wp\/v2\/types\/product"}],"replies":[{"embeddable":true,"href":"https:\/\/sabilycollection.com\/fr\/wp-json\/wp\/v2\/comments?post=27713"}],"wp:featuredmedia":[{"embeddable":true,"href":"https:\/\/sabilycollection.com\/fr\/wp-json\/wp\/v2\/media\/27712"}],"wp:attachment":[{"href":"https:\/\/sabilycollection.com\/fr\/wp-json\/wp\/v2\/media?parent=27713"}],"wp:term":[{"taxonomy":"product_brand","embeddable":true,"href":"https:\/\/sabilycollection.com\/fr\/wp-json\/wp\/v2\/product_brand?post=27713"},{"taxonomy":"product_cat","embeddable":true,"href":"https:\/\/sabilycollection.com\/fr\/wp-json\/wp\/v2\/product_cat?post=27713"},{"taxonomy":"product_tag","embeddable":true,"href":"https:\/\/sabilycollection.com\/fr\/wp-json\/wp\/v2\/product_tag?post=27713"}],"curies":[{"name":"wp","href":"https:\/\/api.w.org\/{rel}","templated":true}]}}