{"id":27718,"date":"2026-02-20T17:31:47","date_gmt":"2026-02-20T16:31:47","guid":{"rendered":"https:\/\/sabilycollection.com\/?post_type=product&#038;p=27718"},"modified":"2026-02-27T18:30:44","modified_gmt":"2026-02-27T17:30:44","slug":"une-nuit-nomade-suma-oriental-10ml-decant","status":"publish","type":"product","link":"https:\/\/sabilycollection.com\/fr\/produit\/une-nuit-nomade-suma-oriental-10ml-decant\/","title":{"rendered":"Une Nuit Nomade Suma Oriental 10ml Decant"},"content":{"rendered":"<div class=\"flex max-w-full flex-col grow\">\n<div class=\"min-h-8 text-message relative flex w-full flex-col items-end gap-2 text-start break-words whitespace-normal [.text-message+&amp;]:mt-1\" dir=\"auto\" data-message-author-role=\"assistant\" data-message-id=\"fcf30fb5-c60d-45e2-add9-2b5195569500\" data-message-model-slug=\"gpt-5-2\">\n<div class=\"flex w-full flex-col gap-1 empty:hidden first:pt-[1px]\">\n<div class=\"markdown prose dark:prose-invert w-full wrap-break-word dark markdown-new-styling\">\n<p data-start=\"80\" data-end=\"188\"><strong data-start=\"80\" data-end=\"99\">NOM DU PARFUM :<\/strong> Suma Oriental<\/p>\n<p data-start=\"80\" data-end=\"188\"><strong data-start=\"116\" data-end=\"128\">MAISON :<\/strong> Une Nuit Nomade<\/p>\n<p data-start=\"80\" data-end=\"188\"><strong data-start=\"147\" data-end=\"166\">CONCENTRATION :<\/strong> Eau de Parfum (EDP)<\/p>\n<p data-start=\"190\" data-end=\"207\"><strong data-start=\"190\" data-end=\"207\">Description :<\/strong><\/p>\n<p data-start=\"209\" data-end=\"480\">Suma Oriental s\u2019ouvre sur une introduction chaleureuse et contrast\u00e9e, o\u00f9 le cacao sec, le rhum intense et une touche terreuse de cypriol cr\u00e9ent une atmosph\u00e8re profonde et intrigante. L\u2019ensemble \u00e9voque les \u00e9pices pr\u00e9cieuses et les anciennes routes commerciales orientales.<\/p>\n<p data-start=\"482\" data-end=\"750\">En c\u0153ur, la composition se structure autour du patchouli. Riche, l\u00e9g\u00e8rement terreux et sensuel, il apporte profondeur et caract\u00e8re \u00e0 la fragrance. Cette note renforce la dimension bois\u00e9e tout en s\u2019harmonisant parfaitement avec les facettes plus sombres de l\u2019ouverture.<\/p>\n<p data-start=\"752\" data-end=\"1039\">Le fond repose sur un accord bois\u00e9 \u00e0 la fois lisse et textur\u00e9, m\u00ealant f\u00e8ve tonka, bois de santal, bois de cachemire, bois de ga\u00efac et musc. Ces notes offrent une chaleur enveloppante et une douceur subtilement cr\u00e9meuse, sans exc\u00e8s, prolongeant le sillage avec \u00e9l\u00e9gance et sophistication.<\/p>\n<p data-start=\"1041\" data-end=\"1283\" data-is-last-node=\"\" data-is-only-node=\"\">Suma Oriental est une cr\u00e9ation orientale bois\u00e9e o\u00f9 la richesse du cacao se m\u00eale \u00e0 la chaleur du rhum, \u00e0 la profondeur du patchouli et \u00e0 une base bois\u00e9e raffin\u00e9e. Le r\u00e9sultat est un parfum structur\u00e9, sensuel et durable, \u00e0 la pr\u00e9sence affirm\u00e9e.<\/p>\n<\/div>\n<\/div>\n<\/div>\n<\/div>\n<div class=\"z-0 flex min-h-[46px] justify-start\">PARFUMEUR : Am\u00e9lie Bourgeois et Anne-sophie Behaghel<\/div>\n","protected":false},"excerpt":{"rendered":"<p>NOM DU PARFUM : Suma Oriental MAISON : Une Nuit Nomade CONCENTRATION : Eau de Parfum (EDP) Description : Suma Oriental s\u2019ouvre sur une introduction chaleureuse et contrast\u00e9e, o\u00f9 le cacao sec, le rhum intense et une touche terreuse de cypriol cr\u00e9ent une atmosph\u00e8re profonde et intrigante. L\u2019ensemble \u00e9voque les \u00e9pices pr\u00e9cieuses et les anciennes [&hellip;]<\/p>\n","protected":false},"featured_media":27714,"comment_status":"open","ping_status":"closed","template":"","meta":[],"product_brand":[],"product_cat":[341],"product_tag":[],"class_list":{"0":"post-27718","1":"product","2":"type-product","3":"status-publish","4":"has-post-thumbnail","6":"product_cat-decantes-parfum-niche","8":"first","9":"instock","10":"shipping-taxable","11":"purchasable","12":"product-type-simple"},"_links":{"self":[{"href":"https:\/\/sabilycollection.com\/fr\/wp-json\/wp\/v2\/product\/27718","targetHints":{"allow":["GET"]}}],"collection":[{"href":"https:\/\/sabilycollection.com\/fr\/wp-json\/wp\/v2\/product"}],"about":[{"href":"https:\/\/sabilycollection.com\/fr\/wp-json\/wp\/v2\/types\/product"}],"replies":[{"embeddable":true,"href":"https:\/\/sabilycollection.com\/fr\/wp-json\/wp\/v2\/comments?post=27718"}],"wp:featuredmedia":[{"embeddable":true,"href":"https:\/\/sabilycollection.com\/fr\/wp-json\/wp\/v2\/media\/27714"}],"wp:attachment":[{"href":"https:\/\/sabilycollection.com\/fr\/wp-json\/wp\/v2\/media?parent=27718"}],"wp:term":[{"taxonomy":"product_brand","embeddable":true,"href":"https:\/\/sabilycollection.com\/fr\/wp-json\/wp\/v2\/product_brand?post=27718"},{"taxonomy":"product_cat","embeddable":true,"href":"https:\/\/sabilycollection.com\/fr\/wp-json\/wp\/v2\/product_cat?post=27718"},{"taxonomy":"product_tag","embeddable":true,"href":"https:\/\/sabilycollection.com\/fr\/wp-json\/wp\/v2\/product_tag?post=27718"}],"curies":[{"name":"wp","href":"https:\/\/api.w.org\/{rel}","templated":true}]}}