{"id":27720,"date":"2026-02-20T16:46:25","date_gmt":"2026-02-20T15:46:25","guid":{"rendered":"https:\/\/sabilycollection.com\/?post_type=product&#038;p=27720"},"modified":"2026-02-27T18:49:14","modified_gmt":"2026-02-27T17:49:14","slug":"nishane-tero-decant-10ml","status":"publish","type":"product","link":"https:\/\/sabilycollection.com\/fr\/produit\/nishane-tero-decant-10ml\/","title":{"rendered":"Nishane Tero Decant 10ml"},"content":{"rendered":"<div class=\"relative basis-auto flex-col -mb-(--composer-overlap-px) [--composer-overlap-px:28px] grow flex\">\n<div class=\"flex flex-col text-sm pb-25\">\n<article class=\"text-token-text-primary w-full focus:outline-none [--shadow-height:45px] has-data-writing-block:pointer-events-none has-data-writing-block:-mt-(--shadow-height) has-data-writing-block:pt-(--shadow-height) [&amp;:has([data-writing-block])&gt;*]:pointer-events-auto scroll-mt-[calc(var(--header-height)+min(200px,max(70px,20svh)))]\" dir=\"auto\" tabindex=\"-1\" data-turn-id=\"request-69988cb3-0dbc-8322-b248-c5884be1c07b-6\" data-testid=\"conversation-turn-20\" data-scroll-anchor=\"true\" data-turn=\"assistant\">\n<div class=\"text-base my-auto mx-auto pb-10 [--thread-content-margin:--spacing(4)] @w-sm\/main:[--thread-content-margin:--spacing(6)] @w-lg\/main:[--thread-content-margin:--spacing(16)] px-(--thread-content-margin)\">\n<div class=\"[--thread-content-max-width:40rem] @w-lg\/main:[--thread-content-max-width:48rem] mx-auto max-w-(--thread-content-max-width) flex-1 group\/turn-messages focus-visible:outline-hidden relative flex w-full min-w-0 flex-col agent-turn\" tabindex=\"-1\">\n<div class=\"flex max-w-full flex-col grow\">\n<div class=\"min-h-8 text-message relative flex w-full flex-col items-end gap-2 text-start break-words whitespace-normal [.text-message+&amp;]:mt-1\" dir=\"auto\" data-message-author-role=\"assistant\" data-message-id=\"0fd8f8e4-4583-4d84-b0cb-aabde827d376\" data-message-model-slug=\"gpt-5-2\">\n<div class=\"flex w-full flex-col gap-1 empty:hidden first:pt-[1px]\">\n<div class=\"markdown prose dark:prose-invert w-full wrap-break-word dark markdown-new-styling\">\n<p data-start=\"80\" data-end=\"201\"><strong data-start=\"80\" data-end=\"99\">NOM DU PARFUM :<\/strong> Tero<\/p>\n<p data-start=\"80\" data-end=\"201\"><strong data-start=\"107\" data-end=\"119\">MAISON :<\/strong> Nishane<\/p>\n<p data-start=\"80\" data-end=\"201\"><strong data-start=\"130\" data-end=\"149\">CONCENTRATION :<\/strong> Extrait de Parfum<\/p>\n<p data-start=\"203\" data-end=\"220\"><strong data-start=\"203\" data-end=\"220\">Description :<\/strong><\/p>\n<p data-start=\"222\" data-end=\"325\">Tero est un extrait de parfum puissant et textur\u00e9, inspir\u00e9 par la force enracin\u00e9e et brute de la terre.<\/p>\n<p data-start=\"327\" data-end=\"571\">L\u2019ouverture surprend par un contraste inattendu entre une chaleur \u00e9pic\u00e9e vibrante et une nuance l\u00e9g\u00e8rement gourmande. Cette dualit\u00e9 cr\u00e9e imm\u00e9diatement une sensation de profondeur et d\u2019intensit\u00e9, capturant l\u2019attention d\u00e8s les premi\u00e8res secondes.<\/p>\n<p data-start=\"573\" data-end=\"797\">Au fil de l\u2019\u00e9volution, le patchouli terreux s\u2019impose avec caract\u00e8re, accompagn\u00e9 par la cannelle chaleureuse. Ensemble, ils apportent structure et richesse, r\u00e9v\u00e9lant une personnalit\u00e9 \u00e0 la fois brute et parfaitement ma\u00eetris\u00e9e.<\/p>\n<p data-start=\"799\" data-end=\"953\">Le fond s\u2019ancre dans des bois fum\u00e9s, une chaleur ambr\u00e9e et le v\u00e9tiver. L\u2019ensemble \u00e9voque une impression min\u00e9rale, presque volcanique, dense et magn\u00e9tique.<\/p>\n<p data-start=\"955\" data-end=\"1162\" data-is-last-node=\"\" data-is-only-node=\"\">Tero laisse une signature audacieuse, affirm\u00e9e et profond\u00e9ment enracin\u00e9e. C\u2019est une fragrance \u00e9l\u00e9mentaire, intense et charismatique, pens\u00e9e pour ceux qui souhaitent imposer une pr\u00e9sence forte et inoubliable.<\/p>\n<\/div>\n<\/div>\n<\/div>\n<\/div>\n<div class=\"mt-3 w-full empty:hidden\"><strong data-start=\"170\" data-end=\"185\">PARFUMEUR :<\/strong> Carlos Bena\u00efm<\/div>\n<\/div>\n<\/div>\n<\/article>\n<\/div>\n<\/div>\n","protected":false},"excerpt":{"rendered":"<p>NOM DU PARFUM : Tero MAISON : Nishane CONCENTRATION : Extrait de Parfum Description : Tero est un extrait de parfum puissant et textur\u00e9, inspir\u00e9 par la force enracin\u00e9e et brute de la terre. L\u2019ouverture surprend par un contraste inattendu entre une chaleur \u00e9pic\u00e9e vibrante et une nuance l\u00e9g\u00e8rement gourmande. Cette dualit\u00e9 cr\u00e9e imm\u00e9diatement une [&hellip;]<\/p>\n","protected":false},"featured_media":27592,"comment_status":"open","ping_status":"closed","template":"","meta":[],"product_brand":[],"product_cat":[341],"product_tag":[],"class_list":{"0":"post-27720","1":"product","2":"type-product","3":"status-publish","4":"has-post-thumbnail","6":"product_cat-decantes-parfum-niche","8":"first","9":"instock","10":"shipping-taxable","11":"purchasable","12":"product-type-simple"},"_links":{"self":[{"href":"https:\/\/sabilycollection.com\/fr\/wp-json\/wp\/v2\/product\/27720","targetHints":{"allow":["GET"]}}],"collection":[{"href":"https:\/\/sabilycollection.com\/fr\/wp-json\/wp\/v2\/product"}],"about":[{"href":"https:\/\/sabilycollection.com\/fr\/wp-json\/wp\/v2\/types\/product"}],"replies":[{"embeddable":true,"href":"https:\/\/sabilycollection.com\/fr\/wp-json\/wp\/v2\/comments?post=27720"}],"wp:featuredmedia":[{"embeddable":true,"href":"https:\/\/sabilycollection.com\/fr\/wp-json\/wp\/v2\/media\/27592"}],"wp:attachment":[{"href":"https:\/\/sabilycollection.com\/fr\/wp-json\/wp\/v2\/media?parent=27720"}],"wp:term":[{"taxonomy":"product_brand","embeddable":true,"href":"https:\/\/sabilycollection.com\/fr\/wp-json\/wp\/v2\/product_brand?post=27720"},{"taxonomy":"product_cat","embeddable":true,"href":"https:\/\/sabilycollection.com\/fr\/wp-json\/wp\/v2\/product_cat?post=27720"},{"taxonomy":"product_tag","embeddable":true,"href":"https:\/\/sabilycollection.com\/fr\/wp-json\/wp\/v2\/product_tag?post=27720"}],"curies":[{"name":"wp","href":"https:\/\/api.w.org\/{rel}","templated":true}]}}