{"id":27721,"date":"2026-02-20T17:42:12","date_gmt":"2026-02-20T16:42:12","guid":{"rendered":"https:\/\/sabilycollection.com\/?post_type=product&#038;p=27721"},"modified":"2026-02-27T18:28:29","modified_gmt":"2026-02-27T17:28:29","slug":"matiere-premiere-falcon-leather-decant-10ml","status":"publish","type":"product","link":"https:\/\/sabilycollection.com\/fr\/produit\/matiere-premiere-falcon-leather-decant-10ml\/","title":{"rendered":"Mati\u00e8re Premi\u00e8re Falcon Leather Decant 10ml"},"content":{"rendered":"<div class=\"flex max-w-full flex-col grow\">\n<div class=\"min-h-8 text-message relative flex w-full flex-col items-end gap-2 text-start break-words whitespace-normal [.text-message+&amp;]:mt-1\" dir=\"auto\" data-message-author-role=\"assistant\" data-message-id=\"33d70f87-99ae-4348-ab16-ed97c9a48c8d\" data-message-model-slug=\"gpt-5-2\">\n<div class=\"flex w-full flex-col gap-1 empty:hidden first:pt-[1px]\">\n<div class=\"markdown prose dark:prose-invert w-full wrap-break-word dark markdown-new-styling\">\n<p data-start=\"86\" data-end=\"232\"><strong data-start=\"86\" data-end=\"105\">NOM DU PARFUM :<\/strong> Falcon Leather<\/p>\n<p data-start=\"86\" data-end=\"232\"><strong data-start=\"123\" data-end=\"135\">MAISON :<\/strong> Mati\u00e8re Premi\u00e8re<\/p>\n<p data-start=\"86\" data-end=\"232\"><strong data-start=\"155\" data-end=\"174\">CONCENTRATION :<\/strong> Eau de Parfum (EDP)<\/p>\n<p data-start=\"234\" data-end=\"251\"><strong data-start=\"234\" data-end=\"251\">Description :<\/strong><\/p>\n<p data-start=\"253\" data-end=\"680\">Falcon Leather propose une interpr\u00e9tation contemporaine et hautement raffin\u00e9e du cuir, construite autour d\u2019une identit\u00e9 audacieuse et \u00e9l\u00e9gante. Inspir\u00e9e par l\u2019odeur d\u2019un gant de fauconnier chauff\u00e9 par le soleil, la composition met en lumi\u00e8re l\u2019intensit\u00e9 du goudron de bouleau finlandais. Cette note cuir\u00e9e v\u00e9g\u00e9tale offre une sensation dense, textur\u00e9e, presque tactile, \u00e9voquant \u00e0 la fois un cuir pleine fleur et un daim souple.<\/p>\n<p data-start=\"682\" data-end=\"870\">Au c\u0153ur, l\u2019accord cuir fum\u00e9 se d\u00e9ploie avec profondeur et structure. Il est sublim\u00e9 par le safran chaleureux et le labdanum r\u00e9sineux, qui apportent une richesse balsamique et enveloppante.<\/p>\n<p data-start=\"872\" data-end=\"1094\">En fond, le benjoin introduit une douceur ambr\u00e9e et soyeuse, tandis que des nuances d\u2019oud viennent approfondir la composition par une r\u00e9sonance bois\u00e9e subtile. Le r\u00e9sultat est puissant mais ma\u00eetris\u00e9, brut mais sophistiqu\u00e9.<\/p>\n<p data-start=\"1096\" data-end=\"1287\" data-is-last-node=\"\" data-is-only-node=\"\">Falcon Leather est une fragrance de niche unisexe d\u00e9finie par la force, la texture et le raffinement. Elle s\u2019adresse \u00e0 celles et ceux qui recherchent une expression moderne et \u00e9lev\u00e9e du cuir.<\/p>\n<\/div>\n<\/div>\n<\/div>\n<\/div>\n<div class=\"z-0 flex min-h-[46px] justify-start\"><strong data-start=\"197\" data-end=\"212\">PARFUMEUR :<\/strong> Aur\u00e9lien Guichard<\/div>\n","protected":false},"excerpt":{"rendered":"<p>NOM DU PARFUM : Falcon Leather MAISON : Mati\u00e8re Premi\u00e8re CONCENTRATION : Eau de Parfum (EDP) Description : Falcon Leather propose une interpr\u00e9tation contemporaine et hautement raffin\u00e9e du cuir, construite autour d\u2019une identit\u00e9 audacieuse et \u00e9l\u00e9gante. Inspir\u00e9e par l\u2019odeur d\u2019un gant de fauconnier chauff\u00e9 par le soleil, la composition met en lumi\u00e8re l\u2019intensit\u00e9 du goudron [&hellip;]<\/p>\n","protected":false},"featured_media":27666,"comment_status":"open","ping_status":"closed","template":"","meta":[],"product_brand":[],"product_cat":[341],"product_tag":[],"class_list":{"0":"post-27721","1":"product","2":"type-product","3":"status-publish","4":"has-post-thumbnail","6":"product_cat-decantes-parfum-niche","8":"first","9":"instock","10":"shipping-taxable","11":"purchasable","12":"product-type-simple"},"_links":{"self":[{"href":"https:\/\/sabilycollection.com\/fr\/wp-json\/wp\/v2\/product\/27721","targetHints":{"allow":["GET"]}}],"collection":[{"href":"https:\/\/sabilycollection.com\/fr\/wp-json\/wp\/v2\/product"}],"about":[{"href":"https:\/\/sabilycollection.com\/fr\/wp-json\/wp\/v2\/types\/product"}],"replies":[{"embeddable":true,"href":"https:\/\/sabilycollection.com\/fr\/wp-json\/wp\/v2\/comments?post=27721"}],"wp:featuredmedia":[{"embeddable":true,"href":"https:\/\/sabilycollection.com\/fr\/wp-json\/wp\/v2\/media\/27666"}],"wp:attachment":[{"href":"https:\/\/sabilycollection.com\/fr\/wp-json\/wp\/v2\/media?parent=27721"}],"wp:term":[{"taxonomy":"product_brand","embeddable":true,"href":"https:\/\/sabilycollection.com\/fr\/wp-json\/wp\/v2\/product_brand?post=27721"},{"taxonomy":"product_cat","embeddable":true,"href":"https:\/\/sabilycollection.com\/fr\/wp-json\/wp\/v2\/product_cat?post=27721"},{"taxonomy":"product_tag","embeddable":true,"href":"https:\/\/sabilycollection.com\/fr\/wp-json\/wp\/v2\/product_tag?post=27721"}],"curies":[{"name":"wp","href":"https:\/\/api.w.org\/{rel}","templated":true}]}}