{"id":27726,"date":"2026-02-20T17:04:45","date_gmt":"2026-02-20T16:04:45","guid":{"rendered":"https:\/\/sabilycollection.com\/?post_type=product&#038;p=27726"},"modified":"2026-02-27T18:35:29","modified_gmt":"2026-02-27T17:35:29","slug":"parfums-de-marly-herod-decant-10ml","status":"publish","type":"product","link":"https:\/\/sabilycollection.com\/fr\/produit\/parfums-de-marly-herod-decant-10ml\/","title":{"rendered":"Parfums de Marly Herod Decant 10ml"},"content":{"rendered":"<p data-start=\"80\" data-end=\"216\"><strong data-start=\"80\" data-end=\"99\">NOM DU PARFUM :<\/strong> Herod<\/p>\n<p data-start=\"80\" data-end=\"216\"><strong data-start=\"108\" data-end=\"120\">MAISON :<\/strong> Parfums de Marly<\/p>\n<p data-start=\"80\" data-end=\"216\"><strong data-start=\"140\" data-end=\"159\">CONCENTRATION :<\/strong> Eau de Parfum (EDP)<\/p>\n<p data-start=\"218\" data-end=\"235\"><strong data-start=\"218\" data-end=\"235\">Description :<\/strong><\/p>\n<p data-start=\"237\" data-end=\"367\">Herod d\u00e9voile un caract\u00e8re chaleureux, opulent et profond\u00e9ment raffin\u00e9, construit autour d\u2019un accord tabac \u00e9l\u00e9gant et enveloppant.<\/p>\n<p data-start=\"369\" data-end=\"623\">D\u00e8s l\u2019ouverture, les feuilles de tabac l\u00e9g\u00e8rement \u00e9pic\u00e9es se m\u00ealent \u00e0 une vanille cr\u00e9meuse, cr\u00e9ant une entr\u00e9e \u00e0 la fois douce et affirm\u00e9e. La cannelle et le poivre apportent une vibration subtile, une chaleur ma\u00eetris\u00e9e qui intensifie la richesse du c\u0153ur.<\/p>\n<p data-start=\"625\" data-end=\"830\">Au fil de l\u2019\u00e9volution, l\u2019encens et le labdanum d\u00e9voilent une profondeur r\u00e9sineuse d\u00e9licatement textur\u00e9e. Cette dimension apporte relief et sophistication, renfor\u00e7ant l\u2019\u00e9l\u00e9gance naturelle de la composition.<\/p>\n<p data-start=\"832\" data-end=\"1060\">Le fond s\u2019installe sur une structure bois\u00e9e raffin\u00e9e, m\u00ealant c\u00e8dre et v\u00e9tiver, envelopp\u00e9e d\u2019une vanille persistante qui adoucit les facettes plus sombres. Le sillage est harmonieux, \u00e9quilibrant parfaitement douceur et puissance.<\/p>\n<p data-start=\"1062\" data-end=\"1226\" data-is-last-node=\"\" data-is-only-node=\"\">Herod laisse une impression sophistiqu\u00e9e, enveloppante et r\u00e9solument masculine, incarnant une \u00e9l\u00e9gance confiante o\u00f9 la force et la douceur se fondent avec fluidit\u00e9.<\/p>\n<p data-start=\"1062\" data-end=\"1226\" data-is-last-node=\"\" data-is-only-node=\"\"><strong data-start=\"182\" data-end=\"197\">PARFUMEUR :<\/strong> Olivier Pescheux<\/p>\n","protected":false},"excerpt":{"rendered":"<p>NOM DU PARFUM : Herod MAISON : Parfums de Marly CONCENTRATION : Eau de Parfum (EDP) Description : Herod d\u00e9voile un caract\u00e8re chaleureux, opulent et profond\u00e9ment raffin\u00e9, construit autour d\u2019un accord tabac \u00e9l\u00e9gant et enveloppant. D\u00e8s l\u2019ouverture, les feuilles de tabac l\u00e9g\u00e8rement \u00e9pic\u00e9es se m\u00ealent \u00e0 une vanille cr\u00e9meuse, cr\u00e9ant une entr\u00e9e \u00e0 la fois [&hellip;]<\/p>\n","protected":false},"featured_media":27685,"comment_status":"open","ping_status":"closed","template":"","meta":[],"product_brand":[],"product_cat":[341],"product_tag":[],"class_list":{"0":"post-27726","1":"product","2":"type-product","3":"status-publish","4":"has-post-thumbnail","6":"product_cat-decantes-parfum-niche","8":"first","9":"instock","10":"shipping-taxable","11":"purchasable","12":"product-type-simple"},"_links":{"self":[{"href":"https:\/\/sabilycollection.com\/fr\/wp-json\/wp\/v2\/product\/27726","targetHints":{"allow":["GET"]}}],"collection":[{"href":"https:\/\/sabilycollection.com\/fr\/wp-json\/wp\/v2\/product"}],"about":[{"href":"https:\/\/sabilycollection.com\/fr\/wp-json\/wp\/v2\/types\/product"}],"replies":[{"embeddable":true,"href":"https:\/\/sabilycollection.com\/fr\/wp-json\/wp\/v2\/comments?post=27726"}],"wp:featuredmedia":[{"embeddable":true,"href":"https:\/\/sabilycollection.com\/fr\/wp-json\/wp\/v2\/media\/27685"}],"wp:attachment":[{"href":"https:\/\/sabilycollection.com\/fr\/wp-json\/wp\/v2\/media?parent=27726"}],"wp:term":[{"taxonomy":"product_brand","embeddable":true,"href":"https:\/\/sabilycollection.com\/fr\/wp-json\/wp\/v2\/product_brand?post=27726"},{"taxonomy":"product_cat","embeddable":true,"href":"https:\/\/sabilycollection.com\/fr\/wp-json\/wp\/v2\/product_cat?post=27726"},{"taxonomy":"product_tag","embeddable":true,"href":"https:\/\/sabilycollection.com\/fr\/wp-json\/wp\/v2\/product_tag?post=27726"}],"curies":[{"name":"wp","href":"https:\/\/api.w.org\/{rel}","templated":true}]}}