{"id":27882,"date":"2026-04-06T19:22:42","date_gmt":"2026-04-06T17:22:42","guid":{"rendered":"https:\/\/sabilycollection.com\/?post_type=product&#038;p=27882"},"modified":"2026-04-06T19:22:42","modified_gmt":"2026-04-06T17:22:42","slug":"__trashed","status":"publish","type":"product","link":"https:\/\/sabilycollection.com\/fr\/produit\/__trashed\/","title":{"rendered":"Huile de Oud Malaisie Johor Tangkak \u00c2g\u00e9e 2025 Pure Bois d\u2019Agar Dehn al Oud Origine Malaisie"},"content":{"rendered":"<p><strong>Nous sommes fiers de vous pr\u00e9senter notre Oud Malaisien de Johor, un v\u00e9ritable tr\u00e9sor olfactif&#8230;<\/strong><\/p>\n<p>Notre huile de Oud pure Malaisienne de Johor et <strong>distill\u00e9e en 2025<\/strong>,\u00a0 provient d&rsquo;un arbre de type Aquilaria Malaccensis (plantation 100% naturel de tr\u00e8s bonne qualit\u00e9).<\/p>\n<p><strong>Nous avons s\u00e9lectionn\u00e9 cette huile de Oud sur une multitude d&rsquo;autres huiles malaisiennes notamment des huiles de Oud de Pahang et de Terengganu mais celle-ci l&rsquo;a emport\u00e9 dans tout les domaines, tant par sa richesse olfactive que par des performances remarquables&#8230; <\/strong>Il s\u2019agit donc d\u2019un tri extr\u00eamement minutieux, ayant permis de retenir ce magnifique Oud \u00e0 la senteur qui ravive les sens et nous plonge dans une ambiance exceptionnelle et un bien-\u00eatre absolu.<\/p>\n<p>Chaque goutte r\u00e9v\u00e8le un voyage olfactif raffin\u00e9, o\u00f9 profondeur et \u00e9l\u00e9gance s\u2019entrelacent pour offrir une exp\u00e9rience v\u00e9ritablement captivante.<\/p>\n<p>Cette magnifique huile de Oud provient de Tangkak \u00e0 Johor situ\u00e9 au Sud de la Malaisie. Notre Oud, <strong>distill\u00e9e en 2025 selon un grand savoir-faire et<\/strong> <strong>un proc\u00e9d\u00e9 minutieux \u00e0 basse temp\u00e9rature qui pr\u00e9serve l\u2019int\u00e9grit\u00e9 de ses facettes les plus d\u00e9licates pour un r\u00e9sultat exceptionnel.<\/strong><\/p>\n<p>Le r\u00e9sultat est une teinte rouge profond remarquable, v\u00e9ritable signature visuelle de sa richesse et de son authenticit\u00e9, se distinguant des profils plus courants. Son caract\u00e8re refl\u00e8te \u00e0 la fois l\u2019origine du Oud de Johor et la pr\u00e9cision de sa distillation, <strong>offrant une empreinte olfactive \u00e0 la fois puissante et remarquablement nuanc\u00e9e.<\/strong><\/p>\n<p><strong>Une huile de Oud malaisienne de tr\u00e8s grande qualit\u00e9<\/strong>, offrant un profil aromatique avec de tr\u00e8s bonnes performances, <strong>magnifiquement \u00e9quilibr\u00e9 o\u00f9 des facettes sucr\u00e9es, bois\u00e9es et riches s\u2019entrelacent avec de d\u00e9licates nuances florales, le tout subtilement adouci par des touches sucr\u00e9es.<\/strong><\/p>\n<p>Sur la peau, elle se d\u00e9ploie avec une grande <strong>douceur suave<\/strong>, r\u00e9v\u00e9lant un caract\u00e8re raffin\u00e9 et \u00e9volutif. Au fil de son d\u00e9veloppement, <strong>un accord fruit\u00e9 distinctif et captivant \u00e9merge, l\u00e9g\u00e8rement r\u00e9sineux, et subtilement sucr\u00e9<\/strong>, apportant une profondeur unique et <strong>une signature olfactive addictive \u00e0 la composition&#8230;<\/strong><\/p>\n<p>Pour ceux qui connaissent le Oud malaisien, ou pour ceux qui ne l\u2019ont pas encore d\u00e9couvert, <strong>c\u2019est l\u2019occasion id\u00e9ale d\u2019explorer l\u2019un des plus beaux ouds de Malaisie, aux notes gourmandes, extr\u00eamement suaves et addictives, dont on ne se lasse jamais.<\/strong> Un v\u00e9ritable chef-d\u2019\u0153uvre olfactif \u00e0 poss\u00e9der absolument dans sa collection !<\/p>\n<p><strong>Informations :<\/strong><\/p>\n<p>Issu du bois le plus cher et le plus pr\u00e9cieux au monde, cette huile de Oud est utilis\u00e9e par les plus grandes parfumeries mondiales afin de concevoir leur parfum de luxe. Ce pr\u00e9cieux produit de luxe de grande valeur est obtenu \u00e0 partir de plusieurs types d\u2019arbres d\u2019Asie du sud Est, le plus connu \u00e9tant l\u2019Aquilaria Malaccensis de part sa qualit\u00e9 et sa r\u00e9sine odorante exceptionnelle.<\/p>\n<p><strong>Ses vertus :<\/strong><\/p>\n<p>Le bois d\u2019Agar est \u00e9galement consid\u00e9r\u00e9 comme un aphrodisiaque tr\u00e8s puissant. Dans beaucoup de cultures, les femmes impr\u00e9gnaient leurs v\u00eatements aussi bien qu\u2019elles-m\u00eames de son parfum. C\u2019est sous forme huileuse que le bois de oud est couramment utilis\u00e9. Dans le monde arabe, son huile est employ\u00e9e pour se parfumer \u00e0 m\u00eame la peau. Elle est une mati\u00e8re premi\u00e8re essentielle dans la parfumerie du Moyen-Orient. Tr\u00e8s pr\u00e9cieuse, l\u2019huile d\u00e9veloppe un ar\u00f4me envo\u00fbtant, incroyablement raffin\u00e9 \u00e0 la fois brut et sophistiqu\u00e9.. Son parfum vous procurera du bien \u00eatre et dissipera votre stress. (\u0625\u0646 \u0634\u0627\u0621 \u0627\u0644\u0644\u0647)<\/p>\n<p><strong>Produit rare et d\u2019excellente qualit\u00e9!<\/strong><\/p>\n<p><strong>Tenue :<\/strong>\u00a0longue dur\u00e9e<\/p>\n<p><strong>Oud de plantation 100% naturel Aquilaria Malaccensis\u00a0<\/strong><\/p>\n<p><strong>Hydrodistillation traditionnel :<\/strong> 2025<\/p>\n<p><strong>\u00c2ge de l&rsquo;arbre :\u00a0<\/strong> 25 ans<\/p>\n<p><strong>Mat\u00e9riel utilis\u00e9 : <\/strong>traditionnel pot \/ alambic en cuivre<\/p>\n<p><strong>Notes :<\/strong> fruit\u00e9e, sucr\u00e9e, ambr\u00e9e, douce, bois\u00e9e<\/p>\n<ul>\n<li>\u00a0100 % pur et sans dilution<\/li>\n<li>\u00a0100% aucun autre additif<\/li>\n<li>\u00a0100 % sans parfum artificiel<\/li>\n<li>\u00a0100% sans coloration<\/li>\n<li>\u00a0100% sans fermentation alcoolique<\/li>\n<li>\u00a0Trempage 100 % sans \u00e9thanol<\/li>\n<\/ul>\n<p><strong>Flacon :<\/strong>\u00a01ml, 3ml, 6ml et 12ml<\/p>\n","protected":false},"excerpt":{"rendered":"<p><strong>D\u00e9couvrez notre Oud Malaysia Johor rare et pr\u00e9cieux<\/strong>, un Oud malaisien d\u2019exception issu de l&rsquo;aquilaria Malaccensis.<\/p>\n<p><strong>Distill\u00e9 en 2025<\/strong>, cet \u00e9lixir r\u00e9v\u00e8le une signature olfactive profonde, \u00e9l\u00e9gante et captivante, o\u00f9 de riches <strong>notes bois\u00e9es se m\u00ealent \u00e0 des nuances gourmandes et subtilement sucr\u00e9es.<\/strong> <strong>V\u00e9ritable tr\u00e9sor de la nature, il incarne le raffinement ultime du oud traditionnel dans sa forme la plus pure.<\/strong><\/p>\n","protected":false},"featured_media":28047,"comment_status":"open","ping_status":"closed","template":"","meta":[],"product_brand":[],"product_cat":[251,266,264],"product_tag":[],"class_list":{"0":"post-27882","1":"product","2":"type-product","3":"status-publish","4":"has-post-thumbnail","6":"product_cat-huile-de-oud-pure","7":"product_cat-huiles-de-oud-pure-single-bottle","8":"product_cat-huiles-de-oud-pure-parfums","9":"pa_quantity-12ml","10":"pa_quantity-1ml","11":"pa_quantity-3ml","12":"pa_quantity-6ml","14":"first","15":"instock","16":"shipping-taxable","17":"purchasable","18":"product-type-variable"},"_links":{"self":[{"href":"https:\/\/sabilycollection.com\/fr\/wp-json\/wp\/v2\/product\/27882","targetHints":{"allow":["GET"]}}],"collection":[{"href":"https:\/\/sabilycollection.com\/fr\/wp-json\/wp\/v2\/product"}],"about":[{"href":"https:\/\/sabilycollection.com\/fr\/wp-json\/wp\/v2\/types\/product"}],"replies":[{"embeddable":true,"href":"https:\/\/sabilycollection.com\/fr\/wp-json\/wp\/v2\/comments?post=27882"}],"wp:featuredmedia":[{"embeddable":true,"href":"https:\/\/sabilycollection.com\/fr\/wp-json\/wp\/v2\/media\/28047"}],"wp:attachment":[{"href":"https:\/\/sabilycollection.com\/fr\/wp-json\/wp\/v2\/media?parent=27882"}],"wp:term":[{"taxonomy":"product_brand","embeddable":true,"href":"https:\/\/sabilycollection.com\/fr\/wp-json\/wp\/v2\/product_brand?post=27882"},{"taxonomy":"product_cat","embeddable":true,"href":"https:\/\/sabilycollection.com\/fr\/wp-json\/wp\/v2\/product_cat?post=27882"},{"taxonomy":"product_tag","embeddable":true,"href":"https:\/\/sabilycollection.com\/fr\/wp-json\/wp\/v2\/product_tag?post=27882"}],"curies":[{"name":"wp","href":"https:\/\/api.w.org\/{rel}","templated":true}]}}